{"id":1039,"date":"2020-09-13T18:36:33","date_gmt":"2020-09-13T16:36:33","guid":{"rendered":"http:\/\/festival-livre-jeunesse.fr\/2021\/?page_id=1039"},"modified":"2020-09-24T22:21:48","modified_gmt":"2020-09-24T20:21:48","slug":"regis-lejonc-2","status":"publish","type":"page","link":"https:\/\/festival-livre-jeunesse.fr\/2021\/regis-lejonc-2\/","title":{"rendered":"R\u00e9gis Lejonc"},"content":{"rendered":"\t\t<div data-elementor-type=\"wp-page\" data-elementor-id=\"1039\" class=\"elementor elementor-1039\">\n\t\t\t\t\t\t<section class=\"elementor-section elementor-top-section elementor-element elementor-element-63a4a12 elementor-section-boxed elementor-section-height-default elementor-section-height-default\" data-id=\"63a4a12\" data-element_type=\"section\" data-e-type=\"section\">\n\t\t\t\t\t\t<div class=\"elementor-container elementor-column-gap-default\">\n\t\t\t\t\t<div class=\"elementor-column elementor-col-100 elementor-top-column elementor-element elementor-element-81f930f\" data-id=\"81f930f\" data-element_type=\"column\" data-e-type=\"column\">\n\t\t\t<div class=\"elementor-widget-wrap elementor-element-populated\">\n\t\t\t\t\t\t<div class=\"elementor-element elementor-element-0cb82dd elementor-widget elementor-widget-spacer\" data-id=\"0cb82dd\" data-element_type=\"widget\" data-e-type=\"widget\" data-widget_type=\"spacer.default\">\n\t\t\t\t<div class=\"elementor-widget-container\">\n\t\t\t\t\t\t\t<div class=\"elementor-spacer\">\n\t\t\t<div class=\"elementor-spacer-inner\"><\/div>\n\t\t<\/div>\n\t\t\t\t\t\t<\/div>\n\t\t\t\t<\/div>\n\t\t\t\t\t<\/div>\n\t\t<\/div>\n\t\t\t\t\t<\/div>\n\t\t<\/section>\n\t\t\t\t<section class=\"elementor-section elementor-top-section elementor-element elementor-element-c738568 elementor-section-boxed elementor-section-height-default elementor-section-height-default\" data-id=\"c738568\" data-element_type=\"section\" data-e-type=\"section\">\n\t\t\t\t\t\t<div class=\"elementor-container elementor-column-gap-default\">\n\t\t\t\t\t<div class=\"elementor-column elementor-col-50 elementor-top-column elementor-element elementor-element-3389896\" data-id=\"3389896\" data-element_type=\"column\" data-e-type=\"column\">\n\t\t\t<div class=\"elementor-widget-wrap elementor-element-populated\">\n\t\t\t\t\t\t<div class=\"elementor-element elementor-element-95487b6 elementor-widget elementor-widget-image\" data-id=\"95487b6\" data-element_type=\"widget\" data-e-type=\"widget\" data-widget_type=\"image.default\">\n\t\t\t\t<div class=\"elementor-widget-container\">\n\t\t\t\t\t\t\t\t\t\t\t\t\t\t\t<img fetchpriority=\"high\" decoding=\"async\" width=\"280\" height=\"350\" src=\"https:\/\/festival-livre-jeunesse.fr\/2021\/wp-content\/uploads\/2020\/09\/Regis-Lejonc.png\" class=\"attachment-medium size-medium wp-image-989\" alt=\"\" \/>\t\t\t\t\t\t\t\t\t\t\t\t\t\t\t<\/div>\n\t\t\t\t<\/div>\n\t\t\t\t\t<\/div>\n\t\t<\/div>\n\t\t\t\t<div class=\"elementor-column elementor-col-50 elementor-top-column elementor-element elementor-element-156e4bc\" data-id=\"156e4bc\" data-element_type=\"column\" data-e-type=\"column\">\n\t\t\t<div class=\"elementor-widget-wrap elementor-element-populated\">\n\t\t\t\t\t\t<div class=\"elementor-element elementor-element-7b4edfe elementor-widget elementor-widget-heading\" data-id=\"7b4edfe\" data-element_type=\"widget\" data-e-type=\"widget\" data-widget_type=\"heading.default\">\n\t\t\t\t<div class=\"elementor-widget-container\">\n\t\t\t\t\t<h1 class=\"elementor-heading-title elementor-size-xl\">R\u00e9gis Lejonc<\/h1>\t\t\t\t<\/div>\n\t\t\t\t<\/div>\n\t\t\t\t<div class=\"elementor-element elementor-element-06d9c88 elementor-widget elementor-widget-text-editor\" data-id=\"06d9c88\" data-element_type=\"widget\" data-e-type=\"widget\" data-widget_type=\"text-editor.default\">\n\t\t\t\t<div class=\"elementor-widget-container\">\n\t\t\t\t\t\t\t\t\t<p>R\u00e9gis Lejonc est un illustrateur r\u00e9v\u00e9l\u00e9 par Le Rouergue au d\u00e9but des ann\u00e9es 1990. Il a publi\u00e9 une soixantaine de livres chez de nombreux \u00e9diteurs jeunesse. Il est \u00e9galement auteur, directeur artistique et cr\u00e9ateur de collections. Il vit pr\u00e8s de Bordeaux.<\/p><div class=\"row\"><div class=\"views-row col-sm-6\"><div role=\"article\" data-history-node-id=\"433900\"><div class=\"row node-book-teaser\"><div class=\"col-md-12\"><div class=\"left\"><div class=\"cover-image\"><h1><u>\u00a0Les derni\u00e8res parutions<\/u><\/h1><\/div><\/div><\/div><\/div><\/div><\/div><\/div><div class=\"row\"><div class=\"views-row col-sm-6\"><div role=\"article\" data-history-node-id=\"429717\"><div><div class=\"row node-book-teaser\"><div class=\"col-md-12\">\u00a0<\/div><div class=\"col-md-12\"><ul><li><b>Fechamos<\/b>, avec Gilles Baum, Editions des El\u00e9phants<\/li><li><b>Comme \u00e0 la maison, journal graphique d&rsquo;un auteur confin\u00e9<\/b>, auto\u00e9dit\u00e9<\/li><li><b>Je n&rsquo;ai jamais dit,<\/b> avec Didier Jean et Zad, Edition Utopique<\/li><li><b>Tous ou presque sur les bisous volants<\/b>, avec Annie Agopian, Editions Benjamin M\u00e9dia<\/li><\/ul><\/div><\/div><\/div><\/div><\/div><\/div>\t\t\t\t\t\t\t\t<\/div>\n\t\t\t\t<\/div>\n\t\t\t\t\t<\/div>\n\t\t<\/div>\n\t\t\t\t\t<\/div>\n\t\t<\/section>\n\t\t\t\t<\/div>\n\t\t","protected":false},"excerpt":{"rendered":"<p>R\u00e9gis Lejonc R\u00e9gis Lejonc est un illustrateur r\u00e9v\u00e9l\u00e9 par Le Rouergue au d\u00e9but des ann\u00e9es 1990. Il a publi\u00e9 une soixantaine de livres chez de nombreux \u00e9diteurs jeunesse. Il est \u00e9galement auteur, directeur artistique et cr\u00e9ateur de collections. Il vit pr\u00e8s de Bordeaux. \u00a0Les derni\u00e8res parutions \u00a0 Fechamos, avec Gilles Baum, Editions des El\u00e9phants Comme &hellip;<\/p>\n<p class=\"read-more\"> <a class=\"\" href=\"https:\/\/festival-livre-jeunesse.fr\/2021\/regis-lejonc-2\/\"> <span class=\"screen-reader-text\">R\u00e9gis Lejonc<\/span> Lire la suite\u00a0\u00bb<\/a><\/p>\n","protected":false},"author":1,"featured_media":0,"parent":0,"menu_order":0,"comment_status":"closed","ping_status":"closed","template":"","meta":{"_uag_custom_page_level_css":"","footnotes":""},"class_list":["post-1039","page","type-page","status-publish","hentry"],"yoast_head":"<!-- This site is optimized with the Yoast SEO plugin v25.3.1 - https:\/\/yoast.com\/wordpress\/plugins\/seo\/ -->\n<title>R\u00e9gis Lejonc - Festival du Livre de Jeunesse Occitanie<\/title>\n<meta name=\"robots\" content=\"index, follow, max-snippet:-1, max-image-preview:large, max-video-preview:-1\" \/>\n<link rel=\"canonical\" href=\"https:\/\/festival-livre-jeunesse.fr\/2021\/regis-lejonc-2\/\" \/>\n<meta property=\"og:locale\" content=\"fr_FR\" \/>\n<meta property=\"og:type\" content=\"article\" \/>\n<meta property=\"og:title\" content=\"R\u00e9gis Lejonc - Festival du Livre de Jeunesse Occitanie\" \/>\n<meta property=\"og:description\" content=\"R\u00e9gis Lejonc R\u00e9gis Lejonc est un illustrateur r\u00e9v\u00e9l\u00e9 par Le Rouergue au d\u00e9but des ann\u00e9es 1990. Il a publi\u00e9 une soixantaine de livres chez de nombreux \u00e9diteurs jeunesse. Il est \u00e9galement auteur, directeur artistique et cr\u00e9ateur de collections. Il vit pr\u00e8s de Bordeaux. \u00a0Les derni\u00e8res parutions \u00a0 Fechamos, avec Gilles Baum, Editions des El\u00e9phants Comme &hellip; R\u00e9gis Lejonc Lire la suite\u00a0\u00bb\" \/>\n<meta property=\"og:url\" content=\"https:\/\/festival-livre-jeunesse.fr\/2021\/regis-lejonc-2\/\" \/>\n<meta property=\"og:site_name\" content=\"Festival du Livre de Jeunesse Occitanie\" \/>\n<meta property=\"article:modified_time\" content=\"2020-09-24T20:21:48+00:00\" \/>\n<meta property=\"og:image\" content=\"http:\/\/festival-livre-jeunesse.fr\/2021\/wp-content\/uploads\/2020\/09\/Regis-Lejonc.png\" \/>\n<meta name=\"twitter:card\" content=\"summary_large_image\" \/>\n<script type=\"application\/ld+json\" class=\"yoast-schema-graph\">{\"@context\":\"https:\/\/schema.org\",\"@graph\":[{\"@type\":\"WebPage\",\"@id\":\"https:\/\/festival-livre-jeunesse.fr\/2021\/regis-lejonc-2\/\",\"url\":\"https:\/\/festival-livre-jeunesse.fr\/2021\/regis-lejonc-2\/\",\"name\":\"R\u00e9gis Lejonc - Festival du Livre de Jeunesse Occitanie\",\"isPartOf\":{\"@id\":\"https:\/\/festival-livre-jeunesse.fr\/2021\/#website\"},\"primaryImageOfPage\":{\"@id\":\"https:\/\/festival-livre-jeunesse.fr\/2021\/regis-lejonc-2\/#primaryimage\"},\"image\":{\"@id\":\"https:\/\/festival-livre-jeunesse.fr\/2021\/regis-lejonc-2\/#primaryimage\"},\"thumbnailUrl\":\"http:\/\/festival-livre-jeunesse.fr\/2021\/wp-content\/uploads\/2020\/09\/Regis-Lejonc.png\",\"datePublished\":\"2020-09-13T16:36:33+00:00\",\"dateModified\":\"2020-09-24T20:21:48+00:00\",\"breadcrumb\":{\"@id\":\"https:\/\/festival-livre-jeunesse.fr\/2021\/regis-lejonc-2\/#breadcrumb\"},\"inLanguage\":\"fr-FR\",\"potentialAction\":[{\"@type\":\"ReadAction\",\"target\":[\"https:\/\/festival-livre-jeunesse.fr\/2021\/regis-lejonc-2\/\"]}]},{\"@type\":\"ImageObject\",\"inLanguage\":\"fr-FR\",\"@id\":\"https:\/\/festival-livre-jeunesse.fr\/2021\/regis-lejonc-2\/#primaryimage\",\"url\":\"http:\/\/festival-livre-jeunesse.fr\/2021\/wp-content\/uploads\/2020\/09\/Regis-Lejonc.png\",\"contentUrl\":\"http:\/\/festival-livre-jeunesse.fr\/2021\/wp-content\/uploads\/2020\/09\/Regis-Lejonc.png\"},{\"@type\":\"BreadcrumbList\",\"@id\":\"https:\/\/festival-livre-jeunesse.fr\/2021\/regis-lejonc-2\/#breadcrumb\",\"itemListElement\":[{\"@type\":\"ListItem\",\"position\":1,\"name\":\"Accueil\",\"item\":\"https:\/\/festival-livre-jeunesse.fr\/2021\/\"},{\"@type\":\"ListItem\",\"position\":2,\"name\":\"R\u00e9gis Lejonc\"}]},{\"@type\":\"WebSite\",\"@id\":\"https:\/\/festival-livre-jeunesse.fr\/2021\/#website\",\"url\":\"https:\/\/festival-livre-jeunesse.fr\/2021\/\",\"name\":\"Festival du Livre de Jeunesse Occitanie\",\"description\":\"19\u00e8me \u00e9dition\",\"potentialAction\":[{\"@type\":\"SearchAction\",\"target\":{\"@type\":\"EntryPoint\",\"urlTemplate\":\"https:\/\/festival-livre-jeunesse.fr\/2021\/?s={search_term_string}\"},\"query-input\":{\"@type\":\"PropertyValueSpecification\",\"valueRequired\":true,\"valueName\":\"search_term_string\"}}],\"inLanguage\":\"fr-FR\"}]}<\/script>\n<!-- \/ Yoast SEO plugin. -->","yoast_head_json":{"title":"R\u00e9gis Lejonc - Festival du Livre de Jeunesse Occitanie","robots":{"index":"index","follow":"follow","max-snippet":"max-snippet:-1","max-image-preview":"max-image-preview:large","max-video-preview":"max-video-preview:-1"},"canonical":"https:\/\/festival-livre-jeunesse.fr\/2021\/regis-lejonc-2\/","og_locale":"fr_FR","og_type":"article","og_title":"R\u00e9gis Lejonc - Festival du Livre de Jeunesse Occitanie","og_description":"R\u00e9gis Lejonc R\u00e9gis Lejonc est un illustrateur r\u00e9v\u00e9l\u00e9 par Le Rouergue au d\u00e9but des ann\u00e9es 1990. Il a publi\u00e9 une soixantaine de livres chez de nombreux \u00e9diteurs jeunesse. Il est \u00e9galement auteur, directeur artistique et cr\u00e9ateur de collections. Il vit pr\u00e8s de Bordeaux. \u00a0Les derni\u00e8res parutions \u00a0 Fechamos, avec Gilles Baum, Editions des El\u00e9phants Comme &hellip; R\u00e9gis Lejonc Lire la suite\u00a0\u00bb","og_url":"https:\/\/festival-livre-jeunesse.fr\/2021\/regis-lejonc-2\/","og_site_name":"Festival du Livre de Jeunesse Occitanie","article_modified_time":"2020-09-24T20:21:48+00:00","og_image":[{"url":"http:\/\/festival-livre-jeunesse.fr\/2021\/wp-content\/uploads\/2020\/09\/Regis-Lejonc.png","type":"","width":"","height":""}],"twitter_card":"summary_large_image","schema":{"@context":"https:\/\/schema.org","@graph":[{"@type":"WebPage","@id":"https:\/\/festival-livre-jeunesse.fr\/2021\/regis-lejonc-2\/","url":"https:\/\/festival-livre-jeunesse.fr\/2021\/regis-lejonc-2\/","name":"R\u00e9gis Lejonc - Festival du Livre de Jeunesse Occitanie","isPartOf":{"@id":"https:\/\/festival-livre-jeunesse.fr\/2021\/#website"},"primaryImageOfPage":{"@id":"https:\/\/festival-livre-jeunesse.fr\/2021\/regis-lejonc-2\/#primaryimage"},"image":{"@id":"https:\/\/festival-livre-jeunesse.fr\/2021\/regis-lejonc-2\/#primaryimage"},"thumbnailUrl":"http:\/\/festival-livre-jeunesse.fr\/2021\/wp-content\/uploads\/2020\/09\/Regis-Lejonc.png","datePublished":"2020-09-13T16:36:33+00:00","dateModified":"2020-09-24T20:21:48+00:00","breadcrumb":{"@id":"https:\/\/festival-livre-jeunesse.fr\/2021\/regis-lejonc-2\/#breadcrumb"},"inLanguage":"fr-FR","potentialAction":[{"@type":"ReadAction","target":["https:\/\/festival-livre-jeunesse.fr\/2021\/regis-lejonc-2\/"]}]},{"@type":"ImageObject","inLanguage":"fr-FR","@id":"https:\/\/festival-livre-jeunesse.fr\/2021\/regis-lejonc-2\/#primaryimage","url":"http:\/\/festival-livre-jeunesse.fr\/2021\/wp-content\/uploads\/2020\/09\/Regis-Lejonc.png","contentUrl":"http:\/\/festival-livre-jeunesse.fr\/2021\/wp-content\/uploads\/2020\/09\/Regis-Lejonc.png"},{"@type":"BreadcrumbList","@id":"https:\/\/festival-livre-jeunesse.fr\/2021\/regis-lejonc-2\/#breadcrumb","itemListElement":[{"@type":"ListItem","position":1,"name":"Accueil","item":"https:\/\/festival-livre-jeunesse.fr\/2021\/"},{"@type":"ListItem","position":2,"name":"R\u00e9gis Lejonc"}]},{"@type":"WebSite","@id":"https:\/\/festival-livre-jeunesse.fr\/2021\/#website","url":"https:\/\/festival-livre-jeunesse.fr\/2021\/","name":"Festival du Livre de Jeunesse Occitanie","description":"19\u00e8me \u00e9dition","potentialAction":[{"@type":"SearchAction","target":{"@type":"EntryPoint","urlTemplate":"https:\/\/festival-livre-jeunesse.fr\/2021\/?s={search_term_string}"},"query-input":{"@type":"PropertyValueSpecification","valueRequired":true,"valueName":"search_term_string"}}],"inLanguage":"fr-FR"}]}},"uagb_featured_image_src":{"full":false,"thumbnail":false,"medium":false,"medium_large":false,"large":false,"1536x1536":false,"2048x2048":false},"uagb_author_info":{"display_name":"festival","author_link":"https:\/\/festival-livre-jeunesse.fr\/2021\/author\/festival\/"},"uagb_comment_info":0,"uagb_excerpt":"R\u00e9gis Lejonc R\u00e9gis Lejonc est un illustrateur r\u00e9v\u00e9l\u00e9 par Le Rouergue au d\u00e9but des ann\u00e9es 1990. Il a publi\u00e9 une soixantaine de livres chez de nombreux \u00e9diteurs jeunesse. Il est \u00e9galement auteur, directeur artistique et cr\u00e9ateur de collections. Il vit pr\u00e8s de Bordeaux. \u00a0Les derni\u00e8res parutions \u00a0 Fechamos, avec Gilles Baum, Editions des El\u00e9phants Comme\u2026","_links":{"self":[{"href":"https:\/\/festival-livre-jeunesse.fr\/2021\/wp-json\/wp\/v2\/pages\/1039","targetHints":{"allow":["GET"]}}],"collection":[{"href":"https:\/\/festival-livre-jeunesse.fr\/2021\/wp-json\/wp\/v2\/pages"}],"about":[{"href":"https:\/\/festival-livre-jeunesse.fr\/2021\/wp-json\/wp\/v2\/types\/page"}],"author":[{"embeddable":true,"href":"https:\/\/festival-livre-jeunesse.fr\/2021\/wp-json\/wp\/v2\/users\/1"}],"replies":[{"embeddable":true,"href":"https:\/\/festival-livre-jeunesse.fr\/2021\/wp-json\/wp\/v2\/comments?post=1039"}],"version-history":[{"count":25,"href":"https:\/\/festival-livre-jeunesse.fr\/2021\/wp-json\/wp\/v2\/pages\/1039\/revisions"}],"predecessor-version":[{"id":2175,"href":"https:\/\/festival-livre-jeunesse.fr\/2021\/wp-json\/wp\/v2\/pages\/1039\/revisions\/2175"}],"wp:attachment":[{"href":"https:\/\/festival-livre-jeunesse.fr\/2021\/wp-json\/wp\/v2\/media?parent=1039"}],"curies":[{"name":"wp","href":"https:\/\/api.w.org\/{rel}","templated":true}]}}