{"id":1066,"date":"2020-09-13T22:01:46","date_gmt":"2020-09-13T20:01:46","guid":{"rendered":"http:\/\/festival-livre-jeunesse.fr\/2021\/?page_id=1066"},"modified":"2020-09-24T22:27:02","modified_gmt":"2020-09-24T20:27:02","slug":"philippe-nessman","status":"publish","type":"page","link":"https:\/\/festival-livre-jeunesse.fr\/2021\/philippe-nessman\/","title":{"rendered":"Philippe Nessman"},"content":{"rendered":"\t\t<div data-elementor-type=\"wp-page\" data-elementor-id=\"1066\" class=\"elementor elementor-1066\">\n\t\t\t\t\t\t<section class=\"elementor-section elementor-top-section elementor-element elementor-element-2950d46 elementor-section-boxed elementor-section-height-default elementor-section-height-default\" data-id=\"2950d46\" data-element_type=\"section\" data-e-type=\"section\">\n\t\t\t\t\t\t<div class=\"elementor-container elementor-column-gap-default\">\n\t\t\t\t\t<div class=\"elementor-column elementor-col-100 elementor-top-column elementor-element elementor-element-9378556\" data-id=\"9378556\" data-element_type=\"column\" data-e-type=\"column\">\n\t\t\t<div class=\"elementor-widget-wrap elementor-element-populated\">\n\t\t\t\t\t\t<div class=\"elementor-element elementor-element-8191947 elementor-widget elementor-widget-spacer\" data-id=\"8191947\" data-element_type=\"widget\" data-e-type=\"widget\" data-widget_type=\"spacer.default\">\n\t\t\t\t<div class=\"elementor-widget-container\">\n\t\t\t\t\t\t\t<div class=\"elementor-spacer\">\n\t\t\t<div class=\"elementor-spacer-inner\"><\/div>\n\t\t<\/div>\n\t\t\t\t\t\t<\/div>\n\t\t\t\t<\/div>\n\t\t\t\t\t<\/div>\n\t\t<\/div>\n\t\t\t\t\t<\/div>\n\t\t<\/section>\n\t\t\t\t<section class=\"elementor-section elementor-top-section elementor-element elementor-element-6f479e2 elementor-section-boxed elementor-section-height-default elementor-section-height-default\" data-id=\"6f479e2\" data-element_type=\"section\" data-e-type=\"section\">\n\t\t\t\t\t\t<div class=\"elementor-container elementor-column-gap-no\">\n\t\t\t\t\t<div class=\"elementor-column elementor-col-50 elementor-top-column elementor-element elementor-element-02a992e\" data-id=\"02a992e\" data-element_type=\"column\" data-e-type=\"column\">\n\t\t\t<div class=\"elementor-widget-wrap elementor-element-populated\">\n\t\t\t\t\t\t<div class=\"elementor-element elementor-element-53f4fc9 elementor-widget elementor-widget-image\" data-id=\"53f4fc9\" data-element_type=\"widget\" data-e-type=\"widget\" data-widget_type=\"image.default\">\n\t\t\t\t<div class=\"elementor-widget-container\">\n\t\t\t\t\t\t\t\t\t\t\t\t\t\t\t<img fetchpriority=\"high\" decoding=\"async\" width=\"400\" height=\"528\" src=\"https:\/\/festival-livre-jeunesse.fr\/2021\/wp-content\/uploads\/2020\/08\/Philippe-Nessmann.png\" class=\"attachment-full size-full wp-image-124\" alt=\"\" srcset=\"https:\/\/festival-livre-jeunesse.fr\/2021\/wp-content\/uploads\/2020\/08\/Philippe-Nessmann.png 400w, https:\/\/festival-livre-jeunesse.fr\/2021\/wp-content\/uploads\/2020\/08\/Philippe-Nessmann-227x300.png 227w\" sizes=\"(max-width: 400px) 100vw, 400px\" \/>\t\t\t\t\t\t\t\t\t\t\t\t\t\t\t<\/div>\n\t\t\t\t<\/div>\n\t\t\t\t\t<\/div>\n\t\t<\/div>\n\t\t\t\t<div class=\"elementor-column elementor-col-50 elementor-top-column elementor-element elementor-element-27c9469\" data-id=\"27c9469\" data-element_type=\"column\" data-e-type=\"column\">\n\t\t\t<div class=\"elementor-widget-wrap elementor-element-populated\">\n\t\t\t\t\t\t<div class=\"elementor-element elementor-element-0817cf2 elementor-widget elementor-widget-heading\" data-id=\"0817cf2\" data-element_type=\"widget\" data-e-type=\"widget\" data-widget_type=\"heading.default\">\n\t\t\t\t<div class=\"elementor-widget-container\">\n\t\t\t\t\t<h1 class=\"elementor-heading-title elementor-size-xl\">Philippe Nessmann<\/h1>\t\t\t\t<\/div>\n\t\t\t\t<\/div>\n\t\t\t\t<div class=\"elementor-element elementor-element-2577ca0 elementor-widget elementor-widget-text-editor\" data-id=\"2577ca0\" data-element_type=\"widget\" data-e-type=\"widget\" data-widget_type=\"text-editor.default\">\n\t\t\t\t<div class=\"elementor-widget-container\">\n\t\t\t\t\t\t\t\t\t<p>Ing\u00e9nieur<span style=\"font-size: 13px;\"> de l\u2019<\/span><a style=\"font-size: 13px; background-color: #ffffff;\" title=\"\u00c9cole nationale sup\u00e9rieure d'arts et m\u00e9tiers\" href=\"https:\/\/fr.wikipedia.org\/wiki\/%C3%89cole_nationale_sup%C3%A9rieure_d%27arts_et_m%C3%A9tiers\">\u00c9cole nationale sup\u00e9rieure d&rsquo;arts et m\u00e9tiers<\/a><span style=\"font-size: 13px;\">\u00a0et titulaire d&rsquo;une ma\u00eetrise d&rsquo;histoire de l&rsquo;art<\/span><sup><a href=\"https:\/\/fr.wikipedia.org\/wiki\/Philippe_Nessmann#cite_note-4\">4<\/a><\/sup><span style=\"font-size: 13px;\">, il commence \u00e0 \u00e9crire \u00e0 la fin des ann\u00e9es 1990 en collaborant aux revues scientifiques\u00a0<\/span><i style=\"font-weight: inherit;\"><a title=\"Science et Vie Junior\" href=\"https:\/\/fr.wikipedia.org\/wiki\/Science_et_Vie_Junior\">Science et Vie Junior<\/a><\/i><span style=\"font-size: 13px;\">,\u00a0<\/span><i style=\"font-weight: inherit;\"><a title=\"Ciel et Espace\" href=\"https:\/\/fr.wikipedia.org\/wiki\/Ciel_et_Espace\">Ciel et Espace<\/a><\/i><span style=\"font-size: 13px;\">\u00a0et\u00a0<\/span><i style=\"font-weight: inherit;\">Le Journal du CNRS<\/i><sup><a href=\"https:\/\/fr.wikipedia.org\/wiki\/Philippe_Nessmann#cite_note-5\">5<\/a><\/sup><span style=\"font-size: 13px;\">.<\/span><\/p><p>Depuis 2000, il a \u00e9crit une cinquantaine de livres documentaires, de romans et d&rsquo;albums \u00e0 destination de la jeunesse. Ses th\u00e8mes de pr\u00e9dilection sont les sciences, l&rsquo;art et l&rsquo;Histoire. De 2001 \u00e0 2009, il dirige la collection de vulgarisation scientifique \u00ab\u00a0K\u00e9zako\u00a0?\u00a0\u00bb pour les \u00e9ditions Mango et, de 2005 \u00e0 2012, la collection de romans historiques \u00ab\u00a0Les D\u00e9couvreurs du Monde\u00a0\u00bb pour les \u00e9ditions Flammarion Jeunesse<sup><a href=\"https:\/\/fr.wikipedia.org\/wiki\/Philippe_Nessmann#cite_note-6\">6<\/a><\/sup>.<\/p><h1><u>Les derni\u00e8res parutions<\/u><\/h1><ul><li><b>Eternit\u00e9 : demain tous mortels?<\/b>, Editions de la Martini\u00e8re, 2020<\/li><li><b>Dans tous les sens<\/b>, Editions Le Seuil Jeunesse, 2019<\/li><li><b>Il y a une maison<\/b>, Editions La Cabane Bleue, 2019<\/li><li><b>La f\u00e9e de Verdun,<\/b> Flammarion jeunesse, 2016<\/li><li><b>Le village aux milles roses<\/b>, Editions Flammarion jeunesse, 2016<\/li><\/ul>\t\t\t\t\t\t\t\t<\/div>\n\t\t\t\t<\/div>\n\t\t\t\t\t<\/div>\n\t\t<\/div>\n\t\t\t\t\t<\/div>\n\t\t<\/section>\n\t\t\t\t<\/div>\n\t\t","protected":false},"excerpt":{"rendered":"<p>Philippe Nessmann Ing\u00e9nieur de l\u2019\u00c9cole nationale sup\u00e9rieure d&rsquo;arts et m\u00e9tiers\u00a0et titulaire d&rsquo;une ma\u00eetrise d&rsquo;histoire de l&rsquo;art4, il commence \u00e0 \u00e9crire \u00e0 la fin des ann\u00e9es 1990 en collaborant aux revues scientifiques\u00a0Science et Vie Junior,\u00a0Ciel et Espace\u00a0et\u00a0Le Journal du CNRS5. Depuis 2000, il a \u00e9crit une cinquantaine de livres documentaires, de romans et d&rsquo;albums \u00e0 destination &hellip;<\/p>\n<p class=\"read-more\"> <a class=\"\" href=\"https:\/\/festival-livre-jeunesse.fr\/2021\/philippe-nessman\/\"> <span class=\"screen-reader-text\">Philippe Nessman<\/span> Lire la suite\u00a0\u00bb<\/a><\/p>\n","protected":false},"author":1,"featured_media":0,"parent":0,"menu_order":0,"comment_status":"closed","ping_status":"closed","template":"","meta":{"_uag_custom_page_level_css":"","footnotes":""},"class_list":["post-1066","page","type-page","status-publish","hentry"],"yoast_head":"<!-- This site is optimized with the Yoast SEO plugin v25.3.1 - https:\/\/yoast.com\/wordpress\/plugins\/seo\/ -->\n<title>Philippe Nessman - Festival du Livre de Jeunesse Occitanie<\/title>\n<meta name=\"robots\" content=\"index, follow, max-snippet:-1, max-image-preview:large, max-video-preview:-1\" \/>\n<link rel=\"canonical\" href=\"https:\/\/festival-livre-jeunesse.fr\/2021\/philippe-nessman\/\" \/>\n<meta property=\"og:locale\" content=\"fr_FR\" \/>\n<meta property=\"og:type\" content=\"article\" \/>\n<meta property=\"og:title\" content=\"Philippe Nessman - Festival du Livre de Jeunesse Occitanie\" \/>\n<meta property=\"og:description\" content=\"Philippe Nessmann Ing\u00e9nieur de l\u2019\u00c9cole nationale sup\u00e9rieure d&rsquo;arts et m\u00e9tiers\u00a0et titulaire d&rsquo;une ma\u00eetrise d&rsquo;histoire de l&rsquo;art4, il commence \u00e0 \u00e9crire \u00e0 la fin des ann\u00e9es 1990 en collaborant aux revues scientifiques\u00a0Science et Vie Junior,\u00a0Ciel et Espace\u00a0et\u00a0Le Journal du CNRS5. Depuis 2000, il a \u00e9crit une cinquantaine de livres documentaires, de romans et d&rsquo;albums \u00e0 destination &hellip; Philippe Nessman Lire la suite\u00a0\u00bb\" \/>\n<meta property=\"og:url\" content=\"https:\/\/festival-livre-jeunesse.fr\/2021\/philippe-nessman\/\" \/>\n<meta property=\"og:site_name\" content=\"Festival du Livre de Jeunesse Occitanie\" \/>\n<meta property=\"article:modified_time\" content=\"2020-09-24T20:27:02+00:00\" \/>\n<meta property=\"og:image\" content=\"http:\/\/festival-livre-jeunesse.fr\/2021\/wp-content\/uploads\/2020\/08\/Philippe-Nessmann.png\" \/>\n<meta name=\"twitter:card\" content=\"summary_large_image\" \/>\n<meta name=\"twitter:label1\" content=\"Dur\u00e9e de lecture estim\u00e9e\" \/>\n\t<meta name=\"twitter:data1\" content=\"1 minute\" \/>\n<script type=\"application\/ld+json\" class=\"yoast-schema-graph\">{\"@context\":\"https:\/\/schema.org\",\"@graph\":[{\"@type\":\"WebPage\",\"@id\":\"https:\/\/festival-livre-jeunesse.fr\/2021\/philippe-nessman\/\",\"url\":\"https:\/\/festival-livre-jeunesse.fr\/2021\/philippe-nessman\/\",\"name\":\"Philippe Nessman - Festival du Livre de Jeunesse Occitanie\",\"isPartOf\":{\"@id\":\"https:\/\/festival-livre-jeunesse.fr\/2021\/#website\"},\"primaryImageOfPage\":{\"@id\":\"https:\/\/festival-livre-jeunesse.fr\/2021\/philippe-nessman\/#primaryimage\"},\"image\":{\"@id\":\"https:\/\/festival-livre-jeunesse.fr\/2021\/philippe-nessman\/#primaryimage\"},\"thumbnailUrl\":\"http:\/\/festival-livre-jeunesse.fr\/2021\/wp-content\/uploads\/2020\/08\/Philippe-Nessmann.png\",\"datePublished\":\"2020-09-13T20:01:46+00:00\",\"dateModified\":\"2020-09-24T20:27:02+00:00\",\"breadcrumb\":{\"@id\":\"https:\/\/festival-livre-jeunesse.fr\/2021\/philippe-nessman\/#breadcrumb\"},\"inLanguage\":\"fr-FR\",\"potentialAction\":[{\"@type\":\"ReadAction\",\"target\":[\"https:\/\/festival-livre-jeunesse.fr\/2021\/philippe-nessman\/\"]}]},{\"@type\":\"ImageObject\",\"inLanguage\":\"fr-FR\",\"@id\":\"https:\/\/festival-livre-jeunesse.fr\/2021\/philippe-nessman\/#primaryimage\",\"url\":\"http:\/\/festival-livre-jeunesse.fr\/2021\/wp-content\/uploads\/2020\/08\/Philippe-Nessmann.png\",\"contentUrl\":\"http:\/\/festival-livre-jeunesse.fr\/2021\/wp-content\/uploads\/2020\/08\/Philippe-Nessmann.png\"},{\"@type\":\"BreadcrumbList\",\"@id\":\"https:\/\/festival-livre-jeunesse.fr\/2021\/philippe-nessman\/#breadcrumb\",\"itemListElement\":[{\"@type\":\"ListItem\",\"position\":1,\"name\":\"Accueil\",\"item\":\"https:\/\/festival-livre-jeunesse.fr\/2021\/\"},{\"@type\":\"ListItem\",\"position\":2,\"name\":\"Philippe Nessman\"}]},{\"@type\":\"WebSite\",\"@id\":\"https:\/\/festival-livre-jeunesse.fr\/2021\/#website\",\"url\":\"https:\/\/festival-livre-jeunesse.fr\/2021\/\",\"name\":\"Festival du Livre de Jeunesse Occitanie\",\"description\":\"19\u00e8me \u00e9dition\",\"potentialAction\":[{\"@type\":\"SearchAction\",\"target\":{\"@type\":\"EntryPoint\",\"urlTemplate\":\"https:\/\/festival-livre-jeunesse.fr\/2021\/?s={search_term_string}\"},\"query-input\":{\"@type\":\"PropertyValueSpecification\",\"valueRequired\":true,\"valueName\":\"search_term_string\"}}],\"inLanguage\":\"fr-FR\"}]}<\/script>\n<!-- \/ Yoast SEO plugin. -->","yoast_head_json":{"title":"Philippe Nessman - Festival du Livre de Jeunesse Occitanie","robots":{"index":"index","follow":"follow","max-snippet":"max-snippet:-1","max-image-preview":"max-image-preview:large","max-video-preview":"max-video-preview:-1"},"canonical":"https:\/\/festival-livre-jeunesse.fr\/2021\/philippe-nessman\/","og_locale":"fr_FR","og_type":"article","og_title":"Philippe Nessman - Festival du Livre de Jeunesse Occitanie","og_description":"Philippe Nessmann Ing\u00e9nieur de l\u2019\u00c9cole nationale sup\u00e9rieure d&rsquo;arts et m\u00e9tiers\u00a0et titulaire d&rsquo;une ma\u00eetrise d&rsquo;histoire de l&rsquo;art4, il commence \u00e0 \u00e9crire \u00e0 la fin des ann\u00e9es 1990 en collaborant aux revues scientifiques\u00a0Science et Vie Junior,\u00a0Ciel et Espace\u00a0et\u00a0Le Journal du CNRS5. Depuis 2000, il a \u00e9crit une cinquantaine de livres documentaires, de romans et d&rsquo;albums \u00e0 destination &hellip; Philippe Nessman Lire la suite\u00a0\u00bb","og_url":"https:\/\/festival-livre-jeunesse.fr\/2021\/philippe-nessman\/","og_site_name":"Festival du Livre de Jeunesse Occitanie","article_modified_time":"2020-09-24T20:27:02+00:00","og_image":[{"url":"http:\/\/festival-livre-jeunesse.fr\/2021\/wp-content\/uploads\/2020\/08\/Philippe-Nessmann.png","type":"","width":"","height":""}],"twitter_card":"summary_large_image","twitter_misc":{"Dur\u00e9e de lecture estim\u00e9e":"1 minute"},"schema":{"@context":"https:\/\/schema.org","@graph":[{"@type":"WebPage","@id":"https:\/\/festival-livre-jeunesse.fr\/2021\/philippe-nessman\/","url":"https:\/\/festival-livre-jeunesse.fr\/2021\/philippe-nessman\/","name":"Philippe Nessman - Festival du Livre de Jeunesse Occitanie","isPartOf":{"@id":"https:\/\/festival-livre-jeunesse.fr\/2021\/#website"},"primaryImageOfPage":{"@id":"https:\/\/festival-livre-jeunesse.fr\/2021\/philippe-nessman\/#primaryimage"},"image":{"@id":"https:\/\/festival-livre-jeunesse.fr\/2021\/philippe-nessman\/#primaryimage"},"thumbnailUrl":"http:\/\/festival-livre-jeunesse.fr\/2021\/wp-content\/uploads\/2020\/08\/Philippe-Nessmann.png","datePublished":"2020-09-13T20:01:46+00:00","dateModified":"2020-09-24T20:27:02+00:00","breadcrumb":{"@id":"https:\/\/festival-livre-jeunesse.fr\/2021\/philippe-nessman\/#breadcrumb"},"inLanguage":"fr-FR","potentialAction":[{"@type":"ReadAction","target":["https:\/\/festival-livre-jeunesse.fr\/2021\/philippe-nessman\/"]}]},{"@type":"ImageObject","inLanguage":"fr-FR","@id":"https:\/\/festival-livre-jeunesse.fr\/2021\/philippe-nessman\/#primaryimage","url":"http:\/\/festival-livre-jeunesse.fr\/2021\/wp-content\/uploads\/2020\/08\/Philippe-Nessmann.png","contentUrl":"http:\/\/festival-livre-jeunesse.fr\/2021\/wp-content\/uploads\/2020\/08\/Philippe-Nessmann.png"},{"@type":"BreadcrumbList","@id":"https:\/\/festival-livre-jeunesse.fr\/2021\/philippe-nessman\/#breadcrumb","itemListElement":[{"@type":"ListItem","position":1,"name":"Accueil","item":"https:\/\/festival-livre-jeunesse.fr\/2021\/"},{"@type":"ListItem","position":2,"name":"Philippe Nessman"}]},{"@type":"WebSite","@id":"https:\/\/festival-livre-jeunesse.fr\/2021\/#website","url":"https:\/\/festival-livre-jeunesse.fr\/2021\/","name":"Festival du Livre de Jeunesse Occitanie","description":"19\u00e8me \u00e9dition","potentialAction":[{"@type":"SearchAction","target":{"@type":"EntryPoint","urlTemplate":"https:\/\/festival-livre-jeunesse.fr\/2021\/?s={search_term_string}"},"query-input":{"@type":"PropertyValueSpecification","valueRequired":true,"valueName":"search_term_string"}}],"inLanguage":"fr-FR"}]}},"uagb_featured_image_src":{"full":false,"thumbnail":false,"medium":false,"medium_large":false,"large":false,"1536x1536":false,"2048x2048":false},"uagb_author_info":{"display_name":"festival","author_link":"https:\/\/festival-livre-jeunesse.fr\/2021\/author\/festival\/"},"uagb_comment_info":0,"uagb_excerpt":"Philippe Nessmann Ing\u00e9nieur de l\u2019\u00c9cole nationale sup\u00e9rieure d&rsquo;arts et m\u00e9tiers\u00a0et titulaire d&rsquo;une ma\u00eetrise d&rsquo;histoire de l&rsquo;art4, il commence \u00e0 \u00e9crire \u00e0 la fin des ann\u00e9es 1990 en collaborant aux revues scientifiques\u00a0Science et Vie Junior,\u00a0Ciel et Espace\u00a0et\u00a0Le Journal du CNRS5. Depuis 2000, il a \u00e9crit une cinquantaine de livres documentaires, de romans et d&rsquo;albums \u00e0 destination\u2026","_links":{"self":[{"href":"https:\/\/festival-livre-jeunesse.fr\/2021\/wp-json\/wp\/v2\/pages\/1066","targetHints":{"allow":["GET"]}}],"collection":[{"href":"https:\/\/festival-livre-jeunesse.fr\/2021\/wp-json\/wp\/v2\/pages"}],"about":[{"href":"https:\/\/festival-livre-jeunesse.fr\/2021\/wp-json\/wp\/v2\/types\/page"}],"author":[{"embeddable":true,"href":"https:\/\/festival-livre-jeunesse.fr\/2021\/wp-json\/wp\/v2\/users\/1"}],"replies":[{"embeddable":true,"href":"https:\/\/festival-livre-jeunesse.fr\/2021\/wp-json\/wp\/v2\/comments?post=1066"}],"version-history":[{"count":16,"href":"https:\/\/festival-livre-jeunesse.fr\/2021\/wp-json\/wp\/v2\/pages\/1066\/revisions"}],"predecessor-version":[{"id":2182,"href":"https:\/\/festival-livre-jeunesse.fr\/2021\/wp-json\/wp\/v2\/pages\/1066\/revisions\/2182"}],"wp:attachment":[{"href":"https:\/\/festival-livre-jeunesse.fr\/2021\/wp-json\/wp\/v2\/media?parent=1066"}],"curies":[{"name":"wp","href":"https:\/\/api.w.org\/{rel}","templated":true}]}}