{"id":1076,"date":"2020-09-13T22:32:54","date_gmt":"2020-09-13T20:32:54","guid":{"rendered":"http:\/\/festival-livre-jeunesse.fr\/2021\/?page_id=1076"},"modified":"2020-09-22T16:10:14","modified_gmt":"2020-09-22T14:10:14","slug":"clemence-sabbagh-2","status":"publish","type":"page","link":"https:\/\/festival-livre-jeunesse.fr\/2021\/clemence-sabbagh-2\/","title":{"rendered":"Cl\u00e9mence Sabbagh"},"content":{"rendered":"\t\t<div data-elementor-type=\"wp-page\" data-elementor-id=\"1076\" class=\"elementor elementor-1076\">\n\t\t\t\t\t\t<section class=\"elementor-section elementor-top-section elementor-element elementor-element-4e1e5ac elementor-section-boxed elementor-section-height-default elementor-section-height-default\" data-id=\"4e1e5ac\" data-element_type=\"section\" data-e-type=\"section\">\n\t\t\t\t\t\t<div class=\"elementor-container elementor-column-gap-default\">\n\t\t\t\t\t<div class=\"elementor-column elementor-col-50 elementor-top-column elementor-element elementor-element-a27a95f\" data-id=\"a27a95f\" data-element_type=\"column\" data-e-type=\"column\">\n\t\t\t<div class=\"elementor-widget-wrap elementor-element-populated\">\n\t\t\t\t\t\t<div class=\"elementor-element elementor-element-8e20cda elementor-widget elementor-widget-image\" data-id=\"8e20cda\" data-element_type=\"widget\" data-e-type=\"widget\" data-widget_type=\"image.default\">\n\t\t\t\t<div class=\"elementor-widget-container\">\n\t\t\t\t\t\t\t\t\t\t\t\t\t\t\t<img fetchpriority=\"high\" decoding=\"async\" width=\"280\" height=\"350\" src=\"https:\/\/festival-livre-jeunesse.fr\/2021\/wp-content\/uploads\/2020\/09\/Clemence-Sabbagh.png\" class=\"attachment-full size-full wp-image-701\" alt=\"\" \/>\t\t\t\t\t\t\t\t\t\t\t\t\t\t\t<\/div>\n\t\t\t\t<\/div>\n\t\t\t\t\t<\/div>\n\t\t<\/div>\n\t\t\t\t<div class=\"elementor-column elementor-col-50 elementor-top-column elementor-element elementor-element-f84f3e2\" data-id=\"f84f3e2\" data-element_type=\"column\" data-e-type=\"column\">\n\t\t\t<div class=\"elementor-widget-wrap elementor-element-populated\">\n\t\t\t\t\t\t<div class=\"elementor-element elementor-element-61246b3 elementor-widget elementor-widget-heading\" data-id=\"61246b3\" data-element_type=\"widget\" data-e-type=\"widget\" data-widget_type=\"heading.default\">\n\t\t\t\t<div class=\"elementor-widget-container\">\n\t\t\t\t\t<h1 class=\"elementor-heading-title elementor-size-xl\">Cl\u00e9mence Sabbagh<\/h1>\t\t\t\t<\/div>\n\t\t\t\t<\/div>\n\t\t\t\t<div class=\"elementor-element elementor-element-90302c5 elementor-widget elementor-widget-text-editor\" data-id=\"90302c5\" data-element_type=\"widget\" data-e-type=\"widget\" data-widget_type=\"text-editor.default\">\n\t\t\t\t<div class=\"elementor-widget-container\">\n\t\t\t\t\t\t\t\t\t<p><strong>Cl\u00e9mence Sabbagh<\/strong> est n\u00e9e \u00e0 Paris. Elle a un beau jour d\u00e9cid\u00e9 de mettre cap au sud et vit \u00e0 Toulouse. Des mus\u00e9es \u00e0 la presse jeunesse, en passant par les jeux et le multim\u00e9dia, Cl\u00e9mence a construit son parcours autour d\u2019une id\u00e9e fixe : \u00e9veiller la curiosit\u00e9 des enfants. Touche \u00e0 tout, elle se lance sans cesse de nouveaux d\u00e9fis (photo, illustration, vid\u00e9o\u2026) pour transmettre aux enfants son go\u00fbt pour les mots et les images.<\/p><h1><span class=\"label\">Les derni\u00e8res parutions<\/span><\/h1><ul><li><i><strong>Les Grrr en vacances<\/strong>, textes de Cl\u00e9mence Sabbagh, illustrations d&rsquo;Agathe Moreau, \u00e9d. Le diplodocus, 2020 (album jeunesse).<\/i><\/li><li><i><strong>Les aventuriers au jardin cr\u00e9ent et d\u00e9corent<\/strong>, textes de Cl\u00e9mence Sabbagh, illustrations de Joana Wiejack, \u00e9d. Plume de carotte, 2020 (documentaire jeunesse).<\/i><\/li><li><i><strong>Moi et mes \u00e9motions,<\/strong> textes de Cl\u00e9mence Sabbagh, illustrations de Liuna Virardi, \u00e9d. Plume de carotte, 2020 (documentaire jeunesse, livre accord\u00e9on).<\/i><\/li><li><i><strong>Moi et mes 5 sens<\/strong>, textes de Cl\u00e9mence Sabbagh, illustrations de Margaux Grappe, \u00e9d. Plume de carotte, 2020 (documentaire jeunesse, livre accord\u00e9on).<\/i><\/li><li><i><strong>Moi et le vent,<\/strong> textes de Cl\u00e9mence Sabbagh, illustrations de Marie Poirier, \u00e9d. Plume de carotte, 2020 (documentaire jeunesse, livre accord\u00e9on).<\/i><\/li><li><i><strong>La bonne place<\/strong>, textes de Cl\u00e9mence Sabbagh, illustrations de Fran\u00e7oise Rogier, \u00e9d. \u00c0 pas de loups, 2019.Les aventuriers au jardin bio cuisinent au naturel, textes de Cl\u00e9mence Sabbagh, illustrations Joanna Wiejak, \u00e9d. Plume de carotte, 2019 (documentaire jeunesse).<\/i><\/li><\/ul>\t\t\t\t\t\t\t\t<\/div>\n\t\t\t\t<\/div>\n\t\t\t\t\t<\/div>\n\t\t<\/div>\n\t\t\t\t\t<\/div>\n\t\t<\/section>\n\t\t\t\t<\/div>\n\t\t","protected":false},"excerpt":{"rendered":"<p>Cl\u00e9mence Sabbagh Cl\u00e9mence Sabbagh est n\u00e9e \u00e0 Paris. Elle a un beau jour d\u00e9cid\u00e9 de mettre cap au sud et vit \u00e0 Toulouse. Des mus\u00e9es \u00e0 la presse jeunesse, en passant par les jeux et le multim\u00e9dia, Cl\u00e9mence a construit son parcours autour d\u2019une id\u00e9e fixe : \u00e9veiller la curiosit\u00e9 des enfants. Touche \u00e0 tout, &hellip;<\/p>\n<p class=\"read-more\"> <a class=\"\" href=\"https:\/\/festival-livre-jeunesse.fr\/2021\/clemence-sabbagh-2\/\"> <span class=\"screen-reader-text\">Cl\u00e9mence Sabbagh<\/span> Lire la suite\u00a0\u00bb<\/a><\/p>\n","protected":false},"author":1,"featured_media":0,"parent":0,"menu_order":0,"comment_status":"closed","ping_status":"closed","template":"","meta":{"_uag_custom_page_level_css":"","footnotes":""},"class_list":["post-1076","page","type-page","status-publish","hentry"],"yoast_head":"<!-- This site is optimized with the Yoast SEO plugin v25.3.1 - https:\/\/yoast.com\/wordpress\/plugins\/seo\/ -->\n<title>Cl\u00e9mence Sabbagh - Festival du Livre de Jeunesse Occitanie<\/title>\n<meta name=\"robots\" content=\"index, follow, max-snippet:-1, max-image-preview:large, max-video-preview:-1\" \/>\n<link rel=\"canonical\" href=\"https:\/\/festival-livre-jeunesse.fr\/2021\/clemence-sabbagh-2\/\" \/>\n<meta property=\"og:locale\" content=\"fr_FR\" \/>\n<meta property=\"og:type\" content=\"article\" \/>\n<meta property=\"og:title\" content=\"Cl\u00e9mence Sabbagh - Festival du Livre de Jeunesse Occitanie\" \/>\n<meta property=\"og:description\" content=\"Cl\u00e9mence Sabbagh Cl\u00e9mence Sabbagh est n\u00e9e \u00e0 Paris. Elle a un beau jour d\u00e9cid\u00e9 de mettre cap au sud et vit \u00e0 Toulouse. Des mus\u00e9es \u00e0 la presse jeunesse, en passant par les jeux et le multim\u00e9dia, Cl\u00e9mence a construit son parcours autour d\u2019une id\u00e9e fixe : \u00e9veiller la curiosit\u00e9 des enfants. Touche \u00e0 tout, &hellip; Cl\u00e9mence Sabbagh Lire la suite\u00a0\u00bb\" \/>\n<meta property=\"og:url\" content=\"https:\/\/festival-livre-jeunesse.fr\/2021\/clemence-sabbagh-2\/\" \/>\n<meta property=\"og:site_name\" content=\"Festival du Livre de Jeunesse Occitanie\" \/>\n<meta property=\"article:modified_time\" content=\"2020-09-22T14:10:14+00:00\" \/>\n<meta property=\"og:image\" content=\"http:\/\/festival-livre-jeunesse.fr\/2021\/wp-content\/uploads\/2020\/09\/Clemence-Sabbagh.png\" \/>\n<meta name=\"twitter:card\" content=\"summary_large_image\" \/>\n<meta name=\"twitter:label1\" content=\"Dur\u00e9e de lecture estim\u00e9e\" \/>\n\t<meta name=\"twitter:data1\" content=\"1 minute\" \/>\n<script type=\"application\/ld+json\" class=\"yoast-schema-graph\">{\"@context\":\"https:\/\/schema.org\",\"@graph\":[{\"@type\":\"WebPage\",\"@id\":\"https:\/\/festival-livre-jeunesse.fr\/2021\/clemence-sabbagh-2\/\",\"url\":\"https:\/\/festival-livre-jeunesse.fr\/2021\/clemence-sabbagh-2\/\",\"name\":\"Cl\u00e9mence Sabbagh - Festival du Livre de Jeunesse Occitanie\",\"isPartOf\":{\"@id\":\"https:\/\/festival-livre-jeunesse.fr\/2021\/#website\"},\"primaryImageOfPage\":{\"@id\":\"https:\/\/festival-livre-jeunesse.fr\/2021\/clemence-sabbagh-2\/#primaryimage\"},\"image\":{\"@id\":\"https:\/\/festival-livre-jeunesse.fr\/2021\/clemence-sabbagh-2\/#primaryimage\"},\"thumbnailUrl\":\"http:\/\/festival-livre-jeunesse.fr\/2021\/wp-content\/uploads\/2020\/09\/Clemence-Sabbagh.png\",\"datePublished\":\"2020-09-13T20:32:54+00:00\",\"dateModified\":\"2020-09-22T14:10:14+00:00\",\"breadcrumb\":{\"@id\":\"https:\/\/festival-livre-jeunesse.fr\/2021\/clemence-sabbagh-2\/#breadcrumb\"},\"inLanguage\":\"fr-FR\",\"potentialAction\":[{\"@type\":\"ReadAction\",\"target\":[\"https:\/\/festival-livre-jeunesse.fr\/2021\/clemence-sabbagh-2\/\"]}]},{\"@type\":\"ImageObject\",\"inLanguage\":\"fr-FR\",\"@id\":\"https:\/\/festival-livre-jeunesse.fr\/2021\/clemence-sabbagh-2\/#primaryimage\",\"url\":\"http:\/\/festival-livre-jeunesse.fr\/2021\/wp-content\/uploads\/2020\/09\/Clemence-Sabbagh.png\",\"contentUrl\":\"http:\/\/festival-livre-jeunesse.fr\/2021\/wp-content\/uploads\/2020\/09\/Clemence-Sabbagh.png\"},{\"@type\":\"BreadcrumbList\",\"@id\":\"https:\/\/festival-livre-jeunesse.fr\/2021\/clemence-sabbagh-2\/#breadcrumb\",\"itemListElement\":[{\"@type\":\"ListItem\",\"position\":1,\"name\":\"Accueil\",\"item\":\"https:\/\/festival-livre-jeunesse.fr\/2021\/\"},{\"@type\":\"ListItem\",\"position\":2,\"name\":\"Cl\u00e9mence Sabbagh\"}]},{\"@type\":\"WebSite\",\"@id\":\"https:\/\/festival-livre-jeunesse.fr\/2021\/#website\",\"url\":\"https:\/\/festival-livre-jeunesse.fr\/2021\/\",\"name\":\"Festival du Livre de Jeunesse Occitanie\",\"description\":\"19\u00e8me \u00e9dition\",\"potentialAction\":[{\"@type\":\"SearchAction\",\"target\":{\"@type\":\"EntryPoint\",\"urlTemplate\":\"https:\/\/festival-livre-jeunesse.fr\/2021\/?s={search_term_string}\"},\"query-input\":{\"@type\":\"PropertyValueSpecification\",\"valueRequired\":true,\"valueName\":\"search_term_string\"}}],\"inLanguage\":\"fr-FR\"}]}<\/script>\n<!-- \/ Yoast SEO plugin. -->","yoast_head_json":{"title":"Cl\u00e9mence Sabbagh - Festival du Livre de Jeunesse Occitanie","robots":{"index":"index","follow":"follow","max-snippet":"max-snippet:-1","max-image-preview":"max-image-preview:large","max-video-preview":"max-video-preview:-1"},"canonical":"https:\/\/festival-livre-jeunesse.fr\/2021\/clemence-sabbagh-2\/","og_locale":"fr_FR","og_type":"article","og_title":"Cl\u00e9mence Sabbagh - Festival du Livre de Jeunesse Occitanie","og_description":"Cl\u00e9mence Sabbagh Cl\u00e9mence Sabbagh est n\u00e9e \u00e0 Paris. Elle a un beau jour d\u00e9cid\u00e9 de mettre cap au sud et vit \u00e0 Toulouse. Des mus\u00e9es \u00e0 la presse jeunesse, en passant par les jeux et le multim\u00e9dia, Cl\u00e9mence a construit son parcours autour d\u2019une id\u00e9e fixe : \u00e9veiller la curiosit\u00e9 des enfants. Touche \u00e0 tout, &hellip; Cl\u00e9mence Sabbagh Lire la suite\u00a0\u00bb","og_url":"https:\/\/festival-livre-jeunesse.fr\/2021\/clemence-sabbagh-2\/","og_site_name":"Festival du Livre de Jeunesse Occitanie","article_modified_time":"2020-09-22T14:10:14+00:00","og_image":[{"url":"http:\/\/festival-livre-jeunesse.fr\/2021\/wp-content\/uploads\/2020\/09\/Clemence-Sabbagh.png","type":"","width":"","height":""}],"twitter_card":"summary_large_image","twitter_misc":{"Dur\u00e9e de lecture estim\u00e9e":"1 minute"},"schema":{"@context":"https:\/\/schema.org","@graph":[{"@type":"WebPage","@id":"https:\/\/festival-livre-jeunesse.fr\/2021\/clemence-sabbagh-2\/","url":"https:\/\/festival-livre-jeunesse.fr\/2021\/clemence-sabbagh-2\/","name":"Cl\u00e9mence Sabbagh - Festival du Livre de Jeunesse Occitanie","isPartOf":{"@id":"https:\/\/festival-livre-jeunesse.fr\/2021\/#website"},"primaryImageOfPage":{"@id":"https:\/\/festival-livre-jeunesse.fr\/2021\/clemence-sabbagh-2\/#primaryimage"},"image":{"@id":"https:\/\/festival-livre-jeunesse.fr\/2021\/clemence-sabbagh-2\/#primaryimage"},"thumbnailUrl":"http:\/\/festival-livre-jeunesse.fr\/2021\/wp-content\/uploads\/2020\/09\/Clemence-Sabbagh.png","datePublished":"2020-09-13T20:32:54+00:00","dateModified":"2020-09-22T14:10:14+00:00","breadcrumb":{"@id":"https:\/\/festival-livre-jeunesse.fr\/2021\/clemence-sabbagh-2\/#breadcrumb"},"inLanguage":"fr-FR","potentialAction":[{"@type":"ReadAction","target":["https:\/\/festival-livre-jeunesse.fr\/2021\/clemence-sabbagh-2\/"]}]},{"@type":"ImageObject","inLanguage":"fr-FR","@id":"https:\/\/festival-livre-jeunesse.fr\/2021\/clemence-sabbagh-2\/#primaryimage","url":"http:\/\/festival-livre-jeunesse.fr\/2021\/wp-content\/uploads\/2020\/09\/Clemence-Sabbagh.png","contentUrl":"http:\/\/festival-livre-jeunesse.fr\/2021\/wp-content\/uploads\/2020\/09\/Clemence-Sabbagh.png"},{"@type":"BreadcrumbList","@id":"https:\/\/festival-livre-jeunesse.fr\/2021\/clemence-sabbagh-2\/#breadcrumb","itemListElement":[{"@type":"ListItem","position":1,"name":"Accueil","item":"https:\/\/festival-livre-jeunesse.fr\/2021\/"},{"@type":"ListItem","position":2,"name":"Cl\u00e9mence Sabbagh"}]},{"@type":"WebSite","@id":"https:\/\/festival-livre-jeunesse.fr\/2021\/#website","url":"https:\/\/festival-livre-jeunesse.fr\/2021\/","name":"Festival du Livre de Jeunesse Occitanie","description":"19\u00e8me \u00e9dition","potentialAction":[{"@type":"SearchAction","target":{"@type":"EntryPoint","urlTemplate":"https:\/\/festival-livre-jeunesse.fr\/2021\/?s={search_term_string}"},"query-input":{"@type":"PropertyValueSpecification","valueRequired":true,"valueName":"search_term_string"}}],"inLanguage":"fr-FR"}]}},"uagb_featured_image_src":{"full":false,"thumbnail":false,"medium":false,"medium_large":false,"large":false,"1536x1536":false,"2048x2048":false},"uagb_author_info":{"display_name":"festival","author_link":"https:\/\/festival-livre-jeunesse.fr\/2021\/author\/festival\/"},"uagb_comment_info":0,"uagb_excerpt":"Cl\u00e9mence Sabbagh Cl\u00e9mence Sabbagh est n\u00e9e \u00e0 Paris. Elle a un beau jour d\u00e9cid\u00e9 de mettre cap au sud et vit \u00e0 Toulouse. Des mus\u00e9es \u00e0 la presse jeunesse, en passant par les jeux et le multim\u00e9dia, Cl\u00e9mence a construit son parcours autour d\u2019une id\u00e9e fixe : \u00e9veiller la curiosit\u00e9 des enfants. Touche \u00e0 tout,\u2026","_links":{"self":[{"href":"https:\/\/festival-livre-jeunesse.fr\/2021\/wp-json\/wp\/v2\/pages\/1076","targetHints":{"allow":["GET"]}}],"collection":[{"href":"https:\/\/festival-livre-jeunesse.fr\/2021\/wp-json\/wp\/v2\/pages"}],"about":[{"href":"https:\/\/festival-livre-jeunesse.fr\/2021\/wp-json\/wp\/v2\/types\/page"}],"author":[{"embeddable":true,"href":"https:\/\/festival-livre-jeunesse.fr\/2021\/wp-json\/wp\/v2\/users\/1"}],"replies":[{"embeddable":true,"href":"https:\/\/festival-livre-jeunesse.fr\/2021\/wp-json\/wp\/v2\/comments?post=1076"}],"version-history":[{"count":9,"href":"https:\/\/festival-livre-jeunesse.fr\/2021\/wp-json\/wp\/v2\/pages\/1076\/revisions"}],"predecessor-version":[{"id":1963,"href":"https:\/\/festival-livre-jeunesse.fr\/2021\/wp-json\/wp\/v2\/pages\/1076\/revisions\/1963"}],"wp:attachment":[{"href":"https:\/\/festival-livre-jeunesse.fr\/2021\/wp-json\/wp\/v2\/media?parent=1076"}],"curies":[{"name":"wp","href":"https:\/\/api.w.org\/{rel}","templated":true}]}}