{"id":1084,"date":"2020-09-13T22:42:52","date_gmt":"2020-09-13T20:42:52","guid":{"rendered":"http:\/\/festival-livre-jeunesse.fr\/2021\/?page_id=1084"},"modified":"2020-09-13T22:48:05","modified_gmt":"2020-09-13T20:48:05","slug":"pierre-soletti-2","status":"publish","type":"page","link":"https:\/\/festival-livre-jeunesse.fr\/2021\/pierre-soletti-2\/","title":{"rendered":"Pierre Soletti"},"content":{"rendered":"\t\t<div data-elementor-type=\"wp-page\" data-elementor-id=\"1084\" class=\"elementor elementor-1084\">\n\t\t\t\t\t\t<section class=\"elementor-section elementor-top-section elementor-element elementor-element-679741a elementor-section-boxed elementor-section-height-default elementor-section-height-default\" data-id=\"679741a\" data-element_type=\"section\" data-e-type=\"section\">\n\t\t\t\t\t\t<div class=\"elementor-container elementor-column-gap-default\">\n\t\t\t\t\t<div class=\"elementor-column elementor-col-50 elementor-top-column elementor-element elementor-element-232086c\" data-id=\"232086c\" data-element_type=\"column\" data-e-type=\"column\">\n\t\t\t<div class=\"elementor-widget-wrap elementor-element-populated\">\n\t\t\t\t\t\t<div class=\"elementor-element elementor-element-1a65d05 elementor-widget elementor-widget-image\" data-id=\"1a65d05\" data-element_type=\"widget\" data-e-type=\"widget\" data-widget_type=\"image.default\">\n\t\t\t\t<div class=\"elementor-widget-container\">\n\t\t\t\t\t\t\t\t\t\t\t\t\t\t\t<img decoding=\"async\" src=\"https:\/\/festival-livre-jeunesse.fr\/2021\/wp-content\/uploads\/elementor\/thumbs\/Pierre-Soletti-ozpqw1rb7mzqbrtxnuqvnpluxidlvbafhfrzobfxr4.png\" title=\"Pierre Soletti\" alt=\"Pierre Soletti\" loading=\"lazy\" \/>\t\t\t\t\t\t\t\t\t\t\t\t\t\t\t<\/div>\n\t\t\t\t<\/div>\n\t\t\t\t\t<\/div>\n\t\t<\/div>\n\t\t\t\t<div class=\"elementor-column elementor-col-50 elementor-top-column elementor-element elementor-element-6ee5605\" data-id=\"6ee5605\" data-element_type=\"column\" data-e-type=\"column\">\n\t\t\t<div class=\"elementor-widget-wrap elementor-element-populated\">\n\t\t\t\t\t\t<div class=\"elementor-element elementor-element-28017ea elementor-widget elementor-widget-text-editor\" data-id=\"28017ea\" data-element_type=\"widget\" data-e-type=\"widget\" data-widget_type=\"text-editor.default\">\n\t\t\t\t<div class=\"elementor-widget-container\">\n\t\t\t\t\t\t\t\t\t<p>\u00a0<\/p><p>\u00a0<\/p><p><b>Pierre Soletti<\/b>\u00a0est\u00a0<a title=\"\" href=\"https:\/\/fr.wikipedia.org\/wiki\/Po%C3%A8te\">po\u00e8te<\/a>,\u00a0<a title=\"Dramaturge\" href=\"https:\/\/fr.wikipedia.org\/wiki\/Dramaturge\">dramaturge<\/a>\u00a0et\u00a0<a title=\"\u00c9diteur (m\u00e9tier)\" href=\"https:\/\/fr.wikipedia.org\/wiki\/%C3%89diteur_(m%C3%A9tier)\">\u00e9diteur<\/a>\u00a0fran\u00e7ais.<\/p><p>Son \u0153uvre est marqu\u00e9e par le rejet des fatalit\u00e9s de l&rsquo;existence, de la barbarie et l&rsquo;amertume devant la bri\u00e8vet\u00e9 de la vie \u2014 non sans humour et un sens aiguis\u00e9 de la formule, comme en t\u00e9moigne sa pi\u00e8ce\u00a0<i>Auguste ne sait plus grand-chose du monde<\/i>, adapt\u00e9e de son roman \u00e9ponyme<sup id=\"cite_ref-1\" class=\"reference\"><a href=\"https:\/\/fr.wikipedia.org\/wiki\/Pierre_Soletti#cite_note-1\">1<\/a><\/sup>.<\/p><p>Il est \u00e9galement auteur de r\u00e9cits, nouvelles, chansons, contes, albums pour la jeunesse, m\u00eame s&rsquo;il se revendique po\u00e8te avant tout<sup id=\"cite_ref-2\" class=\"reference\"><a href=\"https:\/\/fr.wikipedia.org\/wiki\/Pierre_Soletti#cite_note-2\">2<\/a><\/sup>.<\/p><p>Il donne de nombreuses lectures et performances publiques<sup id=\"cite_ref-3\" class=\"reference\"><a href=\"https:\/\/fr.wikipedia.org\/wiki\/Pierre_Soletti#cite_note-3\">3<\/a><\/sup>.<\/p><p>Parall\u00e8lement, il confectionne des expositions pour des mus\u00e9es, galeries et divers lieux plus ou moins consacr\u00e9s \u00e0 l&rsquo;art (ses \u00e9crits et \u00e9carts picturaux se retrouvent r\u00e9guli\u00e8rement sur les murs des cit\u00e9s)<sup id=\"cite_ref-4\" class=\"reference\"><a href=\"https:\/\/fr.wikipedia.org\/wiki\/Pierre_Soletti#cite_note-4\">4<\/a><\/sup>.<\/p><p>Traduit en anglais, en italien<sup id=\"cite_ref-5\" class=\"reference\"><a href=\"https:\/\/fr.wikipedia.org\/wiki\/Pierre_Soletti#cite_note-5\">5<\/a><\/sup>, en slov\u00e8ne<sup id=\"cite_ref-6\" class=\"reference\"><a href=\"https:\/\/fr.wikipedia.org\/wiki\/Pierre_Soletti#cite_note-6\">6<\/a><\/sup><sup class=\"reference cite_virgule\">,<\/sup><sup id=\"cite_ref-7\" class=\"reference\"><a href=\"https:\/\/fr.wikipedia.org\/wiki\/Pierre_Soletti#cite_note-7\">7<\/a><\/sup><sup class=\"reference cite_virgule\">,<\/sup><sup id=\"cite_ref-8\" class=\"reference\"><a href=\"https:\/\/fr.wikipedia.org\/wiki\/Pierre_Soletti#cite_note-8\">8<\/a><\/sup>\u00a0et en arabe<sup id=\"cite_ref-9\" class=\"reference\"><a href=\"https:\/\/fr.wikipedia.org\/wiki\/Pierre_Soletti#cite_note-9\">9<\/a><\/sup>.<\/p>\t\t\t\t\t\t\t\t<\/div>\n\t\t\t\t<\/div>\n\t\t\t\t\t<\/div>\n\t\t<\/div>\n\t\t\t\t\t<\/div>\n\t\t<\/section>\n\t\t\t\t<\/div>\n\t\t","protected":false},"excerpt":{"rendered":"<p>\u00a0 \u00a0 Pierre Soletti\u00a0est\u00a0po\u00e8te,\u00a0dramaturge\u00a0et\u00a0\u00e9diteur\u00a0fran\u00e7ais. Son \u0153uvre est marqu\u00e9e par le rejet des fatalit\u00e9s de l&rsquo;existence, de la barbarie et l&rsquo;amertume devant la bri\u00e8vet\u00e9 de la vie \u2014 non sans humour et un sens aiguis\u00e9 de la formule, comme en t\u00e9moigne sa pi\u00e8ce\u00a0Auguste ne sait plus grand-chose du monde, adapt\u00e9e de son roman \u00e9ponyme1. Il est &hellip;<\/p>\n<p class=\"read-more\"> <a class=\"\" href=\"https:\/\/festival-livre-jeunesse.fr\/2021\/pierre-soletti-2\/\"> <span class=\"screen-reader-text\">Pierre Soletti<\/span> Lire la suite\u00a0\u00bb<\/a><\/p>\n","protected":false},"author":1,"featured_media":0,"parent":0,"menu_order":0,"comment_status":"closed","ping_status":"closed","template":"","meta":{"_uag_custom_page_level_css":"","footnotes":""},"class_list":["post-1084","page","type-page","status-publish","hentry"],"yoast_head":"<!-- This site is optimized with the Yoast SEO plugin v25.3.1 - https:\/\/yoast.com\/wordpress\/plugins\/seo\/ -->\n<title>Pierre Soletti - Festival du Livre de Jeunesse Occitanie<\/title>\n<meta name=\"robots\" content=\"index, follow, max-snippet:-1, max-image-preview:large, max-video-preview:-1\" \/>\n<link rel=\"canonical\" href=\"https:\/\/festival-livre-jeunesse.fr\/2021\/pierre-soletti-2\/\" \/>\n<meta property=\"og:locale\" content=\"fr_FR\" \/>\n<meta property=\"og:type\" content=\"article\" \/>\n<meta property=\"og:title\" content=\"Pierre Soletti - Festival du Livre de Jeunesse Occitanie\" \/>\n<meta property=\"og:description\" content=\"\u00a0 \u00a0 Pierre Soletti\u00a0est\u00a0po\u00e8te,\u00a0dramaturge\u00a0et\u00a0\u00e9diteur\u00a0fran\u00e7ais. Son \u0153uvre est marqu\u00e9e par le rejet des fatalit\u00e9s de l&rsquo;existence, de la barbarie et l&rsquo;amertume devant la bri\u00e8vet\u00e9 de la vie \u2014 non sans humour et un sens aiguis\u00e9 de la formule, comme en t\u00e9moigne sa pi\u00e8ce\u00a0Auguste ne sait plus grand-chose du monde, adapt\u00e9e de son roman \u00e9ponyme1. Il est &hellip; Pierre Soletti Lire la suite\u00a0\u00bb\" \/>\n<meta property=\"og:url\" content=\"https:\/\/festival-livre-jeunesse.fr\/2021\/pierre-soletti-2\/\" \/>\n<meta property=\"og:site_name\" content=\"Festival du Livre de Jeunesse Occitanie\" \/>\n<meta property=\"article:modified_time\" content=\"2020-09-13T20:48:05+00:00\" \/>\n<meta property=\"og:image\" content=\"http:\/\/festival-livre-jeunesse.fr\/2021\/wp-content\/uploads\/elementor\/thumbs\/Pierre-Soletti-ouo25fauk6xouo8nd3z6dw65zve8iz455uvfl45i8w.png\" \/>\n<meta name=\"twitter:card\" content=\"summary_large_image\" \/>\n<meta name=\"twitter:label1\" content=\"Dur\u00e9e de lecture estim\u00e9e\" \/>\n\t<meta name=\"twitter:data1\" content=\"1 minute\" \/>\n<script type=\"application\/ld+json\" class=\"yoast-schema-graph\">{\"@context\":\"https:\/\/schema.org\",\"@graph\":[{\"@type\":\"WebPage\",\"@id\":\"https:\/\/festival-livre-jeunesse.fr\/2021\/pierre-soletti-2\/\",\"url\":\"https:\/\/festival-livre-jeunesse.fr\/2021\/pierre-soletti-2\/\",\"name\":\"Pierre Soletti - Festival du Livre de Jeunesse Occitanie\",\"isPartOf\":{\"@id\":\"https:\/\/festival-livre-jeunesse.fr\/2021\/#website\"},\"primaryImageOfPage\":{\"@id\":\"https:\/\/festival-livre-jeunesse.fr\/2021\/pierre-soletti-2\/#primaryimage\"},\"image\":{\"@id\":\"https:\/\/festival-livre-jeunesse.fr\/2021\/pierre-soletti-2\/#primaryimage\"},\"thumbnailUrl\":\"http:\/\/festival-livre-jeunesse.fr\/2021\/wp-content\/uploads\/elementor\/thumbs\/Pierre-Soletti-ouo25fauk6xouo8nd3z6dw65zve8iz455uvfl45i8w.png\",\"datePublished\":\"2020-09-13T20:42:52+00:00\",\"dateModified\":\"2020-09-13T20:48:05+00:00\",\"breadcrumb\":{\"@id\":\"https:\/\/festival-livre-jeunesse.fr\/2021\/pierre-soletti-2\/#breadcrumb\"},\"inLanguage\":\"fr-FR\",\"potentialAction\":[{\"@type\":\"ReadAction\",\"target\":[\"https:\/\/festival-livre-jeunesse.fr\/2021\/pierre-soletti-2\/\"]}]},{\"@type\":\"ImageObject\",\"inLanguage\":\"fr-FR\",\"@id\":\"https:\/\/festival-livre-jeunesse.fr\/2021\/pierre-soletti-2\/#primaryimage\",\"url\":\"http:\/\/festival-livre-jeunesse.fr\/2021\/wp-content\/uploads\/elementor\/thumbs\/Pierre-Soletti-ouo25fauk6xouo8nd3z6dw65zve8iz455uvfl45i8w.png\",\"contentUrl\":\"http:\/\/festival-livre-jeunesse.fr\/2021\/wp-content\/uploads\/elementor\/thumbs\/Pierre-Soletti-ouo25fauk6xouo8nd3z6dw65zve8iz455uvfl45i8w.png\"},{\"@type\":\"BreadcrumbList\",\"@id\":\"https:\/\/festival-livre-jeunesse.fr\/2021\/pierre-soletti-2\/#breadcrumb\",\"itemListElement\":[{\"@type\":\"ListItem\",\"position\":1,\"name\":\"Accueil\",\"item\":\"https:\/\/festival-livre-jeunesse.fr\/2021\/\"},{\"@type\":\"ListItem\",\"position\":2,\"name\":\"Pierre Soletti\"}]},{\"@type\":\"WebSite\",\"@id\":\"https:\/\/festival-livre-jeunesse.fr\/2021\/#website\",\"url\":\"https:\/\/festival-livre-jeunesse.fr\/2021\/\",\"name\":\"Festival du Livre de Jeunesse Occitanie\",\"description\":\"19\u00e8me \u00e9dition\",\"potentialAction\":[{\"@type\":\"SearchAction\",\"target\":{\"@type\":\"EntryPoint\",\"urlTemplate\":\"https:\/\/festival-livre-jeunesse.fr\/2021\/?s={search_term_string}\"},\"query-input\":{\"@type\":\"PropertyValueSpecification\",\"valueRequired\":true,\"valueName\":\"search_term_string\"}}],\"inLanguage\":\"fr-FR\"}]}<\/script>\n<!-- \/ Yoast SEO plugin. -->","yoast_head_json":{"title":"Pierre Soletti - Festival du Livre de Jeunesse Occitanie","robots":{"index":"index","follow":"follow","max-snippet":"max-snippet:-1","max-image-preview":"max-image-preview:large","max-video-preview":"max-video-preview:-1"},"canonical":"https:\/\/festival-livre-jeunesse.fr\/2021\/pierre-soletti-2\/","og_locale":"fr_FR","og_type":"article","og_title":"Pierre Soletti - Festival du Livre de Jeunesse Occitanie","og_description":"\u00a0 \u00a0 Pierre Soletti\u00a0est\u00a0po\u00e8te,\u00a0dramaturge\u00a0et\u00a0\u00e9diteur\u00a0fran\u00e7ais. Son \u0153uvre est marqu\u00e9e par le rejet des fatalit\u00e9s de l&rsquo;existence, de la barbarie et l&rsquo;amertume devant la bri\u00e8vet\u00e9 de la vie \u2014 non sans humour et un sens aiguis\u00e9 de la formule, comme en t\u00e9moigne sa pi\u00e8ce\u00a0Auguste ne sait plus grand-chose du monde, adapt\u00e9e de son roman \u00e9ponyme1. Il est &hellip; Pierre Soletti Lire la suite\u00a0\u00bb","og_url":"https:\/\/festival-livre-jeunesse.fr\/2021\/pierre-soletti-2\/","og_site_name":"Festival du Livre de Jeunesse Occitanie","article_modified_time":"2020-09-13T20:48:05+00:00","og_image":[{"url":"http:\/\/festival-livre-jeunesse.fr\/2021\/wp-content\/uploads\/elementor\/thumbs\/Pierre-Soletti-ouo25fauk6xouo8nd3z6dw65zve8iz455uvfl45i8w.png","type":"","width":"","height":""}],"twitter_card":"summary_large_image","twitter_misc":{"Dur\u00e9e de lecture estim\u00e9e":"1 minute"},"schema":{"@context":"https:\/\/schema.org","@graph":[{"@type":"WebPage","@id":"https:\/\/festival-livre-jeunesse.fr\/2021\/pierre-soletti-2\/","url":"https:\/\/festival-livre-jeunesse.fr\/2021\/pierre-soletti-2\/","name":"Pierre Soletti - Festival du Livre de Jeunesse Occitanie","isPartOf":{"@id":"https:\/\/festival-livre-jeunesse.fr\/2021\/#website"},"primaryImageOfPage":{"@id":"https:\/\/festival-livre-jeunesse.fr\/2021\/pierre-soletti-2\/#primaryimage"},"image":{"@id":"https:\/\/festival-livre-jeunesse.fr\/2021\/pierre-soletti-2\/#primaryimage"},"thumbnailUrl":"http:\/\/festival-livre-jeunesse.fr\/2021\/wp-content\/uploads\/elementor\/thumbs\/Pierre-Soletti-ouo25fauk6xouo8nd3z6dw65zve8iz455uvfl45i8w.png","datePublished":"2020-09-13T20:42:52+00:00","dateModified":"2020-09-13T20:48:05+00:00","breadcrumb":{"@id":"https:\/\/festival-livre-jeunesse.fr\/2021\/pierre-soletti-2\/#breadcrumb"},"inLanguage":"fr-FR","potentialAction":[{"@type":"ReadAction","target":["https:\/\/festival-livre-jeunesse.fr\/2021\/pierre-soletti-2\/"]}]},{"@type":"ImageObject","inLanguage":"fr-FR","@id":"https:\/\/festival-livre-jeunesse.fr\/2021\/pierre-soletti-2\/#primaryimage","url":"http:\/\/festival-livre-jeunesse.fr\/2021\/wp-content\/uploads\/elementor\/thumbs\/Pierre-Soletti-ouo25fauk6xouo8nd3z6dw65zve8iz455uvfl45i8w.png","contentUrl":"http:\/\/festival-livre-jeunesse.fr\/2021\/wp-content\/uploads\/elementor\/thumbs\/Pierre-Soletti-ouo25fauk6xouo8nd3z6dw65zve8iz455uvfl45i8w.png"},{"@type":"BreadcrumbList","@id":"https:\/\/festival-livre-jeunesse.fr\/2021\/pierre-soletti-2\/#breadcrumb","itemListElement":[{"@type":"ListItem","position":1,"name":"Accueil","item":"https:\/\/festival-livre-jeunesse.fr\/2021\/"},{"@type":"ListItem","position":2,"name":"Pierre Soletti"}]},{"@type":"WebSite","@id":"https:\/\/festival-livre-jeunesse.fr\/2021\/#website","url":"https:\/\/festival-livre-jeunesse.fr\/2021\/","name":"Festival du Livre de Jeunesse Occitanie","description":"19\u00e8me \u00e9dition","potentialAction":[{"@type":"SearchAction","target":{"@type":"EntryPoint","urlTemplate":"https:\/\/festival-livre-jeunesse.fr\/2021\/?s={search_term_string}"},"query-input":{"@type":"PropertyValueSpecification","valueRequired":true,"valueName":"search_term_string"}}],"inLanguage":"fr-FR"}]}},"uagb_featured_image_src":{"full":false,"thumbnail":false,"medium":false,"medium_large":false,"large":false,"1536x1536":false,"2048x2048":false},"uagb_author_info":{"display_name":"festival","author_link":"https:\/\/festival-livre-jeunesse.fr\/2021\/author\/festival\/"},"uagb_comment_info":0,"uagb_excerpt":"\u00a0 \u00a0 Pierre Soletti\u00a0est\u00a0po\u00e8te,\u00a0dramaturge\u00a0et\u00a0\u00e9diteur\u00a0fran\u00e7ais. Son \u0153uvre est marqu\u00e9e par le rejet des fatalit\u00e9s de l&rsquo;existence, de la barbarie et l&rsquo;amertume devant la bri\u00e8vet\u00e9 de la vie \u2014 non sans humour et un sens aiguis\u00e9 de la formule, comme en t\u00e9moigne sa pi\u00e8ce\u00a0Auguste ne sait plus grand-chose du monde, adapt\u00e9e de son roman \u00e9ponyme1. Il est\u2026","_links":{"self":[{"href":"https:\/\/festival-livre-jeunesse.fr\/2021\/wp-json\/wp\/v2\/pages\/1084","targetHints":{"allow":["GET"]}}],"collection":[{"href":"https:\/\/festival-livre-jeunesse.fr\/2021\/wp-json\/wp\/v2\/pages"}],"about":[{"href":"https:\/\/festival-livre-jeunesse.fr\/2021\/wp-json\/wp\/v2\/types\/page"}],"author":[{"embeddable":true,"href":"https:\/\/festival-livre-jeunesse.fr\/2021\/wp-json\/wp\/v2\/users\/1"}],"replies":[{"embeddable":true,"href":"https:\/\/festival-livre-jeunesse.fr\/2021\/wp-json\/wp\/v2\/comments?post=1084"}],"version-history":[{"count":4,"href":"https:\/\/festival-livre-jeunesse.fr\/2021\/wp-json\/wp\/v2\/pages\/1084\/revisions"}],"predecessor-version":[{"id":1089,"href":"https:\/\/festival-livre-jeunesse.fr\/2021\/wp-json\/wp\/v2\/pages\/1084\/revisions\/1089"}],"wp:attachment":[{"href":"https:\/\/festival-livre-jeunesse.fr\/2021\/wp-json\/wp\/v2\/media?parent=1084"}],"curies":[{"name":"wp","href":"https:\/\/api.w.org\/{rel}","templated":true}]}}