{"id":212,"date":"2020-09-01T15:37:48","date_gmt":"2020-09-01T13:37:48","guid":{"rendered":"http:\/\/festival-livre-jeunesse.fr\/2021\/?page_id=212"},"modified":"2020-12-15T23:08:49","modified_gmt":"2020-12-15T22:08:49","slug":"davide-cali-2","status":"publish","type":"page","link":"https:\/\/festival-livre-jeunesse.fr\/2021\/auteurs\/davide-cali-2\/","title":{"rendered":"Davide Cali"},"content":{"rendered":"\t\t<div data-elementor-type=\"wp-page\" data-elementor-id=\"212\" class=\"elementor elementor-212\">\n\t\t\t\t\t\t<section class=\"elementor-section elementor-top-section elementor-element elementor-element-01128ab elementor-section-boxed elementor-section-height-default elementor-section-height-default\" data-id=\"01128ab\" data-element_type=\"section\" data-e-type=\"section\">\n\t\t\t\t\t\t<div class=\"elementor-container elementor-column-gap-default\">\n\t\t\t\t\t<div class=\"elementor-column elementor-col-100 elementor-top-column elementor-element elementor-element-cb96a2c\" data-id=\"cb96a2c\" data-element_type=\"column\" data-e-type=\"column\">\n\t\t\t<div class=\"elementor-widget-wrap elementor-element-populated\">\n\t\t\t\t\t\t<div class=\"elementor-element elementor-element-cef9ba0 elementor-widget elementor-widget-spacer\" data-id=\"cef9ba0\" data-element_type=\"widget\" data-e-type=\"widget\" data-widget_type=\"spacer.default\">\n\t\t\t\t<div class=\"elementor-widget-container\">\n\t\t\t\t\t\t\t<div class=\"elementor-spacer\">\n\t\t\t<div class=\"elementor-spacer-inner\"><\/div>\n\t\t<\/div>\n\t\t\t\t\t\t<\/div>\n\t\t\t\t<\/div>\n\t\t\t\t\t<\/div>\n\t\t<\/div>\n\t\t\t\t\t<\/div>\n\t\t<\/section>\n\t\t\t\t<section class=\"elementor-section elementor-top-section elementor-element elementor-element-1a6dabe elementor-section-boxed elementor-section-height-default elementor-section-height-default\" data-id=\"1a6dabe\" data-element_type=\"section\" data-e-type=\"section\">\n\t\t\t\t\t\t<div class=\"elementor-container elementor-column-gap-default\">\n\t\t\t\t\t<div class=\"elementor-column elementor-col-50 elementor-top-column elementor-element elementor-element-b109f8e\" data-id=\"b109f8e\" data-element_type=\"column\" data-e-type=\"column\">\n\t\t\t<div class=\"elementor-widget-wrap elementor-element-populated\">\n\t\t\t\t\t\t<div class=\"elementor-element elementor-element-13f97c7 elementor-widget elementor-widget-image\" data-id=\"13f97c7\" data-element_type=\"widget\" data-e-type=\"widget\" data-widget_type=\"image.default\">\n\t\t\t\t<div class=\"elementor-widget-container\">\n\t\t\t\t\t\t\t\t\t\t\t\t<figure class=\"wp-caption\">\n\t\t\t\t\t\t\t\t\t\t<img fetchpriority=\"high\" decoding=\"async\" width=\"400\" height=\"528\" src=\"https:\/\/festival-livre-jeunesse.fr\/2021\/wp-content\/uploads\/2020\/08\/Davide-Cali.png\" class=\"attachment-full size-full wp-image-113\" alt=\"\" srcset=\"https:\/\/festival-livre-jeunesse.fr\/2021\/wp-content\/uploads\/2020\/08\/Davide-Cali.png 400w, https:\/\/festival-livre-jeunesse.fr\/2021\/wp-content\/uploads\/2020\/08\/Davide-Cali-227x300.png 227w\" sizes=\"(max-width: 400px) 100vw, 400px\" \/>\t\t\t\t\t\t\t\t\t\t\t<figcaption class=\"widget-image-caption wp-caption-text\"><\/figcaption>\n\t\t\t\t\t\t\t\t\t\t<\/figure>\n\t\t\t\t\t\t\t\t\t<\/div>\n\t\t\t\t<\/div>\n\t\t\t\t\t<\/div>\n\t\t<\/div>\n\t\t\t\t<div class=\"elementor-column elementor-col-50 elementor-top-column elementor-element elementor-element-9b34aa6\" data-id=\"9b34aa6\" data-element_type=\"column\" data-e-type=\"column\">\n\t\t\t<div class=\"elementor-widget-wrap elementor-element-populated\">\n\t\t\t\t\t\t<div class=\"elementor-element elementor-element-ab65ebc elementor-widget elementor-widget-heading\" data-id=\"ab65ebc\" data-element_type=\"widget\" data-e-type=\"widget\" data-widget_type=\"heading.default\">\n\t\t\t\t<div class=\"elementor-widget-container\">\n\t\t\t\t\t<h1 class=\"elementor-heading-title elementor-size-xl\">Davide Cali<\/h1>\t\t\t\t<\/div>\n\t\t\t\t<\/div>\n\t\t\t\t<div class=\"elementor-element elementor-element-4900be6 elementor-widget elementor-widget-text-editor\" data-id=\"4900be6\" data-element_type=\"widget\" data-e-type=\"widget\" data-widget_type=\"text-editor.default\">\n\t\t\t\t<div class=\"elementor-widget-container\">\n\t\t\t\t\t\t\t\t\t<p class=\"MsoNormal\">Davide Cali est un jeune auteur italien n\u00e9 en 1972 en Suisse. La bande dessin\u00e9e est \u00e0 Davide Cali ce que la potion magique est \u00e0 Ob\u00e9lix : il baigne dedans d\u00e8s son plus jeune \u00e2ge. Malgr\u00e9 des \u00e9tudes de comptabilit\u00e9, les bulles et les mots l\u2019emporteront sur les chiffres.<\/p><p class=\"MsoNormal\">A 22 ans, il rentre \u00e0 la r\u00e9daction de la revue italienne mensuelle Linus, en tant qu\u2019auteur-illustrateur de BD. Sa soif de raconter des histoires le m\u00e8ne \u00e0 l\u2019\u00e9criture de livres\u00a0 pour enfants. Il est publi\u00e9 aux \u00e9ditions Sarbacane en France depuis 2004. Son style se caract\u00e9rise par un humour d\u00e9bordant et un sens du rythme \u00e9vident. Il appara\u00eet dans ses albums, souvent porteurs d\u2019un message \u00e0 d\u00e9coder entre les lignes, diff\u00e9rents niveaux de lecture, \u00e0 la fois pour les enfants et pour les adultes<\/p><p class=\"MsoNormal\">La sortie de <em>Moi, j\u2019attends\u2026<\/em>, illustr\u00e9 par Serge Bloch est un succ\u00e8s incroyable. Cet album remporte le <strong>Prix Baobab 2005<\/strong>, prix qui r\u00e9compense un album fran\u00e7ais cr\u00e9atif et innovant paru dans les douze mois\u00a0 pr\u00e9c\u00e9dant la manifestation. Davide Cali est install\u00e9 \u00e0 G\u00eanes.<\/p><h1><u>Les derni\u00e8res parutions<\/u><\/h1><ul><li>\u00a0<b>On nous appelait les mouches<\/b>, illustr\u00e9 par Maurizio A. C. Quarello, Editions Sarbacane<\/li><li><b>O\u00f9 finit le monde ?<\/b>, illustr\u00e9 par Maria Dek, Editions Helium\u00a0\u00a0\u00a0\u00a0\u00a0\u00a0\u00a0\u00a0\u00a0<\/li><li><b>Un week-end de repos absolu<\/b>, illustr\u00e9 par Alexandra Huard, Editions Tom\u2019poche<\/li><li><b>Les adultes ne font jamais \u00e7a,<\/b> illustr\u00e9 par Benjamin Chaud, Editions Helium<\/li><\/ul>\t\t\t\t\t\t\t\t<\/div>\n\t\t\t\t<\/div>\n\t\t\t\t\t<\/div>\n\t\t<\/div>\n\t\t\t\t\t<\/div>\n\t\t<\/section>\n\t\t\t\t<\/div>\n\t\t","protected":false},"excerpt":{"rendered":"<p>Davide Cali Davide Cali est un jeune auteur italien n\u00e9 en 1972 en Suisse. La bande dessin\u00e9e est \u00e0 Davide Cali ce que la potion magique est \u00e0 Ob\u00e9lix : il baigne dedans d\u00e8s son plus jeune \u00e2ge. Malgr\u00e9 des \u00e9tudes de comptabilit\u00e9, les bulles et les mots l\u2019emporteront sur les chiffres. A 22 ans, &hellip;<\/p>\n<p class=\"read-more\"> <a class=\"\" href=\"https:\/\/festival-livre-jeunesse.fr\/2021\/auteurs\/davide-cali-2\/\"> <span class=\"screen-reader-text\">Davide Cali<\/span> Lire la suite\u00a0\u00bb<\/a><\/p>\n","protected":false},"author":1,"featured_media":0,"parent":377,"menu_order":0,"comment_status":"closed","ping_status":"closed","template":"","meta":{"_uag_custom_page_level_css":"","footnotes":""},"class_list":["post-212","page","type-page","status-publish","hentry"],"yoast_head":"<!-- This site is optimized with the Yoast SEO plugin v25.3.1 - https:\/\/yoast.com\/wordpress\/plugins\/seo\/ -->\n<title>Davide Cali - Festival du Livre de Jeunesse Occitanie<\/title>\n<meta name=\"robots\" content=\"index, follow, max-snippet:-1, max-image-preview:large, max-video-preview:-1\" \/>\n<link rel=\"canonical\" href=\"https:\/\/festival-livre-jeunesse.fr\/2021\/auteurs\/davide-cali-2\/\" \/>\n<meta property=\"og:locale\" content=\"fr_FR\" \/>\n<meta property=\"og:type\" content=\"article\" \/>\n<meta property=\"og:title\" content=\"Davide Cali - Festival du Livre de Jeunesse Occitanie\" \/>\n<meta property=\"og:description\" content=\"Davide Cali Davide Cali est un jeune auteur italien n\u00e9 en 1972 en Suisse. La bande dessin\u00e9e est \u00e0 Davide Cali ce que la potion magique est \u00e0 Ob\u00e9lix : il baigne dedans d\u00e8s son plus jeune \u00e2ge. Malgr\u00e9 des \u00e9tudes de comptabilit\u00e9, les bulles et les mots l\u2019emporteront sur les chiffres. A 22 ans, &hellip; Davide Cali Lire la suite\u00a0\u00bb\" \/>\n<meta property=\"og:url\" content=\"https:\/\/festival-livre-jeunesse.fr\/2021\/auteurs\/davide-cali-2\/\" \/>\n<meta property=\"og:site_name\" content=\"Festival du Livre de Jeunesse Occitanie\" \/>\n<meta property=\"article:modified_time\" content=\"2020-12-15T22:08:49+00:00\" \/>\n<meta property=\"og:image\" content=\"http:\/\/festival-livre-jeunesse.fr\/2021\/wp-content\/uploads\/2020\/08\/Davide-Cali.png\" \/>\n<meta name=\"twitter:card\" content=\"summary_large_image\" \/>\n<meta name=\"twitter:label1\" content=\"Dur\u00e9e de lecture estim\u00e9e\" \/>\n\t<meta name=\"twitter:data1\" content=\"1 minute\" \/>\n<script type=\"application\/ld+json\" class=\"yoast-schema-graph\">{\"@context\":\"https:\/\/schema.org\",\"@graph\":[{\"@type\":\"WebPage\",\"@id\":\"https:\/\/festival-livre-jeunesse.fr\/2021\/auteurs\/davide-cali-2\/\",\"url\":\"https:\/\/festival-livre-jeunesse.fr\/2021\/auteurs\/davide-cali-2\/\",\"name\":\"Davide Cali - Festival du Livre de Jeunesse Occitanie\",\"isPartOf\":{\"@id\":\"https:\/\/festival-livre-jeunesse.fr\/2021\/#website\"},\"primaryImageOfPage\":{\"@id\":\"https:\/\/festival-livre-jeunesse.fr\/2021\/auteurs\/davide-cali-2\/#primaryimage\"},\"image\":{\"@id\":\"https:\/\/festival-livre-jeunesse.fr\/2021\/auteurs\/davide-cali-2\/#primaryimage\"},\"thumbnailUrl\":\"http:\/\/festival-livre-jeunesse.fr\/2021\/wp-content\/uploads\/2020\/08\/Davide-Cali.png\",\"datePublished\":\"2020-09-01T13:37:48+00:00\",\"dateModified\":\"2020-12-15T22:08:49+00:00\",\"breadcrumb\":{\"@id\":\"https:\/\/festival-livre-jeunesse.fr\/2021\/auteurs\/davide-cali-2\/#breadcrumb\"},\"inLanguage\":\"fr-FR\",\"potentialAction\":[{\"@type\":\"ReadAction\",\"target\":[\"https:\/\/festival-livre-jeunesse.fr\/2021\/auteurs\/davide-cali-2\/\"]}]},{\"@type\":\"ImageObject\",\"inLanguage\":\"fr-FR\",\"@id\":\"https:\/\/festival-livre-jeunesse.fr\/2021\/auteurs\/davide-cali-2\/#primaryimage\",\"url\":\"http:\/\/festival-livre-jeunesse.fr\/2021\/wp-content\/uploads\/2020\/08\/Davide-Cali.png\",\"contentUrl\":\"http:\/\/festival-livre-jeunesse.fr\/2021\/wp-content\/uploads\/2020\/08\/Davide-Cali.png\"},{\"@type\":\"BreadcrumbList\",\"@id\":\"https:\/\/festival-livre-jeunesse.fr\/2021\/auteurs\/davide-cali-2\/#breadcrumb\",\"itemListElement\":[{\"@type\":\"ListItem\",\"position\":1,\"name\":\"Accueil\",\"item\":\"https:\/\/festival-livre-jeunesse.fr\/2021\/\"},{\"@type\":\"ListItem\",\"position\":2,\"name\":\"Auteurs\",\"item\":\"https:\/\/festival-livre-jeunesse.fr\/2021\/auteurs\/\"},{\"@type\":\"ListItem\",\"position\":3,\"name\":\"Davide Cali\"}]},{\"@type\":\"WebSite\",\"@id\":\"https:\/\/festival-livre-jeunesse.fr\/2021\/#website\",\"url\":\"https:\/\/festival-livre-jeunesse.fr\/2021\/\",\"name\":\"Festival du Livre de Jeunesse Occitanie\",\"description\":\"19\u00e8me \u00e9dition\",\"potentialAction\":[{\"@type\":\"SearchAction\",\"target\":{\"@type\":\"EntryPoint\",\"urlTemplate\":\"https:\/\/festival-livre-jeunesse.fr\/2021\/?s={search_term_string}\"},\"query-input\":{\"@type\":\"PropertyValueSpecification\",\"valueRequired\":true,\"valueName\":\"search_term_string\"}}],\"inLanguage\":\"fr-FR\"}]}<\/script>\n<!-- \/ Yoast SEO plugin. -->","yoast_head_json":{"title":"Davide Cali - Festival du Livre de Jeunesse Occitanie","robots":{"index":"index","follow":"follow","max-snippet":"max-snippet:-1","max-image-preview":"max-image-preview:large","max-video-preview":"max-video-preview:-1"},"canonical":"https:\/\/festival-livre-jeunesse.fr\/2021\/auteurs\/davide-cali-2\/","og_locale":"fr_FR","og_type":"article","og_title":"Davide Cali - Festival du Livre de Jeunesse Occitanie","og_description":"Davide Cali Davide Cali est un jeune auteur italien n\u00e9 en 1972 en Suisse. La bande dessin\u00e9e est \u00e0 Davide Cali ce que la potion magique est \u00e0 Ob\u00e9lix : il baigne dedans d\u00e8s son plus jeune \u00e2ge. Malgr\u00e9 des \u00e9tudes de comptabilit\u00e9, les bulles et les mots l\u2019emporteront sur les chiffres. A 22 ans, &hellip; Davide Cali Lire la suite\u00a0\u00bb","og_url":"https:\/\/festival-livre-jeunesse.fr\/2021\/auteurs\/davide-cali-2\/","og_site_name":"Festival du Livre de Jeunesse Occitanie","article_modified_time":"2020-12-15T22:08:49+00:00","og_image":[{"url":"http:\/\/festival-livre-jeunesse.fr\/2021\/wp-content\/uploads\/2020\/08\/Davide-Cali.png","type":"","width":"","height":""}],"twitter_card":"summary_large_image","twitter_misc":{"Dur\u00e9e de lecture estim\u00e9e":"1 minute"},"schema":{"@context":"https:\/\/schema.org","@graph":[{"@type":"WebPage","@id":"https:\/\/festival-livre-jeunesse.fr\/2021\/auteurs\/davide-cali-2\/","url":"https:\/\/festival-livre-jeunesse.fr\/2021\/auteurs\/davide-cali-2\/","name":"Davide Cali - Festival du Livre de Jeunesse Occitanie","isPartOf":{"@id":"https:\/\/festival-livre-jeunesse.fr\/2021\/#website"},"primaryImageOfPage":{"@id":"https:\/\/festival-livre-jeunesse.fr\/2021\/auteurs\/davide-cali-2\/#primaryimage"},"image":{"@id":"https:\/\/festival-livre-jeunesse.fr\/2021\/auteurs\/davide-cali-2\/#primaryimage"},"thumbnailUrl":"http:\/\/festival-livre-jeunesse.fr\/2021\/wp-content\/uploads\/2020\/08\/Davide-Cali.png","datePublished":"2020-09-01T13:37:48+00:00","dateModified":"2020-12-15T22:08:49+00:00","breadcrumb":{"@id":"https:\/\/festival-livre-jeunesse.fr\/2021\/auteurs\/davide-cali-2\/#breadcrumb"},"inLanguage":"fr-FR","potentialAction":[{"@type":"ReadAction","target":["https:\/\/festival-livre-jeunesse.fr\/2021\/auteurs\/davide-cali-2\/"]}]},{"@type":"ImageObject","inLanguage":"fr-FR","@id":"https:\/\/festival-livre-jeunesse.fr\/2021\/auteurs\/davide-cali-2\/#primaryimage","url":"http:\/\/festival-livre-jeunesse.fr\/2021\/wp-content\/uploads\/2020\/08\/Davide-Cali.png","contentUrl":"http:\/\/festival-livre-jeunesse.fr\/2021\/wp-content\/uploads\/2020\/08\/Davide-Cali.png"},{"@type":"BreadcrumbList","@id":"https:\/\/festival-livre-jeunesse.fr\/2021\/auteurs\/davide-cali-2\/#breadcrumb","itemListElement":[{"@type":"ListItem","position":1,"name":"Accueil","item":"https:\/\/festival-livre-jeunesse.fr\/2021\/"},{"@type":"ListItem","position":2,"name":"Auteurs","item":"https:\/\/festival-livre-jeunesse.fr\/2021\/auteurs\/"},{"@type":"ListItem","position":3,"name":"Davide Cali"}]},{"@type":"WebSite","@id":"https:\/\/festival-livre-jeunesse.fr\/2021\/#website","url":"https:\/\/festival-livre-jeunesse.fr\/2021\/","name":"Festival du Livre de Jeunesse Occitanie","description":"19\u00e8me \u00e9dition","potentialAction":[{"@type":"SearchAction","target":{"@type":"EntryPoint","urlTemplate":"https:\/\/festival-livre-jeunesse.fr\/2021\/?s={search_term_string}"},"query-input":{"@type":"PropertyValueSpecification","valueRequired":true,"valueName":"search_term_string"}}],"inLanguage":"fr-FR"}]}},"uagb_featured_image_src":{"full":false,"thumbnail":false,"medium":false,"medium_large":false,"large":false,"1536x1536":false,"2048x2048":false},"uagb_author_info":{"display_name":"festival","author_link":"https:\/\/festival-livre-jeunesse.fr\/2021\/author\/festival\/"},"uagb_comment_info":0,"uagb_excerpt":"Davide Cali Davide Cali est un jeune auteur italien n\u00e9 en 1972 en Suisse. La bande dessin\u00e9e est \u00e0 Davide Cali ce que la potion magique est \u00e0 Ob\u00e9lix : il baigne dedans d\u00e8s son plus jeune \u00e2ge. Malgr\u00e9 des \u00e9tudes de comptabilit\u00e9, les bulles et les mots l\u2019emporteront sur les chiffres. A 22 ans,\u2026","_links":{"self":[{"href":"https:\/\/festival-livre-jeunesse.fr\/2021\/wp-json\/wp\/v2\/pages\/212","targetHints":{"allow":["GET"]}}],"collection":[{"href":"https:\/\/festival-livre-jeunesse.fr\/2021\/wp-json\/wp\/v2\/pages"}],"about":[{"href":"https:\/\/festival-livre-jeunesse.fr\/2021\/wp-json\/wp\/v2\/types\/page"}],"author":[{"embeddable":true,"href":"https:\/\/festival-livre-jeunesse.fr\/2021\/wp-json\/wp\/v2\/users\/1"}],"replies":[{"embeddable":true,"href":"https:\/\/festival-livre-jeunesse.fr\/2021\/wp-json\/wp\/v2\/comments?post=212"}],"version-history":[{"count":19,"href":"https:\/\/festival-livre-jeunesse.fr\/2021\/wp-json\/wp\/v2\/pages\/212\/revisions"}],"predecessor-version":[{"id":4384,"href":"https:\/\/festival-livre-jeunesse.fr\/2021\/wp-json\/wp\/v2\/pages\/212\/revisions\/4384"}],"up":[{"embeddable":true,"href":"https:\/\/festival-livre-jeunesse.fr\/2021\/wp-json\/wp\/v2\/pages\/377"}],"wp:attachment":[{"href":"https:\/\/festival-livre-jeunesse.fr\/2021\/wp-json\/wp\/v2\/media?parent=212"}],"curies":[{"name":"wp","href":"https:\/\/api.w.org\/{rel}","templated":true}]}}