{"id":2211,"date":"2020-09-25T10:19:10","date_gmt":"2020-09-25T08:19:10","guid":{"rendered":"http:\/\/festival-livre-jeunesse.fr\/2021\/?page_id=2211"},"modified":"2020-12-14T23:23:02","modified_gmt":"2020-12-14T22:23:02","slug":"reseaux-et-sentiments","status":"publish","type":"page","link":"https:\/\/festival-livre-jeunesse.fr\/2021\/reseaux-et-sentiments\/","title":{"rendered":"R\u00e9seaux et sentiments"},"content":{"rendered":"\t\t<div data-elementor-type=\"wp-page\" data-elementor-id=\"2211\" class=\"elementor elementor-2211\">\n\t\t\t\t\t\t<section class=\"elementor-section elementor-top-section elementor-element elementor-element-c240009 elementor-section-boxed elementor-section-height-default elementor-section-height-default\" data-id=\"c240009\" data-element_type=\"section\" data-e-type=\"section\">\n\t\t\t\t\t\t<div class=\"elementor-container elementor-column-gap-default\">\n\t\t\t\t\t<div class=\"elementor-column elementor-col-33 elementor-top-column elementor-element elementor-element-bbec374\" data-id=\"bbec374\" data-element_type=\"column\" data-e-type=\"column\">\n\t\t\t<div class=\"elementor-widget-wrap\">\n\t\t\t\t\t\t\t<\/div>\n\t\t<\/div>\n\t\t\t\t<div class=\"elementor-column elementor-col-33 elementor-top-column elementor-element elementor-element-3cc7468\" data-id=\"3cc7468\" data-element_type=\"column\" data-e-type=\"column\">\n\t\t\t<div class=\"elementor-widget-wrap elementor-element-populated\">\n\t\t\t\t\t\t<div class=\"elementor-element elementor-element-d087f50 elementor-widget elementor-widget-heading\" data-id=\"d087f50\" data-element_type=\"widget\" data-e-type=\"widget\" data-widget_type=\"heading.default\">\n\t\t\t\t<div class=\"elementor-widget-container\">\n\t\t\t\t\t<h3 class=\"elementor-heading-title elementor-size-default\">R\u00e9seaux et sentiments<\/h3>\t\t\t\t<\/div>\n\t\t\t\t<\/div>\n\t\t\t\t<div class=\"elementor-element elementor-element-e8afe67 elementor-widget elementor-widget-text-editor\" data-id=\"e8afe67\" data-element_type=\"widget\" data-e-type=\"widget\" data-widget_type=\"text-editor.default\">\n\t\t\t\t<div class=\"elementor-widget-container\">\n\t\t\t\t\t\t\t\t\t<h5 style=\"text-align: left;\"><strong>Pr\u00e9sentation du projet<\/strong><\/h5><p style=\"text-align: left;\">Le Festival du Livre de Jeunesse Occitanie propose un projet sur les m\u00e9tiers du Livre et de la culture \u00e0 destination de deux classes de seconde de deux lyc\u00e9es de l\u2019agglom\u00e9ration toulousaine (Lyc\u00e9e Pierre Paul Riquet de Saint-Orens de Gameville et Lyc\u00e9e D\u00e9odat de S\u00e9verac &#8211; Toulouse).<br \/>Ce\u00a0<strong>parcours de d\u00e9couverte des m\u00e9tiers de la culture<\/strong> rencontre la litt\u00e9rature, les nouvelles technologies et la <strong>pratique de <\/strong><strong>la lecture \u00e0 haute voix.<\/strong><br \/>A partir d\u2019un tronc commun, chaque \u00e9tablissement d\u00e9clinera son projet au regard de ses objectifs :<\/p><ul><li style=\"text-align: left;\">pour le lyc\u00e9e Pierre Paul Riquet, les \u00e9l\u00e8ves produiront des enregistrements de textes avec une com\u00e9dienne professionnelle et une cr\u00e9atrice de documentaires et de fictions sonores, qui seront diffus\u00e9s sur les sites Internet du Lyc\u00e9e, du Festival du Livre de Jeunesse Occitanie et sur un audioblog.<\/li><li style=\"text-align: left;\">pour le lyc\u00e9e D\u00e9odat de S\u00e9verac, les \u00e9l\u00e8ves produiront les enregistrements sonores des interviews des professionnels qu\u2019ils rencontreront en vue d\u2019alimenter la webradio du lyc\u00e9e.<br \/>Dans ce projet, les jeunes aborderont l\u2019\u00e9criture radio et ses caract\u00e9ristiques, construiront et monteront un reportage.<\/li><\/ul><h5 style=\"text-align: left;\"><strong>Les structures associ\u00e9es<\/strong><\/h5><p style=\"text-align: left; padding-left: 40px;\">Association FLJ &#8211; Festival du Livre de Jeunesse Occitanie<br \/>Lyc\u00e9e Pierre Paul Riquet &#8211; Saint-Orens de Gameville<br \/>Lyc\u00e9e D\u00e9odat de S\u00e9verac &#8211; Toulouse<br \/>Cave Po\u00e9sie<br \/>Quai des Savoirs<\/p>\t\t\t\t\t\t\t\t<\/div>\n\t\t\t\t<\/div>\n\t\t\t\t\t<\/div>\n\t\t<\/div>\n\t\t\t\t<div class=\"elementor-column elementor-col-33 elementor-top-column elementor-element elementor-element-55fdf7a\" data-id=\"55fdf7a\" data-element_type=\"column\" data-e-type=\"column\">\n\t\t\t<div class=\"elementor-widget-wrap elementor-element-populated\">\n\t\t\t\t\t\t<div class=\"elementor-element elementor-element-4a16650 elementor-widget elementor-widget-heading\" data-id=\"4a16650\" data-element_type=\"widget\" data-e-type=\"widget\" data-widget_type=\"heading.default\">\n\t\t\t\t<div class=\"elementor-widget-container\">\n\t\t\t\t\t<h2 class=\"elementor-heading-title elementor-size-default\"><h5><strong>projet \u00abD\u00e9couverte des m\u00e9tiers de la culture et du patrimoine\u00bb<\/strong><\/h5><\/h2>\t\t\t\t<\/div>\n\t\t\t\t<\/div>\n\t\t\t\t<section class=\"elementor-section elementor-inner-section elementor-element elementor-element-6c7a35f elementor-section-boxed elementor-section-height-default elementor-section-height-default\" data-id=\"6c7a35f\" data-element_type=\"section\" data-e-type=\"section\">\n\t\t\t\t\t\t<div class=\"elementor-container elementor-column-gap-default\">\n\t\t\t\t\t<div class=\"elementor-column elementor-col-50 elementor-inner-column elementor-element elementor-element-27c1fdc\" data-id=\"27c1fdc\" data-element_type=\"column\" data-e-type=\"column\">\n\t\t\t<div class=\"elementor-widget-wrap elementor-element-populated\">\n\t\t\t\t\t\t<div class=\"elementor-element elementor-element-38a13d6 elementor-widget elementor-widget-image\" data-id=\"38a13d6\" data-element_type=\"widget\" data-e-type=\"widget\" data-widget_type=\"image.default\">\n\t\t\t\t<div class=\"elementor-widget-container\">\n\t\t\t\t\t\t\t\t\t\t\t\t\t\t\t<img fetchpriority=\"high\" decoding=\"async\" width=\"280\" height=\"350\" src=\"https:\/\/festival-livre-jeunesse.fr\/2021\/wp-content\/uploads\/2020\/09\/Florence-Hinckel.png\" class=\"attachment-large size-large wp-image-987\" alt=\"\" \/>\t\t\t\t\t\t\t\t\t\t\t\t\t\t\t<\/div>\n\t\t\t\t<\/div>\n\t\t\t\t\t<\/div>\n\t\t<\/div>\n\t\t\t\t<div class=\"elementor-column elementor-col-50 elementor-inner-column elementor-element elementor-element-a855c1c\" data-id=\"a855c1c\" data-element_type=\"column\" data-e-type=\"column\">\n\t\t\t<div class=\"elementor-widget-wrap elementor-element-populated\">\n\t\t\t\t\t\t<div class=\"elementor-element elementor-element-888554f elementor-widget elementor-widget-text-editor\" data-id=\"888554f\" data-element_type=\"widget\" data-e-type=\"widget\" data-widget_type=\"text-editor.default\">\n\t\t\t\t<div class=\"elementor-widget-container\">\n\t\t\t\t\t\t\t\t\t<h5>\u00a0<\/h5><h5>\u00a0<\/h5><p style=\"text-align: left;\"><strong>Public cibl\u00e9<\/strong><\/p><p style=\"text-align: left;\">72 \u00e9l\u00e8ves Classe de seconde du Lyc\u00e9e Pierre Paul Riquet, Saint-Orens de Gameville et du lyc\u00e9e D\u00e9odat de S\u00e9verac de Toulouse.<\/p><p><strong>Dur\u00e9e du projet<\/strong> : de janvier \u00e0 juin 2021<\/p>\t\t\t\t\t\t\t\t<\/div>\n\t\t\t\t<\/div>\n\t\t\t\t\t<\/div>\n\t\t<\/div>\n\t\t\t\t\t<\/div>\n\t\t<\/section>\n\t\t\t\t<div class=\"elementor-element elementor-element-6b5cb65 elementor-widget elementor-widget-text-editor\" data-id=\"6b5cb65\" data-element_type=\"widget\" data-e-type=\"widget\" data-widget_type=\"text-editor.default\">\n\t\t\t\t<div class=\"elementor-widget-container\">\n\t\t\t\t\t\t\t\t\t<h5>\u00a0<\/h5><p>\u00a0<\/p><p>Dans le cadre du 19\u00e8me Festival du Livre de Jeunesse Occitanie, ces deux classes de seconde rencontreront l\u2019autrice de litt\u00e9rature adolescente, <strong>Florence Hinckel<\/strong>, autour de son roman \u00ab <strong>#bleue<\/strong>\u00bb. Ce roman d\u2019anticipation se d\u00e9roule dans une soci\u00e9t\u00e9 hyperconnect\u00e9e dans laquelle les \u00e9motions douloureuses sont effac\u00e9es du cerveau. Le livre aborde des th\u00e9matiques sensibles\u00a0 telles que l\u2019importance du deuil et de l\u2019omnipr\u00e9sence des technologies dans nos vies.<br \/>La lecture de ce roman est un pr\u00e9texte pour aborder le genre litt\u00e9raire qu\u2019est la dystopie et d\u2019engager des \u00e9changes et d\u00e9bats sur l\u2019\u00e9volution de la soci\u00e9t\u00e9 et ainsi d\u2019accompagner l\u2019\u00e9l\u00e8ve \u00e0 argumenter et construire une pens\u00e9e. Au moment d\u2019une rencontre interlyc\u00e9es, les \u00e9l\u00e8ves seront invit\u00e9s \u00e0 d\u00e9battre et se questionner sur les \u00e9volutions de notre soci\u00e9t\u00e9, les enjeux \u00e9thiques li\u00e9s aux avanc\u00e9es technologiques dans diff\u00e9rents domaines.<br \/>Tout au long du projet, les \u00e9l\u00e8ves de seconde rencontreront diff\u00e9rents professionnels de la culture (com\u00e9dien, charg\u00e9 d\u2019exposition, coordinatrice culturelle, libraire, r\u00e9alisateur de documentaire sonore).<\/p><p>Ce sera l\u2019occasion de d\u00e9couvrir des lieux et \u00e9v\u00e9nements (Cave Po\u00e9sie, Quai des savoirs, Festival du Livre de Jeunesse Occitanie) et ainsi de permettre \u00e0 des \u00e9l\u00e8ves une ouverture culturelle.<\/p>\t\t\t\t\t\t\t\t<\/div>\n\t\t\t\t<\/div>\n\t\t\t\t\t<\/div>\n\t\t<\/div>\n\t\t\t\t\t<\/div>\n\t\t<\/section>\n\t\t\t\t<section class=\"elementor-section elementor-top-section elementor-element elementor-element-614a6e1 elementor-section-boxed elementor-section-height-default elementor-section-height-default\" data-id=\"614a6e1\" data-element_type=\"section\" data-e-type=\"section\">\n\t\t\t\t\t\t<div class=\"elementor-container elementor-column-gap-default\">\n\t\t\t\t\t<div class=\"elementor-column elementor-col-50 elementor-top-column elementor-element elementor-element-606aef1\" data-id=\"606aef1\" data-element_type=\"column\" data-e-type=\"column\">\n\t\t\t<div class=\"elementor-widget-wrap\">\n\t\t\t\t\t\t\t<\/div>\n\t\t<\/div>\n\t\t\t\t<div class=\"elementor-column elementor-col-50 elementor-top-column elementor-element elementor-element-501528a\" data-id=\"501528a\" data-element_type=\"column\" data-e-type=\"column\">\n\t\t\t<div class=\"elementor-widget-wrap elementor-element-populated\">\n\t\t\t\t\t\t<div class=\"elementor-element elementor-element-3055c80 elementor-align-right elementor-widget elementor-widget-button\" data-id=\"3055c80\" data-element_type=\"widget\" data-e-type=\"widget\" data-widget_type=\"button.default\">\n\t\t\t\t<div class=\"elementor-widget-container\">\n\t\t\t\t\t\t\t\t\t<div class=\"elementor-button-wrapper\">\n\t\t\t\t\t<a class=\"elementor-button elementor-button-link elementor-size-md\" href=\"http:\/\/festival-livre-jeunesse.fr\/2021\/action-culturelle\">\n\t\t\t\t\t\t<span class=\"elementor-button-content-wrapper\">\n\t\t\t\t\t\t<span class=\"elementor-button-icon\">\n\t\t\t\t<i aria-hidden=\"true\" class=\"fas fa-angle-up\"><\/i>\t\t\t<\/span>\n\t\t\t\t\t\t\t\t<\/span>\n\t\t\t\t\t<\/a>\n\t\t\t\t<\/div>\n\t\t\t\t\t\t\t\t<\/div>\n\t\t\t\t<\/div>\n\t\t\t\t\t<\/div>\n\t\t<\/div>\n\t\t\t\t\t<\/div>\n\t\t<\/section>\n\t\t\t\t<\/div>\n\t\t","protected":false},"excerpt":{"rendered":"<p>R\u00e9seaux et sentiments Pr\u00e9sentation du projet Le Festival du Livre de Jeunesse Occitanie propose un projet sur les m\u00e9tiers du Livre et de la culture \u00e0 destination de deux classes de seconde de deux lyc\u00e9es de l\u2019agglom\u00e9ration toulousaine (Lyc\u00e9e Pierre Paul Riquet de Saint-Orens de Gameville et Lyc\u00e9e D\u00e9odat de S\u00e9verac &#8211; Toulouse).Ce\u00a0parcours de d\u00e9couverte &hellip;<\/p>\n<p class=\"read-more\"> <a class=\"\" href=\"https:\/\/festival-livre-jeunesse.fr\/2021\/reseaux-et-sentiments\/\"> <span class=\"screen-reader-text\">R\u00e9seaux et sentiments<\/span> Lire la suite\u00a0\u00bb<\/a><\/p>\n","protected":false},"author":1,"featured_media":0,"parent":0,"menu_order":0,"comment_status":"closed","ping_status":"closed","template":"","meta":{"_uag_custom_page_level_css":"","footnotes":""},"class_list":["post-2211","page","type-page","status-publish","hentry"],"yoast_head":"<!-- This site is optimized with the Yoast SEO plugin v25.3.1 - https:\/\/yoast.com\/wordpress\/plugins\/seo\/ -->\n<title>R\u00e9seaux et sentiments - Festival du Livre de Jeunesse Occitanie<\/title>\n<meta name=\"robots\" content=\"index, follow, max-snippet:-1, max-image-preview:large, max-video-preview:-1\" \/>\n<link rel=\"canonical\" href=\"https:\/\/festival-livre-jeunesse.fr\/2021\/reseaux-et-sentiments\/\" \/>\n<meta property=\"og:locale\" content=\"fr_FR\" \/>\n<meta property=\"og:type\" content=\"article\" \/>\n<meta property=\"og:title\" content=\"R\u00e9seaux et sentiments - Festival du Livre de Jeunesse Occitanie\" \/>\n<meta property=\"og:description\" content=\"R\u00e9seaux et sentiments Pr\u00e9sentation du projet Le Festival du Livre de Jeunesse Occitanie propose un projet sur les m\u00e9tiers du Livre et de la culture \u00e0 destination de deux classes de seconde de deux lyc\u00e9es de l\u2019agglom\u00e9ration toulousaine (Lyc\u00e9e Pierre Paul Riquet de Saint-Orens de Gameville et Lyc\u00e9e D\u00e9odat de S\u00e9verac &#8211; Toulouse).Ce\u00a0parcours de d\u00e9couverte &hellip; R\u00e9seaux et sentiments Lire la suite\u00a0\u00bb\" \/>\n<meta property=\"og:url\" content=\"https:\/\/festival-livre-jeunesse.fr\/2021\/reseaux-et-sentiments\/\" \/>\n<meta property=\"og:site_name\" content=\"Festival du Livre de Jeunesse Occitanie\" \/>\n<meta property=\"article:modified_time\" content=\"2020-12-14T22:23:02+00:00\" \/>\n<meta property=\"og:image\" content=\"http:\/\/festival-livre-jeunesse.fr\/2021\/wp-content\/uploads\/2020\/09\/Florence-Hinckel.png\" \/>\n<meta name=\"twitter:card\" content=\"summary_large_image\" \/>\n<meta name=\"twitter:label1\" content=\"Dur\u00e9e de lecture estim\u00e9e\" \/>\n\t<meta name=\"twitter:data1\" content=\"3 minutes\" \/>\n<script type=\"application\/ld+json\" class=\"yoast-schema-graph\">{\"@context\":\"https:\/\/schema.org\",\"@graph\":[{\"@type\":\"WebPage\",\"@id\":\"https:\/\/festival-livre-jeunesse.fr\/2021\/reseaux-et-sentiments\/\",\"url\":\"https:\/\/festival-livre-jeunesse.fr\/2021\/reseaux-et-sentiments\/\",\"name\":\"R\u00e9seaux et sentiments - Festival du Livre de Jeunesse Occitanie\",\"isPartOf\":{\"@id\":\"https:\/\/festival-livre-jeunesse.fr\/2021\/#website\"},\"primaryImageOfPage\":{\"@id\":\"https:\/\/festival-livre-jeunesse.fr\/2021\/reseaux-et-sentiments\/#primaryimage\"},\"image\":{\"@id\":\"https:\/\/festival-livre-jeunesse.fr\/2021\/reseaux-et-sentiments\/#primaryimage\"},\"thumbnailUrl\":\"http:\/\/festival-livre-jeunesse.fr\/2021\/wp-content\/uploads\/2020\/09\/Florence-Hinckel.png\",\"datePublished\":\"2020-09-25T08:19:10+00:00\",\"dateModified\":\"2020-12-14T22:23:02+00:00\",\"breadcrumb\":{\"@id\":\"https:\/\/festival-livre-jeunesse.fr\/2021\/reseaux-et-sentiments\/#breadcrumb\"},\"inLanguage\":\"fr-FR\",\"potentialAction\":[{\"@type\":\"ReadAction\",\"target\":[\"https:\/\/festival-livre-jeunesse.fr\/2021\/reseaux-et-sentiments\/\"]}]},{\"@type\":\"ImageObject\",\"inLanguage\":\"fr-FR\",\"@id\":\"https:\/\/festival-livre-jeunesse.fr\/2021\/reseaux-et-sentiments\/#primaryimage\",\"url\":\"http:\/\/festival-livre-jeunesse.fr\/2021\/wp-content\/uploads\/2020\/09\/Florence-Hinckel.png\",\"contentUrl\":\"http:\/\/festival-livre-jeunesse.fr\/2021\/wp-content\/uploads\/2020\/09\/Florence-Hinckel.png\"},{\"@type\":\"BreadcrumbList\",\"@id\":\"https:\/\/festival-livre-jeunesse.fr\/2021\/reseaux-et-sentiments\/#breadcrumb\",\"itemListElement\":[{\"@type\":\"ListItem\",\"position\":1,\"name\":\"Accueil\",\"item\":\"https:\/\/festival-livre-jeunesse.fr\/2021\/\"},{\"@type\":\"ListItem\",\"position\":2,\"name\":\"R\u00e9seaux et sentiments\"}]},{\"@type\":\"WebSite\",\"@id\":\"https:\/\/festival-livre-jeunesse.fr\/2021\/#website\",\"url\":\"https:\/\/festival-livre-jeunesse.fr\/2021\/\",\"name\":\"Festival du Livre de Jeunesse Occitanie\",\"description\":\"19\u00e8me \u00e9dition\",\"potentialAction\":[{\"@type\":\"SearchAction\",\"target\":{\"@type\":\"EntryPoint\",\"urlTemplate\":\"https:\/\/festival-livre-jeunesse.fr\/2021\/?s={search_term_string}\"},\"query-input\":{\"@type\":\"PropertyValueSpecification\",\"valueRequired\":true,\"valueName\":\"search_term_string\"}}],\"inLanguage\":\"fr-FR\"}]}<\/script>\n<!-- \/ Yoast SEO plugin. -->","yoast_head_json":{"title":"R\u00e9seaux et sentiments - Festival du Livre de Jeunesse Occitanie","robots":{"index":"index","follow":"follow","max-snippet":"max-snippet:-1","max-image-preview":"max-image-preview:large","max-video-preview":"max-video-preview:-1"},"canonical":"https:\/\/festival-livre-jeunesse.fr\/2021\/reseaux-et-sentiments\/","og_locale":"fr_FR","og_type":"article","og_title":"R\u00e9seaux et sentiments - Festival du Livre de Jeunesse Occitanie","og_description":"R\u00e9seaux et sentiments Pr\u00e9sentation du projet Le Festival du Livre de Jeunesse Occitanie propose un projet sur les m\u00e9tiers du Livre et de la culture \u00e0 destination de deux classes de seconde de deux lyc\u00e9es de l\u2019agglom\u00e9ration toulousaine (Lyc\u00e9e Pierre Paul Riquet de Saint-Orens de Gameville et Lyc\u00e9e D\u00e9odat de S\u00e9verac &#8211; Toulouse).Ce\u00a0parcours de d\u00e9couverte &hellip; R\u00e9seaux et sentiments Lire la suite\u00a0\u00bb","og_url":"https:\/\/festival-livre-jeunesse.fr\/2021\/reseaux-et-sentiments\/","og_site_name":"Festival du Livre de Jeunesse Occitanie","article_modified_time":"2020-12-14T22:23:02+00:00","og_image":[{"url":"http:\/\/festival-livre-jeunesse.fr\/2021\/wp-content\/uploads\/2020\/09\/Florence-Hinckel.png","type":"","width":"","height":""}],"twitter_card":"summary_large_image","twitter_misc":{"Dur\u00e9e de lecture estim\u00e9e":"3 minutes"},"schema":{"@context":"https:\/\/schema.org","@graph":[{"@type":"WebPage","@id":"https:\/\/festival-livre-jeunesse.fr\/2021\/reseaux-et-sentiments\/","url":"https:\/\/festival-livre-jeunesse.fr\/2021\/reseaux-et-sentiments\/","name":"R\u00e9seaux et sentiments - Festival du Livre de Jeunesse Occitanie","isPartOf":{"@id":"https:\/\/festival-livre-jeunesse.fr\/2021\/#website"},"primaryImageOfPage":{"@id":"https:\/\/festival-livre-jeunesse.fr\/2021\/reseaux-et-sentiments\/#primaryimage"},"image":{"@id":"https:\/\/festival-livre-jeunesse.fr\/2021\/reseaux-et-sentiments\/#primaryimage"},"thumbnailUrl":"http:\/\/festival-livre-jeunesse.fr\/2021\/wp-content\/uploads\/2020\/09\/Florence-Hinckel.png","datePublished":"2020-09-25T08:19:10+00:00","dateModified":"2020-12-14T22:23:02+00:00","breadcrumb":{"@id":"https:\/\/festival-livre-jeunesse.fr\/2021\/reseaux-et-sentiments\/#breadcrumb"},"inLanguage":"fr-FR","potentialAction":[{"@type":"ReadAction","target":["https:\/\/festival-livre-jeunesse.fr\/2021\/reseaux-et-sentiments\/"]}]},{"@type":"ImageObject","inLanguage":"fr-FR","@id":"https:\/\/festival-livre-jeunesse.fr\/2021\/reseaux-et-sentiments\/#primaryimage","url":"http:\/\/festival-livre-jeunesse.fr\/2021\/wp-content\/uploads\/2020\/09\/Florence-Hinckel.png","contentUrl":"http:\/\/festival-livre-jeunesse.fr\/2021\/wp-content\/uploads\/2020\/09\/Florence-Hinckel.png"},{"@type":"BreadcrumbList","@id":"https:\/\/festival-livre-jeunesse.fr\/2021\/reseaux-et-sentiments\/#breadcrumb","itemListElement":[{"@type":"ListItem","position":1,"name":"Accueil","item":"https:\/\/festival-livre-jeunesse.fr\/2021\/"},{"@type":"ListItem","position":2,"name":"R\u00e9seaux et sentiments"}]},{"@type":"WebSite","@id":"https:\/\/festival-livre-jeunesse.fr\/2021\/#website","url":"https:\/\/festival-livre-jeunesse.fr\/2021\/","name":"Festival du Livre de Jeunesse Occitanie","description":"19\u00e8me \u00e9dition","potentialAction":[{"@type":"SearchAction","target":{"@type":"EntryPoint","urlTemplate":"https:\/\/festival-livre-jeunesse.fr\/2021\/?s={search_term_string}"},"query-input":{"@type":"PropertyValueSpecification","valueRequired":true,"valueName":"search_term_string"}}],"inLanguage":"fr-FR"}]}},"uagb_featured_image_src":{"full":false,"thumbnail":false,"medium":false,"medium_large":false,"large":false,"1536x1536":false,"2048x2048":false},"uagb_author_info":{"display_name":"festival","author_link":"https:\/\/festival-livre-jeunesse.fr\/2021\/author\/festival\/"},"uagb_comment_info":0,"uagb_excerpt":"R\u00e9seaux et sentiments Pr\u00e9sentation du projet Le Festival du Livre de Jeunesse Occitanie propose un projet sur les m\u00e9tiers du Livre et de la culture \u00e0 destination de deux classes de seconde de deux lyc\u00e9es de l\u2019agglom\u00e9ration toulousaine (Lyc\u00e9e Pierre Paul Riquet de Saint-Orens de Gameville et Lyc\u00e9e D\u00e9odat de S\u00e9verac &#8211; Toulouse).Ce\u00a0parcours de d\u00e9couverte\u2026","_links":{"self":[{"href":"https:\/\/festival-livre-jeunesse.fr\/2021\/wp-json\/wp\/v2\/pages\/2211","targetHints":{"allow":["GET"]}}],"collection":[{"href":"https:\/\/festival-livre-jeunesse.fr\/2021\/wp-json\/wp\/v2\/pages"}],"about":[{"href":"https:\/\/festival-livre-jeunesse.fr\/2021\/wp-json\/wp\/v2\/types\/page"}],"author":[{"embeddable":true,"href":"https:\/\/festival-livre-jeunesse.fr\/2021\/wp-json\/wp\/v2\/users\/1"}],"replies":[{"embeddable":true,"href":"https:\/\/festival-livre-jeunesse.fr\/2021\/wp-json\/wp\/v2\/comments?post=2211"}],"version-history":[{"count":98,"href":"https:\/\/festival-livre-jeunesse.fr\/2021\/wp-json\/wp\/v2\/pages\/2211\/revisions"}],"predecessor-version":[{"id":4296,"href":"https:\/\/festival-livre-jeunesse.fr\/2021\/wp-json\/wp\/v2\/pages\/2211\/revisions\/4296"}],"wp:attachment":[{"href":"https:\/\/festival-livre-jeunesse.fr\/2021\/wp-json\/wp\/v2\/media?parent=2211"}],"curies":[{"name":"wp","href":"https:\/\/api.w.org\/{rel}","templated":true}]}}