{"id":2255,"date":"2020-09-25T23:15:46","date_gmt":"2020-09-25T21:15:46","guid":{"rendered":"http:\/\/festival-livre-jeunesse.fr\/2021\/?page_id=2255"},"modified":"2020-09-26T18:25:58","modified_gmt":"2020-09-26T16:25:58","slug":"inscription-happy","status":"publish","type":"page","link":"https:\/\/festival-livre-jeunesse.fr\/2021\/inscription-happy\/","title":{"rendered":"Inscription Contact"},"content":{"rendered":"\t\t<div data-elementor-type=\"wp-page\" data-elementor-id=\"2255\" class=\"elementor elementor-2255\">\n\t\t\t\t\t\t<section class=\"elementor-section elementor-top-section elementor-element elementor-element-1cebd6a elementor-section-boxed elementor-section-height-default elementor-section-height-default\" data-id=\"1cebd6a\" data-element_type=\"section\" data-e-type=\"section\">\n\t\t\t\t\t\t<div class=\"elementor-container elementor-column-gap-default\">\n\t\t\t\t\t<div class=\"elementor-column elementor-col-33 elementor-top-column elementor-element elementor-element-24ff8df\" data-id=\"24ff8df\" data-element_type=\"column\" data-e-type=\"column\">\n\t\t\t<div class=\"elementor-widget-wrap\">\n\t\t\t\t\t\t\t<\/div>\n\t\t<\/div>\n\t\t\t\t<div class=\"elementor-column elementor-col-33 elementor-top-column elementor-element elementor-element-032dd27\" data-id=\"032dd27\" data-element_type=\"column\" data-e-type=\"column\">\n\t\t\t<div class=\"elementor-widget-wrap elementor-element-populated\">\n\t\t\t\t\t\t<div class=\"elementor-element elementor-element-452144e elementor-widget elementor-widget-html\" data-id=\"452144e\" data-element_type=\"widget\" data-e-type=\"widget\" data-widget_type=\"html.default\">\n\t\t\t\t<div class=\"elementor-widget-container\">\n\t\t\t\t\t\n<div class=\"wpcf7 no-js\" id=\"wpcf7-f2267-o1\" lang=\"fr-FR\" dir=\"ltr\" data-wpcf7-id=\"2267\">\n<div class=\"screen-reader-response\"><p role=\"status\" aria-live=\"polite\" aria-atomic=\"true\"><\/p> <ul><\/ul><\/div>\n<form action=\"\/2021\/wp-json\/wp\/v2\/pages\/2255#wpcf7-f2267-o1\" method=\"post\" class=\"wpcf7-form init\" aria-label=\"Formulaire de contact\" novalidate=\"novalidate\" data-status=\"init\">\n<fieldset class=\"hidden-fields-container\"><input type=\"hidden\" name=\"_wpcf7\" value=\"2267\" \/><input type=\"hidden\" name=\"_wpcf7_version\" value=\"6.1.5\" \/><input type=\"hidden\" name=\"_wpcf7_locale\" value=\"fr_FR\" \/><input type=\"hidden\" name=\"_wpcf7_unit_tag\" value=\"wpcf7-f2267-o1\" \/><input type=\"hidden\" name=\"_wpcf7_container_post\" value=\"0\" \/><input type=\"hidden\" name=\"_wpcf7_posted_data_hash\" value=\"\" \/><input type=\"hidden\" name=\"redirect_nonce\" value=\"43508500ed\" \/><input type=\"hidden\" name=\"wpcf7cfpdf_hidden_name\" value=\"Inscription_JS_[date]\" \/><input type=\"hidden\" name=\"wpcf7cfpdf_hidden_reference\" value=\"ae1afa7d\" \/><input type=\"hidden\" name=\"wpcf7cfpdf_hidden_date\" value=\"29avril2026\" \/>\n<\/fieldset>\n<p><label>\n\t\t<big><b>Vos coordonn\u00e9es<\/b>\n\t\t<\/big> <\/label><br \/>\n<label> <b>Nom de l'\u00e9cole ou de l'\u00e9tablissement<\/b>(obligatoire)<br \/>\n<span class=\"wpcf7-form-control-wrap\" data-name=\"nom\"><input size=\"40\" maxlength=\"400\" class=\"wpcf7-form-control wpcf7-text wpcf7-validates-as-required\" aria-required=\"true\" aria-invalid=\"false\" value=\"\" type=\"text\" name=\"nom\" \/><\/span> <\/label><br \/>\n<label> <b> adresse<\/b> <span class=\"wpcf7-form-control-wrap\" data-name=\"adresse\"><input size=\"40\" maxlength=\"400\" class=\"wpcf7-form-control wpcf7-text wpcf7-validates-as-required\" aria-required=\"true\" aria-invalid=\"false\" value=\"\" type=\"text\" name=\"adresse\" \/><\/span> <\/label><br \/>\n<label> <b> t\u00e9l\u00e9phone \u00e9tablissement ou\/et enseignant<-b> <span class=\"wpcf7-form-control-wrap\" data-name=\"tlphonetablissementetouenseignant\"><input size=\"40\" maxlength=\"400\" class=\"wpcf7-form-control wpcf7-tel wpcf7-validates-as-required wpcf7-text wpcf7-validates-as-tel\" aria-required=\"true\" aria-invalid=\"false\" value=\"\" type=\"tel\" name=\"tlphonetablissementetouenseignant\" \/><\/span> <\/b><\/label><br \/>\n<label> <b>Courriel \u00e9tablissement <\/b> (obligatoire)<span class=\"wpcf7-form-control-wrap\" data-name=\"courriel1\"><input size=\"40\" maxlength=\"400\" class=\"wpcf7-form-control wpcf7-email wpcf7-validates-as-required wpcf7-text wpcf7-validates-as-email\" aria-required=\"true\" aria-invalid=\"false\" value=\"\" type=\"email\" name=\"courriel1\" \/><\/span> <\/label><br \/>\n<label> <b>Courriel responsable projet <\/b> (obligatoire)<span class=\"wpcf7-form-control-wrap\" data-name=\"courriel2\"><input size=\"40\" maxlength=\"400\" class=\"wpcf7-form-control wpcf7-email wpcf7-validates-as-required wpcf7-text wpcf7-validates-as-email\" aria-required=\"true\" aria-invalid=\"false\" value=\"\" type=\"email\" name=\"courriel2\" \/><\/span> <\/label><br \/>\n<label> <b>Horaires de l'\u00e9cole ou \u00e9tablissement <\/b>(obligatoire)<br \/>\n<span class=\"wpcf7-form-control-wrap\" data-name=\"horaires1\"><input size=\"40\" maxlength=\"400\" class=\"wpcf7-form-control wpcf7-text wpcf7-validates-as-required\" aria-required=\"true\" aria-invalid=\"false\" value=\"\" type=\"text\" name=\"horaires1\" \/><\/span> <\/label><br \/>\n<label> <b>Horaires de r\u00e9cr\u00e9ations pour joindre l'\u00e9quipe enseignante <\/b>(obligatoire)<br \/>\n<span class=\"wpcf7-form-control-wrap\" data-name=\"horaires2\"><input size=\"40\" maxlength=\"400\" class=\"wpcf7-form-control wpcf7-text wpcf7-validates-as-required\" aria-required=\"true\" aria-invalid=\"false\" value=\"\" type=\"text\" name=\"horaires2\" \/><\/span> <\/label>\n<\/p>\n<p><label> <b>Responsable de la classe n\u00b01 <\/b>(obligatoire) <\/label><br \/>\n<label> <b>Nom <\/b>(obligatoire)<br \/>\n<span class=\"wpcf7-form-control-wrap\" data-name=\"nom1\"><input size=\"40\" maxlength=\"400\" class=\"wpcf7-form-control wpcf7-text wpcf7-validates-as-required\" aria-required=\"true\" aria-invalid=\"false\" value=\"\" type=\"text\" name=\"nom1\" \/><\/span> <\/label><br \/>\n<label> <b>Pr\u00e9nom <\/b>(obligatoire)<br \/>\n<span class=\"wpcf7-form-control-wrap\" data-name=\"prenom1\"><input size=\"40\" maxlength=\"400\" class=\"wpcf7-form-control wpcf7-text wpcf7-validates-as-required\" aria-required=\"true\" aria-invalid=\"false\" value=\"\" type=\"text\" name=\"prenom1\" \/><\/span> <\/label><br \/>\n<b>Profession<\/b><br \/>\n<span class=\"wpcf7-form-control-wrap\" data-name=\"Profession1\"><span class=\"wpcf7-form-control wpcf7-checkbox wpcf7-validates-as-required wpcf7-exclusive-checkbox\"><span class=\"wpcf7-list-item first\"><span class=\"wpcf7-list-item-label\">enseignant.e<\/span><input type=\"checkbox\" name=\"Profession1\" value=\"enseignant.e\" \/><\/span><span class=\"wpcf7-list-item\"><span class=\"wpcf7-list-item-label\">professeur.e documentaliste<\/span><input type=\"checkbox\" name=\"Profession1\" value=\"professeur.e documentaliste\" \/><\/span><span class=\"wpcf7-list-item last\"><span class=\"wpcf7-list-item-label\">autre<\/span><input type=\"checkbox\" name=\"Profession1\" value=\"autre\" \/><\/span><\/span><\/span><br \/>\n<label> <b>niveau de la classe <\/b>(obligatoire)<br \/>\n<span class=\"wpcf7-form-control-wrap\" data-name=\"niveau1\"><input size=\"40\" maxlength=\"400\" class=\"wpcf7-form-control wpcf7-text wpcf7-validates-as-required\" aria-required=\"true\" aria-invalid=\"false\" value=\"\" type=\"text\" name=\"niveau1\" \/><\/span> <\/label><br \/>\n<label> <b>effectif <\/b>(obligatoire)<br \/>\n<span class=\"wpcf7-form-control-wrap\" data-name=\"effectif1\"><input size=\"40\" maxlength=\"400\" class=\"wpcf7-form-control wpcf7-text wpcf7-validates-as-required\" aria-required=\"true\" aria-invalid=\"false\" value=\"\" type=\"text\" name=\"effectif1\" \/><\/span> <\/label><br \/>\n<label> <b>Motivations-suggestions<\/b>(obligatoire)<span class=\"wpcf7-form-control-wrap\" data-name=\"motivations1\"><textarea cols=\"40\" rows=\"10\" maxlength=\"2000\" class=\"wpcf7-form-control wpcf7-textarea wpcf7-validates-as-required\" aria-required=\"true\" aria-invalid=\"false\" name=\"motivations1\"><\/textarea><\/span><\/label>\n<\/p>\n<p><label> <b>Responsable de la classe n\u00b02 <\/b><\/label><br \/>\n<label> <b>Nom <\/b><br \/>\n<span class=\"wpcf7-form-control-wrap\" data-name=\"nom2\"><input size=\"40\" maxlength=\"400\" class=\"wpcf7-form-control wpcf7-text\" aria-invalid=\"false\" value=\"\" type=\"text\" name=\"nom2\" \/><\/span> <\/label><br \/>\n<label> <b>Pr\u00e9nom <\/b><br \/>\n<span class=\"wpcf7-form-control-wrap\" data-name=\"prenom2\"><input size=\"40\" maxlength=\"400\" class=\"wpcf7-form-control wpcf7-text\" aria-invalid=\"false\" value=\"\" type=\"text\" name=\"prenom2\" \/><\/span> <\/label><br \/>\n<b>Profession<\/b><span class=\"wpcf7-form-control-wrap\" data-name=\"Profession2\"><span class=\"wpcf7-form-control wpcf7-checkbox wpcf7-exclusive-checkbox\"><span class=\"wpcf7-list-item first\"><span class=\"wpcf7-list-item-label\">enseignant.e<\/span><input type=\"checkbox\" name=\"Profession2\" value=\"enseignant.e\" \/><\/span><span class=\"wpcf7-list-item\"><span class=\"wpcf7-list-item-label\">professeur.e documentaliste<\/span><input type=\"checkbox\" name=\"Profession2\" value=\"professeur.e documentaliste\" \/><\/span><span class=\"wpcf7-list-item last\"><span class=\"wpcf7-list-item-label\">autre<\/span><input type=\"checkbox\" name=\"Profession2\" value=\"autre\" \/><\/span><\/span><\/span><br \/>\n<label> <b>niveau de la classe <\/b><br \/>\n<span class=\"wpcf7-form-control-wrap\" data-name=\"niveau2\"><input size=\"40\" maxlength=\"400\" class=\"wpcf7-form-control wpcf7-text\" aria-invalid=\"false\" value=\"\" type=\"text\" name=\"niveau2\" \/><\/span> <\/label><br \/>\n<label> <b>effectif <\/b><br \/>\n<span class=\"wpcf7-form-control-wrap\" data-name=\"effectif2\"><input size=\"40\" maxlength=\"400\" class=\"wpcf7-form-control wpcf7-text\" aria-invalid=\"false\" value=\"\" type=\"text\" name=\"effectif2\" \/><\/span> <\/label><br \/>\n<label> <b>Motivations-suggestions <\/b><span class=\"wpcf7-form-control-wrap\" data-name=\"motivations2\"><textarea cols=\"40\" rows=\"10\" maxlength=\"2000\" class=\"wpcf7-form-control wpcf7-textarea\" aria-invalid=\"false\" name=\"motivations2\"><\/textarea><\/span><\/label>\n<\/p>\n<p><input class=\"wpcf7-form-control wpcf7-submit has-spinner\" type=\"submit\" value=\"Envoyer le formulaire\" \/>\n<\/p><div class=\"wpcf7-response-output\" aria-hidden=\"true\"><\/div>\n<\/form>\n<\/div>\n\t\t\t\t<\/div>\n\t\t\t\t<\/div>\n\t\t\t\t\t<\/div>\n\t\t<\/div>\n\t\t\t\t<div class=\"elementor-column elementor-col-33 elementor-top-column elementor-element elementor-element-377eb62\" data-id=\"377eb62\" data-element_type=\"column\" data-e-type=\"column\">\n\t\t\t<div class=\"elementor-widget-wrap\">\n\t\t\t\t\t\t\t<\/div>\n\t\t<\/div>\n\t\t\t\t\t<\/div>\n\t\t<\/section>\n\t\t\t\t<\/div>\n\t\t","protected":false},"excerpt":{"rendered":"","protected":false},"author":1,"featured_media":0,"parent":0,"menu_order":0,"comment_status":"closed","ping_status":"closed","template":"","meta":{"_uag_custom_page_level_css":"","footnotes":""},"class_list":["post-2255","page","type-page","status-publish","hentry"],"yoast_head":"<!-- This site is optimized with the Yoast SEO plugin v25.3.1 - https:\/\/yoast.com\/wordpress\/plugins\/seo\/ -->\n<title>Inscription Contact - Festival du Livre de Jeunesse Occitanie<\/title>\n<meta name=\"robots\" content=\"index, follow, max-snippet:-1, max-image-preview:large, max-video-preview:-1\" \/>\n<link rel=\"canonical\" href=\"https:\/\/festival-livre-jeunesse.fr\/2021\/inscription-happy\/\" \/>\n<meta property=\"og:locale\" content=\"fr_FR\" \/>\n<meta property=\"og:type\" content=\"article\" \/>\n<meta property=\"og:title\" content=\"Inscription Contact - Festival du Livre de Jeunesse Occitanie\" \/>\n<meta property=\"og:url\" content=\"https:\/\/festival-livre-jeunesse.fr\/2021\/inscription-happy\/\" \/>\n<meta property=\"og:site_name\" content=\"Festival du Livre de Jeunesse Occitanie\" \/>\n<meta property=\"article:modified_time\" content=\"2020-09-26T16:25:58+00:00\" \/>\n<meta name=\"twitter:card\" content=\"summary_large_image\" \/>\n<script type=\"application\/ld+json\" class=\"yoast-schema-graph\">{\"@context\":\"https:\/\/schema.org\",\"@graph\":[{\"@type\":\"WebPage\",\"@id\":\"https:\/\/festival-livre-jeunesse.fr\/2021\/inscription-happy\/\",\"url\":\"https:\/\/festival-livre-jeunesse.fr\/2021\/inscription-happy\/\",\"name\":\"Inscription Contact - Festival du Livre de Jeunesse Occitanie\",\"isPartOf\":{\"@id\":\"https:\/\/festival-livre-jeunesse.fr\/2021\/#website\"},\"datePublished\":\"2020-09-25T21:15:46+00:00\",\"dateModified\":\"2020-09-26T16:25:58+00:00\",\"breadcrumb\":{\"@id\":\"https:\/\/festival-livre-jeunesse.fr\/2021\/inscription-happy\/#breadcrumb\"},\"inLanguage\":\"fr-FR\",\"potentialAction\":[{\"@type\":\"ReadAction\",\"target\":[\"https:\/\/festival-livre-jeunesse.fr\/2021\/inscription-happy\/\"]}]},{\"@type\":\"BreadcrumbList\",\"@id\":\"https:\/\/festival-livre-jeunesse.fr\/2021\/inscription-happy\/#breadcrumb\",\"itemListElement\":[{\"@type\":\"ListItem\",\"position\":1,\"name\":\"Accueil\",\"item\":\"https:\/\/festival-livre-jeunesse.fr\/2021\/\"},{\"@type\":\"ListItem\",\"position\":2,\"name\":\"Inscription Contact\"}]},{\"@type\":\"WebSite\",\"@id\":\"https:\/\/festival-livre-jeunesse.fr\/2021\/#website\",\"url\":\"https:\/\/festival-livre-jeunesse.fr\/2021\/\",\"name\":\"Festival du Livre de Jeunesse Occitanie\",\"description\":\"19\u00e8me \u00e9dition\",\"potentialAction\":[{\"@type\":\"SearchAction\",\"target\":{\"@type\":\"EntryPoint\",\"urlTemplate\":\"https:\/\/festival-livre-jeunesse.fr\/2021\/?s={search_term_string}\"},\"query-input\":{\"@type\":\"PropertyValueSpecification\",\"valueRequired\":true,\"valueName\":\"search_term_string\"}}],\"inLanguage\":\"fr-FR\"}]}<\/script>\n<!-- \/ Yoast SEO plugin. -->","yoast_head_json":{"title":"Inscription Contact - Festival du Livre de Jeunesse Occitanie","robots":{"index":"index","follow":"follow","max-snippet":"max-snippet:-1","max-image-preview":"max-image-preview:large","max-video-preview":"max-video-preview:-1"},"canonical":"https:\/\/festival-livre-jeunesse.fr\/2021\/inscription-happy\/","og_locale":"fr_FR","og_type":"article","og_title":"Inscription Contact - Festival du Livre de Jeunesse Occitanie","og_url":"https:\/\/festival-livre-jeunesse.fr\/2021\/inscription-happy\/","og_site_name":"Festival du Livre de Jeunesse Occitanie","article_modified_time":"2020-09-26T16:25:58+00:00","twitter_card":"summary_large_image","schema":{"@context":"https:\/\/schema.org","@graph":[{"@type":"WebPage","@id":"https:\/\/festival-livre-jeunesse.fr\/2021\/inscription-happy\/","url":"https:\/\/festival-livre-jeunesse.fr\/2021\/inscription-happy\/","name":"Inscription Contact - Festival du Livre de Jeunesse Occitanie","isPartOf":{"@id":"https:\/\/festival-livre-jeunesse.fr\/2021\/#website"},"datePublished":"2020-09-25T21:15:46+00:00","dateModified":"2020-09-26T16:25:58+00:00","breadcrumb":{"@id":"https:\/\/festival-livre-jeunesse.fr\/2021\/inscription-happy\/#breadcrumb"},"inLanguage":"fr-FR","potentialAction":[{"@type":"ReadAction","target":["https:\/\/festival-livre-jeunesse.fr\/2021\/inscription-happy\/"]}]},{"@type":"BreadcrumbList","@id":"https:\/\/festival-livre-jeunesse.fr\/2021\/inscription-happy\/#breadcrumb","itemListElement":[{"@type":"ListItem","position":1,"name":"Accueil","item":"https:\/\/festival-livre-jeunesse.fr\/2021\/"},{"@type":"ListItem","position":2,"name":"Inscription Contact"}]},{"@type":"WebSite","@id":"https:\/\/festival-livre-jeunesse.fr\/2021\/#website","url":"https:\/\/festival-livre-jeunesse.fr\/2021\/","name":"Festival du Livre de Jeunesse Occitanie","description":"19\u00e8me \u00e9dition","potentialAction":[{"@type":"SearchAction","target":{"@type":"EntryPoint","urlTemplate":"https:\/\/festival-livre-jeunesse.fr\/2021\/?s={search_term_string}"},"query-input":{"@type":"PropertyValueSpecification","valueRequired":true,"valueName":"search_term_string"}}],"inLanguage":"fr-FR"}]}},"uagb_featured_image_src":{"full":false,"thumbnail":false,"medium":false,"medium_large":false,"large":false,"1536x1536":false,"2048x2048":false},"uagb_author_info":{"display_name":"festival","author_link":"https:\/\/festival-livre-jeunesse.fr\/2021\/author\/festival\/"},"uagb_comment_info":0,"uagb_excerpt":null,"_links":{"self":[{"href":"https:\/\/festival-livre-jeunesse.fr\/2021\/wp-json\/wp\/v2\/pages\/2255","targetHints":{"allow":["GET"]}}],"collection":[{"href":"https:\/\/festival-livre-jeunesse.fr\/2021\/wp-json\/wp\/v2\/pages"}],"about":[{"href":"https:\/\/festival-livre-jeunesse.fr\/2021\/wp-json\/wp\/v2\/types\/page"}],"author":[{"embeddable":true,"href":"https:\/\/festival-livre-jeunesse.fr\/2021\/wp-json\/wp\/v2\/users\/1"}],"replies":[{"embeddable":true,"href":"https:\/\/festival-livre-jeunesse.fr\/2021\/wp-json\/wp\/v2\/comments?post=2255"}],"version-history":[{"count":8,"href":"https:\/\/festival-livre-jeunesse.fr\/2021\/wp-json\/wp\/v2\/pages\/2255\/revisions"}],"predecessor-version":[{"id":2270,"href":"https:\/\/festival-livre-jeunesse.fr\/2021\/wp-json\/wp\/v2\/pages\/2255\/revisions\/2270"}],"wp:attachment":[{"href":"https:\/\/festival-livre-jeunesse.fr\/2021\/wp-json\/wp\/v2\/media?parent=2255"}],"curies":[{"name":"wp","href":"https:\/\/api.w.org\/{rel}","templated":true}]}}