{"id":241,"date":"2020-09-01T16:56:54","date_gmt":"2020-09-01T14:56:54","guid":{"rendered":"http:\/\/festival-livre-jeunesse.fr\/2021\/?page_id=241"},"modified":"2020-09-24T22:02:57","modified_gmt":"2020-09-24T20:02:57","slug":"gael-aymon-2","status":"publish","type":"page","link":"https:\/\/festival-livre-jeunesse.fr\/2021\/auteurs\/gael-aymon-2\/","title":{"rendered":"Ga\u00ebl Aymon"},"content":{"rendered":"\t\t<div data-elementor-type=\"wp-page\" data-elementor-id=\"241\" class=\"elementor elementor-241\">\n\t\t\t\t\t\t<section class=\"elementor-section elementor-top-section elementor-element elementor-element-31a8038 elementor-section-boxed elementor-section-height-default elementor-section-height-default\" data-id=\"31a8038\" data-element_type=\"section\" data-e-type=\"section\">\n\t\t\t\t\t\t\t<div class=\"elementor-background-overlay\"><\/div>\n\t\t\t\t\t\t\t<div class=\"elementor-container elementor-column-gap-default\">\n\t\t\t\t\t<div class=\"elementor-column elementor-col-50 elementor-top-column elementor-element elementor-element-5f36ce8\" data-id=\"5f36ce8\" data-element_type=\"column\" data-e-type=\"column\">\n\t\t\t<div class=\"elementor-widget-wrap elementor-element-populated\">\n\t\t\t\t\t\t<div class=\"elementor-element elementor-element-13d887e elementor-widget elementor-widget-spacer\" data-id=\"13d887e\" data-element_type=\"widget\" data-e-type=\"widget\" data-widget_type=\"spacer.default\">\n\t\t\t\t<div class=\"elementor-widget-container\">\n\t\t\t\t\t\t\t<div class=\"elementor-spacer\">\n\t\t\t<div class=\"elementor-spacer-inner\"><\/div>\n\t\t<\/div>\n\t\t\t\t\t\t<\/div>\n\t\t\t\t<\/div>\n\t\t\t\t<div class=\"elementor-element elementor-element-7856172 elementor-widget elementor-widget-image\" data-id=\"7856172\" data-element_type=\"widget\" data-e-type=\"widget\" data-widget_type=\"image.default\">\n\t\t\t\t<div class=\"elementor-widget-container\">\n\t\t\t\t\t\t\t\t\t\t\t\t\t\t\t\t<a href=\"https:\/\/gaelaymon.com\/\">\n\t\t\t\t\t\t\t<img fetchpriority=\"high\" decoding=\"async\" width=\"400\" height=\"528\" src=\"https:\/\/festival-livre-jeunesse.fr\/2021\/wp-content\/uploads\/2020\/08\/Gael-Aymon.png\" class=\"attachment-full size-full wp-image-117\" alt=\"\" srcset=\"https:\/\/festival-livre-jeunesse.fr\/2021\/wp-content\/uploads\/2020\/08\/Gael-Aymon.png 400w, https:\/\/festival-livre-jeunesse.fr\/2021\/wp-content\/uploads\/2020\/08\/Gael-Aymon-227x300.png 227w\" sizes=\"(max-width: 400px) 100vw, 400px\" \/>\t\t\t\t\t\t\t\t<\/a>\n\t\t\t\t\t\t\t\t\t\t\t\t\t\t\t<\/div>\n\t\t\t\t<\/div>\n\t\t\t\t\t<\/div>\n\t\t<\/div>\n\t\t\t\t<div class=\"elementor-column elementor-col-50 elementor-top-column elementor-element elementor-element-b56e6bb\" data-id=\"b56e6bb\" data-element_type=\"column\" data-e-type=\"column\">\n\t\t\t<div class=\"elementor-widget-wrap elementor-element-populated\">\n\t\t\t\t\t\t<div class=\"elementor-element elementor-element-260902c elementor-widget elementor-widget-heading\" data-id=\"260902c\" data-element_type=\"widget\" data-e-type=\"widget\" data-widget_type=\"heading.default\">\n\t\t\t\t<div class=\"elementor-widget-container\">\n\t\t\t\t\t<h1 class=\"elementor-heading-title elementor-size-xl\">Ga\u00ebl Aymon<\/h1>\t\t\t\t<\/div>\n\t\t\t\t<\/div>\n\t\t\t\t<div class=\"elementor-element elementor-element-6df5da6 elementor-widget elementor-widget-text-editor\" data-id=\"6df5da6\" data-element_type=\"widget\" data-e-type=\"widget\" data-widget_type=\"text-editor.default\">\n\t\t\t\t<div class=\"elementor-widget-container\">\n\t\t\t\t\t\t\t\t\t<p>Issu du cours Florent et du Studio Pygmalion, d\u2019abord com\u00e9dien puis sc\u00e9nariste et r\u00e9alisateur, Ga\u00ebl Aymon a produit et distribu\u00e9 des films, spectacles et concerts, et enseign\u00e9 le th\u00e9\u00e2tre aux enfants et adolescents.<\/p><p>Depuis 2010, il \u00e9crit pour la jeunesse (et les adultes consentants). Ses livres ont obtenu de nombreuses r\u00e9compenses. Plusieurs d\u2019entre eux ont \u00e9t\u00e9 traduits en chinois, cor\u00e9en, portugais (Br\u00e9sil), espagnol (Espagne et Mexique), catalan, ou distribu\u00e9 en Allemagne.<\/p><p>\u00a0<\/p><h1><a href=\"https:\/\/gaelaymon.com\/wp-content\/uploads\/2020\/09\/Bio-Biblio-Aymon-2020.pdf\"><u>Les derni\u00e8res parutions<\/u><\/a><\/h1><ul><li><b>Silent boy<\/b> &#8211; Roman d\u00e8s 14 ans &#8211; Collection \u00ab Court Toujours \u00bb &#8211; Editions Nathan (Version num\u00e9rique et version audio lue par l\u2019auteur incluses)<\/li><li><b>La belle au bois dormant<\/b> illustr\u00e9 par S\u00e9bastien Pelon &#8211; Editions Nathan &#8211; Album &#8211; Conte d\u00e8s 5 ans<\/li><li><b>Et ta vie m\u2019appartiendra<\/b>, Roman Thriller d\u00e8s 13 ans \u2013 Editions Nathan<\/li><\/ul>\t\t\t\t\t\t\t\t<\/div>\n\t\t\t\t<\/div>\n\t\t\t\t\t<\/div>\n\t\t<\/div>\n\t\t\t\t\t<\/div>\n\t\t<\/section>\n\t\t\t\t<\/div>\n\t\t","protected":false},"excerpt":{"rendered":"<p>Ga\u00ebl Aymon Issu du cours Florent et du Studio Pygmalion, d\u2019abord com\u00e9dien puis sc\u00e9nariste et r\u00e9alisateur, Ga\u00ebl Aymon a produit et distribu\u00e9 des films, spectacles et concerts, et enseign\u00e9 le th\u00e9\u00e2tre aux enfants et adolescents. Depuis 2010, il \u00e9crit pour la jeunesse (et les adultes consentants). Ses livres ont obtenu de nombreuses r\u00e9compenses. Plusieurs d\u2019entre &hellip;<\/p>\n<p class=\"read-more\"> <a class=\"\" href=\"https:\/\/festival-livre-jeunesse.fr\/2021\/auteurs\/gael-aymon-2\/\"> <span class=\"screen-reader-text\">Ga\u00ebl Aymon<\/span> Lire la suite\u00a0\u00bb<\/a><\/p>\n","protected":false},"author":1,"featured_media":0,"parent":377,"menu_order":0,"comment_status":"closed","ping_status":"closed","template":"","meta":{"_uag_custom_page_level_css":"","footnotes":""},"class_list":["post-241","page","type-page","status-publish","hentry"],"yoast_head":"<!-- This site is optimized with the Yoast SEO plugin v25.3.1 - https:\/\/yoast.com\/wordpress\/plugins\/seo\/ -->\n<title>Ga\u00ebl Aymon - Festival du Livre de Jeunesse Occitanie<\/title>\n<meta name=\"robots\" content=\"index, follow, max-snippet:-1, max-image-preview:large, max-video-preview:-1\" \/>\n<link rel=\"canonical\" href=\"https:\/\/festival-livre-jeunesse.fr\/2021\/auteurs\/gael-aymon-2\/\" \/>\n<meta property=\"og:locale\" content=\"fr_FR\" \/>\n<meta property=\"og:type\" content=\"article\" \/>\n<meta property=\"og:title\" content=\"Ga\u00ebl Aymon - Festival du Livre de Jeunesse Occitanie\" \/>\n<meta property=\"og:description\" content=\"Ga\u00ebl Aymon Issu du cours Florent et du Studio Pygmalion, d\u2019abord com\u00e9dien puis sc\u00e9nariste et r\u00e9alisateur, Ga\u00ebl Aymon a produit et distribu\u00e9 des films, spectacles et concerts, et enseign\u00e9 le th\u00e9\u00e2tre aux enfants et adolescents. Depuis 2010, il \u00e9crit pour la jeunesse (et les adultes consentants). Ses livres ont obtenu de nombreuses r\u00e9compenses. Plusieurs d\u2019entre &hellip; Ga\u00ebl Aymon Lire la suite\u00a0\u00bb\" \/>\n<meta property=\"og:url\" content=\"https:\/\/festival-livre-jeunesse.fr\/2021\/auteurs\/gael-aymon-2\/\" \/>\n<meta property=\"og:site_name\" content=\"Festival du Livre de Jeunesse Occitanie\" \/>\n<meta property=\"article:modified_time\" content=\"2020-09-24T20:02:57+00:00\" \/>\n<meta property=\"og:image\" content=\"http:\/\/festival-livre-jeunesse.fr\/2021\/wp-content\/uploads\/2020\/08\/Gael-Aymon.png\" \/>\n<meta name=\"twitter:card\" content=\"summary_large_image\" \/>\n<meta name=\"twitter:label1\" content=\"Dur\u00e9e de lecture estim\u00e9e\" \/>\n\t<meta name=\"twitter:data1\" content=\"1 minute\" \/>\n<script type=\"application\/ld+json\" class=\"yoast-schema-graph\">{\"@context\":\"https:\/\/schema.org\",\"@graph\":[{\"@type\":\"WebPage\",\"@id\":\"https:\/\/festival-livre-jeunesse.fr\/2021\/auteurs\/gael-aymon-2\/\",\"url\":\"https:\/\/festival-livre-jeunesse.fr\/2021\/auteurs\/gael-aymon-2\/\",\"name\":\"Ga\u00ebl Aymon - Festival du Livre de Jeunesse Occitanie\",\"isPartOf\":{\"@id\":\"https:\/\/festival-livre-jeunesse.fr\/2021\/#website\"},\"primaryImageOfPage\":{\"@id\":\"https:\/\/festival-livre-jeunesse.fr\/2021\/auteurs\/gael-aymon-2\/#primaryimage\"},\"image\":{\"@id\":\"https:\/\/festival-livre-jeunesse.fr\/2021\/auteurs\/gael-aymon-2\/#primaryimage\"},\"thumbnailUrl\":\"http:\/\/festival-livre-jeunesse.fr\/2021\/wp-content\/uploads\/2020\/08\/Gael-Aymon.png\",\"datePublished\":\"2020-09-01T14:56:54+00:00\",\"dateModified\":\"2020-09-24T20:02:57+00:00\",\"breadcrumb\":{\"@id\":\"https:\/\/festival-livre-jeunesse.fr\/2021\/auteurs\/gael-aymon-2\/#breadcrumb\"},\"inLanguage\":\"fr-FR\",\"potentialAction\":[{\"@type\":\"ReadAction\",\"target\":[\"https:\/\/festival-livre-jeunesse.fr\/2021\/auteurs\/gael-aymon-2\/\"]}]},{\"@type\":\"ImageObject\",\"inLanguage\":\"fr-FR\",\"@id\":\"https:\/\/festival-livre-jeunesse.fr\/2021\/auteurs\/gael-aymon-2\/#primaryimage\",\"url\":\"http:\/\/festival-livre-jeunesse.fr\/2021\/wp-content\/uploads\/2020\/08\/Gael-Aymon.png\",\"contentUrl\":\"http:\/\/festival-livre-jeunesse.fr\/2021\/wp-content\/uploads\/2020\/08\/Gael-Aymon.png\"},{\"@type\":\"BreadcrumbList\",\"@id\":\"https:\/\/festival-livre-jeunesse.fr\/2021\/auteurs\/gael-aymon-2\/#breadcrumb\",\"itemListElement\":[{\"@type\":\"ListItem\",\"position\":1,\"name\":\"Accueil\",\"item\":\"https:\/\/festival-livre-jeunesse.fr\/2021\/\"},{\"@type\":\"ListItem\",\"position\":2,\"name\":\"Auteurs\",\"item\":\"https:\/\/festival-livre-jeunesse.fr\/2021\/auteurs\/\"},{\"@type\":\"ListItem\",\"position\":3,\"name\":\"Ga\u00ebl Aymon\"}]},{\"@type\":\"WebSite\",\"@id\":\"https:\/\/festival-livre-jeunesse.fr\/2021\/#website\",\"url\":\"https:\/\/festival-livre-jeunesse.fr\/2021\/\",\"name\":\"Festival du Livre de Jeunesse Occitanie\",\"description\":\"19\u00e8me \u00e9dition\",\"potentialAction\":[{\"@type\":\"SearchAction\",\"target\":{\"@type\":\"EntryPoint\",\"urlTemplate\":\"https:\/\/festival-livre-jeunesse.fr\/2021\/?s={search_term_string}\"},\"query-input\":{\"@type\":\"PropertyValueSpecification\",\"valueRequired\":true,\"valueName\":\"search_term_string\"}}],\"inLanguage\":\"fr-FR\"}]}<\/script>\n<!-- \/ Yoast SEO plugin. -->","yoast_head_json":{"title":"Ga\u00ebl Aymon - Festival du Livre de Jeunesse Occitanie","robots":{"index":"index","follow":"follow","max-snippet":"max-snippet:-1","max-image-preview":"max-image-preview:large","max-video-preview":"max-video-preview:-1"},"canonical":"https:\/\/festival-livre-jeunesse.fr\/2021\/auteurs\/gael-aymon-2\/","og_locale":"fr_FR","og_type":"article","og_title":"Ga\u00ebl Aymon - Festival du Livre de Jeunesse Occitanie","og_description":"Ga\u00ebl Aymon Issu du cours Florent et du Studio Pygmalion, d\u2019abord com\u00e9dien puis sc\u00e9nariste et r\u00e9alisateur, Ga\u00ebl Aymon a produit et distribu\u00e9 des films, spectacles et concerts, et enseign\u00e9 le th\u00e9\u00e2tre aux enfants et adolescents. Depuis 2010, il \u00e9crit pour la jeunesse (et les adultes consentants). Ses livres ont obtenu de nombreuses r\u00e9compenses. Plusieurs d\u2019entre &hellip; Ga\u00ebl Aymon Lire la suite\u00a0\u00bb","og_url":"https:\/\/festival-livre-jeunesse.fr\/2021\/auteurs\/gael-aymon-2\/","og_site_name":"Festival du Livre de Jeunesse Occitanie","article_modified_time":"2020-09-24T20:02:57+00:00","og_image":[{"url":"http:\/\/festival-livre-jeunesse.fr\/2021\/wp-content\/uploads\/2020\/08\/Gael-Aymon.png","type":"","width":"","height":""}],"twitter_card":"summary_large_image","twitter_misc":{"Dur\u00e9e de lecture estim\u00e9e":"1 minute"},"schema":{"@context":"https:\/\/schema.org","@graph":[{"@type":"WebPage","@id":"https:\/\/festival-livre-jeunesse.fr\/2021\/auteurs\/gael-aymon-2\/","url":"https:\/\/festival-livre-jeunesse.fr\/2021\/auteurs\/gael-aymon-2\/","name":"Ga\u00ebl Aymon - Festival du Livre de Jeunesse Occitanie","isPartOf":{"@id":"https:\/\/festival-livre-jeunesse.fr\/2021\/#website"},"primaryImageOfPage":{"@id":"https:\/\/festival-livre-jeunesse.fr\/2021\/auteurs\/gael-aymon-2\/#primaryimage"},"image":{"@id":"https:\/\/festival-livre-jeunesse.fr\/2021\/auteurs\/gael-aymon-2\/#primaryimage"},"thumbnailUrl":"http:\/\/festival-livre-jeunesse.fr\/2021\/wp-content\/uploads\/2020\/08\/Gael-Aymon.png","datePublished":"2020-09-01T14:56:54+00:00","dateModified":"2020-09-24T20:02:57+00:00","breadcrumb":{"@id":"https:\/\/festival-livre-jeunesse.fr\/2021\/auteurs\/gael-aymon-2\/#breadcrumb"},"inLanguage":"fr-FR","potentialAction":[{"@type":"ReadAction","target":["https:\/\/festival-livre-jeunesse.fr\/2021\/auteurs\/gael-aymon-2\/"]}]},{"@type":"ImageObject","inLanguage":"fr-FR","@id":"https:\/\/festival-livre-jeunesse.fr\/2021\/auteurs\/gael-aymon-2\/#primaryimage","url":"http:\/\/festival-livre-jeunesse.fr\/2021\/wp-content\/uploads\/2020\/08\/Gael-Aymon.png","contentUrl":"http:\/\/festival-livre-jeunesse.fr\/2021\/wp-content\/uploads\/2020\/08\/Gael-Aymon.png"},{"@type":"BreadcrumbList","@id":"https:\/\/festival-livre-jeunesse.fr\/2021\/auteurs\/gael-aymon-2\/#breadcrumb","itemListElement":[{"@type":"ListItem","position":1,"name":"Accueil","item":"https:\/\/festival-livre-jeunesse.fr\/2021\/"},{"@type":"ListItem","position":2,"name":"Auteurs","item":"https:\/\/festival-livre-jeunesse.fr\/2021\/auteurs\/"},{"@type":"ListItem","position":3,"name":"Ga\u00ebl Aymon"}]},{"@type":"WebSite","@id":"https:\/\/festival-livre-jeunesse.fr\/2021\/#website","url":"https:\/\/festival-livre-jeunesse.fr\/2021\/","name":"Festival du Livre de Jeunesse Occitanie","description":"19\u00e8me \u00e9dition","potentialAction":[{"@type":"SearchAction","target":{"@type":"EntryPoint","urlTemplate":"https:\/\/festival-livre-jeunesse.fr\/2021\/?s={search_term_string}"},"query-input":{"@type":"PropertyValueSpecification","valueRequired":true,"valueName":"search_term_string"}}],"inLanguage":"fr-FR"}]}},"uagb_featured_image_src":{"full":false,"thumbnail":false,"medium":false,"medium_large":false,"large":false,"1536x1536":false,"2048x2048":false},"uagb_author_info":{"display_name":"festival","author_link":"https:\/\/festival-livre-jeunesse.fr\/2021\/author\/festival\/"},"uagb_comment_info":0,"uagb_excerpt":"Ga\u00ebl Aymon Issu du cours Florent et du Studio Pygmalion, d\u2019abord com\u00e9dien puis sc\u00e9nariste et r\u00e9alisateur, Ga\u00ebl Aymon a produit et distribu\u00e9 des films, spectacles et concerts, et enseign\u00e9 le th\u00e9\u00e2tre aux enfants et adolescents. Depuis 2010, il \u00e9crit pour la jeunesse (et les adultes consentants). Ses livres ont obtenu de nombreuses r\u00e9compenses. Plusieurs d\u2019entre\u2026","_links":{"self":[{"href":"https:\/\/festival-livre-jeunesse.fr\/2021\/wp-json\/wp\/v2\/pages\/241","targetHints":{"allow":["GET"]}}],"collection":[{"href":"https:\/\/festival-livre-jeunesse.fr\/2021\/wp-json\/wp\/v2\/pages"}],"about":[{"href":"https:\/\/festival-livre-jeunesse.fr\/2021\/wp-json\/wp\/v2\/types\/page"}],"author":[{"embeddable":true,"href":"https:\/\/festival-livre-jeunesse.fr\/2021\/wp-json\/wp\/v2\/users\/1"}],"replies":[{"embeddable":true,"href":"https:\/\/festival-livre-jeunesse.fr\/2021\/wp-json\/wp\/v2\/comments?post=241"}],"version-history":[{"count":32,"href":"https:\/\/festival-livre-jeunesse.fr\/2021\/wp-json\/wp\/v2\/pages\/241\/revisions"}],"predecessor-version":[{"id":2363,"href":"https:\/\/festival-livre-jeunesse.fr\/2021\/wp-json\/wp\/v2\/pages\/241\/revisions\/2363"}],"up":[{"embeddable":true,"href":"https:\/\/festival-livre-jeunesse.fr\/2021\/wp-json\/wp\/v2\/pages\/377"}],"wp:attachment":[{"href":"https:\/\/festival-livre-jeunesse.fr\/2021\/wp-json\/wp\/v2\/media?parent=241"}],"curies":[{"name":"wp","href":"https:\/\/api.w.org\/{rel}","templated":true}]}}