{"id":2678,"date":"2020-11-25T22:11:17","date_gmt":"2020-11-25T21:11:17","guid":{"rendered":"http:\/\/festival-livre-jeunesse.fr\/2021\/?page_id=2678"},"modified":"2020-12-07T17:56:26","modified_gmt":"2020-12-07T16:56:26","slug":"hors-les-murs","status":"publish","type":"page","link":"https:\/\/festival-livre-jeunesse.fr\/2021\/19eme-edition\/hors-les-murs\/","title":{"rendered":"Hors-les-murs"},"content":{"rendered":"\t\t<div data-elementor-type=\"wp-page\" data-elementor-id=\"2678\" class=\"elementor elementor-2678\">\n\t\t\t\t\t\t<section class=\"elementor-section elementor-top-section elementor-element elementor-element-a8dc9b3 elementor-section-boxed elementor-section-height-default elementor-section-height-default\" data-id=\"a8dc9b3\" data-element_type=\"section\" data-e-type=\"section\">\n\t\t\t\t\t\t<div class=\"elementor-container elementor-column-gap-default\">\n\t\t\t\t\t<div class=\"elementor-column elementor-col-33 elementor-top-column elementor-element elementor-element-c3973d7\" data-id=\"c3973d7\" data-element_type=\"column\" data-e-type=\"column\">\n\t\t\t<div class=\"elementor-widget-wrap\">\n\t\t\t\t\t\t\t<\/div>\n\t\t<\/div>\n\t\t\t\t<div class=\"elementor-column elementor-col-33 elementor-top-column elementor-element elementor-element-ef60e10\" data-id=\"ef60e10\" data-element_type=\"column\" data-e-type=\"column\">\n\t\t\t<div class=\"elementor-widget-wrap elementor-element-populated\">\n\t\t\t\t\t\t<div class=\"elementor-element elementor-element-562ae42 elementor-widget elementor-widget-heading\" data-id=\"562ae42\" data-element_type=\"widget\" data-e-type=\"widget\" data-widget_type=\"heading.default\">\n\t\t\t\t<div class=\"elementor-widget-container\">\n\t\t\t\t\t<h2 class=\"elementor-heading-title elementor-size-default\">hors-les-murs<\/h2>\t\t\t\t<\/div>\n\t\t\t\t<\/div>\n\t\t\t\t<div class=\"elementor-element elementor-element-a990815 elementor-widget elementor-widget-text-editor\" data-id=\"a990815\" data-element_type=\"widget\" data-e-type=\"widget\" data-widget_type=\"text-editor.default\">\n\t\t\t\t<div class=\"elementor-widget-container\">\n\t\t\t\t\t\t\t\t\t<p>Si le c\u0153ur du festival se situe durant 3 jours au lyc\u00e9e Pierre-Paul Riquet de Saint-Orens de Gameville,<br \/>diverses actions hors les murs ont lieu en amont du festival dans plusieurs communes de l\u2019agglom\u00e9ration toulousaine.<\/p><p>Ces communes accueillent :<\/p><ul><li style=\"list-style-type: none;\"><ul><li style=\"list-style-type: none;\"><ul><li>des expositions,<\/li><li>des rencontres d&rsquo;auteurs en librairie,<\/li><li>des ateliers d&rsquo;illustration,<\/li><li>des ateliers d&rsquo;\u00e9criture,<\/li><li>des lectures,<\/li><li>des spectacles,<\/li><li>des projections cin\u00e9matographiques&#8230;<\/li><\/ul><\/li><\/ul><\/li><\/ul>\t\t\t\t\t\t\t\t<\/div>\n\t\t\t\t<\/div>\n\t\t\t\t\t<\/div>\n\t\t<\/div>\n\t\t\t\t<div class=\"elementor-column elementor-col-33 elementor-top-column elementor-element elementor-element-83f0cef\" data-id=\"83f0cef\" data-element_type=\"column\" data-e-type=\"column\">\n\t\t\t<div class=\"elementor-widget-wrap\">\n\t\t\t\t\t\t\t<\/div>\n\t\t<\/div>\n\t\t\t\t\t<\/div>\n\t\t<\/section>\n\t\t\t\t<section class=\"elementor-section elementor-top-section elementor-element elementor-element-94b3db7 elementor-section-full_width elementor-section-height-default elementor-section-height-default\" data-id=\"94b3db7\" data-element_type=\"section\" data-e-type=\"section\">\n\t\t\t\t\t\t<div class=\"elementor-container elementor-column-gap-extended\">\n\t\t\t\t\t<div class=\"elementor-column elementor-col-20 elementor-top-column elementor-element elementor-element-f931402\" data-id=\"f931402\" data-element_type=\"column\" data-e-type=\"column\">\n\t\t\t<div class=\"elementor-widget-wrap\">\n\t\t\t\t\t\t\t<\/div>\n\t\t<\/div>\n\t\t\t\t<div class=\"elementor-column elementor-col-20 elementor-top-column elementor-element elementor-element-efef090\" data-id=\"efef090\" data-element_type=\"column\" data-e-type=\"column\">\n\t\t\t<div class=\"elementor-widget-wrap elementor-element-populated\">\n\t\t\t\t\t\t<div class=\"elementor-element elementor-element-96aa0d0 elementor-position-top elementor-widget elementor-widget-image-box\" data-id=\"96aa0d0\" data-element_type=\"widget\" data-e-type=\"widget\" data-widget_type=\"image-box.default\">\n\t\t\t\t<div class=\"elementor-widget-container\">\n\t\t\t\t\t<div class=\"elementor-image-box-wrapper\"><figure class=\"elementor-image-box-img\"><a href=\"http:\/\/festival-livre-jeunesse.fr\/2021\/expositions\/\" tabindex=\"-1\"><img fetchpriority=\"high\" decoding=\"async\" width=\"2362\" height=\"1484\" src=\"https:\/\/festival-livre-jeunesse.fr\/2021\/wp-content\/uploads\/2020\/12\/UN-TEMPS-POUR-TOUT-INTE-10.jpg\" class=\"elementor-animation-grow attachment-full size-full wp-image-3162\" alt=\"\" srcset=\"https:\/\/festival-livre-jeunesse.fr\/2021\/wp-content\/uploads\/2020\/12\/UN-TEMPS-POUR-TOUT-INTE-10.jpg 2362w, https:\/\/festival-livre-jeunesse.fr\/2021\/wp-content\/uploads\/2020\/12\/UN-TEMPS-POUR-TOUT-INTE-10-1024x643.jpg 1024w, https:\/\/festival-livre-jeunesse.fr\/2021\/wp-content\/uploads\/2020\/12\/UN-TEMPS-POUR-TOUT-INTE-10-1273x800.jpg 1273w, https:\/\/festival-livre-jeunesse.fr\/2021\/wp-content\/uploads\/2020\/12\/UN-TEMPS-POUR-TOUT-INTE-10-768x483.jpg 768w, https:\/\/festival-livre-jeunesse.fr\/2021\/wp-content\/uploads\/2020\/12\/UN-TEMPS-POUR-TOUT-INTE-10-1536x965.jpg 1536w, https:\/\/festival-livre-jeunesse.fr\/2021\/wp-content\/uploads\/2020\/12\/UN-TEMPS-POUR-TOUT-INTE-10-2048x1287.jpg 2048w\" sizes=\"(max-width: 2362px) 100vw, 2362px\" \/><\/a><\/figure><div class=\"elementor-image-box-content\"><h1 class=\"elementor-image-box-title\"><a href=\"http:\/\/festival-livre-jeunesse.fr\/2021\/expositions\/\">expositions<br><\/a><\/h1><p class=\"elementor-image-box-description\">Laurent Moreau \u00e0 l'Espace Bonnefoy,  Regis Lejonc \u00e0  St Orens de gameville, Joanna Concejo \u00e0 l'Insp\u00e9, \nRomain Bernard \u00e0 Toulouse M\u00e9tropole\u200b<\/p><\/div><\/div>\t\t\t\t<\/div>\n\t\t\t\t<\/div>\n\t\t\t\t\t<\/div>\n\t\t<\/div>\n\t\t\t\t<div class=\"elementor-column elementor-col-20 elementor-top-column elementor-element elementor-element-61c7723\" data-id=\"61c7723\" data-element_type=\"column\" data-e-type=\"column\">\n\t\t\t<div class=\"elementor-widget-wrap elementor-element-populated\">\n\t\t\t\t\t\t<div class=\"elementor-element elementor-element-09b6505 elementor-widget elementor-widget-image\" data-id=\"09b6505\" data-element_type=\"widget\" data-e-type=\"widget\" data-widget_type=\"image.default\">\n\t\t\t\t<div class=\"elementor-widget-container\">\n\t\t\t\t\t\t\t\t\t\t\t\t\t\t\t<img decoding=\"async\" width=\"1046\" height=\"800\" src=\"https:\/\/festival-livre-jeunesse.fr\/2021\/wp-content\/uploads\/2020\/12\/83567546_605004473616404_7166390900334002176_o-1046x800.jpg\" class=\"attachment-large size-large wp-image-3038\" alt=\"\" srcset=\"https:\/\/festival-livre-jeunesse.fr\/2021\/wp-content\/uploads\/2020\/12\/83567546_605004473616404_7166390900334002176_o-1046x800.jpg 1046w, https:\/\/festival-livre-jeunesse.fr\/2021\/wp-content\/uploads\/2020\/12\/83567546_605004473616404_7166390900334002176_o-1536x1175.jpg 1536w\" sizes=\"(max-width: 1046px) 100vw, 1046px\" \/>\t\t\t\t\t\t\t\t\t\t\t\t\t\t\t<\/div>\n\t\t\t\t<\/div>\n\t\t\t\t<div class=\"elementor-element elementor-element-6dbb8cb elementor-widget elementor-widget-image-box\" data-id=\"6dbb8cb\" data-element_type=\"widget\" data-e-type=\"widget\" data-widget_type=\"image-box.default\">\n\t\t\t\t<div class=\"elementor-widget-container\">\n\t\t\t\t\t<div class=\"elementor-image-box-wrapper\"><div class=\"elementor-image-box-content\"><h1 class=\"elementor-image-box-title\">lectures-spectacle<\/h1><p class=\"elementor-image-box-description\"><span style=\"font-size: 13px;font-style: normal;font-weight: 400\">Lecture po\u00e9tique, lecture musicalis\u00e9e, lecture dans\u00e9e et th\u00e9\u00e2tre d\u2019objet...<\/span><\/p><\/div><\/div>\t\t\t\t<\/div>\n\t\t\t\t<\/div>\n\t\t\t\t\t<\/div>\n\t\t<\/div>\n\t\t\t\t<div class=\"elementor-column elementor-col-20 elementor-top-column elementor-element elementor-element-ac3122a\" data-id=\"ac3122a\" data-element_type=\"column\" data-e-type=\"column\">\n\t\t\t<div class=\"elementor-widget-wrap elementor-element-populated\">\n\t\t\t\t\t\t<div class=\"elementor-element elementor-element-f1e5fa2 elementor-position-top elementor-widget elementor-widget-image-box\" data-id=\"f1e5fa2\" data-element_type=\"widget\" data-e-type=\"widget\" data-widget_type=\"image-box.default\">\n\t\t\t\t<div class=\"elementor-widget-container\">\n\t\t\t\t\t<div class=\"elementor-image-box-wrapper\"><figure class=\"elementor-image-box-img\"><img decoding=\"async\" width=\"1053\" height=\"594\" src=\"https:\/\/festival-livre-jeunesse.fr\/2021\/wp-content\/uploads\/2020\/12\/83567546_605004473616404_7166390900334002176_o-e1609366552904.jpg\" class=\"elementor-animation-grow attachment-full size-full wp-image-3038\" alt=\"\" srcset=\"https:\/\/festival-livre-jeunesse.fr\/2021\/wp-content\/uploads\/2020\/12\/83567546_605004473616404_7166390900334002176_o-e1609366552904.jpg 1053w, https:\/\/festival-livre-jeunesse.fr\/2021\/wp-content\/uploads\/2020\/12\/83567546_605004473616404_7166390900334002176_o-e1609366552904-1024x578.jpg 1024w, https:\/\/festival-livre-jeunesse.fr\/2021\/wp-content\/uploads\/2020\/12\/83567546_605004473616404_7166390900334002176_o-e1609366552904-768x433.jpg 768w\" sizes=\"(max-width: 1053px) 100vw, 1053px\" \/><\/figure><div class=\"elementor-image-box-content\"><h1 class=\"elementor-image-box-title\">rencontres d'auteur<\/h1><\/div><\/div>\t\t\t\t<\/div>\n\t\t\t\t<\/div>\n\t\t\t\t\t<\/div>\n\t\t<\/div>\n\t\t\t\t<div class=\"elementor-column elementor-col-20 elementor-top-column elementor-element elementor-element-8ed8d69\" data-id=\"8ed8d69\" data-element_type=\"column\" data-e-type=\"column\">\n\t\t\t<div class=\"elementor-widget-wrap\">\n\t\t\t\t\t\t\t<\/div>\n\t\t<\/div>\n\t\t\t\t\t<\/div>\n\t\t<\/section>\n\t\t\t\t<\/div>\n\t\t","protected":false},"excerpt":{"rendered":"<p>hors-les-murs Si le c\u0153ur du festival se situe durant 3 jours au lyc\u00e9e Pierre-Paul Riquet de Saint-Orens de Gameville,diverses actions hors les murs ont lieu en amont du festival dans plusieurs communes de l\u2019agglom\u00e9ration toulousaine. Ces communes accueillent : des expositions, des rencontres d&rsquo;auteurs en librairie, des ateliers d&rsquo;illustration, des ateliers d&rsquo;\u00e9criture, des lectures, des &hellip;<\/p>\n<p class=\"read-more\"> <a class=\"\" href=\"https:\/\/festival-livre-jeunesse.fr\/2021\/19eme-edition\/hors-les-murs\/\"> <span class=\"screen-reader-text\">Hors-les-murs<\/span> Lire la suite\u00a0\u00bb<\/a><\/p>\n","protected":false},"author":1,"featured_media":0,"parent":732,"menu_order":0,"comment_status":"closed","ping_status":"closed","template":"","meta":{"_uag_custom_page_level_css":"","footnotes":""},"class_list":["post-2678","page","type-page","status-publish","hentry"],"yoast_head":"<!-- This site is optimized with the Yoast SEO plugin v25.3.1 - https:\/\/yoast.com\/wordpress\/plugins\/seo\/ -->\n<title>Hors-les-murs - Festival du Livre de Jeunesse Occitanie<\/title>\n<meta name=\"robots\" content=\"index, follow, max-snippet:-1, max-image-preview:large, max-video-preview:-1\" \/>\n<link rel=\"canonical\" href=\"https:\/\/festival-livre-jeunesse.fr\/2021\/19eme-edition\/hors-les-murs\/\" \/>\n<meta property=\"og:locale\" content=\"fr_FR\" \/>\n<meta property=\"og:type\" content=\"article\" \/>\n<meta property=\"og:title\" content=\"Hors-les-murs - Festival du Livre de Jeunesse Occitanie\" \/>\n<meta property=\"og:description\" content=\"hors-les-murs Si le c\u0153ur du festival se situe durant 3 jours au lyc\u00e9e Pierre-Paul Riquet de Saint-Orens de Gameville,diverses actions hors les murs ont lieu en amont du festival dans plusieurs communes de l\u2019agglom\u00e9ration toulousaine. Ces communes accueillent : des expositions, des rencontres d&rsquo;auteurs en librairie, des ateliers d&rsquo;illustration, des ateliers d&rsquo;\u00e9criture, des lectures, des &hellip; Hors-les-murs Lire la suite\u00a0\u00bb\" \/>\n<meta property=\"og:url\" content=\"https:\/\/festival-livre-jeunesse.fr\/2021\/19eme-edition\/hors-les-murs\/\" \/>\n<meta property=\"og:site_name\" content=\"Festival du Livre de Jeunesse Occitanie\" \/>\n<meta property=\"article:modified_time\" content=\"2020-12-07T16:56:26+00:00\" \/>\n<meta property=\"og:image\" content=\"http:\/\/festival-livre-jeunesse.fr\/2021\/wp-content\/uploads\/2020\/12\/UN-TEMPS-POUR-TOUT-INTE-10.jpg\" \/>\n<meta name=\"twitter:card\" content=\"summary_large_image\" \/>\n<script type=\"application\/ld+json\" class=\"yoast-schema-graph\">{\"@context\":\"https:\/\/schema.org\",\"@graph\":[{\"@type\":\"WebPage\",\"@id\":\"https:\/\/festival-livre-jeunesse.fr\/2021\/19eme-edition\/hors-les-murs\/\",\"url\":\"https:\/\/festival-livre-jeunesse.fr\/2021\/19eme-edition\/hors-les-murs\/\",\"name\":\"Hors-les-murs - Festival du Livre de Jeunesse Occitanie\",\"isPartOf\":{\"@id\":\"https:\/\/festival-livre-jeunesse.fr\/2021\/#website\"},\"primaryImageOfPage\":{\"@id\":\"https:\/\/festival-livre-jeunesse.fr\/2021\/19eme-edition\/hors-les-murs\/#primaryimage\"},\"image\":{\"@id\":\"https:\/\/festival-livre-jeunesse.fr\/2021\/19eme-edition\/hors-les-murs\/#primaryimage\"},\"thumbnailUrl\":\"http:\/\/festival-livre-jeunesse.fr\/2021\/wp-content\/uploads\/2020\/12\/UN-TEMPS-POUR-TOUT-INTE-10.jpg\",\"datePublished\":\"2020-11-25T21:11:17+00:00\",\"dateModified\":\"2020-12-07T16:56:26+00:00\",\"breadcrumb\":{\"@id\":\"https:\/\/festival-livre-jeunesse.fr\/2021\/19eme-edition\/hors-les-murs\/#breadcrumb\"},\"inLanguage\":\"fr-FR\",\"potentialAction\":[{\"@type\":\"ReadAction\",\"target\":[\"https:\/\/festival-livre-jeunesse.fr\/2021\/19eme-edition\/hors-les-murs\/\"]}]},{\"@type\":\"ImageObject\",\"inLanguage\":\"fr-FR\",\"@id\":\"https:\/\/festival-livre-jeunesse.fr\/2021\/19eme-edition\/hors-les-murs\/#primaryimage\",\"url\":\"http:\/\/festival-livre-jeunesse.fr\/2021\/wp-content\/uploads\/2020\/12\/UN-TEMPS-POUR-TOUT-INTE-10.jpg\",\"contentUrl\":\"http:\/\/festival-livre-jeunesse.fr\/2021\/wp-content\/uploads\/2020\/12\/UN-TEMPS-POUR-TOUT-INTE-10.jpg\"},{\"@type\":\"BreadcrumbList\",\"@id\":\"https:\/\/festival-livre-jeunesse.fr\/2021\/19eme-edition\/hors-les-murs\/#breadcrumb\",\"itemListElement\":[{\"@type\":\"ListItem\",\"position\":1,\"name\":\"Accueil\",\"item\":\"https:\/\/festival-livre-jeunesse.fr\/2021\/\"},{\"@type\":\"ListItem\",\"position\":2,\"name\":\"19\u00e8me \u00e9dition\",\"item\":\"https:\/\/festival-livre-jeunesse.fr\/2021\/19eme-edition\/\"},{\"@type\":\"ListItem\",\"position\":3,\"name\":\"Hors-les-murs\"}]},{\"@type\":\"WebSite\",\"@id\":\"https:\/\/festival-livre-jeunesse.fr\/2021\/#website\",\"url\":\"https:\/\/festival-livre-jeunesse.fr\/2021\/\",\"name\":\"Festival du Livre de Jeunesse Occitanie\",\"description\":\"19\u00e8me \u00e9dition\",\"potentialAction\":[{\"@type\":\"SearchAction\",\"target\":{\"@type\":\"EntryPoint\",\"urlTemplate\":\"https:\/\/festival-livre-jeunesse.fr\/2021\/?s={search_term_string}\"},\"query-input\":{\"@type\":\"PropertyValueSpecification\",\"valueRequired\":true,\"valueName\":\"search_term_string\"}}],\"inLanguage\":\"fr-FR\"}]}<\/script>\n<!-- \/ Yoast SEO plugin. -->","yoast_head_json":{"title":"Hors-les-murs - Festival du Livre de Jeunesse Occitanie","robots":{"index":"index","follow":"follow","max-snippet":"max-snippet:-1","max-image-preview":"max-image-preview:large","max-video-preview":"max-video-preview:-1"},"canonical":"https:\/\/festival-livre-jeunesse.fr\/2021\/19eme-edition\/hors-les-murs\/","og_locale":"fr_FR","og_type":"article","og_title":"Hors-les-murs - Festival du Livre de Jeunesse Occitanie","og_description":"hors-les-murs Si le c\u0153ur du festival se situe durant 3 jours au lyc\u00e9e Pierre-Paul Riquet de Saint-Orens de Gameville,diverses actions hors les murs ont lieu en amont du festival dans plusieurs communes de l\u2019agglom\u00e9ration toulousaine. Ces communes accueillent : des expositions, des rencontres d&rsquo;auteurs en librairie, des ateliers d&rsquo;illustration, des ateliers d&rsquo;\u00e9criture, des lectures, des &hellip; Hors-les-murs Lire la suite\u00a0\u00bb","og_url":"https:\/\/festival-livre-jeunesse.fr\/2021\/19eme-edition\/hors-les-murs\/","og_site_name":"Festival du Livre de Jeunesse Occitanie","article_modified_time":"2020-12-07T16:56:26+00:00","og_image":[{"url":"http:\/\/festival-livre-jeunesse.fr\/2021\/wp-content\/uploads\/2020\/12\/UN-TEMPS-POUR-TOUT-INTE-10.jpg","type":"","width":"","height":""}],"twitter_card":"summary_large_image","schema":{"@context":"https:\/\/schema.org","@graph":[{"@type":"WebPage","@id":"https:\/\/festival-livre-jeunesse.fr\/2021\/19eme-edition\/hors-les-murs\/","url":"https:\/\/festival-livre-jeunesse.fr\/2021\/19eme-edition\/hors-les-murs\/","name":"Hors-les-murs - Festival du Livre de Jeunesse Occitanie","isPartOf":{"@id":"https:\/\/festival-livre-jeunesse.fr\/2021\/#website"},"primaryImageOfPage":{"@id":"https:\/\/festival-livre-jeunesse.fr\/2021\/19eme-edition\/hors-les-murs\/#primaryimage"},"image":{"@id":"https:\/\/festival-livre-jeunesse.fr\/2021\/19eme-edition\/hors-les-murs\/#primaryimage"},"thumbnailUrl":"http:\/\/festival-livre-jeunesse.fr\/2021\/wp-content\/uploads\/2020\/12\/UN-TEMPS-POUR-TOUT-INTE-10.jpg","datePublished":"2020-11-25T21:11:17+00:00","dateModified":"2020-12-07T16:56:26+00:00","breadcrumb":{"@id":"https:\/\/festival-livre-jeunesse.fr\/2021\/19eme-edition\/hors-les-murs\/#breadcrumb"},"inLanguage":"fr-FR","potentialAction":[{"@type":"ReadAction","target":["https:\/\/festival-livre-jeunesse.fr\/2021\/19eme-edition\/hors-les-murs\/"]}]},{"@type":"ImageObject","inLanguage":"fr-FR","@id":"https:\/\/festival-livre-jeunesse.fr\/2021\/19eme-edition\/hors-les-murs\/#primaryimage","url":"http:\/\/festival-livre-jeunesse.fr\/2021\/wp-content\/uploads\/2020\/12\/UN-TEMPS-POUR-TOUT-INTE-10.jpg","contentUrl":"http:\/\/festival-livre-jeunesse.fr\/2021\/wp-content\/uploads\/2020\/12\/UN-TEMPS-POUR-TOUT-INTE-10.jpg"},{"@type":"BreadcrumbList","@id":"https:\/\/festival-livre-jeunesse.fr\/2021\/19eme-edition\/hors-les-murs\/#breadcrumb","itemListElement":[{"@type":"ListItem","position":1,"name":"Accueil","item":"https:\/\/festival-livre-jeunesse.fr\/2021\/"},{"@type":"ListItem","position":2,"name":"19\u00e8me \u00e9dition","item":"https:\/\/festival-livre-jeunesse.fr\/2021\/19eme-edition\/"},{"@type":"ListItem","position":3,"name":"Hors-les-murs"}]},{"@type":"WebSite","@id":"https:\/\/festival-livre-jeunesse.fr\/2021\/#website","url":"https:\/\/festival-livre-jeunesse.fr\/2021\/","name":"Festival du Livre de Jeunesse Occitanie","description":"19\u00e8me \u00e9dition","potentialAction":[{"@type":"SearchAction","target":{"@type":"EntryPoint","urlTemplate":"https:\/\/festival-livre-jeunesse.fr\/2021\/?s={search_term_string}"},"query-input":{"@type":"PropertyValueSpecification","valueRequired":true,"valueName":"search_term_string"}}],"inLanguage":"fr-FR"}]}},"uagb_featured_image_src":{"full":false,"thumbnail":false,"medium":false,"medium_large":false,"large":false,"1536x1536":false,"2048x2048":false},"uagb_author_info":{"display_name":"festival","author_link":"https:\/\/festival-livre-jeunesse.fr\/2021\/author\/festival\/"},"uagb_comment_info":0,"uagb_excerpt":"hors-les-murs Si le c\u0153ur du festival se situe durant 3 jours au lyc\u00e9e Pierre-Paul Riquet de Saint-Orens de Gameville,diverses actions hors les murs ont lieu en amont du festival dans plusieurs communes de l\u2019agglom\u00e9ration toulousaine. Ces communes accueillent : des expositions, des rencontres d&rsquo;auteurs en librairie, des ateliers d&rsquo;illustration, des ateliers d&rsquo;\u00e9criture, des lectures, des\u2026","_links":{"self":[{"href":"https:\/\/festival-livre-jeunesse.fr\/2021\/wp-json\/wp\/v2\/pages\/2678","targetHints":{"allow":["GET"]}}],"collection":[{"href":"https:\/\/festival-livre-jeunesse.fr\/2021\/wp-json\/wp\/v2\/pages"}],"about":[{"href":"https:\/\/festival-livre-jeunesse.fr\/2021\/wp-json\/wp\/v2\/types\/page"}],"author":[{"embeddable":true,"href":"https:\/\/festival-livre-jeunesse.fr\/2021\/wp-json\/wp\/v2\/users\/1"}],"replies":[{"embeddable":true,"href":"https:\/\/festival-livre-jeunesse.fr\/2021\/wp-json\/wp\/v2\/comments?post=2678"}],"version-history":[{"count":58,"href":"https:\/\/festival-livre-jeunesse.fr\/2021\/wp-json\/wp\/v2\/pages\/2678\/revisions"}],"predecessor-version":[{"id":3314,"href":"https:\/\/festival-livre-jeunesse.fr\/2021\/wp-json\/wp\/v2\/pages\/2678\/revisions\/3314"}],"up":[{"embeddable":true,"href":"https:\/\/festival-livre-jeunesse.fr\/2021\/wp-json\/wp\/v2\/pages\/732"}],"wp:attachment":[{"href":"https:\/\/festival-livre-jeunesse.fr\/2021\/wp-json\/wp\/v2\/media?parent=2678"}],"curies":[{"name":"wp","href":"https:\/\/api.w.org\/{rel}","templated":true}]}}