{"id":2897,"date":"2020-12-01T10:45:47","date_gmt":"2020-12-01T09:45:47","guid":{"rendered":"http:\/\/festival-livre-jeunesse.fr\/2021\/?page_id=2897"},"modified":"2020-12-03T19:58:22","modified_gmt":"2020-12-03T18:58:22","slug":"lectures","status":"publish","type":"page","link":"https:\/\/festival-livre-jeunesse.fr\/2021\/19eme-edition\/hors-les-murs\/lectures\/","title":{"rendered":"lectures"},"content":{"rendered":"\t\t<div data-elementor-type=\"wp-page\" data-elementor-id=\"2897\" class=\"elementor elementor-2897\">\n\t\t\t\t\t\t<section class=\"elementor-section elementor-top-section elementor-element elementor-element-98a6f45 elementor-section-boxed elementor-section-height-default elementor-section-height-default\" data-id=\"98a6f45\" data-element_type=\"section\" data-e-type=\"section\">\n\t\t\t\t\t\t<div class=\"elementor-container elementor-column-gap-default\">\n\t\t\t\t\t<div class=\"elementor-column elementor-col-100 elementor-top-column elementor-element elementor-element-96c06b1\" data-id=\"96c06b1\" data-element_type=\"column\" data-e-type=\"column\">\n\t\t\t<div class=\"elementor-widget-wrap elementor-element-populated\">\n\t\t\t\t\t\t<div class=\"elementor-element elementor-element-73fb1cf elementor-widget elementor-widget-heading\" data-id=\"73fb1cf\" data-element_type=\"widget\" data-e-type=\"widget\" data-widget_type=\"heading.default\">\n\t\t\t\t<div class=\"elementor-widget-container\">\n\t\t\t\t\t<h2 class=\"elementor-heading-title elementor-size-default\">lectures<\/h2>\t\t\t\t<\/div>\n\t\t\t\t<\/div>\n\t\t\t\t\t<\/div>\n\t\t<\/div>\n\t\t\t\t\t<\/div>\n\t\t<\/section>\n\t\t\t\t<section class=\"elementor-section elementor-top-section elementor-element elementor-element-f9f4f76 elementor-section-boxed elementor-section-height-default elementor-section-height-default\" data-id=\"f9f4f76\" data-element_type=\"section\" data-e-type=\"section\">\n\t\t\t\t\t\t<div class=\"elementor-container elementor-column-gap-default\">\n\t\t\t\t\t<div class=\"elementor-column elementor-col-25 elementor-top-column elementor-element elementor-element-473fd99\" data-id=\"473fd99\" data-element_type=\"column\" data-e-type=\"column\">\n\t\t\t<div class=\"elementor-widget-wrap\">\n\t\t\t\t\t\t\t<\/div>\n\t\t<\/div>\n\t\t\t\t<div class=\"elementor-column elementor-col-25 elementor-top-column elementor-element elementor-element-c96805d\" data-id=\"c96805d\" data-element_type=\"column\" data-e-type=\"column\">\n\t\t\t<div class=\"elementor-widget-wrap elementor-element-populated\">\n\t\t\t\t\t\t<div class=\"elementor-element elementor-element-2fa3f6b elementor-widget elementor-widget-image\" data-id=\"2fa3f6b\" data-element_type=\"widget\" data-e-type=\"widget\" data-widget_type=\"image.default\">\n\t\t\t\t<div class=\"elementor-widget-container\">\n\t\t\t\t\t\t\t\t\t\t\t\t\t\t\t<img fetchpriority=\"high\" decoding=\"async\" width=\"400\" height=\"517\" src=\"https:\/\/festival-livre-jeunesse.fr\/2021\/wp-content\/uploads\/2020\/12\/Poemes-pour-affronter-le-beau-temps.jpg\" class=\"attachment-full size-full wp-image-2904\" alt=\"\" \/>\t\t\t\t\t\t\t\t\t\t\t\t\t\t\t<\/div>\n\t\t\t\t<\/div>\n\t\t\t\t\t<\/div>\n\t\t<\/div>\n\t\t\t\t<div class=\"elementor-column elementor-col-25 elementor-top-column elementor-element elementor-element-d2e495b\" data-id=\"d2e495b\" data-element_type=\"column\" data-e-type=\"column\">\n\t\t\t<div class=\"elementor-widget-wrap elementor-element-populated\">\n\t\t\t\t\t\t<div class=\"elementor-element elementor-element-6cbaaa1 elementor-widget elementor-widget-heading\" data-id=\"6cbaaa1\" data-element_type=\"widget\" data-e-type=\"widget\" data-widget_type=\"heading.default\">\n\t\t\t\t<div class=\"elementor-widget-container\">\n\t\t\t\t\t<h2 class=\"elementor-heading-title elementor-size-default\"><span style=\"font-weight: 700;font-size: 20px;font-style: normal;text-align: center;text-transform: none;white-space: normal\">PO\u00c8MES  pour AFFRONTER le BEAU TEMPS<\/span><\/h2>\t\t\t\t<\/div>\n\t\t\t\t<\/div>\n\t\t\t\t<div class=\"elementor-element elementor-element-f47ae8e elementor-widget elementor-widget-text-editor\" data-id=\"f47ae8e\" data-element_type=\"widget\" data-e-type=\"widget\" data-widget_type=\"text-editor.default\">\n\t\t\t\t<div class=\"elementor-widget-container\">\n\t\t\t\t\t\t\t\t\t<p>Ces\u00a0<b>Po\u00e8mes pour affronter le beau temps &amp; profiter du mauvais<\/b>\u00a0sont des consid\u00e9rations humoristiques sur le temps qui passe et la scansion des saisons. La forme r\u00e9pond au fond du texte : ainsi le mot tunnel devient-il graphique gra\u0302ce a\u0300 deux -nn- agrandis. Le mauvais temps, quant a\u0300 lui, s\u2019e\u0301crit en gouttes de pluie.<\/p><p><br \/>Ces po\u00e8mes peuvent \u00eatre lus par tous les temps, en toutes saisons et a\u0300 partir de sept ans.<\/p>\t\t\t\t\t\t\t\t<\/div>\n\t\t\t\t<\/div>\n\t\t\t\t\t<\/div>\n\t\t<\/div>\n\t\t\t\t<div class=\"elementor-column elementor-col-25 elementor-top-column elementor-element elementor-element-c07e82c\" data-id=\"c07e82c\" data-element_type=\"column\" data-e-type=\"column\">\n\t\t\t<div class=\"elementor-widget-wrap elementor-element-populated\">\n\t\t\t\t\t\t<div class=\"elementor-element elementor-element-b71d89f elementor-widget elementor-widget-image\" data-id=\"b71d89f\" data-element_type=\"widget\" data-e-type=\"widget\" data-widget_type=\"image.default\">\n\t\t\t\t<div class=\"elementor-widget-container\">\n\t\t\t\t\t\t\t\t\t\t\t\t\t\t\t<img decoding=\"async\" width=\"280\" height=\"350\" src=\"https:\/\/festival-livre-jeunesse.fr\/2021\/wp-content\/uploads\/2020\/09\/Pierre-Soletti-1.png\" class=\"attachment-large size-large wp-image-1633\" alt=\"\" \/>\t\t\t\t\t\t\t\t\t\t\t\t\t\t\t<\/div>\n\t\t\t\t<\/div>\n\t\t\t\t\t<\/div>\n\t\t<\/div>\n\t\t\t\t\t<\/div>\n\t\t<\/section>\n\t\t\t\t<section class=\"elementor-section elementor-top-section elementor-element elementor-element-6c64a90 elementor-section-boxed elementor-section-height-default elementor-section-height-default\" data-id=\"6c64a90\" data-element_type=\"section\" data-e-type=\"section\">\n\t\t\t\t\t\t<div class=\"elementor-container elementor-column-gap-default\">\n\t\t\t\t\t<div class=\"elementor-column elementor-col-25 elementor-top-column elementor-element elementor-element-99313a6\" data-id=\"99313a6\" data-element_type=\"column\" data-e-type=\"column\">\n\t\t\t<div class=\"elementor-widget-wrap\">\n\t\t\t\t\t\t\t<\/div>\n\t\t<\/div>\n\t\t\t\t<div class=\"elementor-column elementor-col-25 elementor-top-column elementor-element elementor-element-0f49a4f\" data-id=\"0f49a4f\" data-element_type=\"column\" data-e-type=\"column\">\n\t\t\t<div class=\"elementor-widget-wrap elementor-element-populated\">\n\t\t\t\t\t\t<div class=\"elementor-element elementor-element-f8d5508 elementor-widget elementor-widget-heading\" data-id=\"f8d5508\" data-element_type=\"widget\" data-e-type=\"widget\" data-widget_type=\"heading.default\">\n\t\t\t\t<div class=\"elementor-widget-container\">\n\t\t\t\t\t<h2 class=\"elementor-heading-title elementor-size-default\"><span style=\"font-weight: 700;font-size: 20px;font-style: normal;text-transform: none;white-space: normal\">LA S\u0152UR CAPRICIEUSE DE L\u2019EAU DU FLEUVE<\/span><\/h2>\t\t\t\t<\/div>\n\t\t\t\t<\/div>\n\t\t\t\t<div class=\"elementor-element elementor-element-b52092f elementor-widget elementor-widget-text-editor\" data-id=\"b52092f\" data-element_type=\"widget\" data-e-type=\"widget\" data-widget_type=\"text-editor.default\">\n\t\t\t\t<div class=\"elementor-widget-container\">\n\t\t\t\t\t\t\t\t\t<p><strong>Silvia Lopez Cabaco et Gabriel Galotti<\/strong><\/p><p><b>Lecture dans\u00e9e et th\u00e9\u00e2tre d\u2019objet<\/b><\/p><p>\u00a0<\/p><p>L\u2019eau de mer, c\u2019est la s\u0153ur capricieuse de l\u2019eau douce. Elle est la jumelle rebelle et r\u00e9volt\u00e9e, turbulente et espi\u00e8gle. C\u2019\u00e9tait pr\u00e9cis\u00e9ment\u00a0 pour vouloir contrarier sa s\u0153ur que l\u2019eau de mer a le go\u00fbt sal\u00e9 que nous connaissons. Mais cela n\u2019a pas toujours \u00e9t\u00e9 le cas, avant d\u2019\u00eatre sal\u00e9e, l\u2019eau de mer \u00e9tait identique \u00e0 l\u2019eau de fleuve&#8230;<\/p><p>\u00a0<\/p><p>Public : A partir de 6 ans<\/p><p>Dur\u00e9e : 30 minutes<\/p>\t\t\t\t\t\t\t\t<\/div>\n\t\t\t\t<\/div>\n\t\t\t\t\t<\/div>\n\t\t<\/div>\n\t\t\t\t<div class=\"elementor-column elementor-col-25 elementor-top-column elementor-element elementor-element-28be7db\" data-id=\"28be7db\" data-element_type=\"column\" data-e-type=\"column\">\n\t\t\t<div class=\"elementor-widget-wrap elementor-element-populated\">\n\t\t\t\t\t\t<div class=\"elementor-element elementor-element-016445d elementor-widget elementor-widget-image\" data-id=\"016445d\" data-element_type=\"widget\" data-e-type=\"widget\" data-widget_type=\"image.default\">\n\t\t\t\t<div class=\"elementor-widget-container\">\n\t\t\t\t\t\t\t\t\t\t\t\t\t\t\t<img decoding=\"async\" src=\"http:\/\/festival-livre-jeunesse.fr\/2021\/wp-content\/uploads\/2020\/12\/silvialcabaco.jpg\" title=\"\" alt=\"\" loading=\"lazy\" \/>\t\t\t\t\t\t\t\t\t\t\t\t\t\t\t<\/div>\n\t\t\t\t<\/div>\n\t\t\t\t<div class=\"elementor-element elementor-element-bcf14b9 elementor-widget elementor-widget-image\" data-id=\"bcf14b9\" data-element_type=\"widget\" data-e-type=\"widget\" data-widget_type=\"image.default\">\n\t\t\t\t<div class=\"elementor-widget-container\">\n\t\t\t\t\t\t\t\t\t\t\t\t\t\t\t<img decoding=\"async\" width=\"230\" height=\"173\" src=\"https:\/\/festival-livre-jeunesse.fr\/2021\/wp-content\/uploads\/2020\/12\/Gabriel-Galeoti.jpg\" class=\"attachment-large size-large wp-image-2913\" alt=\"\" \/>\t\t\t\t\t\t\t\t\t\t\t\t\t\t\t<\/div>\n\t\t\t\t<\/div>\n\t\t\t\t\t<\/div>\n\t\t<\/div>\n\t\t\t\t<div class=\"elementor-column elementor-col-25 elementor-top-column elementor-element elementor-element-8b10787\" data-id=\"8b10787\" data-element_type=\"column\" data-e-type=\"column\">\n\t\t\t<div class=\"elementor-widget-wrap elementor-element-populated\">\n\t\t\t\t\t\t<div class=\"elementor-element elementor-element-46c76e9 elementor-widget elementor-widget-text-editor\" data-id=\"46c76e9\" data-element_type=\"widget\" data-e-type=\"widget\" data-widget_type=\"text-editor.default\">\n\t\t\t\t<div class=\"elementor-widget-container\">\n\t\t\t\t\t\t\t\t\t<p><strong>Silvia L. Cabaco<\/strong> a grandi en Extremadure, Espagne. Apr\u00e8s avoir obtenu son dipl\u00f4me en Beaux-Arts, elle a continu\u00e9 ses \u00e9tudes d&rsquo;arts plastiques en faisant un doctorat en cr\u00e9ation, investigation et enseignement \u00e0 l&rsquo;universit\u00e9 Complutense de Madrid. Depuis 2012, elle habite \u00e0 Toulouse o\u00f9 elle concilie son travail d&rsquo;illustratrice\/autrice avec d&rsquo;autres projets multidisciplinaires d&rsquo;art et th\u00e9\u00e2tre.<\/p><p>Elle a illustr\u00e9 plusieurs ouvrages pour la jeunesse\u00a0<i>Un monde \u00e0 tomber par terre<\/i>\u00a0(A2Mimo),\u00a0<i>Tout le monde a un pyjama sauf moi<\/i>\u00a0(Mouck),\u00a0<i>Buh<\/i><i> !<\/i>\u00a0et\u00a0<i>El baile <\/i><i>del<\/i> <i>ciempi\u00e9s<\/i>\u00a0(SieteLeguas) et a collabor\u00e9 avec diff\u00e9rentes maisons d&rsquo;\u00e9ditions espagnoles (Anaya, Santillana, Edelvives, Bru\u00f1o).<\/p><p>\u00a0<\/p><p>\u00a0<\/p><p><strong>Gabriel Galeotti<\/strong><\/p><p>Argentin, Gabriel Galeotti est danseur et chor\u00e9graphe. Il vit \u00e0 Toulouse depuis 2011.<\/p><p>Il s\u2019est form\u00e9 \u00e0 la danse contemporaine en Argentine, puis a travaill\u00e9 en Espagne, en Italie et en France.<\/p><p>A Toulouse il a suivi une formation pour enseigner la danse \u00e0 des public particuliers, comme les personnes \u00e2g\u00e9es ; il intervient actuellement dans des Ehpad (\u00e9tablissements d\u2019h\u00e9bergement pour personnes \u00e2g\u00e9es d\u00e9pendantes) o\u00f9 il anime des ateliers de danse pour les r\u00e9sidents.<\/p>\t\t\t\t\t\t\t\t<\/div>\n\t\t\t\t<\/div>\n\t\t\t\t\t<\/div>\n\t\t<\/div>\n\t\t\t\t\t<\/div>\n\t\t<\/section>\n\t\t\t\t<\/div>\n\t\t","protected":false},"excerpt":{"rendered":"<p>lectures PO\u00c8MES pour AFFRONTER le BEAU TEMPS Ces\u00a0Po\u00e8mes pour affronter le beau temps &amp; profiter du mauvais\u00a0sont des consid\u00e9rations humoristiques sur le temps qui passe et la scansion des saisons. La forme r\u00e9pond au fond du texte : ainsi le mot tunnel devient-il graphique gra\u0302ce a\u0300 deux -nn- agrandis. Le mauvais temps, quant a\u0300 lui, &hellip;<\/p>\n<p class=\"read-more\"> <a class=\"\" href=\"https:\/\/festival-livre-jeunesse.fr\/2021\/19eme-edition\/hors-les-murs\/lectures\/\"> <span class=\"screen-reader-text\">lectures<\/span> Lire la suite\u00a0\u00bb<\/a><\/p>\n","protected":false},"author":1,"featured_media":0,"parent":2678,"menu_order":0,"comment_status":"closed","ping_status":"closed","template":"","meta":{"_uag_custom_page_level_css":"","footnotes":""},"class_list":["post-2897","page","type-page","status-publish","hentry"],"yoast_head":"<!-- This site is optimized with the Yoast SEO plugin v25.3.1 - https:\/\/yoast.com\/wordpress\/plugins\/seo\/ -->\n<title>lectures - Festival du Livre de Jeunesse Occitanie<\/title>\n<meta name=\"robots\" content=\"index, follow, max-snippet:-1, max-image-preview:large, max-video-preview:-1\" \/>\n<link rel=\"canonical\" href=\"https:\/\/festival-livre-jeunesse.fr\/2021\/19eme-edition\/hors-les-murs\/lectures\/\" \/>\n<meta property=\"og:locale\" content=\"fr_FR\" \/>\n<meta property=\"og:type\" content=\"article\" \/>\n<meta property=\"og:title\" content=\"lectures - Festival du Livre de Jeunesse Occitanie\" \/>\n<meta property=\"og:description\" content=\"lectures PO\u00c8MES pour AFFRONTER le BEAU TEMPS Ces\u00a0Po\u00e8mes pour affronter le beau temps &amp; profiter du mauvais\u00a0sont des consid\u00e9rations humoristiques sur le temps qui passe et la scansion des saisons. La forme r\u00e9pond au fond du texte : ainsi le mot tunnel devient-il graphique gra\u0302ce a\u0300 deux -nn- agrandis. Le mauvais temps, quant a\u0300 lui, &hellip; lectures Lire la suite\u00a0\u00bb\" \/>\n<meta property=\"og:url\" content=\"https:\/\/festival-livre-jeunesse.fr\/2021\/19eme-edition\/hors-les-murs\/lectures\/\" \/>\n<meta property=\"og:site_name\" content=\"Festival du Livre de Jeunesse Occitanie\" \/>\n<meta property=\"article:modified_time\" content=\"2020-12-03T18:58:22+00:00\" \/>\n<meta property=\"og:image\" content=\"http:\/\/festival-livre-jeunesse.fr\/2021\/wp-content\/uploads\/2020\/12\/Poemes-pour-affronter-le-beau-temps.jpg\" \/>\n<meta name=\"twitter:card\" content=\"summary_large_image\" \/>\n<meta name=\"twitter:label1\" content=\"Dur\u00e9e de lecture estim\u00e9e\" \/>\n\t<meta name=\"twitter:data1\" content=\"2 minutes\" \/>\n<script type=\"application\/ld+json\" class=\"yoast-schema-graph\">{\"@context\":\"https:\/\/schema.org\",\"@graph\":[{\"@type\":\"WebPage\",\"@id\":\"https:\/\/festival-livre-jeunesse.fr\/2021\/19eme-edition\/hors-les-murs\/lectures\/\",\"url\":\"https:\/\/festival-livre-jeunesse.fr\/2021\/19eme-edition\/hors-les-murs\/lectures\/\",\"name\":\"lectures - Festival du Livre de Jeunesse Occitanie\",\"isPartOf\":{\"@id\":\"https:\/\/festival-livre-jeunesse.fr\/2021\/#website\"},\"primaryImageOfPage\":{\"@id\":\"https:\/\/festival-livre-jeunesse.fr\/2021\/19eme-edition\/hors-les-murs\/lectures\/#primaryimage\"},\"image\":{\"@id\":\"https:\/\/festival-livre-jeunesse.fr\/2021\/19eme-edition\/hors-les-murs\/lectures\/#primaryimage\"},\"thumbnailUrl\":\"http:\/\/festival-livre-jeunesse.fr\/2021\/wp-content\/uploads\/2020\/12\/Poemes-pour-affronter-le-beau-temps.jpg\",\"datePublished\":\"2020-12-01T09:45:47+00:00\",\"dateModified\":\"2020-12-03T18:58:22+00:00\",\"breadcrumb\":{\"@id\":\"https:\/\/festival-livre-jeunesse.fr\/2021\/19eme-edition\/hors-les-murs\/lectures\/#breadcrumb\"},\"inLanguage\":\"fr-FR\",\"potentialAction\":[{\"@type\":\"ReadAction\",\"target\":[\"https:\/\/festival-livre-jeunesse.fr\/2021\/19eme-edition\/hors-les-murs\/lectures\/\"]}]},{\"@type\":\"ImageObject\",\"inLanguage\":\"fr-FR\",\"@id\":\"https:\/\/festival-livre-jeunesse.fr\/2021\/19eme-edition\/hors-les-murs\/lectures\/#primaryimage\",\"url\":\"http:\/\/festival-livre-jeunesse.fr\/2021\/wp-content\/uploads\/2020\/12\/Poemes-pour-affronter-le-beau-temps.jpg\",\"contentUrl\":\"http:\/\/festival-livre-jeunesse.fr\/2021\/wp-content\/uploads\/2020\/12\/Poemes-pour-affronter-le-beau-temps.jpg\"},{\"@type\":\"BreadcrumbList\",\"@id\":\"https:\/\/festival-livre-jeunesse.fr\/2021\/19eme-edition\/hors-les-murs\/lectures\/#breadcrumb\",\"itemListElement\":[{\"@type\":\"ListItem\",\"position\":1,\"name\":\"Accueil\",\"item\":\"https:\/\/festival-livre-jeunesse.fr\/2021\/\"},{\"@type\":\"ListItem\",\"position\":2,\"name\":\"19\u00e8me \u00e9dition\",\"item\":\"https:\/\/festival-livre-jeunesse.fr\/2021\/19eme-edition\/\"},{\"@type\":\"ListItem\",\"position\":3,\"name\":\"Hors-les-murs\",\"item\":\"https:\/\/festival-livre-jeunesse.fr\/2021\/19eme-edition\/hors-les-murs\/\"},{\"@type\":\"ListItem\",\"position\":4,\"name\":\"lectures\"}]},{\"@type\":\"WebSite\",\"@id\":\"https:\/\/festival-livre-jeunesse.fr\/2021\/#website\",\"url\":\"https:\/\/festival-livre-jeunesse.fr\/2021\/\",\"name\":\"Festival du Livre de Jeunesse Occitanie\",\"description\":\"19\u00e8me \u00e9dition\",\"potentialAction\":[{\"@type\":\"SearchAction\",\"target\":{\"@type\":\"EntryPoint\",\"urlTemplate\":\"https:\/\/festival-livre-jeunesse.fr\/2021\/?s={search_term_string}\"},\"query-input\":{\"@type\":\"PropertyValueSpecification\",\"valueRequired\":true,\"valueName\":\"search_term_string\"}}],\"inLanguage\":\"fr-FR\"}]}<\/script>\n<!-- \/ Yoast SEO plugin. -->","yoast_head_json":{"title":"lectures - Festival du Livre de Jeunesse Occitanie","robots":{"index":"index","follow":"follow","max-snippet":"max-snippet:-1","max-image-preview":"max-image-preview:large","max-video-preview":"max-video-preview:-1"},"canonical":"https:\/\/festival-livre-jeunesse.fr\/2021\/19eme-edition\/hors-les-murs\/lectures\/","og_locale":"fr_FR","og_type":"article","og_title":"lectures - Festival du Livre de Jeunesse Occitanie","og_description":"lectures PO\u00c8MES pour AFFRONTER le BEAU TEMPS Ces\u00a0Po\u00e8mes pour affronter le beau temps &amp; profiter du mauvais\u00a0sont des consid\u00e9rations humoristiques sur le temps qui passe et la scansion des saisons. La forme r\u00e9pond au fond du texte : ainsi le mot tunnel devient-il graphique gra\u0302ce a\u0300 deux -nn- agrandis. Le mauvais temps, quant a\u0300 lui, &hellip; lectures Lire la suite\u00a0\u00bb","og_url":"https:\/\/festival-livre-jeunesse.fr\/2021\/19eme-edition\/hors-les-murs\/lectures\/","og_site_name":"Festival du Livre de Jeunesse Occitanie","article_modified_time":"2020-12-03T18:58:22+00:00","og_image":[{"url":"http:\/\/festival-livre-jeunesse.fr\/2021\/wp-content\/uploads\/2020\/12\/Poemes-pour-affronter-le-beau-temps.jpg","type":"","width":"","height":""}],"twitter_card":"summary_large_image","twitter_misc":{"Dur\u00e9e de lecture estim\u00e9e":"2 minutes"},"schema":{"@context":"https:\/\/schema.org","@graph":[{"@type":"WebPage","@id":"https:\/\/festival-livre-jeunesse.fr\/2021\/19eme-edition\/hors-les-murs\/lectures\/","url":"https:\/\/festival-livre-jeunesse.fr\/2021\/19eme-edition\/hors-les-murs\/lectures\/","name":"lectures - Festival du Livre de Jeunesse Occitanie","isPartOf":{"@id":"https:\/\/festival-livre-jeunesse.fr\/2021\/#website"},"primaryImageOfPage":{"@id":"https:\/\/festival-livre-jeunesse.fr\/2021\/19eme-edition\/hors-les-murs\/lectures\/#primaryimage"},"image":{"@id":"https:\/\/festival-livre-jeunesse.fr\/2021\/19eme-edition\/hors-les-murs\/lectures\/#primaryimage"},"thumbnailUrl":"http:\/\/festival-livre-jeunesse.fr\/2021\/wp-content\/uploads\/2020\/12\/Poemes-pour-affronter-le-beau-temps.jpg","datePublished":"2020-12-01T09:45:47+00:00","dateModified":"2020-12-03T18:58:22+00:00","breadcrumb":{"@id":"https:\/\/festival-livre-jeunesse.fr\/2021\/19eme-edition\/hors-les-murs\/lectures\/#breadcrumb"},"inLanguage":"fr-FR","potentialAction":[{"@type":"ReadAction","target":["https:\/\/festival-livre-jeunesse.fr\/2021\/19eme-edition\/hors-les-murs\/lectures\/"]}]},{"@type":"ImageObject","inLanguage":"fr-FR","@id":"https:\/\/festival-livre-jeunesse.fr\/2021\/19eme-edition\/hors-les-murs\/lectures\/#primaryimage","url":"http:\/\/festival-livre-jeunesse.fr\/2021\/wp-content\/uploads\/2020\/12\/Poemes-pour-affronter-le-beau-temps.jpg","contentUrl":"http:\/\/festival-livre-jeunesse.fr\/2021\/wp-content\/uploads\/2020\/12\/Poemes-pour-affronter-le-beau-temps.jpg"},{"@type":"BreadcrumbList","@id":"https:\/\/festival-livre-jeunesse.fr\/2021\/19eme-edition\/hors-les-murs\/lectures\/#breadcrumb","itemListElement":[{"@type":"ListItem","position":1,"name":"Accueil","item":"https:\/\/festival-livre-jeunesse.fr\/2021\/"},{"@type":"ListItem","position":2,"name":"19\u00e8me \u00e9dition","item":"https:\/\/festival-livre-jeunesse.fr\/2021\/19eme-edition\/"},{"@type":"ListItem","position":3,"name":"Hors-les-murs","item":"https:\/\/festival-livre-jeunesse.fr\/2021\/19eme-edition\/hors-les-murs\/"},{"@type":"ListItem","position":4,"name":"lectures"}]},{"@type":"WebSite","@id":"https:\/\/festival-livre-jeunesse.fr\/2021\/#website","url":"https:\/\/festival-livre-jeunesse.fr\/2021\/","name":"Festival du Livre de Jeunesse Occitanie","description":"19\u00e8me \u00e9dition","potentialAction":[{"@type":"SearchAction","target":{"@type":"EntryPoint","urlTemplate":"https:\/\/festival-livre-jeunesse.fr\/2021\/?s={search_term_string}"},"query-input":{"@type":"PropertyValueSpecification","valueRequired":true,"valueName":"search_term_string"}}],"inLanguage":"fr-FR"}]}},"uagb_featured_image_src":{"full":false,"thumbnail":false,"medium":false,"medium_large":false,"large":false,"1536x1536":false,"2048x2048":false},"uagb_author_info":{"display_name":"festival","author_link":"https:\/\/festival-livre-jeunesse.fr\/2021\/author\/festival\/"},"uagb_comment_info":0,"uagb_excerpt":"lectures PO\u00c8MES pour AFFRONTER le BEAU TEMPS Ces\u00a0Po\u00e8mes pour affronter le beau temps &amp; profiter du mauvais\u00a0sont des consid\u00e9rations humoristiques sur le temps qui passe et la scansion des saisons. La forme r\u00e9pond au fond du texte : ainsi le mot tunnel devient-il graphique gra\u0302ce a\u0300 deux -nn- agrandis. Le mauvais temps, quant a\u0300 lui,\u2026","_links":{"self":[{"href":"https:\/\/festival-livre-jeunesse.fr\/2021\/wp-json\/wp\/v2\/pages\/2897","targetHints":{"allow":["GET"]}}],"collection":[{"href":"https:\/\/festival-livre-jeunesse.fr\/2021\/wp-json\/wp\/v2\/pages"}],"about":[{"href":"https:\/\/festival-livre-jeunesse.fr\/2021\/wp-json\/wp\/v2\/types\/page"}],"author":[{"embeddable":true,"href":"https:\/\/festival-livre-jeunesse.fr\/2021\/wp-json\/wp\/v2\/users\/1"}],"replies":[{"embeddable":true,"href":"https:\/\/festival-livre-jeunesse.fr\/2021\/wp-json\/wp\/v2\/comments?post=2897"}],"version-history":[{"count":40,"href":"https:\/\/festival-livre-jeunesse.fr\/2021\/wp-json\/wp\/v2\/pages\/2897\/revisions"}],"predecessor-version":[{"id":3259,"href":"https:\/\/festival-livre-jeunesse.fr\/2021\/wp-json\/wp\/v2\/pages\/2897\/revisions\/3259"}],"up":[{"embeddable":true,"href":"https:\/\/festival-livre-jeunesse.fr\/2021\/wp-json\/wp\/v2\/pages\/2678"}],"wp:attachment":[{"href":"https:\/\/festival-livre-jeunesse.fr\/2021\/wp-json\/wp\/v2\/media?parent=2897"}],"curies":[{"name":"wp","href":"https:\/\/api.w.org\/{rel}","templated":true}]}}