{"id":295,"date":"2020-09-02T21:09:23","date_gmt":"2020-09-02T19:09:23","guid":{"rendered":"http:\/\/festival-livre-jeunesse.fr\/2021\/?page_id=295"},"modified":"2020-09-25T21:31:18","modified_gmt":"2020-09-25T19:31:18","slug":"joanna-concejo","status":"publish","type":"page","link":"https:\/\/festival-livre-jeunesse.fr\/2021\/auteurs\/joanna-concejo\/","title":{"rendered":"Joanna Concejo"},"content":{"rendered":"\t\t<div data-elementor-type=\"wp-page\" data-elementor-id=\"295\" class=\"elementor elementor-295\">\n\t\t\t\t\t\t<section class=\"elementor-section elementor-top-section elementor-element elementor-element-46d1412 elementor-section-boxed elementor-section-height-default elementor-section-height-default\" data-id=\"46d1412\" data-element_type=\"section\" data-e-type=\"section\">\n\t\t\t\t\t\t<div class=\"elementor-container elementor-column-gap-default\">\n\t\t\t\t\t<div class=\"elementor-column elementor-col-100 elementor-top-column elementor-element elementor-element-e5ced33\" data-id=\"e5ced33\" data-element_type=\"column\" data-e-type=\"column\">\n\t\t\t<div class=\"elementor-widget-wrap elementor-element-populated\">\n\t\t\t\t\t\t<div class=\"elementor-element elementor-element-f280c0a elementor-widget elementor-widget-spacer\" data-id=\"f280c0a\" data-element_type=\"widget\" data-e-type=\"widget\" data-widget_type=\"spacer.default\">\n\t\t\t\t<div class=\"elementor-widget-container\">\n\t\t\t\t\t\t\t<div class=\"elementor-spacer\">\n\t\t\t<div class=\"elementor-spacer-inner\"><\/div>\n\t\t<\/div>\n\t\t\t\t\t\t<\/div>\n\t\t\t\t<\/div>\n\t\t\t\t\t<\/div>\n\t\t<\/div>\n\t\t\t\t\t<\/div>\n\t\t<\/section>\n\t\t\t\t<section class=\"elementor-section elementor-top-section elementor-element elementor-element-b623ffd elementor-section-boxed elementor-section-height-default elementor-section-height-default\" data-id=\"b623ffd\" data-element_type=\"section\" data-e-type=\"section\">\n\t\t\t\t\t\t<div class=\"elementor-container elementor-column-gap-default\">\n\t\t\t\t\t<div class=\"elementor-column elementor-col-50 elementor-top-column elementor-element elementor-element-e92142a\" data-id=\"e92142a\" data-element_type=\"column\" data-e-type=\"column\">\n\t\t\t<div class=\"elementor-widget-wrap elementor-element-populated\">\n\t\t\t\t\t\t<div class=\"elementor-element elementor-element-325a275 elementor-widget elementor-widget-image\" data-id=\"325a275\" data-element_type=\"widget\" data-e-type=\"widget\" data-widget_type=\"image.default\">\n\t\t\t\t<div class=\"elementor-widget-container\">\n\t\t\t\t\t\t\t\t\t\t\t\t\t\t\t<img fetchpriority=\"high\" decoding=\"async\" width=\"400\" height=\"528\" src=\"https:\/\/festival-livre-jeunesse.fr\/2021\/wp-content\/uploads\/2020\/08\/Joanna-Concejo.png\" class=\"attachment-large size-large wp-image-120\" alt=\"\" srcset=\"https:\/\/festival-livre-jeunesse.fr\/2021\/wp-content\/uploads\/2020\/08\/Joanna-Concejo.png 400w, https:\/\/festival-livre-jeunesse.fr\/2021\/wp-content\/uploads\/2020\/08\/Joanna-Concejo-227x300.png 227w\" sizes=\"(max-width: 400px) 100vw, 400px\" \/>\t\t\t\t\t\t\t\t\t\t\t\t\t\t\t<\/div>\n\t\t\t\t<\/div>\n\t\t\t\t\t<\/div>\n\t\t<\/div>\n\t\t\t\t<div class=\"elementor-column elementor-col-50 elementor-top-column elementor-element elementor-element-7725585\" data-id=\"7725585\" data-element_type=\"column\" data-e-type=\"column\">\n\t\t\t<div class=\"elementor-widget-wrap elementor-element-populated\">\n\t\t\t\t\t\t<div class=\"elementor-element elementor-element-5c305c9 elementor-widget elementor-widget-heading\" data-id=\"5c305c9\" data-element_type=\"widget\" data-e-type=\"widget\" data-widget_type=\"heading.default\">\n\t\t\t\t<div class=\"elementor-widget-container\">\n\t\t\t\t\t<h1 class=\"elementor-heading-title elementor-size-xl\">Joanna Concejo<\/h1>\t\t\t\t<\/div>\n\t\t\t\t<\/div>\n\t\t\t\t<div class=\"elementor-element elementor-element-ed5b295 elementor-widget elementor-widget-text-editor\" data-id=\"ed5b295\" data-element_type=\"widget\" data-e-type=\"widget\" data-widget_type=\"text-editor.default\">\n\t\t\t\t<div class=\"elementor-widget-container\">\n\t\t\t\t\t\t\t\t\t<p>N\u00e9e<span style=\"font-size: 13px;\"> en 1971 \u00e0 Slupsk en Pologne, Joanna Concejo est une illustratrice et plasticienne dipl\u00f4m\u00e9e de l\u2019Acad\u00e9mie des Beaux-Arts de Poznan. Elle vit en France depuis 1994. Parall\u00e8lement \u00e0 son activit\u00e9 d\u2019illustratrice, elle travaille dans le domaine des arts plastiques et de la sculpture. Apr\u00e8s avoir exp\u00e9riment\u00e9 de nombreuses voies et techniques, elle s\u2019est tourn\u00e9e vers la production d\u2019albums illustr\u00e9s depuis 2007.<\/span><\/p><p><span style=\"font-size: 13px;\">\u00a0<\/span><\/p><h5><u>Les derni\u00e8res parutions<\/u><\/h5><ul><li>\u00a0<b>\u00ab M \u00bb<\/b> \/ \u00e9ditions Topipittori \/ Italie<\/li><li><b>\u00ab S\u00e9n\u00e9gal \u00bb<\/b> \/ \u00e9ditions L\u2019Atelier du Poisson Soluble \/ France<\/li><li><p style=\"font-size: 12px; display: inline !important;\"><b>\u00ab Ne le dis \u00e0 personne \u00bb,\u00a0<\/b>\u00a0Wydawnictwo Format \/ Pologne<\/p><\/li><li><b>\u00ab Une \u00e2me \u00e9gar\u00e9e\u00bb<\/b>\u00a0, Wydawnictwo Format \/ 2017 ( texte :Olga Tokarczuk \u2013 Prix Nobel de Litt\u00e9rature 2019)<\/li><li><b>\u00ab Quand les groseilles seront m\u00fbres \u00bb <\/b>, Editions L\u2019Atelier du Poisson Soluble \/ 2015<\/li><\/ul>\t\t\t\t\t\t\t\t<\/div>\n\t\t\t\t<\/div>\n\t\t\t\t\t<\/div>\n\t\t<\/div>\n\t\t\t\t\t<\/div>\n\t\t<\/section>\n\t\t\t\t<\/div>\n\t\t","protected":false},"excerpt":{"rendered":"<p>Joanna Concejo N\u00e9e en 1971 \u00e0 Slupsk en Pologne, Joanna Concejo est une illustratrice et plasticienne dipl\u00f4m\u00e9e de l\u2019Acad\u00e9mie des Beaux-Arts de Poznan. Elle vit en France depuis 1994. Parall\u00e8lement \u00e0 son activit\u00e9 d\u2019illustratrice, elle travaille dans le domaine des arts plastiques et de la sculpture. Apr\u00e8s avoir exp\u00e9riment\u00e9 de nombreuses voies et techniques, elle &hellip;<\/p>\n<p class=\"read-more\"> <a class=\"\" href=\"https:\/\/festival-livre-jeunesse.fr\/2021\/auteurs\/joanna-concejo\/\"> <span class=\"screen-reader-text\">Joanna Concejo<\/span> Lire la suite\u00a0\u00bb<\/a><\/p>\n","protected":false},"author":1,"featured_media":0,"parent":377,"menu_order":0,"comment_status":"closed","ping_status":"closed","template":"","meta":{"_uag_custom_page_level_css":"","footnotes":""},"class_list":["post-295","page","type-page","status-publish","hentry"],"yoast_head":"<!-- This site is optimized with the Yoast SEO plugin v25.3.1 - https:\/\/yoast.com\/wordpress\/plugins\/seo\/ -->\n<title>Joanna Concejo - Festival du Livre de Jeunesse Occitanie<\/title>\n<meta name=\"robots\" content=\"index, follow, max-snippet:-1, max-image-preview:large, max-video-preview:-1\" \/>\n<link rel=\"canonical\" href=\"https:\/\/festival-livre-jeunesse.fr\/2021\/auteurs\/joanna-concejo\/\" \/>\n<meta property=\"og:locale\" content=\"fr_FR\" \/>\n<meta property=\"og:type\" content=\"article\" \/>\n<meta property=\"og:title\" content=\"Joanna Concejo - Festival du Livre de Jeunesse Occitanie\" \/>\n<meta property=\"og:description\" content=\"Joanna Concejo N\u00e9e en 1971 \u00e0 Slupsk en Pologne, Joanna Concejo est une illustratrice et plasticienne dipl\u00f4m\u00e9e de l\u2019Acad\u00e9mie des Beaux-Arts de Poznan. Elle vit en France depuis 1994. Parall\u00e8lement \u00e0 son activit\u00e9 d\u2019illustratrice, elle travaille dans le domaine des arts plastiques et de la sculpture. Apr\u00e8s avoir exp\u00e9riment\u00e9 de nombreuses voies et techniques, elle &hellip; Joanna Concejo Lire la suite\u00a0\u00bb\" \/>\n<meta property=\"og:url\" content=\"https:\/\/festival-livre-jeunesse.fr\/2021\/auteurs\/joanna-concejo\/\" \/>\n<meta property=\"og:site_name\" content=\"Festival du Livre de Jeunesse Occitanie\" \/>\n<meta property=\"article:modified_time\" content=\"2020-09-25T19:31:18+00:00\" \/>\n<meta property=\"og:image\" content=\"http:\/\/festival-livre-jeunesse.fr\/2021\/wp-content\/uploads\/2020\/08\/Joanna-Concejo.png\" \/>\n<meta name=\"twitter:card\" content=\"summary_large_image\" \/>\n<meta name=\"twitter:label1\" content=\"Dur\u00e9e de lecture estim\u00e9e\" \/>\n\t<meta name=\"twitter:data1\" content=\"1 minute\" \/>\n<script type=\"application\/ld+json\" class=\"yoast-schema-graph\">{\"@context\":\"https:\/\/schema.org\",\"@graph\":[{\"@type\":\"WebPage\",\"@id\":\"https:\/\/festival-livre-jeunesse.fr\/2021\/auteurs\/joanna-concejo\/\",\"url\":\"https:\/\/festival-livre-jeunesse.fr\/2021\/auteurs\/joanna-concejo\/\",\"name\":\"Joanna Concejo - Festival du Livre de Jeunesse Occitanie\",\"isPartOf\":{\"@id\":\"https:\/\/festival-livre-jeunesse.fr\/2021\/#website\"},\"primaryImageOfPage\":{\"@id\":\"https:\/\/festival-livre-jeunesse.fr\/2021\/auteurs\/joanna-concejo\/#primaryimage\"},\"image\":{\"@id\":\"https:\/\/festival-livre-jeunesse.fr\/2021\/auteurs\/joanna-concejo\/#primaryimage\"},\"thumbnailUrl\":\"http:\/\/festival-livre-jeunesse.fr\/2021\/wp-content\/uploads\/2020\/08\/Joanna-Concejo.png\",\"datePublished\":\"2020-09-02T19:09:23+00:00\",\"dateModified\":\"2020-09-25T19:31:18+00:00\",\"breadcrumb\":{\"@id\":\"https:\/\/festival-livre-jeunesse.fr\/2021\/auteurs\/joanna-concejo\/#breadcrumb\"},\"inLanguage\":\"fr-FR\",\"potentialAction\":[{\"@type\":\"ReadAction\",\"target\":[\"https:\/\/festival-livre-jeunesse.fr\/2021\/auteurs\/joanna-concejo\/\"]}]},{\"@type\":\"ImageObject\",\"inLanguage\":\"fr-FR\",\"@id\":\"https:\/\/festival-livre-jeunesse.fr\/2021\/auteurs\/joanna-concejo\/#primaryimage\",\"url\":\"http:\/\/festival-livre-jeunesse.fr\/2021\/wp-content\/uploads\/2020\/08\/Joanna-Concejo.png\",\"contentUrl\":\"http:\/\/festival-livre-jeunesse.fr\/2021\/wp-content\/uploads\/2020\/08\/Joanna-Concejo.png\"},{\"@type\":\"BreadcrumbList\",\"@id\":\"https:\/\/festival-livre-jeunesse.fr\/2021\/auteurs\/joanna-concejo\/#breadcrumb\",\"itemListElement\":[{\"@type\":\"ListItem\",\"position\":1,\"name\":\"Accueil\",\"item\":\"https:\/\/festival-livre-jeunesse.fr\/2021\/\"},{\"@type\":\"ListItem\",\"position\":2,\"name\":\"Auteurs\",\"item\":\"https:\/\/festival-livre-jeunesse.fr\/2021\/auteurs\/\"},{\"@type\":\"ListItem\",\"position\":3,\"name\":\"Joanna Concejo\"}]},{\"@type\":\"WebSite\",\"@id\":\"https:\/\/festival-livre-jeunesse.fr\/2021\/#website\",\"url\":\"https:\/\/festival-livre-jeunesse.fr\/2021\/\",\"name\":\"Festival du Livre de Jeunesse Occitanie\",\"description\":\"19\u00e8me \u00e9dition\",\"potentialAction\":[{\"@type\":\"SearchAction\",\"target\":{\"@type\":\"EntryPoint\",\"urlTemplate\":\"https:\/\/festival-livre-jeunesse.fr\/2021\/?s={search_term_string}\"},\"query-input\":{\"@type\":\"PropertyValueSpecification\",\"valueRequired\":true,\"valueName\":\"search_term_string\"}}],\"inLanguage\":\"fr-FR\"}]}<\/script>\n<!-- \/ Yoast SEO plugin. -->","yoast_head_json":{"title":"Joanna Concejo - Festival du Livre de Jeunesse Occitanie","robots":{"index":"index","follow":"follow","max-snippet":"max-snippet:-1","max-image-preview":"max-image-preview:large","max-video-preview":"max-video-preview:-1"},"canonical":"https:\/\/festival-livre-jeunesse.fr\/2021\/auteurs\/joanna-concejo\/","og_locale":"fr_FR","og_type":"article","og_title":"Joanna Concejo - Festival du Livre de Jeunesse Occitanie","og_description":"Joanna Concejo N\u00e9e en 1971 \u00e0 Slupsk en Pologne, Joanna Concejo est une illustratrice et plasticienne dipl\u00f4m\u00e9e de l\u2019Acad\u00e9mie des Beaux-Arts de Poznan. Elle vit en France depuis 1994. Parall\u00e8lement \u00e0 son activit\u00e9 d\u2019illustratrice, elle travaille dans le domaine des arts plastiques et de la sculpture. Apr\u00e8s avoir exp\u00e9riment\u00e9 de nombreuses voies et techniques, elle &hellip; Joanna Concejo Lire la suite\u00a0\u00bb","og_url":"https:\/\/festival-livre-jeunesse.fr\/2021\/auteurs\/joanna-concejo\/","og_site_name":"Festival du Livre de Jeunesse Occitanie","article_modified_time":"2020-09-25T19:31:18+00:00","og_image":[{"url":"http:\/\/festival-livre-jeunesse.fr\/2021\/wp-content\/uploads\/2020\/08\/Joanna-Concejo.png","type":"","width":"","height":""}],"twitter_card":"summary_large_image","twitter_misc":{"Dur\u00e9e de lecture estim\u00e9e":"1 minute"},"schema":{"@context":"https:\/\/schema.org","@graph":[{"@type":"WebPage","@id":"https:\/\/festival-livre-jeunesse.fr\/2021\/auteurs\/joanna-concejo\/","url":"https:\/\/festival-livre-jeunesse.fr\/2021\/auteurs\/joanna-concejo\/","name":"Joanna Concejo - Festival du Livre de Jeunesse Occitanie","isPartOf":{"@id":"https:\/\/festival-livre-jeunesse.fr\/2021\/#website"},"primaryImageOfPage":{"@id":"https:\/\/festival-livre-jeunesse.fr\/2021\/auteurs\/joanna-concejo\/#primaryimage"},"image":{"@id":"https:\/\/festival-livre-jeunesse.fr\/2021\/auteurs\/joanna-concejo\/#primaryimage"},"thumbnailUrl":"http:\/\/festival-livre-jeunesse.fr\/2021\/wp-content\/uploads\/2020\/08\/Joanna-Concejo.png","datePublished":"2020-09-02T19:09:23+00:00","dateModified":"2020-09-25T19:31:18+00:00","breadcrumb":{"@id":"https:\/\/festival-livre-jeunesse.fr\/2021\/auteurs\/joanna-concejo\/#breadcrumb"},"inLanguage":"fr-FR","potentialAction":[{"@type":"ReadAction","target":["https:\/\/festival-livre-jeunesse.fr\/2021\/auteurs\/joanna-concejo\/"]}]},{"@type":"ImageObject","inLanguage":"fr-FR","@id":"https:\/\/festival-livre-jeunesse.fr\/2021\/auteurs\/joanna-concejo\/#primaryimage","url":"http:\/\/festival-livre-jeunesse.fr\/2021\/wp-content\/uploads\/2020\/08\/Joanna-Concejo.png","contentUrl":"http:\/\/festival-livre-jeunesse.fr\/2021\/wp-content\/uploads\/2020\/08\/Joanna-Concejo.png"},{"@type":"BreadcrumbList","@id":"https:\/\/festival-livre-jeunesse.fr\/2021\/auteurs\/joanna-concejo\/#breadcrumb","itemListElement":[{"@type":"ListItem","position":1,"name":"Accueil","item":"https:\/\/festival-livre-jeunesse.fr\/2021\/"},{"@type":"ListItem","position":2,"name":"Auteurs","item":"https:\/\/festival-livre-jeunesse.fr\/2021\/auteurs\/"},{"@type":"ListItem","position":3,"name":"Joanna Concejo"}]},{"@type":"WebSite","@id":"https:\/\/festival-livre-jeunesse.fr\/2021\/#website","url":"https:\/\/festival-livre-jeunesse.fr\/2021\/","name":"Festival du Livre de Jeunesse Occitanie","description":"19\u00e8me \u00e9dition","potentialAction":[{"@type":"SearchAction","target":{"@type":"EntryPoint","urlTemplate":"https:\/\/festival-livre-jeunesse.fr\/2021\/?s={search_term_string}"},"query-input":{"@type":"PropertyValueSpecification","valueRequired":true,"valueName":"search_term_string"}}],"inLanguage":"fr-FR"}]}},"uagb_featured_image_src":{"full":false,"thumbnail":false,"medium":false,"medium_large":false,"large":false,"1536x1536":false,"2048x2048":false},"uagb_author_info":{"display_name":"festival","author_link":"https:\/\/festival-livre-jeunesse.fr\/2021\/author\/festival\/"},"uagb_comment_info":0,"uagb_excerpt":"Joanna Concejo N\u00e9e en 1971 \u00e0 Slupsk en Pologne, Joanna Concejo est une illustratrice et plasticienne dipl\u00f4m\u00e9e de l\u2019Acad\u00e9mie des Beaux-Arts de Poznan. Elle vit en France depuis 1994. Parall\u00e8lement \u00e0 son activit\u00e9 d\u2019illustratrice, elle travaille dans le domaine des arts plastiques et de la sculpture. Apr\u00e8s avoir exp\u00e9riment\u00e9 de nombreuses voies et techniques, elle\u2026","_links":{"self":[{"href":"https:\/\/festival-livre-jeunesse.fr\/2021\/wp-json\/wp\/v2\/pages\/295","targetHints":{"allow":["GET"]}}],"collection":[{"href":"https:\/\/festival-livre-jeunesse.fr\/2021\/wp-json\/wp\/v2\/pages"}],"about":[{"href":"https:\/\/festival-livre-jeunesse.fr\/2021\/wp-json\/wp\/v2\/types\/page"}],"author":[{"embeddable":true,"href":"https:\/\/festival-livre-jeunesse.fr\/2021\/wp-json\/wp\/v2\/users\/1"}],"replies":[{"embeddable":true,"href":"https:\/\/festival-livre-jeunesse.fr\/2021\/wp-json\/wp\/v2\/comments?post=295"}],"version-history":[{"count":14,"href":"https:\/\/festival-livre-jeunesse.fr\/2021\/wp-json\/wp\/v2\/pages\/295\/revisions"}],"predecessor-version":[{"id":2251,"href":"https:\/\/festival-livre-jeunesse.fr\/2021\/wp-json\/wp\/v2\/pages\/295\/revisions\/2251"}],"up":[{"embeddable":true,"href":"https:\/\/festival-livre-jeunesse.fr\/2021\/wp-json\/wp\/v2\/pages\/377"}],"wp:attachment":[{"href":"https:\/\/festival-livre-jeunesse.fr\/2021\/wp-json\/wp\/v2\/media?parent=295"}],"curies":[{"name":"wp","href":"https:\/\/api.w.org\/{rel}","templated":true}]}}