{"id":319,"date":"2020-09-02T21:35:42","date_gmt":"2020-09-02T19:35:42","guid":{"rendered":"http:\/\/festival-livre-jeunesse.fr\/2021\/?page_id=319"},"modified":"2020-09-22T15:58:38","modified_gmt":"2020-09-22T13:58:38","slug":"fanny-pageaud","status":"publish","type":"page","link":"https:\/\/festival-livre-jeunesse.fr\/2021\/auteurs\/fanny-pageaud\/","title":{"rendered":"Fanny Pageaud"},"content":{"rendered":"\t\t<div data-elementor-type=\"wp-page\" data-elementor-id=\"319\" class=\"elementor elementor-319\">\n\t\t\t\t\t\t<section class=\"elementor-section elementor-top-section elementor-element elementor-element-8f436f9 elementor-section-boxed elementor-section-height-default elementor-section-height-default\" data-id=\"8f436f9\" data-element_type=\"section\" data-e-type=\"section\">\n\t\t\t\t\t\t<div class=\"elementor-container elementor-column-gap-default\">\n\t\t\t\t\t<div class=\"elementor-column elementor-col-50 elementor-top-column elementor-element elementor-element-c9acfec\" data-id=\"c9acfec\" data-element_type=\"column\" data-e-type=\"column\">\n\t\t\t<div class=\"elementor-widget-wrap elementor-element-populated\">\n\t\t\t\t\t\t<div class=\"elementor-element elementor-element-e27e554 elementor-widget elementor-widget-image\" data-id=\"e27e554\" data-element_type=\"widget\" data-e-type=\"widget\" data-widget_type=\"image.default\">\n\t\t\t\t<div class=\"elementor-widget-container\">\n\t\t\t\t\t\t\t\t\t\t\t\t\t\t\t<img fetchpriority=\"high\" decoding=\"async\" width=\"400\" height=\"528\" src=\"https:\/\/festival-livre-jeunesse.fr\/2021\/wp-content\/uploads\/2020\/08\/Fanny-Pageaud.png\" class=\"attachment-large size-large wp-image-114\" alt=\"\" srcset=\"https:\/\/festival-livre-jeunesse.fr\/2021\/wp-content\/uploads\/2020\/08\/Fanny-Pageaud.png 400w, https:\/\/festival-livre-jeunesse.fr\/2021\/wp-content\/uploads\/2020\/08\/Fanny-Pageaud-227x300.png 227w\" sizes=\"(max-width: 400px) 100vw, 400px\" \/>\t\t\t\t\t\t\t\t\t\t\t\t\t\t\t<\/div>\n\t\t\t\t<\/div>\n\t\t\t\t\t<\/div>\n\t\t<\/div>\n\t\t\t\t<div class=\"elementor-column elementor-col-50 elementor-top-column elementor-element elementor-element-8edf1b9\" data-id=\"8edf1b9\" data-element_type=\"column\" data-e-type=\"column\">\n\t\t\t<div class=\"elementor-widget-wrap elementor-element-populated\">\n\t\t\t\t\t\t<div class=\"elementor-element elementor-element-60e25d6 elementor-widget elementor-widget-heading\" data-id=\"60e25d6\" data-element_type=\"widget\" data-e-type=\"widget\" data-widget_type=\"heading.default\">\n\t\t\t\t<div class=\"elementor-widget-container\">\n\t\t\t\t\t<h1 class=\"elementor-heading-title elementor-size-xl\">Fanny PAGEAUD<\/h1>\t\t\t\t<\/div>\n\t\t\t\t<\/div>\n\t\t\t\t<div class=\"elementor-element elementor-element-a8d3b02 elementor-widget elementor-widget-text-editor\" data-id=\"a8d3b02\" data-element_type=\"widget\" data-e-type=\"widget\" data-widget_type=\"text-editor.default\">\n\t\t\t\t<div class=\"elementor-widget-container\">\n\t\t\t\t\t\t\t\t\t<p><span style=\"font-size: 15px;\">N\u00e9e en Bourgogne en 1986, <b style=\"font-style: inherit;\"><a href=\"https:\/\/www.fanny-pageaud.fr\/\">Fanny PAGEAUD<\/a><\/b>\u00a0 est dipl\u00f4m\u00e9e d\u2019arts appliqu\u00e9s et d\u2019arts plastiques. <\/span><span style=\"font-size: 15px;\">Apr\u00e8s quelques ann\u00e9es \u00e0 dessiner sous le ciel bleu de Provence, elle taille d\u00e9sormais ses crayons \u00e0 Toulouse \u00e0 l&rsquo;atelier du Canap\u00e9 qu&rsquo;elle a int\u00e9gr\u00e9 en juin 2020.<\/span><\/p><p>Parall\u00e8lement \u00e0 son activit\u00e9 d\u2019illustratrice, elle m\u00e8ne un travail d\u2019artiste du livre, concevant des objets \u00e9ditoriaux in\u00e9dits, parfois non identifiables, \u00e0 fa\u00e7on. <i>Les In\u00c9ditions<\/i>, sa petite cabane d\u2019\u00e9dition construite en 2012, lui permet de jouer avec du papier et du carton, \u00e0 sa fa\u00e7on.<\/p><p>Apr\u00e8s son premier album jeunesse <i>Il y a des monstres dans ma chambre<\/i> paru en 2016 aux \u00e9ditions de l\u2019Atelier du Poisson soluble, le <i>Mus\u00e9e des museaux amusants<\/i> (Prix Sorci\u00e8res 2019), paru en 2018 chez le m\u00eame \u00e9diteur, fait la part belle \u00e0 son travail d\u2019illustratrice m\u00e9ticuleuse.<\/p><h1><u>Les derni\u00e8res parutions<\/u><\/h1><ul><li><b style=\"font-style: inherit;\"><i>Mus\u00e9e des museaux amusants<\/i><\/b><i style=\"font-weight: inherit;\">,<\/i><span style=\"font-size: 15px;\"> Editions de l\u2019atelier du poisson soluble<\/span><\/li><li><b style=\"font-style: inherit;\"><i>Il y a des monstres dans ma chambre !<\/i><\/b><i style=\"font-weight: inherit;\"> ,<\/i><span style=\"font-size: 16px;\"> Editions de l\u2019atelier du poisson soluble<\/span><\/li><\/ul>\t\t\t\t\t\t\t\t<\/div>\n\t\t\t\t<\/div>\n\t\t\t\t\t<\/div>\n\t\t<\/div>\n\t\t\t\t\t<\/div>\n\t\t<\/section>\n\t\t\t\t<\/div>\n\t\t","protected":false},"excerpt":{"rendered":"<p>Fanny PAGEAUD N\u00e9e en Bourgogne en 1986, Fanny PAGEAUD\u00a0 est dipl\u00f4m\u00e9e d\u2019arts appliqu\u00e9s et d\u2019arts plastiques. Apr\u00e8s quelques ann\u00e9es \u00e0 dessiner sous le ciel bleu de Provence, elle taille d\u00e9sormais ses crayons \u00e0 Toulouse \u00e0 l&rsquo;atelier du Canap\u00e9 qu&rsquo;elle a int\u00e9gr\u00e9 en juin 2020. Parall\u00e8lement \u00e0 son activit\u00e9 d\u2019illustratrice, elle m\u00e8ne un travail d\u2019artiste du &hellip;<\/p>\n<p class=\"read-more\"> <a class=\"\" href=\"https:\/\/festival-livre-jeunesse.fr\/2021\/auteurs\/fanny-pageaud\/\"> <span class=\"screen-reader-text\">Fanny Pageaud<\/span> Lire la suite\u00a0\u00bb<\/a><\/p>\n","protected":false},"author":1,"featured_media":0,"parent":377,"menu_order":0,"comment_status":"closed","ping_status":"closed","template":"","meta":{"_uag_custom_page_level_css":"","footnotes":""},"class_list":["post-319","page","type-page","status-publish","hentry"],"yoast_head":"<!-- This site is optimized with the Yoast SEO plugin v25.3.1 - https:\/\/yoast.com\/wordpress\/plugins\/seo\/ -->\n<title>Fanny Pageaud - Festival du Livre de Jeunesse Occitanie<\/title>\n<meta name=\"robots\" content=\"index, follow, max-snippet:-1, max-image-preview:large, max-video-preview:-1\" \/>\n<link rel=\"canonical\" href=\"https:\/\/festival-livre-jeunesse.fr\/2021\/auteurs\/fanny-pageaud\/\" \/>\n<meta property=\"og:locale\" content=\"fr_FR\" \/>\n<meta property=\"og:type\" content=\"article\" \/>\n<meta property=\"og:title\" content=\"Fanny Pageaud - Festival du Livre de Jeunesse Occitanie\" \/>\n<meta property=\"og:description\" content=\"Fanny PAGEAUD N\u00e9e en Bourgogne en 1986, Fanny PAGEAUD\u00a0 est dipl\u00f4m\u00e9e d\u2019arts appliqu\u00e9s et d\u2019arts plastiques. Apr\u00e8s quelques ann\u00e9es \u00e0 dessiner sous le ciel bleu de Provence, elle taille d\u00e9sormais ses crayons \u00e0 Toulouse \u00e0 l&rsquo;atelier du Canap\u00e9 qu&rsquo;elle a int\u00e9gr\u00e9 en juin 2020. Parall\u00e8lement \u00e0 son activit\u00e9 d\u2019illustratrice, elle m\u00e8ne un travail d\u2019artiste du &hellip; Fanny Pageaud Lire la suite\u00a0\u00bb\" \/>\n<meta property=\"og:url\" content=\"https:\/\/festival-livre-jeunesse.fr\/2021\/auteurs\/fanny-pageaud\/\" \/>\n<meta property=\"og:site_name\" content=\"Festival du Livre de Jeunesse Occitanie\" \/>\n<meta property=\"article:modified_time\" content=\"2020-09-22T13:58:38+00:00\" \/>\n<meta property=\"og:image\" content=\"http:\/\/festival-livre-jeunesse.fr\/2021\/wp-content\/uploads\/2020\/08\/Fanny-Pageaud.png\" \/>\n<meta name=\"twitter:card\" content=\"summary_large_image\" \/>\n<meta name=\"twitter:label1\" content=\"Dur\u00e9e de lecture estim\u00e9e\" \/>\n\t<meta name=\"twitter:data1\" content=\"1 minute\" \/>\n<script type=\"application\/ld+json\" class=\"yoast-schema-graph\">{\"@context\":\"https:\/\/schema.org\",\"@graph\":[{\"@type\":\"WebPage\",\"@id\":\"https:\/\/festival-livre-jeunesse.fr\/2021\/auteurs\/fanny-pageaud\/\",\"url\":\"https:\/\/festival-livre-jeunesse.fr\/2021\/auteurs\/fanny-pageaud\/\",\"name\":\"Fanny Pageaud - Festival du Livre de Jeunesse Occitanie\",\"isPartOf\":{\"@id\":\"https:\/\/festival-livre-jeunesse.fr\/2021\/#website\"},\"primaryImageOfPage\":{\"@id\":\"https:\/\/festival-livre-jeunesse.fr\/2021\/auteurs\/fanny-pageaud\/#primaryimage\"},\"image\":{\"@id\":\"https:\/\/festival-livre-jeunesse.fr\/2021\/auteurs\/fanny-pageaud\/#primaryimage\"},\"thumbnailUrl\":\"http:\/\/festival-livre-jeunesse.fr\/2021\/wp-content\/uploads\/2020\/08\/Fanny-Pageaud.png\",\"datePublished\":\"2020-09-02T19:35:42+00:00\",\"dateModified\":\"2020-09-22T13:58:38+00:00\",\"breadcrumb\":{\"@id\":\"https:\/\/festival-livre-jeunesse.fr\/2021\/auteurs\/fanny-pageaud\/#breadcrumb\"},\"inLanguage\":\"fr-FR\",\"potentialAction\":[{\"@type\":\"ReadAction\",\"target\":[\"https:\/\/festival-livre-jeunesse.fr\/2021\/auteurs\/fanny-pageaud\/\"]}]},{\"@type\":\"ImageObject\",\"inLanguage\":\"fr-FR\",\"@id\":\"https:\/\/festival-livre-jeunesse.fr\/2021\/auteurs\/fanny-pageaud\/#primaryimage\",\"url\":\"http:\/\/festival-livre-jeunesse.fr\/2021\/wp-content\/uploads\/2020\/08\/Fanny-Pageaud.png\",\"contentUrl\":\"http:\/\/festival-livre-jeunesse.fr\/2021\/wp-content\/uploads\/2020\/08\/Fanny-Pageaud.png\"},{\"@type\":\"BreadcrumbList\",\"@id\":\"https:\/\/festival-livre-jeunesse.fr\/2021\/auteurs\/fanny-pageaud\/#breadcrumb\",\"itemListElement\":[{\"@type\":\"ListItem\",\"position\":1,\"name\":\"Accueil\",\"item\":\"https:\/\/festival-livre-jeunesse.fr\/2021\/\"},{\"@type\":\"ListItem\",\"position\":2,\"name\":\"Auteurs\",\"item\":\"https:\/\/festival-livre-jeunesse.fr\/2021\/auteurs\/\"},{\"@type\":\"ListItem\",\"position\":3,\"name\":\"Fanny Pageaud\"}]},{\"@type\":\"WebSite\",\"@id\":\"https:\/\/festival-livre-jeunesse.fr\/2021\/#website\",\"url\":\"https:\/\/festival-livre-jeunesse.fr\/2021\/\",\"name\":\"Festival du Livre de Jeunesse Occitanie\",\"description\":\"19\u00e8me \u00e9dition\",\"potentialAction\":[{\"@type\":\"SearchAction\",\"target\":{\"@type\":\"EntryPoint\",\"urlTemplate\":\"https:\/\/festival-livre-jeunesse.fr\/2021\/?s={search_term_string}\"},\"query-input\":{\"@type\":\"PropertyValueSpecification\",\"valueRequired\":true,\"valueName\":\"search_term_string\"}}],\"inLanguage\":\"fr-FR\"}]}<\/script>\n<!-- \/ Yoast SEO plugin. -->","yoast_head_json":{"title":"Fanny Pageaud - Festival du Livre de Jeunesse Occitanie","robots":{"index":"index","follow":"follow","max-snippet":"max-snippet:-1","max-image-preview":"max-image-preview:large","max-video-preview":"max-video-preview:-1"},"canonical":"https:\/\/festival-livre-jeunesse.fr\/2021\/auteurs\/fanny-pageaud\/","og_locale":"fr_FR","og_type":"article","og_title":"Fanny Pageaud - Festival du Livre de Jeunesse Occitanie","og_description":"Fanny PAGEAUD N\u00e9e en Bourgogne en 1986, Fanny PAGEAUD\u00a0 est dipl\u00f4m\u00e9e d\u2019arts appliqu\u00e9s et d\u2019arts plastiques. Apr\u00e8s quelques ann\u00e9es \u00e0 dessiner sous le ciel bleu de Provence, elle taille d\u00e9sormais ses crayons \u00e0 Toulouse \u00e0 l&rsquo;atelier du Canap\u00e9 qu&rsquo;elle a int\u00e9gr\u00e9 en juin 2020. Parall\u00e8lement \u00e0 son activit\u00e9 d\u2019illustratrice, elle m\u00e8ne un travail d\u2019artiste du &hellip; Fanny Pageaud Lire la suite\u00a0\u00bb","og_url":"https:\/\/festival-livre-jeunesse.fr\/2021\/auteurs\/fanny-pageaud\/","og_site_name":"Festival du Livre de Jeunesse Occitanie","article_modified_time":"2020-09-22T13:58:38+00:00","og_image":[{"url":"http:\/\/festival-livre-jeunesse.fr\/2021\/wp-content\/uploads\/2020\/08\/Fanny-Pageaud.png","type":"","width":"","height":""}],"twitter_card":"summary_large_image","twitter_misc":{"Dur\u00e9e de lecture estim\u00e9e":"1 minute"},"schema":{"@context":"https:\/\/schema.org","@graph":[{"@type":"WebPage","@id":"https:\/\/festival-livre-jeunesse.fr\/2021\/auteurs\/fanny-pageaud\/","url":"https:\/\/festival-livre-jeunesse.fr\/2021\/auteurs\/fanny-pageaud\/","name":"Fanny Pageaud - Festival du Livre de Jeunesse Occitanie","isPartOf":{"@id":"https:\/\/festival-livre-jeunesse.fr\/2021\/#website"},"primaryImageOfPage":{"@id":"https:\/\/festival-livre-jeunesse.fr\/2021\/auteurs\/fanny-pageaud\/#primaryimage"},"image":{"@id":"https:\/\/festival-livre-jeunesse.fr\/2021\/auteurs\/fanny-pageaud\/#primaryimage"},"thumbnailUrl":"http:\/\/festival-livre-jeunesse.fr\/2021\/wp-content\/uploads\/2020\/08\/Fanny-Pageaud.png","datePublished":"2020-09-02T19:35:42+00:00","dateModified":"2020-09-22T13:58:38+00:00","breadcrumb":{"@id":"https:\/\/festival-livre-jeunesse.fr\/2021\/auteurs\/fanny-pageaud\/#breadcrumb"},"inLanguage":"fr-FR","potentialAction":[{"@type":"ReadAction","target":["https:\/\/festival-livre-jeunesse.fr\/2021\/auteurs\/fanny-pageaud\/"]}]},{"@type":"ImageObject","inLanguage":"fr-FR","@id":"https:\/\/festival-livre-jeunesse.fr\/2021\/auteurs\/fanny-pageaud\/#primaryimage","url":"http:\/\/festival-livre-jeunesse.fr\/2021\/wp-content\/uploads\/2020\/08\/Fanny-Pageaud.png","contentUrl":"http:\/\/festival-livre-jeunesse.fr\/2021\/wp-content\/uploads\/2020\/08\/Fanny-Pageaud.png"},{"@type":"BreadcrumbList","@id":"https:\/\/festival-livre-jeunesse.fr\/2021\/auteurs\/fanny-pageaud\/#breadcrumb","itemListElement":[{"@type":"ListItem","position":1,"name":"Accueil","item":"https:\/\/festival-livre-jeunesse.fr\/2021\/"},{"@type":"ListItem","position":2,"name":"Auteurs","item":"https:\/\/festival-livre-jeunesse.fr\/2021\/auteurs\/"},{"@type":"ListItem","position":3,"name":"Fanny Pageaud"}]},{"@type":"WebSite","@id":"https:\/\/festival-livre-jeunesse.fr\/2021\/#website","url":"https:\/\/festival-livre-jeunesse.fr\/2021\/","name":"Festival du Livre de Jeunesse Occitanie","description":"19\u00e8me \u00e9dition","potentialAction":[{"@type":"SearchAction","target":{"@type":"EntryPoint","urlTemplate":"https:\/\/festival-livre-jeunesse.fr\/2021\/?s={search_term_string}"},"query-input":{"@type":"PropertyValueSpecification","valueRequired":true,"valueName":"search_term_string"}}],"inLanguage":"fr-FR"}]}},"uagb_featured_image_src":{"full":false,"thumbnail":false,"medium":false,"medium_large":false,"large":false,"1536x1536":false,"2048x2048":false},"uagb_author_info":{"display_name":"festival","author_link":"https:\/\/festival-livre-jeunesse.fr\/2021\/author\/festival\/"},"uagb_comment_info":0,"uagb_excerpt":"Fanny PAGEAUD N\u00e9e en Bourgogne en 1986, Fanny PAGEAUD\u00a0 est dipl\u00f4m\u00e9e d\u2019arts appliqu\u00e9s et d\u2019arts plastiques. Apr\u00e8s quelques ann\u00e9es \u00e0 dessiner sous le ciel bleu de Provence, elle taille d\u00e9sormais ses crayons \u00e0 Toulouse \u00e0 l&rsquo;atelier du Canap\u00e9 qu&rsquo;elle a int\u00e9gr\u00e9 en juin 2020. Parall\u00e8lement \u00e0 son activit\u00e9 d\u2019illustratrice, elle m\u00e8ne un travail d\u2019artiste du\u2026","_links":{"self":[{"href":"https:\/\/festival-livre-jeunesse.fr\/2021\/wp-json\/wp\/v2\/pages\/319","targetHints":{"allow":["GET"]}}],"collection":[{"href":"https:\/\/festival-livre-jeunesse.fr\/2021\/wp-json\/wp\/v2\/pages"}],"about":[{"href":"https:\/\/festival-livre-jeunesse.fr\/2021\/wp-json\/wp\/v2\/types\/page"}],"author":[{"embeddable":true,"href":"https:\/\/festival-livre-jeunesse.fr\/2021\/wp-json\/wp\/v2\/users\/1"}],"replies":[{"embeddable":true,"href":"https:\/\/festival-livre-jeunesse.fr\/2021\/wp-json\/wp\/v2\/comments?post=319"}],"version-history":[{"count":11,"href":"https:\/\/festival-livre-jeunesse.fr\/2021\/wp-json\/wp\/v2\/pages\/319\/revisions"}],"predecessor-version":[{"id":1954,"href":"https:\/\/festival-livre-jeunesse.fr\/2021\/wp-json\/wp\/v2\/pages\/319\/revisions\/1954"}],"up":[{"embeddable":true,"href":"https:\/\/festival-livre-jeunesse.fr\/2021\/wp-json\/wp\/v2\/pages\/377"}],"wp:attachment":[{"href":"https:\/\/festival-livre-jeunesse.fr\/2021\/wp-json\/wp\/v2\/media?parent=319"}],"curies":[{"name":"wp","href":"https:\/\/api.w.org\/{rel}","templated":true}]}}