{"id":330,"date":"2020-09-02T21:45:23","date_gmt":"2020-09-02T19:45:23","guid":{"rendered":"http:\/\/festival-livre-jeunesse.fr\/2021\/?page_id=330"},"modified":"2020-09-22T16:05:11","modified_gmt":"2020-09-22T14:05:11","slug":"ghislaine-roman-2","status":"publish","type":"page","link":"https:\/\/festival-livre-jeunesse.fr\/2021\/auteurs\/ghislaine-roman-2\/","title":{"rendered":"Ghislaine Roman"},"content":{"rendered":"\t\t<div data-elementor-type=\"wp-page\" data-elementor-id=\"330\" class=\"elementor elementor-330\">\n\t\t\t\t\t\t<section class=\"elementor-section elementor-top-section elementor-element elementor-element-bf6161f elementor-section-boxed elementor-section-height-default elementor-section-height-default\" data-id=\"bf6161f\" data-element_type=\"section\" data-e-type=\"section\">\n\t\t\t\t\t\t<div class=\"elementor-container elementor-column-gap-default\">\n\t\t\t\t\t<div class=\"elementor-column elementor-col-50 elementor-top-column elementor-element elementor-element-9a28415\" data-id=\"9a28415\" data-element_type=\"column\" data-e-type=\"column\">\n\t\t\t<div class=\"elementor-widget-wrap elementor-element-populated\">\n\t\t\t\t\t\t<div class=\"elementor-element elementor-element-c3daa90 elementor-widget elementor-widget-image\" data-id=\"c3daa90\" data-element_type=\"widget\" data-e-type=\"widget\" data-widget_type=\"image.default\">\n\t\t\t\t<div class=\"elementor-widget-container\">\n\t\t\t\t\t\t\t\t\t\t\t\t\t\t\t<img fetchpriority=\"high\" decoding=\"async\" width=\"400\" height=\"528\" src=\"https:\/\/festival-livre-jeunesse.fr\/2021\/wp-content\/uploads\/2020\/08\/Ghislaine-Roman.png\" class=\"attachment-large size-large wp-image-118\" alt=\"\" srcset=\"https:\/\/festival-livre-jeunesse.fr\/2021\/wp-content\/uploads\/2020\/08\/Ghislaine-Roman.png 400w, https:\/\/festival-livre-jeunesse.fr\/2021\/wp-content\/uploads\/2020\/08\/Ghislaine-Roman-227x300.png 227w\" sizes=\"(max-width: 400px) 100vw, 400px\" \/>\t\t\t\t\t\t\t\t\t\t\t\t\t\t\t<\/div>\n\t\t\t\t<\/div>\n\t\t\t\t\t<\/div>\n\t\t<\/div>\n\t\t\t\t<div class=\"elementor-column elementor-col-50 elementor-top-column elementor-element elementor-element-dbe5e5f\" data-id=\"dbe5e5f\" data-element_type=\"column\" data-e-type=\"column\">\n\t\t\t<div class=\"elementor-widget-wrap elementor-element-populated\">\n\t\t\t\t\t\t<div class=\"elementor-element elementor-element-f6e67dd elementor-widget elementor-widget-heading\" data-id=\"f6e67dd\" data-element_type=\"widget\" data-e-type=\"widget\" data-widget_type=\"heading.default\">\n\t\t\t\t<div class=\"elementor-widget-container\">\n\t\t\t\t\t<h1 class=\"elementor-heading-title elementor-size-xl\">Ghislaine ROMAN<\/h1>\t\t\t\t<\/div>\n\t\t\t\t<\/div>\n\t\t\t\t<div class=\"elementor-element elementor-element-742b72e elementor-widget elementor-widget-text-editor\" data-id=\"742b72e\" data-element_type=\"widget\" data-e-type=\"widget\" data-widget_type=\"text-editor.default\">\n\t\t\t\t<div class=\"elementor-widget-container\">\n\t\t\t\t\t\t\t\t\t<p><i style=\"font-weight: inherit;\">\u00ab\u00a0Je suis n\u00e9e au pied des Pyr\u00e9n\u00e9es, dans une petite maison aux volets bleus, au bord d&rsquo;un torrent de montagne. Mon aventure d&rsquo;\u00e9criture a d\u00e9but\u00e9 avec les magazines pour la jeunesse. Je suis toujours tr\u00e8s attentive \u00e0 la musicalit\u00e9 de mes textes. Il faut dire que, dans une autre vie, j&rsquo;ai \u00e9crit beaucoup de chansons.<\/i><\/p><p><i>J\u2019aime entra\u00eener mes jeunes lecteurs dans des contr\u00e9es lointaines, \u00e0 la rencontre d\u2019enfants d\u2019ailleurs\u2026mais j\u2019aime aussi raconter des petites histoires de rien du tout, inspir\u00e9es par le quotidien de l\u2019enfance avec juste ce qu\u2019il faut de sourire pour que la vie soit plus douce.\u00a0 <\/i><\/p><p><i>Je vis \u00e0 Toulouse et mon bureau donne sur mon petit jardin, o\u00f9 m\u00e9sanges et rouges-gorges viennent souvent me tenir compagnie\u2026\u00a0\u00bb<\/i><\/p><h1><i>\u00a0<\/i><u>Les derni\u00e8res parutions<\/u><\/h1><ul><li><i>\u00a0<\/i><b style=\"font-style: inherit;\"><i>Le masque de la montagne blanche<\/i><\/b><span style=\"font-size: 15px;\">, illustr\u00e9 par B\u00e9n\u00e9dicte Nemo, \u00e9d. Cipango, 2018 (album jeunesse)<\/span><\/li><li><b style=\"font-style: inherit;\"><i>Norig et l&rsquo;or de l&rsquo;\u00eele<\/i><\/b><span style=\"font-size: 16px;\">, illustr\u00e9 par \u00a0Sophie Lebot, Editions Saltimbanque<\/span><\/li><li><b style=\"font-style: inherit;\"><i>Le cerf-volant de Toshiro<\/i><\/b><span style=\"font-size: 16px;\">, illustr\u00e9 par St\u00e9phane Nicolet, Editions Nathan<\/span><\/li><\/ul>\t\t\t\t\t\t\t\t<\/div>\n\t\t\t\t<\/div>\n\t\t\t\t\t<\/div>\n\t\t<\/div>\n\t\t\t\t\t<\/div>\n\t\t<\/section>\n\t\t\t\t<\/div>\n\t\t","protected":false},"excerpt":{"rendered":"<p>Ghislaine ROMAN \u00ab\u00a0Je suis n\u00e9e au pied des Pyr\u00e9n\u00e9es, dans une petite maison aux volets bleus, au bord d&rsquo;un torrent de montagne. Mon aventure d&rsquo;\u00e9criture a d\u00e9but\u00e9 avec les magazines pour la jeunesse. Je suis toujours tr\u00e8s attentive \u00e0 la musicalit\u00e9 de mes textes. Il faut dire que, dans une autre vie, j&rsquo;ai \u00e9crit beaucoup &hellip;<\/p>\n<p class=\"read-more\"> <a class=\"\" href=\"https:\/\/festival-livre-jeunesse.fr\/2021\/auteurs\/ghislaine-roman-2\/\"> <span class=\"screen-reader-text\">Ghislaine Roman<\/span> Lire la suite\u00a0\u00bb<\/a><\/p>\n","protected":false},"author":1,"featured_media":0,"parent":377,"menu_order":0,"comment_status":"closed","ping_status":"closed","template":"","meta":{"_uag_custom_page_level_css":"","footnotes":""},"class_list":["post-330","page","type-page","status-publish","hentry"],"yoast_head":"<!-- This site is optimized with the Yoast SEO plugin v25.3.1 - https:\/\/yoast.com\/wordpress\/plugins\/seo\/ -->\n<title>Ghislaine Roman - Festival du Livre de Jeunesse Occitanie<\/title>\n<meta name=\"robots\" content=\"index, follow, max-snippet:-1, max-image-preview:large, max-video-preview:-1\" \/>\n<link rel=\"canonical\" href=\"https:\/\/festival-livre-jeunesse.fr\/2021\/auteurs\/ghislaine-roman-2\/\" \/>\n<meta property=\"og:locale\" content=\"fr_FR\" \/>\n<meta property=\"og:type\" content=\"article\" \/>\n<meta property=\"og:title\" content=\"Ghislaine Roman - Festival du Livre de Jeunesse Occitanie\" \/>\n<meta property=\"og:description\" content=\"Ghislaine ROMAN \u00ab\u00a0Je suis n\u00e9e au pied des Pyr\u00e9n\u00e9es, dans une petite maison aux volets bleus, au bord d&rsquo;un torrent de montagne. Mon aventure d&rsquo;\u00e9criture a d\u00e9but\u00e9 avec les magazines pour la jeunesse. Je suis toujours tr\u00e8s attentive \u00e0 la musicalit\u00e9 de mes textes. Il faut dire que, dans une autre vie, j&rsquo;ai \u00e9crit beaucoup &hellip; Ghislaine Roman Lire la suite\u00a0\u00bb\" \/>\n<meta property=\"og:url\" content=\"https:\/\/festival-livre-jeunesse.fr\/2021\/auteurs\/ghislaine-roman-2\/\" \/>\n<meta property=\"og:site_name\" content=\"Festival du Livre de Jeunesse Occitanie\" \/>\n<meta property=\"article:modified_time\" content=\"2020-09-22T14:05:11+00:00\" \/>\n<meta property=\"og:image\" content=\"http:\/\/festival-livre-jeunesse.fr\/2021\/wp-content\/uploads\/2020\/08\/Ghislaine-Roman.png\" \/>\n<meta name=\"twitter:card\" content=\"summary_large_image\" \/>\n<meta name=\"twitter:label1\" content=\"Dur\u00e9e de lecture estim\u00e9e\" \/>\n\t<meta name=\"twitter:data1\" content=\"1 minute\" \/>\n<script type=\"application\/ld+json\" class=\"yoast-schema-graph\">{\"@context\":\"https:\/\/schema.org\",\"@graph\":[{\"@type\":\"WebPage\",\"@id\":\"https:\/\/festival-livre-jeunesse.fr\/2021\/auteurs\/ghislaine-roman-2\/\",\"url\":\"https:\/\/festival-livre-jeunesse.fr\/2021\/auteurs\/ghislaine-roman-2\/\",\"name\":\"Ghislaine Roman - Festival du Livre de Jeunesse Occitanie\",\"isPartOf\":{\"@id\":\"https:\/\/festival-livre-jeunesse.fr\/2021\/#website\"},\"primaryImageOfPage\":{\"@id\":\"https:\/\/festival-livre-jeunesse.fr\/2021\/auteurs\/ghislaine-roman-2\/#primaryimage\"},\"image\":{\"@id\":\"https:\/\/festival-livre-jeunesse.fr\/2021\/auteurs\/ghislaine-roman-2\/#primaryimage\"},\"thumbnailUrl\":\"http:\/\/festival-livre-jeunesse.fr\/2021\/wp-content\/uploads\/2020\/08\/Ghislaine-Roman.png\",\"datePublished\":\"2020-09-02T19:45:23+00:00\",\"dateModified\":\"2020-09-22T14:05:11+00:00\",\"breadcrumb\":{\"@id\":\"https:\/\/festival-livre-jeunesse.fr\/2021\/auteurs\/ghislaine-roman-2\/#breadcrumb\"},\"inLanguage\":\"fr-FR\",\"potentialAction\":[{\"@type\":\"ReadAction\",\"target\":[\"https:\/\/festival-livre-jeunesse.fr\/2021\/auteurs\/ghislaine-roman-2\/\"]}]},{\"@type\":\"ImageObject\",\"inLanguage\":\"fr-FR\",\"@id\":\"https:\/\/festival-livre-jeunesse.fr\/2021\/auteurs\/ghislaine-roman-2\/#primaryimage\",\"url\":\"http:\/\/festival-livre-jeunesse.fr\/2021\/wp-content\/uploads\/2020\/08\/Ghislaine-Roman.png\",\"contentUrl\":\"http:\/\/festival-livre-jeunesse.fr\/2021\/wp-content\/uploads\/2020\/08\/Ghislaine-Roman.png\"},{\"@type\":\"BreadcrumbList\",\"@id\":\"https:\/\/festival-livre-jeunesse.fr\/2021\/auteurs\/ghislaine-roman-2\/#breadcrumb\",\"itemListElement\":[{\"@type\":\"ListItem\",\"position\":1,\"name\":\"Accueil\",\"item\":\"https:\/\/festival-livre-jeunesse.fr\/2021\/\"},{\"@type\":\"ListItem\",\"position\":2,\"name\":\"Auteurs\",\"item\":\"https:\/\/festival-livre-jeunesse.fr\/2021\/auteurs\/\"},{\"@type\":\"ListItem\",\"position\":3,\"name\":\"Ghislaine Roman\"}]},{\"@type\":\"WebSite\",\"@id\":\"https:\/\/festival-livre-jeunesse.fr\/2021\/#website\",\"url\":\"https:\/\/festival-livre-jeunesse.fr\/2021\/\",\"name\":\"Festival du Livre de Jeunesse Occitanie\",\"description\":\"19\u00e8me \u00e9dition\",\"potentialAction\":[{\"@type\":\"SearchAction\",\"target\":{\"@type\":\"EntryPoint\",\"urlTemplate\":\"https:\/\/festival-livre-jeunesse.fr\/2021\/?s={search_term_string}\"},\"query-input\":{\"@type\":\"PropertyValueSpecification\",\"valueRequired\":true,\"valueName\":\"search_term_string\"}}],\"inLanguage\":\"fr-FR\"}]}<\/script>\n<!-- \/ Yoast SEO plugin. -->","yoast_head_json":{"title":"Ghislaine Roman - Festival du Livre de Jeunesse Occitanie","robots":{"index":"index","follow":"follow","max-snippet":"max-snippet:-1","max-image-preview":"max-image-preview:large","max-video-preview":"max-video-preview:-1"},"canonical":"https:\/\/festival-livre-jeunesse.fr\/2021\/auteurs\/ghislaine-roman-2\/","og_locale":"fr_FR","og_type":"article","og_title":"Ghislaine Roman - Festival du Livre de Jeunesse Occitanie","og_description":"Ghislaine ROMAN \u00ab\u00a0Je suis n\u00e9e au pied des Pyr\u00e9n\u00e9es, dans une petite maison aux volets bleus, au bord d&rsquo;un torrent de montagne. Mon aventure d&rsquo;\u00e9criture a d\u00e9but\u00e9 avec les magazines pour la jeunesse. Je suis toujours tr\u00e8s attentive \u00e0 la musicalit\u00e9 de mes textes. Il faut dire que, dans une autre vie, j&rsquo;ai \u00e9crit beaucoup &hellip; Ghislaine Roman Lire la suite\u00a0\u00bb","og_url":"https:\/\/festival-livre-jeunesse.fr\/2021\/auteurs\/ghislaine-roman-2\/","og_site_name":"Festival du Livre de Jeunesse Occitanie","article_modified_time":"2020-09-22T14:05:11+00:00","og_image":[{"url":"http:\/\/festival-livre-jeunesse.fr\/2021\/wp-content\/uploads\/2020\/08\/Ghislaine-Roman.png","type":"","width":"","height":""}],"twitter_card":"summary_large_image","twitter_misc":{"Dur\u00e9e de lecture estim\u00e9e":"1 minute"},"schema":{"@context":"https:\/\/schema.org","@graph":[{"@type":"WebPage","@id":"https:\/\/festival-livre-jeunesse.fr\/2021\/auteurs\/ghislaine-roman-2\/","url":"https:\/\/festival-livre-jeunesse.fr\/2021\/auteurs\/ghislaine-roman-2\/","name":"Ghislaine Roman - Festival du Livre de Jeunesse Occitanie","isPartOf":{"@id":"https:\/\/festival-livre-jeunesse.fr\/2021\/#website"},"primaryImageOfPage":{"@id":"https:\/\/festival-livre-jeunesse.fr\/2021\/auteurs\/ghislaine-roman-2\/#primaryimage"},"image":{"@id":"https:\/\/festival-livre-jeunesse.fr\/2021\/auteurs\/ghislaine-roman-2\/#primaryimage"},"thumbnailUrl":"http:\/\/festival-livre-jeunesse.fr\/2021\/wp-content\/uploads\/2020\/08\/Ghislaine-Roman.png","datePublished":"2020-09-02T19:45:23+00:00","dateModified":"2020-09-22T14:05:11+00:00","breadcrumb":{"@id":"https:\/\/festival-livre-jeunesse.fr\/2021\/auteurs\/ghislaine-roman-2\/#breadcrumb"},"inLanguage":"fr-FR","potentialAction":[{"@type":"ReadAction","target":["https:\/\/festival-livre-jeunesse.fr\/2021\/auteurs\/ghislaine-roman-2\/"]}]},{"@type":"ImageObject","inLanguage":"fr-FR","@id":"https:\/\/festival-livre-jeunesse.fr\/2021\/auteurs\/ghislaine-roman-2\/#primaryimage","url":"http:\/\/festival-livre-jeunesse.fr\/2021\/wp-content\/uploads\/2020\/08\/Ghislaine-Roman.png","contentUrl":"http:\/\/festival-livre-jeunesse.fr\/2021\/wp-content\/uploads\/2020\/08\/Ghislaine-Roman.png"},{"@type":"BreadcrumbList","@id":"https:\/\/festival-livre-jeunesse.fr\/2021\/auteurs\/ghislaine-roman-2\/#breadcrumb","itemListElement":[{"@type":"ListItem","position":1,"name":"Accueil","item":"https:\/\/festival-livre-jeunesse.fr\/2021\/"},{"@type":"ListItem","position":2,"name":"Auteurs","item":"https:\/\/festival-livre-jeunesse.fr\/2021\/auteurs\/"},{"@type":"ListItem","position":3,"name":"Ghislaine Roman"}]},{"@type":"WebSite","@id":"https:\/\/festival-livre-jeunesse.fr\/2021\/#website","url":"https:\/\/festival-livre-jeunesse.fr\/2021\/","name":"Festival du Livre de Jeunesse Occitanie","description":"19\u00e8me \u00e9dition","potentialAction":[{"@type":"SearchAction","target":{"@type":"EntryPoint","urlTemplate":"https:\/\/festival-livre-jeunesse.fr\/2021\/?s={search_term_string}"},"query-input":{"@type":"PropertyValueSpecification","valueRequired":true,"valueName":"search_term_string"}}],"inLanguage":"fr-FR"}]}},"uagb_featured_image_src":{"full":false,"thumbnail":false,"medium":false,"medium_large":false,"large":false,"1536x1536":false,"2048x2048":false},"uagb_author_info":{"display_name":"festival","author_link":"https:\/\/festival-livre-jeunesse.fr\/2021\/author\/festival\/"},"uagb_comment_info":0,"uagb_excerpt":"Ghislaine ROMAN \u00ab\u00a0Je suis n\u00e9e au pied des Pyr\u00e9n\u00e9es, dans une petite maison aux volets bleus, au bord d&rsquo;un torrent de montagne. Mon aventure d&rsquo;\u00e9criture a d\u00e9but\u00e9 avec les magazines pour la jeunesse. Je suis toujours tr\u00e8s attentive \u00e0 la musicalit\u00e9 de mes textes. Il faut dire que, dans une autre vie, j&rsquo;ai \u00e9crit beaucoup\u2026","_links":{"self":[{"href":"https:\/\/festival-livre-jeunesse.fr\/2021\/wp-json\/wp\/v2\/pages\/330","targetHints":{"allow":["GET"]}}],"collection":[{"href":"https:\/\/festival-livre-jeunesse.fr\/2021\/wp-json\/wp\/v2\/pages"}],"about":[{"href":"https:\/\/festival-livre-jeunesse.fr\/2021\/wp-json\/wp\/v2\/types\/page"}],"author":[{"embeddable":true,"href":"https:\/\/festival-livre-jeunesse.fr\/2021\/wp-json\/wp\/v2\/users\/1"}],"replies":[{"embeddable":true,"href":"https:\/\/festival-livre-jeunesse.fr\/2021\/wp-json\/wp\/v2\/comments?post=330"}],"version-history":[{"count":7,"href":"https:\/\/festival-livre-jeunesse.fr\/2021\/wp-json\/wp\/v2\/pages\/330\/revisions"}],"predecessor-version":[{"id":1959,"href":"https:\/\/festival-livre-jeunesse.fr\/2021\/wp-json\/wp\/v2\/pages\/330\/revisions\/1959"}],"up":[{"embeddable":true,"href":"https:\/\/festival-livre-jeunesse.fr\/2021\/wp-json\/wp\/v2\/pages\/377"}],"wp:attachment":[{"href":"https:\/\/festival-livre-jeunesse.fr\/2021\/wp-json\/wp\/v2\/media?parent=330"}],"curies":[{"name":"wp","href":"https:\/\/api.w.org\/{rel}","templated":true}]}}