{"id":334,"date":"2020-09-02T21:55:07","date_gmt":"2020-09-02T19:55:07","guid":{"rendered":"http:\/\/festival-livre-jeunesse.fr\/2021\/?page_id=334"},"modified":"2021-01-21T16:08:48","modified_gmt":"2021-01-21T15:08:48","slug":"alis-wilk-2","status":"publish","type":"page","link":"https:\/\/festival-livre-jeunesse.fr\/2021\/auteurs\/alis-wilk-2\/","title":{"rendered":"Elis Wilk"},"content":{"rendered":"\t\t<div data-elementor-type=\"wp-page\" data-elementor-id=\"334\" class=\"elementor elementor-334\">\n\t\t\t\t\t\t<section class=\"elementor-section elementor-top-section elementor-element elementor-element-c9998d2 elementor-section-boxed elementor-section-height-default elementor-section-height-default\" data-id=\"c9998d2\" data-element_type=\"section\" data-e-type=\"section\">\n\t\t\t\t\t\t<div class=\"elementor-container elementor-column-gap-default\">\n\t\t\t\t\t<div class=\"elementor-column elementor-col-50 elementor-top-column elementor-element elementor-element-ab86ae4\" data-id=\"ab86ae4\" data-element_type=\"column\" data-e-type=\"column\">\n\t\t\t<div class=\"elementor-widget-wrap elementor-element-populated\">\n\t\t\t\t\t\t<div class=\"elementor-element elementor-element-078356f elementor-widget elementor-widget-image\" data-id=\"078356f\" data-element_type=\"widget\" data-e-type=\"widget\" data-widget_type=\"image.default\">\n\t\t\t\t<div class=\"elementor-widget-container\">\n\t\t\t\t\t\t\t\t\t\t\t\t\t\t\t<img fetchpriority=\"high\" decoding=\"async\" width=\"400\" height=\"528\" src=\"https:\/\/festival-livre-jeunesse.fr\/2021\/wp-content\/uploads\/2020\/08\/Alis-Wilk.png\" class=\"attachment-large size-large wp-image-109\" alt=\"\" srcset=\"https:\/\/festival-livre-jeunesse.fr\/2021\/wp-content\/uploads\/2020\/08\/Alis-Wilk.png 400w, https:\/\/festival-livre-jeunesse.fr\/2021\/wp-content\/uploads\/2020\/08\/Alis-Wilk-227x300.png 227w\" sizes=\"(max-width: 400px) 100vw, 400px\" \/>\t\t\t\t\t\t\t\t\t\t\t\t\t\t\t<\/div>\n\t\t\t\t<\/div>\n\t\t\t\t\t<\/div>\n\t\t<\/div>\n\t\t\t\t<div class=\"elementor-column elementor-col-50 elementor-top-column elementor-element elementor-element-d129e36\" data-id=\"d129e36\" data-element_type=\"column\" data-e-type=\"column\">\n\t\t\t<div class=\"elementor-widget-wrap elementor-element-populated\">\n\t\t\t\t\t\t<div class=\"elementor-element elementor-element-7323443 elementor-widget elementor-widget-heading\" data-id=\"7323443\" data-element_type=\"widget\" data-e-type=\"widget\" data-widget_type=\"heading.default\">\n\t\t\t\t<div class=\"elementor-widget-container\">\n\t\t\t\t\t<h1 class=\"elementor-heading-title elementor-size-xl\">Elis Wilk<\/h1>\t\t\t\t<\/div>\n\t\t\t\t<\/div>\n\t\t\t\t<div class=\"elementor-element elementor-element-eb6de9e elementor-widget elementor-widget-text-editor\" data-id=\"eb6de9e\" data-element_type=\"widget\" data-e-type=\"widget\" data-widget_type=\"text-editor.default\">\n\t\t\t\t<div class=\"elementor-widget-container\">\n\t\t\t\t\t\t\t\t\t<p><b style=\"font-style: inherit;\"><a href=\"https:\/\/eliswilk.ultra-book.com\/\">Elis WILK<\/a>\u00a0\u00a0<\/b><span style=\"font-size: 15px;\">est n\u00e9e en banlieue parisienne. A 8 ans, elle d\u00e9m\u00e9nage dans le Berry, au bord d&rsquo;une rivi\u00e8re, un endroit paum\u00e9 mais magnifique.<\/span><span style=\"font-size: 15px;\">\u00a0 <\/span><span style=\"font-size: 15px;\">Majeure, elle \u00e9cume les villes \u00e0 la recherche de ce qu&rsquo;elle ne conna\u00eet pas encore. Elle passe par Paris, Montpellier et Lyon o\u00f9 elle \u00e9tudie les Sciences politiques, le Cin\u00e9ma et la Photographie.<\/span><span style=\"font-size: 15px;\">\u00a0 <\/span><span style=\"font-size: 15px;\">Puis s&rsquo;\u00e9chappe en Pologne et rencontre le Th\u00e9\u00e2tre et les Arts graphiques. Elle travaille ensuite pendant 4 ans au Th\u00e9\u00e2tre de Villejuif avant de repartir \u00e0 Naples et \u00e0 Bruxelles pour \u00e9tudier l&rsquo;art et en particulier l&rsquo;illustration. Elle obtient, en parall\u00e8le, l&rsquo;Agr\u00e9gation belge pour enseigner les Arts plastiques.<\/span><\/p><p><span style=\"font-size: 15px;\">Elis a publi\u00e9 une dizaine d&rsquo;albums jeunesse et travaille r\u00e9guli\u00e8rement pour la presse, l&rsquo;\u00e9dition ou le spectacle vivant.<\/span><span style=\"font-size: 15px;\">\u00a0 <\/span><span style=\"font-size: 15px;\">Elle partage son temps entre Rabastens &#8211; o\u00f9 elle vit &#8211; Naples et le Berry.<\/span><\/p><p>\u00a0<b style=\"font-style: inherit;\"><u>Les derniers livres d\u2019Elis Wilk<\/u><\/b><\/p><ul><li><b><i><span style=\"color: black; background-image: initial; background-position: initial; background-size: initial; background-repeat: initial; background-attachment: initial; background-origin: initial; background-clip: initial;\">Que fais-tu petit chat ?<\/span><\/i><\/b><span style=\"color: black; background-image: initial; background-position: initial; background-size: initial; background-repeat: initial; background-attachment: initial; background-origin: initial; background-clip: initial;\">, Editions Kilowatt<\/span><\/li><li><b style=\"font-style: inherit;\"><i><span style=\"color: black; background-image: initial; background-position: initial; background-size: initial; background-repeat: initial; background-attachment: initial; background-origin: initial; background-clip: initial;\">L&rsquo;appel de la lune<\/span><\/i><\/b><span style=\"color: black; background-image: initial; background-position: initial; background-size: initial; background-repeat: initial; background-attachment: initial; background-origin: initial; background-clip: initial;\">, Editions Versant Sud Jeunesse<\/span><\/li><li><em><b style=\"font-style: inherit;\">Maman ?!<\/b><\/em><span style=\"color: black; background-image: initial; background-position: initial; background-size: initial; background-repeat: initial; background-attachment: initial; background-origin: initial; background-clip: initial;\"> , Editions Versant Sud Jeunesse<\/span><\/li><li><em><b style=\"font-style: inherit;\">Qu\u2019est-ce qu\u2019il y a dans ton ventre ?<\/b><\/em><span style=\"font-size: 16px;\">, Editions diplodocus<\/span><\/li><\/ul>\t\t\t\t\t\t\t\t<\/div>\n\t\t\t\t<\/div>\n\t\t\t\t\t<\/div>\n\t\t<\/div>\n\t\t\t\t\t<\/div>\n\t\t<\/section>\n\t\t\t\t<\/div>\n\t\t","protected":false},"excerpt":{"rendered":"<p>Elis Wilk Elis WILK&nbsp;&nbsp;est n\u00e9e en banlieue parisienne. A 8 ans, elle d\u00e9m\u00e9nage dans le Berry, au bord d&rsquo;une rivi\u00e8re, un endroit paum\u00e9 mais magnifique.&nbsp; Majeure, elle \u00e9cume les villes \u00e0 la recherche de ce qu&rsquo;elle ne conna\u00eet pas encore. Elle passe par Paris, Montpellier et Lyon o\u00f9 elle \u00e9tudie les Sciences politiques, le Cin\u00e9ma &hellip;<\/p>\n<p class=\"read-more\"> <a class=\"\" href=\"https:\/\/festival-livre-jeunesse.fr\/2021\/auteurs\/alis-wilk-2\/\"> <span class=\"screen-reader-text\">Elis Wilk<\/span> Lire la suite\u00a0\u00bb<\/a><\/p>\n","protected":false},"author":1,"featured_media":0,"parent":377,"menu_order":0,"comment_status":"closed","ping_status":"closed","template":"","meta":{"_uag_custom_page_level_css":"","footnotes":""},"class_list":["post-334","page","type-page","status-publish","hentry"],"yoast_head":"<!-- This site is optimized with the Yoast SEO plugin v25.3.1 - https:\/\/yoast.com\/wordpress\/plugins\/seo\/ -->\n<title>Elis Wilk - Festival du Livre de Jeunesse Occitanie<\/title>\n<meta name=\"robots\" content=\"index, follow, max-snippet:-1, max-image-preview:large, max-video-preview:-1\" \/>\n<link rel=\"canonical\" href=\"https:\/\/festival-livre-jeunesse.fr\/2021\/auteurs\/alis-wilk-2\/\" \/>\n<meta property=\"og:locale\" content=\"fr_FR\" \/>\n<meta property=\"og:type\" content=\"article\" \/>\n<meta property=\"og:title\" content=\"Elis Wilk - Festival du Livre de Jeunesse Occitanie\" \/>\n<meta property=\"og:description\" content=\"Elis Wilk Elis WILK&nbsp;&nbsp;est n\u00e9e en banlieue parisienne. A 8 ans, elle d\u00e9m\u00e9nage dans le Berry, au bord d&rsquo;une rivi\u00e8re, un endroit paum\u00e9 mais magnifique.&nbsp; Majeure, elle \u00e9cume les villes \u00e0 la recherche de ce qu&rsquo;elle ne conna\u00eet pas encore. Elle passe par Paris, Montpellier et Lyon o\u00f9 elle \u00e9tudie les Sciences politiques, le Cin\u00e9ma &hellip; Elis Wilk Lire la suite\u00a0\u00bb\" \/>\n<meta property=\"og:url\" content=\"https:\/\/festival-livre-jeunesse.fr\/2021\/auteurs\/alis-wilk-2\/\" \/>\n<meta property=\"og:site_name\" content=\"Festival du Livre de Jeunesse Occitanie\" \/>\n<meta property=\"article:modified_time\" content=\"2021-01-21T15:08:48+00:00\" \/>\n<meta property=\"og:image\" content=\"http:\/\/festival-livre-jeunesse.fr\/2021\/wp-content\/uploads\/2020\/08\/Alis-Wilk.png\" \/>\n<meta name=\"twitter:card\" content=\"summary_large_image\" \/>\n<meta name=\"twitter:label1\" content=\"Dur\u00e9e de lecture estim\u00e9e\" \/>\n\t<meta name=\"twitter:data1\" content=\"1 minute\" \/>\n<script type=\"application\/ld+json\" class=\"yoast-schema-graph\">{\"@context\":\"https:\/\/schema.org\",\"@graph\":[{\"@type\":\"WebPage\",\"@id\":\"https:\/\/festival-livre-jeunesse.fr\/2021\/auteurs\/alis-wilk-2\/\",\"url\":\"https:\/\/festival-livre-jeunesse.fr\/2021\/auteurs\/alis-wilk-2\/\",\"name\":\"Elis Wilk - Festival du Livre de Jeunesse Occitanie\",\"isPartOf\":{\"@id\":\"https:\/\/festival-livre-jeunesse.fr\/2021\/#website\"},\"primaryImageOfPage\":{\"@id\":\"https:\/\/festival-livre-jeunesse.fr\/2021\/auteurs\/alis-wilk-2\/#primaryimage\"},\"image\":{\"@id\":\"https:\/\/festival-livre-jeunesse.fr\/2021\/auteurs\/alis-wilk-2\/#primaryimage\"},\"thumbnailUrl\":\"http:\/\/festival-livre-jeunesse.fr\/2021\/wp-content\/uploads\/2020\/08\/Alis-Wilk.png\",\"datePublished\":\"2020-09-02T19:55:07+00:00\",\"dateModified\":\"2021-01-21T15:08:48+00:00\",\"breadcrumb\":{\"@id\":\"https:\/\/festival-livre-jeunesse.fr\/2021\/auteurs\/alis-wilk-2\/#breadcrumb\"},\"inLanguage\":\"fr-FR\",\"potentialAction\":[{\"@type\":\"ReadAction\",\"target\":[\"https:\/\/festival-livre-jeunesse.fr\/2021\/auteurs\/alis-wilk-2\/\"]}]},{\"@type\":\"ImageObject\",\"inLanguage\":\"fr-FR\",\"@id\":\"https:\/\/festival-livre-jeunesse.fr\/2021\/auteurs\/alis-wilk-2\/#primaryimage\",\"url\":\"http:\/\/festival-livre-jeunesse.fr\/2021\/wp-content\/uploads\/2020\/08\/Alis-Wilk.png\",\"contentUrl\":\"http:\/\/festival-livre-jeunesse.fr\/2021\/wp-content\/uploads\/2020\/08\/Alis-Wilk.png\"},{\"@type\":\"BreadcrumbList\",\"@id\":\"https:\/\/festival-livre-jeunesse.fr\/2021\/auteurs\/alis-wilk-2\/#breadcrumb\",\"itemListElement\":[{\"@type\":\"ListItem\",\"position\":1,\"name\":\"Accueil\",\"item\":\"https:\/\/festival-livre-jeunesse.fr\/2021\/\"},{\"@type\":\"ListItem\",\"position\":2,\"name\":\"Auteurs\",\"item\":\"https:\/\/festival-livre-jeunesse.fr\/2021\/auteurs\/\"},{\"@type\":\"ListItem\",\"position\":3,\"name\":\"Elis Wilk\"}]},{\"@type\":\"WebSite\",\"@id\":\"https:\/\/festival-livre-jeunesse.fr\/2021\/#website\",\"url\":\"https:\/\/festival-livre-jeunesse.fr\/2021\/\",\"name\":\"Festival du Livre de Jeunesse Occitanie\",\"description\":\"19\u00e8me \u00e9dition\",\"potentialAction\":[{\"@type\":\"SearchAction\",\"target\":{\"@type\":\"EntryPoint\",\"urlTemplate\":\"https:\/\/festival-livre-jeunesse.fr\/2021\/?s={search_term_string}\"},\"query-input\":{\"@type\":\"PropertyValueSpecification\",\"valueRequired\":true,\"valueName\":\"search_term_string\"}}],\"inLanguage\":\"fr-FR\"}]}<\/script>\n<!-- \/ Yoast SEO plugin. -->","yoast_head_json":{"title":"Elis Wilk - Festival du Livre de Jeunesse Occitanie","robots":{"index":"index","follow":"follow","max-snippet":"max-snippet:-1","max-image-preview":"max-image-preview:large","max-video-preview":"max-video-preview:-1"},"canonical":"https:\/\/festival-livre-jeunesse.fr\/2021\/auteurs\/alis-wilk-2\/","og_locale":"fr_FR","og_type":"article","og_title":"Elis Wilk - Festival du Livre de Jeunesse Occitanie","og_description":"Elis Wilk Elis WILK&nbsp;&nbsp;est n\u00e9e en banlieue parisienne. A 8 ans, elle d\u00e9m\u00e9nage dans le Berry, au bord d&rsquo;une rivi\u00e8re, un endroit paum\u00e9 mais magnifique.&nbsp; Majeure, elle \u00e9cume les villes \u00e0 la recherche de ce qu&rsquo;elle ne conna\u00eet pas encore. Elle passe par Paris, Montpellier et Lyon o\u00f9 elle \u00e9tudie les Sciences politiques, le Cin\u00e9ma &hellip; Elis Wilk Lire la suite\u00a0\u00bb","og_url":"https:\/\/festival-livre-jeunesse.fr\/2021\/auteurs\/alis-wilk-2\/","og_site_name":"Festival du Livre de Jeunesse Occitanie","article_modified_time":"2021-01-21T15:08:48+00:00","og_image":[{"url":"http:\/\/festival-livre-jeunesse.fr\/2021\/wp-content\/uploads\/2020\/08\/Alis-Wilk.png","type":"","width":"","height":""}],"twitter_card":"summary_large_image","twitter_misc":{"Dur\u00e9e de lecture estim\u00e9e":"1 minute"},"schema":{"@context":"https:\/\/schema.org","@graph":[{"@type":"WebPage","@id":"https:\/\/festival-livre-jeunesse.fr\/2021\/auteurs\/alis-wilk-2\/","url":"https:\/\/festival-livre-jeunesse.fr\/2021\/auteurs\/alis-wilk-2\/","name":"Elis Wilk - Festival du Livre de Jeunesse Occitanie","isPartOf":{"@id":"https:\/\/festival-livre-jeunesse.fr\/2021\/#website"},"primaryImageOfPage":{"@id":"https:\/\/festival-livre-jeunesse.fr\/2021\/auteurs\/alis-wilk-2\/#primaryimage"},"image":{"@id":"https:\/\/festival-livre-jeunesse.fr\/2021\/auteurs\/alis-wilk-2\/#primaryimage"},"thumbnailUrl":"http:\/\/festival-livre-jeunesse.fr\/2021\/wp-content\/uploads\/2020\/08\/Alis-Wilk.png","datePublished":"2020-09-02T19:55:07+00:00","dateModified":"2021-01-21T15:08:48+00:00","breadcrumb":{"@id":"https:\/\/festival-livre-jeunesse.fr\/2021\/auteurs\/alis-wilk-2\/#breadcrumb"},"inLanguage":"fr-FR","potentialAction":[{"@type":"ReadAction","target":["https:\/\/festival-livre-jeunesse.fr\/2021\/auteurs\/alis-wilk-2\/"]}]},{"@type":"ImageObject","inLanguage":"fr-FR","@id":"https:\/\/festival-livre-jeunesse.fr\/2021\/auteurs\/alis-wilk-2\/#primaryimage","url":"http:\/\/festival-livre-jeunesse.fr\/2021\/wp-content\/uploads\/2020\/08\/Alis-Wilk.png","contentUrl":"http:\/\/festival-livre-jeunesse.fr\/2021\/wp-content\/uploads\/2020\/08\/Alis-Wilk.png"},{"@type":"BreadcrumbList","@id":"https:\/\/festival-livre-jeunesse.fr\/2021\/auteurs\/alis-wilk-2\/#breadcrumb","itemListElement":[{"@type":"ListItem","position":1,"name":"Accueil","item":"https:\/\/festival-livre-jeunesse.fr\/2021\/"},{"@type":"ListItem","position":2,"name":"Auteurs","item":"https:\/\/festival-livre-jeunesse.fr\/2021\/auteurs\/"},{"@type":"ListItem","position":3,"name":"Elis Wilk"}]},{"@type":"WebSite","@id":"https:\/\/festival-livre-jeunesse.fr\/2021\/#website","url":"https:\/\/festival-livre-jeunesse.fr\/2021\/","name":"Festival du Livre de Jeunesse Occitanie","description":"19\u00e8me \u00e9dition","potentialAction":[{"@type":"SearchAction","target":{"@type":"EntryPoint","urlTemplate":"https:\/\/festival-livre-jeunesse.fr\/2021\/?s={search_term_string}"},"query-input":{"@type":"PropertyValueSpecification","valueRequired":true,"valueName":"search_term_string"}}],"inLanguage":"fr-FR"}]}},"uagb_featured_image_src":{"full":false,"thumbnail":false,"medium":false,"medium_large":false,"large":false,"1536x1536":false,"2048x2048":false},"uagb_author_info":{"display_name":"festival","author_link":"https:\/\/festival-livre-jeunesse.fr\/2021\/author\/festival\/"},"uagb_comment_info":0,"uagb_excerpt":"Elis Wilk Elis WILK&nbsp;&nbsp;est n\u00e9e en banlieue parisienne. A 8 ans, elle d\u00e9m\u00e9nage dans le Berry, au bord d&rsquo;une rivi\u00e8re, un endroit paum\u00e9 mais magnifique.&nbsp; Majeure, elle \u00e9cume les villes \u00e0 la recherche de ce qu&rsquo;elle ne conna\u00eet pas encore. Elle passe par Paris, Montpellier et Lyon o\u00f9 elle \u00e9tudie les Sciences politiques, le Cin\u00e9ma\u2026","_links":{"self":[{"href":"https:\/\/festival-livre-jeunesse.fr\/2021\/wp-json\/wp\/v2\/pages\/334","targetHints":{"allow":["GET"]}}],"collection":[{"href":"https:\/\/festival-livre-jeunesse.fr\/2021\/wp-json\/wp\/v2\/pages"}],"about":[{"href":"https:\/\/festival-livre-jeunesse.fr\/2021\/wp-json\/wp\/v2\/types\/page"}],"author":[{"embeddable":true,"href":"https:\/\/festival-livre-jeunesse.fr\/2021\/wp-json\/wp\/v2\/users\/1"}],"replies":[{"embeddable":true,"href":"https:\/\/festival-livre-jeunesse.fr\/2021\/wp-json\/wp\/v2\/comments?post=334"}],"version-history":[{"count":14,"href":"https:\/\/festival-livre-jeunesse.fr\/2021\/wp-json\/wp\/v2\/pages\/334\/revisions"}],"predecessor-version":[{"id":6858,"href":"https:\/\/festival-livre-jeunesse.fr\/2021\/wp-json\/wp\/v2\/pages\/334\/revisions\/6858"}],"up":[{"embeddable":true,"href":"https:\/\/festival-livre-jeunesse.fr\/2021\/wp-json\/wp\/v2\/pages\/377"}],"wp:attachment":[{"href":"https:\/\/festival-livre-jeunesse.fr\/2021\/wp-json\/wp\/v2\/media?parent=334"}],"curies":[{"name":"wp","href":"https:\/\/api.w.org\/{rel}","templated":true}]}}