{"id":3608,"date":"2020-12-08T09:06:06","date_gmt":"2020-12-08T08:06:06","guid":{"rendered":"http:\/\/festival-livre-jeunesse.fr\/2021\/?page_id=3608"},"modified":"2021-01-08T17:37:35","modified_gmt":"2021-01-08T16:37:35","slug":"en-classe","status":"publish","type":"page","link":"https:\/\/festival-livre-jeunesse.fr\/2021\/en-classe\/","title":{"rendered":"En classe"},"content":{"rendered":"\t\t<div data-elementor-type=\"wp-page\" data-elementor-id=\"3608\" class=\"elementor elementor-3608\">\n\t\t\t\t\t\t<section class=\"elementor-section elementor-top-section elementor-element elementor-element-0c41d3a elementor-section-boxed elementor-section-height-default elementor-section-height-default\" data-id=\"0c41d3a\" data-element_type=\"section\" data-e-type=\"section\">\n\t\t\t\t\t\t<div class=\"elementor-container elementor-column-gap-default\">\n\t\t\t\t\t<div class=\"elementor-column elementor-col-100 elementor-top-column elementor-element elementor-element-c827222\" data-id=\"c827222\" data-element_type=\"column\" data-e-type=\"column\">\n\t\t\t<div class=\"elementor-widget-wrap elementor-element-populated\">\n\t\t\t\t\t\t<div class=\"elementor-element elementor-element-ead7c85 elementor-widget elementor-widget-spacer\" data-id=\"ead7c85\" data-element_type=\"widget\" data-e-type=\"widget\" data-widget_type=\"spacer.default\">\n\t\t\t\t<div class=\"elementor-widget-container\">\n\t\t\t\t\t\t\t<div class=\"elementor-spacer\">\n\t\t\t<div class=\"elementor-spacer-inner\"><\/div>\n\t\t<\/div>\n\t\t\t\t\t\t<\/div>\n\t\t\t\t<\/div>\n\t\t\t\t<div class=\"elementor-element elementor-element-3177a82 elementor-hidden-phone elementor-arrows-position-inside elementor-pagination-position-outside elementor-widget elementor-widget-image-carousel\" data-id=\"3177a82\" data-element_type=\"widget\" data-e-type=\"widget\" data-settings=\"{&quot;slides_to_show&quot;:&quot;1&quot;,&quot;slides_to_show_mobile&quot;:&quot;10&quot;,&quot;navigation&quot;:&quot;both&quot;,&quot;autoplay&quot;:&quot;yes&quot;,&quot;pause_on_hover&quot;:&quot;yes&quot;,&quot;pause_on_interaction&quot;:&quot;yes&quot;,&quot;autoplay_speed&quot;:5000,&quot;infinite&quot;:&quot;yes&quot;,&quot;effect&quot;:&quot;slide&quot;,&quot;speed&quot;:500}\" data-widget_type=\"image-carousel.default\">\n\t\t\t\t<div class=\"elementor-widget-container\">\n\t\t\t\t\t\t\t<div class=\"elementor-image-carousel-wrapper swiper\" role=\"region\" aria-roledescription=\"carousel\" aria-label=\"Carrousel d\u2019images\" dir=\"ltr\">\n\t\t\t<div class=\"elementor-image-carousel swiper-wrapper swiper-image-stretch\" aria-live=\"off\">\n\t\t\t\t\t\t\t\t<div class=\"swiper-slide\" role=\"group\" aria-roledescription=\"slide\" aria-label=\"1 sur 3\"><figure class=\"swiper-slide-inner\"><img decoding=\"async\" class=\"swiper-slide-image\" src=\"https:\/\/festival-livre-jeunesse.fr\/2021\/wp-content\/uploads\/elementor\/thumbs\/bandeau-1600-journee-scolaire03-ozpqw0tvn28tt3onreks2vym61nda114l08jocwbs0.png\" alt=\"bandeau 1600 journ\u00e9e scolaire03\" \/><\/figure><\/div><div class=\"swiper-slide\" role=\"group\" aria-roledescription=\"slide\" aria-label=\"2 sur 3\"><figure class=\"swiper-slide-inner\"><img decoding=\"async\" class=\"swiper-slide-image\" src=\"https:\/\/festival-livre-jeunesse.fr\/2021\/wp-content\/uploads\/elementor\/thumbs\/bandeau-1600-journee-scolaire02-ozpqw0tvn28tt3onreks2vym61nda114l08jocwbs0.png\" alt=\"bandeau 1600 journ\u00e9e scolaire02\" \/><\/figure><\/div><div class=\"swiper-slide\" role=\"group\" aria-roledescription=\"slide\" aria-label=\"3 sur 3\"><figure class=\"swiper-slide-inner\"><img decoding=\"async\" class=\"swiper-slide-image\" src=\"https:\/\/festival-livre-jeunesse.fr\/2021\/wp-content\/uploads\/elementor\/thumbs\/mediatheque-p0opm1jjhtpzzajjpn0if1wdpem2usjrckwrnxckgw.jpg\" alt=\"mediatheque\" \/><\/figure><\/div>\t\t\t<\/div>\n\t\t\t\t\t\t\t\t\t\t\t\t<div class=\"elementor-swiper-button elementor-swiper-button-prev\" role=\"button\" tabindex=\"0\">\n\t\t\t\t\t\t<i aria-hidden=\"true\" class=\"eicon-chevron-left\"><\/i>\t\t\t\t\t<\/div>\n\t\t\t\t\t<div class=\"elementor-swiper-button elementor-swiper-button-next\" role=\"button\" tabindex=\"0\">\n\t\t\t\t\t\t<i aria-hidden=\"true\" class=\"eicon-chevron-right\"><\/i>\t\t\t\t\t<\/div>\n\t\t\t\t\n\t\t\t\t\t\t\t\t\t<div class=\"swiper-pagination\"><\/div>\n\t\t\t\t\t\t\t\t\t<\/div>\n\t\t\t\t\t\t<\/div>\n\t\t\t\t<\/div>\n\t\t\t\t<div class=\"elementor-element elementor-element-2fb319e elementor-widget elementor-widget-heading\" data-id=\"2fb319e\" data-element_type=\"widget\" data-e-type=\"widget\" data-widget_type=\"heading.default\">\n\t\t\t\t<div class=\"elementor-widget-container\">\n\t\t\t\t\t<h1 class=\"elementor-heading-title elementor-size-xl\">en classe<\/h1>\t\t\t\t<\/div>\n\t\t\t\t<\/div>\n\t\t\t\t<div class=\"elementor-element elementor-element-af19336 elementor-widget elementor-widget-text-editor\" data-id=\"af19336\" data-element_type=\"widget\" data-e-type=\"widget\" data-widget_type=\"text-editor.default\">\n\t\t\t\t<div class=\"elementor-widget-container\">\n\t\t\t\t\t\t\t\t\t<p>Engag\u00e9 dans l\u2019\u00e9ducation artistique et culturelle depuis sa cr\u00e9ation, le Festival du Livre de Jeunesse Occitanie propose des rencontres d\u2019auteurs \u00e0 plus de 3000 \u00e9l\u00e8ves et des initiatives autour de la litt\u00e9rature de jeunesse sur le site de l\u2019\u00e9v\u00e8nement et hors-les- murs. Imagin\u00e9e d\u00e8s la premi\u00e8re \u00e9dition, la journ\u00e9e scolaire est la pi\u00e8ce ma\u00eetresse du Festival.\u00a0<\/p><p>Cette ann\u00e9e cependant, la journ\u00e9e scolaire\u00a0 du <strong>vendredi 29 janvier<\/strong> n\u2019aura pas lieu sur le site du Festival. Nous avons propos\u00e9 aux enseignants d\u2019accueillir des auteurs et illustrateurs <strong>dans les \u00e9coles, coll\u00e8ges et lyc\u00e9es<\/strong> pour des rencontres et ateliers organis\u00e9s sur la demi-journ\u00e9e.<\/p><p><span style=\"font-size: 14px; text-align: justify;\">Comme chaque ann\u00e9e, afin de pr\u00e9parer au mieux ces rencontres, l\u2019association offre aux classes deux livres, un de chaque auteur que les \u00e9l\u00e8ves rencontreront.<\/span><\/p>\t\t\t\t\t\t\t\t<\/div>\n\t\t\t\t<\/div>\n\t\t\t\t\t<\/div>\n\t\t<\/div>\n\t\t\t\t\t<\/div>\n\t\t<\/section>\n\t\t\t\t<section class=\"elementor-section elementor-top-section elementor-element elementor-element-1142199 elementor-section-boxed elementor-section-height-default elementor-section-height-default\" data-id=\"1142199\" data-element_type=\"section\" data-e-type=\"section\">\n\t\t\t\t\t\t<div class=\"elementor-container elementor-column-gap-default\">\n\t\t\t\t\t<div class=\"elementor-column elementor-col-100 elementor-top-column elementor-element elementor-element-c065ec5\" data-id=\"c065ec5\" data-element_type=\"column\" data-e-type=\"column\">\n\t\t\t<div class=\"elementor-widget-wrap elementor-element-populated\">\n\t\t\t\t\t\t<div class=\"elementor-element elementor-element-04bb41a elementor-widget elementor-widget-spacer\" data-id=\"04bb41a\" data-element_type=\"widget\" data-e-type=\"widget\" data-widget_type=\"spacer.default\">\n\t\t\t\t<div class=\"elementor-widget-container\">\n\t\t\t\t\t\t\t<div class=\"elementor-spacer\">\n\t\t\t<div class=\"elementor-spacer-inner\"><\/div>\n\t\t<\/div>\n\t\t\t\t\t\t<\/div>\n\t\t\t\t<\/div>\n\t\t\t\t\t<\/div>\n\t\t<\/div>\n\t\t\t\t\t<\/div>\n\t\t<\/section>\n\t\t\t\t<section class=\"elementor-section elementor-top-section elementor-element elementor-element-f7ae0a0 elementor-section-boxed elementor-section-height-default elementor-section-height-default\" data-id=\"f7ae0a0\" data-element_type=\"section\" data-e-type=\"section\">\n\t\t\t\t\t\t<div class=\"elementor-container elementor-column-gap-default\">\n\t\t\t\t\t<div class=\"elementor-column elementor-col-100 elementor-top-column elementor-element elementor-element-40404e9\" data-id=\"40404e9\" data-element_type=\"column\" data-e-type=\"column\">\n\t\t\t<div class=\"elementor-widget-wrap elementor-element-populated\">\n\t\t\t\t\t\t<div class=\"elementor-element elementor-element-c9fae6f elementor-view-default elementor-position-block-start elementor-mobile-position-block-start elementor-widget elementor-widget-icon-box\" data-id=\"c9fae6f\" data-element_type=\"widget\" data-e-type=\"widget\" data-widget_type=\"icon-box.default\">\n\t\t\t\t<div class=\"elementor-widget-container\">\n\t\t\t\t\t\t\t<div class=\"elementor-icon-box-wrapper\">\n\n\t\t\t\t\t\t<div class=\"elementor-icon-box-icon\">\n\t\t\t\t<a href=\"http:\/\/festival-livre-jeunesse.fr\/2021\/wp-content\/uploads\/2020\/12\/rencontres-scolaires.pdf\" class=\"elementor-icon\" tabindex=\"-1\" aria-label=\"Pour pr\u00e9parer la rencontre\">\n\t\t\t\t<i aria-hidden=\"true\" class=\"far fa-file-pdf\"><\/i>\t\t\t\t<\/a>\n\t\t\t<\/div>\n\t\t\t\n\t\t\t\t\t\t<div class=\"elementor-icon-box-content\">\n\n\t\t\t\t\t\t\t\t\t<h1 class=\"elementor-icon-box-title\">\n\t\t\t\t\t\t<a href=\"http:\/\/festival-livre-jeunesse.fr\/2021\/wp-content\/uploads\/2020\/12\/rencontres-scolaires.pdf\" >\n\t\t\t\t\t\t\tPour pr\u00e9parer la rencontre\t\t\t\t\t\t<\/a>\n\t\t\t\t\t<\/h1>\n\t\t\t\t\n\t\t\t\t\n\t\t\t<\/div>\n\t\t\t\n\t\t<\/div>\n\t\t\t\t\t\t<\/div>\n\t\t\t\t<\/div>\n\t\t\t\t\t<\/div>\n\t\t<\/div>\n\t\t\t\t\t<\/div>\n\t\t<\/section>\n\t\t\t\t<\/div>\n\t\t","protected":false},"excerpt":{"rendered":"<p>Pr\u00e9c\u00e9dent Suivant en classe Engag\u00e9 dans l\u2019\u00e9ducation artistique et culturelle depuis sa cr\u00e9ation, le Festival du Livre de Jeunesse Occitanie propose des rencontres d\u2019auteurs \u00e0 plus de 3000 \u00e9l\u00e8ves et des initiatives autour de la litt\u00e9rature de jeunesse sur le site de l\u2019\u00e9v\u00e8nement et hors-les- murs. Imagin\u00e9e d\u00e8s la premi\u00e8re \u00e9dition, la journ\u00e9e scolaire est &hellip;<\/p>\n<p class=\"read-more\"> <a class=\"\" href=\"https:\/\/festival-livre-jeunesse.fr\/2021\/en-classe\/\"> <span class=\"screen-reader-text\">En classe<\/span> Lire la suite\u00a0\u00bb<\/a><\/p>\n","protected":false},"author":2,"featured_media":0,"parent":0,"menu_order":0,"comment_status":"closed","ping_status":"closed","template":"","meta":{"_uag_custom_page_level_css":"","footnotes":""},"class_list":["post-3608","page","type-page","status-publish","hentry"],"yoast_head":"<!-- This site is optimized with the Yoast SEO plugin v25.3.1 - https:\/\/yoast.com\/wordpress\/plugins\/seo\/ -->\n<title>En classe - Festival du Livre de Jeunesse Occitanie<\/title>\n<meta name=\"robots\" content=\"index, follow, max-snippet:-1, max-image-preview:large, max-video-preview:-1\" \/>\n<link rel=\"canonical\" href=\"https:\/\/festival-livre-jeunesse.fr\/2021\/en-classe\/\" \/>\n<meta property=\"og:locale\" content=\"fr_FR\" \/>\n<meta property=\"og:type\" content=\"article\" \/>\n<meta property=\"og:title\" content=\"En classe - Festival du Livre de Jeunesse Occitanie\" \/>\n<meta property=\"og:description\" content=\"Pr\u00e9c\u00e9dent Suivant en classe Engag\u00e9 dans l\u2019\u00e9ducation artistique et culturelle depuis sa cr\u00e9ation, le Festival du Livre de Jeunesse Occitanie propose des rencontres d\u2019auteurs \u00e0 plus de 3000 \u00e9l\u00e8ves et des initiatives autour de la litt\u00e9rature de jeunesse sur le site de l\u2019\u00e9v\u00e8nement et hors-les- murs. Imagin\u00e9e d\u00e8s la premi\u00e8re \u00e9dition, la journ\u00e9e scolaire est &hellip; En classe Lire la suite\u00a0\u00bb\" \/>\n<meta property=\"og:url\" content=\"https:\/\/festival-livre-jeunesse.fr\/2021\/en-classe\/\" \/>\n<meta property=\"og:site_name\" content=\"Festival du Livre de Jeunesse Occitanie\" \/>\n<meta property=\"article:modified_time\" content=\"2021-01-08T16:37:35+00:00\" \/>\n<meta property=\"og:image\" content=\"http:\/\/festival-livre-jeunesse.fr\/2021\/wp-content\/uploads\/elementor\/thumbs\/bandeau-1600-journee-scolaire03-ozpqw0tvn28tt3onreks2vym61nda114l08jocwbs0.png\" \/>\n<meta name=\"twitter:card\" content=\"summary_large_image\" \/>\n<meta name=\"twitter:label1\" content=\"Dur\u00e9e de lecture estim\u00e9e\" \/>\n\t<meta name=\"twitter:data1\" content=\"1 minute\" \/>\n<script type=\"application\/ld+json\" class=\"yoast-schema-graph\">{\"@context\":\"https:\/\/schema.org\",\"@graph\":[{\"@type\":\"WebPage\",\"@id\":\"https:\/\/festival-livre-jeunesse.fr\/2021\/en-classe\/\",\"url\":\"https:\/\/festival-livre-jeunesse.fr\/2021\/en-classe\/\",\"name\":\"En classe - Festival du Livre de Jeunesse Occitanie\",\"isPartOf\":{\"@id\":\"https:\/\/festival-livre-jeunesse.fr\/2021\/#website\"},\"primaryImageOfPage\":{\"@id\":\"https:\/\/festival-livre-jeunesse.fr\/2021\/en-classe\/#primaryimage\"},\"image\":{\"@id\":\"https:\/\/festival-livre-jeunesse.fr\/2021\/en-classe\/#primaryimage\"},\"thumbnailUrl\":\"http:\/\/festival-livre-jeunesse.fr\/2021\/wp-content\/uploads\/elementor\/thumbs\/bandeau-1600-journee-scolaire03-ozpqw0tvn28tt3onreks2vym61nda114l08jocwbs0.png\",\"datePublished\":\"2020-12-08T08:06:06+00:00\",\"dateModified\":\"2021-01-08T16:37:35+00:00\",\"breadcrumb\":{\"@id\":\"https:\/\/festival-livre-jeunesse.fr\/2021\/en-classe\/#breadcrumb\"},\"inLanguage\":\"fr-FR\",\"potentialAction\":[{\"@type\":\"ReadAction\",\"target\":[\"https:\/\/festival-livre-jeunesse.fr\/2021\/en-classe\/\"]}]},{\"@type\":\"ImageObject\",\"inLanguage\":\"fr-FR\",\"@id\":\"https:\/\/festival-livre-jeunesse.fr\/2021\/en-classe\/#primaryimage\",\"url\":\"http:\/\/festival-livre-jeunesse.fr\/2021\/wp-content\/uploads\/elementor\/thumbs\/bandeau-1600-journee-scolaire03-ozpqw0tvn28tt3onreks2vym61nda114l08jocwbs0.png\",\"contentUrl\":\"http:\/\/festival-livre-jeunesse.fr\/2021\/wp-content\/uploads\/elementor\/thumbs\/bandeau-1600-journee-scolaire03-ozpqw0tvn28tt3onreks2vym61nda114l08jocwbs0.png\"},{\"@type\":\"BreadcrumbList\",\"@id\":\"https:\/\/festival-livre-jeunesse.fr\/2021\/en-classe\/#breadcrumb\",\"itemListElement\":[{\"@type\":\"ListItem\",\"position\":1,\"name\":\"Accueil\",\"item\":\"https:\/\/festival-livre-jeunesse.fr\/2021\/\"},{\"@type\":\"ListItem\",\"position\":2,\"name\":\"En classe\"}]},{\"@type\":\"WebSite\",\"@id\":\"https:\/\/festival-livre-jeunesse.fr\/2021\/#website\",\"url\":\"https:\/\/festival-livre-jeunesse.fr\/2021\/\",\"name\":\"Festival du Livre de Jeunesse Occitanie\",\"description\":\"19\u00e8me \u00e9dition\",\"potentialAction\":[{\"@type\":\"SearchAction\",\"target\":{\"@type\":\"EntryPoint\",\"urlTemplate\":\"https:\/\/festival-livre-jeunesse.fr\/2021\/?s={search_term_string}\"},\"query-input\":{\"@type\":\"PropertyValueSpecification\",\"valueRequired\":true,\"valueName\":\"search_term_string\"}}],\"inLanguage\":\"fr-FR\"}]}<\/script>\n<!-- \/ Yoast SEO plugin. -->","yoast_head_json":{"title":"En classe - Festival du Livre de Jeunesse Occitanie","robots":{"index":"index","follow":"follow","max-snippet":"max-snippet:-1","max-image-preview":"max-image-preview:large","max-video-preview":"max-video-preview:-1"},"canonical":"https:\/\/festival-livre-jeunesse.fr\/2021\/en-classe\/","og_locale":"fr_FR","og_type":"article","og_title":"En classe - Festival du Livre de Jeunesse Occitanie","og_description":"Pr\u00e9c\u00e9dent Suivant en classe Engag\u00e9 dans l\u2019\u00e9ducation artistique et culturelle depuis sa cr\u00e9ation, le Festival du Livre de Jeunesse Occitanie propose des rencontres d\u2019auteurs \u00e0 plus de 3000 \u00e9l\u00e8ves et des initiatives autour de la litt\u00e9rature de jeunesse sur le site de l\u2019\u00e9v\u00e8nement et hors-les- murs. Imagin\u00e9e d\u00e8s la premi\u00e8re \u00e9dition, la journ\u00e9e scolaire est &hellip; En classe Lire la suite\u00a0\u00bb","og_url":"https:\/\/festival-livre-jeunesse.fr\/2021\/en-classe\/","og_site_name":"Festival du Livre de Jeunesse Occitanie","article_modified_time":"2021-01-08T16:37:35+00:00","og_image":[{"url":"http:\/\/festival-livre-jeunesse.fr\/2021\/wp-content\/uploads\/elementor\/thumbs\/bandeau-1600-journee-scolaire03-ozpqw0tvn28tt3onreks2vym61nda114l08jocwbs0.png","type":"","width":"","height":""}],"twitter_card":"summary_large_image","twitter_misc":{"Dur\u00e9e de lecture estim\u00e9e":"1 minute"},"schema":{"@context":"https:\/\/schema.org","@graph":[{"@type":"WebPage","@id":"https:\/\/festival-livre-jeunesse.fr\/2021\/en-classe\/","url":"https:\/\/festival-livre-jeunesse.fr\/2021\/en-classe\/","name":"En classe - Festival du Livre de Jeunesse Occitanie","isPartOf":{"@id":"https:\/\/festival-livre-jeunesse.fr\/2021\/#website"},"primaryImageOfPage":{"@id":"https:\/\/festival-livre-jeunesse.fr\/2021\/en-classe\/#primaryimage"},"image":{"@id":"https:\/\/festival-livre-jeunesse.fr\/2021\/en-classe\/#primaryimage"},"thumbnailUrl":"http:\/\/festival-livre-jeunesse.fr\/2021\/wp-content\/uploads\/elementor\/thumbs\/bandeau-1600-journee-scolaire03-ozpqw0tvn28tt3onreks2vym61nda114l08jocwbs0.png","datePublished":"2020-12-08T08:06:06+00:00","dateModified":"2021-01-08T16:37:35+00:00","breadcrumb":{"@id":"https:\/\/festival-livre-jeunesse.fr\/2021\/en-classe\/#breadcrumb"},"inLanguage":"fr-FR","potentialAction":[{"@type":"ReadAction","target":["https:\/\/festival-livre-jeunesse.fr\/2021\/en-classe\/"]}]},{"@type":"ImageObject","inLanguage":"fr-FR","@id":"https:\/\/festival-livre-jeunesse.fr\/2021\/en-classe\/#primaryimage","url":"http:\/\/festival-livre-jeunesse.fr\/2021\/wp-content\/uploads\/elementor\/thumbs\/bandeau-1600-journee-scolaire03-ozpqw0tvn28tt3onreks2vym61nda114l08jocwbs0.png","contentUrl":"http:\/\/festival-livre-jeunesse.fr\/2021\/wp-content\/uploads\/elementor\/thumbs\/bandeau-1600-journee-scolaire03-ozpqw0tvn28tt3onreks2vym61nda114l08jocwbs0.png"},{"@type":"BreadcrumbList","@id":"https:\/\/festival-livre-jeunesse.fr\/2021\/en-classe\/#breadcrumb","itemListElement":[{"@type":"ListItem","position":1,"name":"Accueil","item":"https:\/\/festival-livre-jeunesse.fr\/2021\/"},{"@type":"ListItem","position":2,"name":"En classe"}]},{"@type":"WebSite","@id":"https:\/\/festival-livre-jeunesse.fr\/2021\/#website","url":"https:\/\/festival-livre-jeunesse.fr\/2021\/","name":"Festival du Livre de Jeunesse Occitanie","description":"19\u00e8me \u00e9dition","potentialAction":[{"@type":"SearchAction","target":{"@type":"EntryPoint","urlTemplate":"https:\/\/festival-livre-jeunesse.fr\/2021\/?s={search_term_string}"},"query-input":{"@type":"PropertyValueSpecification","valueRequired":true,"valueName":"search_term_string"}}],"inLanguage":"fr-FR"}]}},"uagb_featured_image_src":{"full":false,"thumbnail":false,"medium":false,"medium_large":false,"large":false,"1536x1536":false,"2048x2048":false},"uagb_author_info":{"display_name":"Katell Abgrall","author_link":"https:\/\/festival-livre-jeunesse.fr\/2021\/author\/coordinatrice\/"},"uagb_comment_info":0,"uagb_excerpt":"Pr\u00e9c\u00e9dent Suivant en classe Engag\u00e9 dans l\u2019\u00e9ducation artistique et culturelle depuis sa cr\u00e9ation, le Festival du Livre de Jeunesse Occitanie propose des rencontres d\u2019auteurs \u00e0 plus de 3000 \u00e9l\u00e8ves et des initiatives autour de la litt\u00e9rature de jeunesse sur le site de l\u2019\u00e9v\u00e8nement et hors-les- murs. Imagin\u00e9e d\u00e8s la premi\u00e8re \u00e9dition, la journ\u00e9e scolaire est\u2026","_links":{"self":[{"href":"https:\/\/festival-livre-jeunesse.fr\/2021\/wp-json\/wp\/v2\/pages\/3608","targetHints":{"allow":["GET"]}}],"collection":[{"href":"https:\/\/festival-livre-jeunesse.fr\/2021\/wp-json\/wp\/v2\/pages"}],"about":[{"href":"https:\/\/festival-livre-jeunesse.fr\/2021\/wp-json\/wp\/v2\/types\/page"}],"author":[{"embeddable":true,"href":"https:\/\/festival-livre-jeunesse.fr\/2021\/wp-json\/wp\/v2\/users\/2"}],"replies":[{"embeddable":true,"href":"https:\/\/festival-livre-jeunesse.fr\/2021\/wp-json\/wp\/v2\/comments?post=3608"}],"version-history":[{"count":32,"href":"https:\/\/festival-livre-jeunesse.fr\/2021\/wp-json\/wp\/v2\/pages\/3608\/revisions"}],"predecessor-version":[{"id":4881,"href":"https:\/\/festival-livre-jeunesse.fr\/2021\/wp-json\/wp\/v2\/pages\/3608\/revisions\/4881"}],"wp:attachment":[{"href":"https:\/\/festival-livre-jeunesse.fr\/2021\/wp-json\/wp\/v2\/media?parent=3608"}],"curies":[{"name":"wp","href":"https:\/\/api.w.org\/{rel}","templated":true}]}}