{"id":3854,"date":"2020-12-08T17:44:10","date_gmt":"2020-12-08T16:44:10","guid":{"rendered":"http:\/\/festival-livre-jeunesse.fr\/2021\/?page_id=3854"},"modified":"2021-02-09T08:08:05","modified_gmt":"2021-02-09T07:08:05","slug":"lectures-et-spectacles","status":"publish","type":"page","link":"https:\/\/festival-livre-jeunesse.fr\/2021\/lectures-et-spectacles\/","title":{"rendered":"Lectures et spectacles"},"content":{"rendered":"\t\t<div data-elementor-type=\"wp-page\" data-elementor-id=\"3854\" class=\"elementor elementor-3854\">\n\t\t\t\t\t\t<section class=\"elementor-section elementor-top-section elementor-element elementor-element-30aac189 elementor-section-boxed elementor-section-height-default elementor-section-height-default\" data-id=\"30aac189\" data-element_type=\"section\" data-e-type=\"section\">\n\t\t\t\t\t\t<div class=\"elementor-container elementor-column-gap-default\">\n\t\t\t\t\t<div class=\"elementor-column elementor-col-100 elementor-top-column elementor-element elementor-element-6947b6fd\" data-id=\"6947b6fd\" data-element_type=\"column\" data-e-type=\"column\">\n\t\t\t<div class=\"elementor-widget-wrap\">\n\t\t\t\t\t\t\t<\/div>\n\t\t<\/div>\n\t\t\t\t\t<\/div>\n\t\t<\/section>\n\t\t\t\t<section class=\"elementor-section elementor-top-section elementor-element elementor-element-2374582 elementor-section-boxed elementor-section-height-default elementor-section-height-default\" data-id=\"2374582\" data-element_type=\"section\" data-e-type=\"section\">\n\t\t\t\t\t\t<div class=\"elementor-container elementor-column-gap-default\">\n\t\t\t\t\t<div class=\"elementor-column elementor-col-100 elementor-top-column elementor-element elementor-element-ba84600\" data-id=\"ba84600\" data-element_type=\"column\" data-e-type=\"column\">\n\t\t\t<div class=\"elementor-widget-wrap elementor-element-populated\">\n\t\t\t\t\t\t<div class=\"elementor-element elementor-element-ba6f12c elementor-widget elementor-widget-image\" data-id=\"ba6f12c\" data-element_type=\"widget\" data-e-type=\"widget\" data-widget_type=\"image.default\">\n\t\t\t\t<div class=\"elementor-widget-container\">\n\t\t\t\t\t\t\t\t\t\t\t\t\t\t\t<img fetchpriority=\"high\" decoding=\"async\" width=\"1200\" height=\"300\" src=\"https:\/\/festival-livre-jeunesse.fr\/2021\/wp-content\/uploads\/2021\/01\/fond-spectacle01.png\" class=\"attachment-large size-large wp-image-6489\" alt=\"\" srcset=\"https:\/\/festival-livre-jeunesse.fr\/2021\/wp-content\/uploads\/2021\/01\/fond-spectacle01.png 1600w, https:\/\/festival-livre-jeunesse.fr\/2021\/wp-content\/uploads\/2021\/01\/fond-spectacle01-1024x256.png 1024w, https:\/\/festival-livre-jeunesse.fr\/2021\/wp-content\/uploads\/2021\/01\/fond-spectacle01-768x192.png 768w, https:\/\/festival-livre-jeunesse.fr\/2021\/wp-content\/uploads\/2021\/01\/fond-spectacle01-1536x384.png 1536w\" sizes=\"(max-width: 1200px) 100vw, 1200px\" \/>\t\t\t\t\t\t\t\t\t\t\t\t\t\t\t<\/div>\n\t\t\t\t<\/div>\n\t\t\t\t<div class=\"elementor-element elementor-element-34de8bfc elementor-widget elementor-widget-heading\" data-id=\"34de8bfc\" data-element_type=\"widget\" data-e-type=\"widget\" data-widget_type=\"heading.default\">\n\t\t\t\t<div class=\"elementor-widget-container\">\n\t\t\t\t\t<h1 class=\"elementor-heading-title elementor-size-xxl\">Lectures et spectacles<\/h1>\t\t\t\t<\/div>\n\t\t\t\t<\/div>\n\t\t\t\t<div class=\"elementor-element elementor-element-6aa9d617 elementor-widget elementor-widget-spacer\" data-id=\"6aa9d617\" data-element_type=\"widget\" data-e-type=\"widget\" data-widget_type=\"spacer.default\">\n\t\t\t\t<div class=\"elementor-widget-container\">\n\t\t\t\t\t\t\t<div class=\"elementor-spacer\">\n\t\t\t<div class=\"elementor-spacer-inner\"><\/div>\n\t\t<\/div>\n\t\t\t\t\t\t<\/div>\n\t\t\t\t<\/div>\n\t\t\t\t\t<\/div>\n\t\t<\/div>\n\t\t\t\t\t<\/div>\n\t\t<\/section>\n\t\t\t\t<section class=\"elementor-section elementor-top-section elementor-element elementor-element-ad9e3d7 elementor-section-boxed elementor-section-height-default elementor-section-height-default\" data-id=\"ad9e3d7\" data-element_type=\"section\" data-e-type=\"section\">\n\t\t\t\t\t\t<div class=\"elementor-container elementor-column-gap-default\">\n\t\t\t\t\t<div class=\"elementor-column elementor-col-50 elementor-top-column elementor-element elementor-element-d603d75\" data-id=\"d603d75\" data-element_type=\"column\" data-e-type=\"column\">\n\t\t\t<div class=\"elementor-widget-wrap elementor-element-populated\">\n\t\t\t\t\t\t<div class=\"elementor-element elementor-element-228182c elementor-position-top elementor-widget elementor-widget-image-box\" data-id=\"228182c\" data-element_type=\"widget\" data-e-type=\"widget\" data-widget_type=\"image-box.default\">\n\t\t\t\t<div class=\"elementor-widget-container\">\n\t\t\t\t\t<div class=\"elementor-image-box-wrapper\"><figure class=\"elementor-image-box-img\"><a href=\"https:\/\/festival-livre-jeunesse.fr\/2021\/je-suis\/\" tabindex=\"-1\"><img decoding=\"async\" width=\"150\" height=\"150\" src=\"https:\/\/festival-livre-jeunesse.fr\/2021\/wp-content\/uploads\/2021\/01\/JeSuisMaquetteWEB-150x150.png\" class=\"attachment-thumbnail size-thumbnail wp-image-5161\" alt=\"\" \/><\/a><\/figure><div class=\"elementor-image-box-content\"><h3 class=\"elementor-image-box-title\"><a href=\"https:\/\/festival-livre-jeunesse.fr\/2021\/je-suis\/\"><br>JE SUIS<\/a><\/h3><p class=\"elementor-image-box-description\">.\nPerformance son et illustration avec l\u2019autrice\nillustratrice Elis Wilk\n\n<\/p><\/div><\/div>\t\t\t\t<\/div>\n\t\t\t\t<\/div>\n\t\t\t\t<div class=\"elementor-element elementor-element-ff6b8c2 elementor-widget elementor-widget-spacer\" data-id=\"ff6b8c2\" data-element_type=\"widget\" data-e-type=\"widget\" data-widget_type=\"spacer.default\">\n\t\t\t\t<div class=\"elementor-widget-container\">\n\t\t\t\t\t\t\t<div class=\"elementor-spacer\">\n\t\t\t<div class=\"elementor-spacer-inner\"><\/div>\n\t\t<\/div>\n\t\t\t\t\t\t<\/div>\n\t\t\t\t<\/div>\n\t\t\t\t<div class=\"elementor-element elementor-element-47ffcd4 elementor-widget elementor-widget-spacer\" data-id=\"47ffcd4\" data-element_type=\"widget\" data-e-type=\"widget\" data-widget_type=\"spacer.default\">\n\t\t\t\t<div class=\"elementor-widget-container\">\n\t\t\t\t\t\t\t<div class=\"elementor-spacer\">\n\t\t\t<div class=\"elementor-spacer-inner\"><\/div>\n\t\t<\/div>\n\t\t\t\t\t\t<\/div>\n\t\t\t\t<\/div>\n\t\t\t\t<div class=\"elementor-element elementor-element-9478e94 elementor-position-top elementor-widget elementor-widget-image-box\" data-id=\"9478e94\" data-element_type=\"widget\" data-e-type=\"widget\" data-widget_type=\"image-box.default\">\n\t\t\t\t<div class=\"elementor-widget-container\">\n\t\t\t\t\t<div class=\"elementor-image-box-wrapper\"><figure class=\"elementor-image-box-img\"><a href=\"https:\/\/festival-livre-jeunesse.fr\/2021\/la-poupee-ting-ting\/\" tabindex=\"-1\"><img decoding=\"async\" width=\"150\" height=\"150\" src=\"https:\/\/festival-livre-jeunesse.fr\/2021\/wp-content\/uploads\/2021\/01\/poupee-de-tingting-150x150.jpg\" class=\"attachment-thumbnail size-thumbnail wp-image-5164\" alt=\"\" \/><\/a><\/figure><div class=\"elementor-image-box-content\"><h3 class=\"elementor-image-box-title\"><a href=\"https:\/\/festival-livre-jeunesse.fr\/2021\/la-poupee-ting-ting\/\"><br>la poup\u00e9e ting ting<\/a><\/h3><p class=\"elementor-image-box-description\">Lecture dessin\u00e9e et musicale avec R\u00e9gis Lejonc, l\u2019autrice Ghislaine Roman et le musicien Luka.\n\n<\/p><\/div><\/div>\t\t\t\t<\/div>\n\t\t\t\t<\/div>\n\t\t\t\t<div class=\"elementor-element elementor-element-73a9a21 elementor-widget elementor-widget-spacer\" data-id=\"73a9a21\" data-element_type=\"widget\" data-e-type=\"widget\" data-widget_type=\"spacer.default\">\n\t\t\t\t<div class=\"elementor-widget-container\">\n\t\t\t\t\t\t\t<div class=\"elementor-spacer\">\n\t\t\t<div class=\"elementor-spacer-inner\"><\/div>\n\t\t<\/div>\n\t\t\t\t\t\t<\/div>\n\t\t\t\t<\/div>\n\t\t\t\t<div class=\"elementor-element elementor-element-a9f8e1d elementor-position-top elementor-widget elementor-widget-image-box\" data-id=\"a9f8e1d\" data-element_type=\"widget\" data-e-type=\"widget\" data-widget_type=\"image-box.default\">\n\t\t\t\t<div class=\"elementor-widget-container\">\n\t\t\t\t\t<div class=\"elementor-image-box-wrapper\"><figure class=\"elementor-image-box-img\"><a href=\"https:\/\/festival-livre-jeunesse.fr\/2021\/bleue\/\" tabindex=\"-1\"><img loading=\"lazy\" decoding=\"async\" width=\"150\" height=\"150\" src=\"https:\/\/festival-livre-jeunesse.fr\/2021\/wp-content\/uploads\/2021\/01\/61c9IBXL5dL-150x150.jpg\" class=\"attachment-thumbnail size-thumbnail wp-image-5165\" alt=\"\" \/><\/a><\/figure><div class=\"elementor-image-box-content\"><h3 class=\"elementor-image-box-title\"><a href=\"https:\/\/festival-livre-jeunesse.fr\/2021\/bleue\/\"><br>#bleue<\/a><\/h3><p class=\"elementor-image-box-description\">Lecture du roman de Florence Hinckel par Nathalie Vidal<\/p><\/div><\/div>\t\t\t\t<\/div>\n\t\t\t\t<\/div>\n\t\t\t\t\t<\/div>\n\t\t<\/div>\n\t\t\t\t<div class=\"elementor-column elementor-col-50 elementor-top-column elementor-element elementor-element-9bd8534\" data-id=\"9bd8534\" data-element_type=\"column\" data-e-type=\"column\">\n\t\t\t<div class=\"elementor-widget-wrap elementor-element-populated\">\n\t\t\t\t\t\t<div class=\"elementor-element elementor-element-53b2043 elementor-position-top elementor-widget elementor-widget-image-box\" data-id=\"53b2043\" data-element_type=\"widget\" data-e-type=\"widget\" data-widget_type=\"image-box.default\">\n\t\t\t\t<div class=\"elementor-widget-container\">\n\t\t\t\t\t<div class=\"elementor-image-box-wrapper\"><figure class=\"elementor-image-box-img\"><a href=\"https:\/\/festival-livre-jeunesse.fr\/2021\/poemes-pour-affronter-le-beau-temps-profiter-du-mauvais\/\" tabindex=\"-1\"><img loading=\"lazy\" decoding=\"async\" width=\"150\" height=\"150\" src=\"https:\/\/festival-livre-jeunesse.fr\/2021\/wp-content\/uploads\/2021\/01\/Poemes-pour-affronter-le-beau-temps-150x150.jpg\" class=\"attachment-thumbnail size-thumbnail wp-image-5163\" alt=\"\" \/><\/a><\/figure><div class=\"elementor-image-box-content\"><h3 class=\"elementor-image-box-title\"><a href=\"https:\/\/festival-livre-jeunesse.fr\/2021\/poemes-pour-affronter-le-beau-temps-profiter-du-mauvais\/\"><br><p>POEMES POUR AFFRONTER LE BEAU TEMPS (&amp; PROFITER du mauvais)<span style=\"font-size: 1.92308rem;font-weight: 400\"><\/span><\/p><\/a><\/h3><p class=\"elementor-image-box-description\">Lecture po\u00e9tique et musicale avec l'auteur Pierre Soletti<\/p><\/div><\/div>\t\t\t\t<\/div>\n\t\t\t\t<\/div>\n\t\t\t\t<div class=\"elementor-element elementor-element-8e76377 elementor-widget elementor-widget-spacer\" data-id=\"8e76377\" data-element_type=\"widget\" data-e-type=\"widget\" data-widget_type=\"spacer.default\">\n\t\t\t\t<div class=\"elementor-widget-container\">\n\t\t\t\t\t\t\t<div class=\"elementor-spacer\">\n\t\t\t<div class=\"elementor-spacer-inner\"><\/div>\n\t\t<\/div>\n\t\t\t\t\t\t<\/div>\n\t\t\t\t<\/div>\n\t\t\t\t<div class=\"elementor-element elementor-element-2c7ed8b elementor-position-top elementor-widget elementor-widget-image-box\" data-id=\"2c7ed8b\" data-element_type=\"widget\" data-e-type=\"widget\" data-widget_type=\"image-box.default\">\n\t\t\t\t<div class=\"elementor-widget-container\">\n\t\t\t\t\t<div class=\"elementor-image-box-wrapper\"><figure class=\"elementor-image-box-img\"><a href=\"https:\/\/festival-livre-jeunesse.fr\/2021\/la-riviere-a-la-place-du-fleuve\/\" tabindex=\"-1\"><img loading=\"lazy\" decoding=\"async\" width=\"150\" height=\"150\" src=\"https:\/\/festival-livre-jeunesse.fr\/2021\/wp-content\/uploads\/2020\/12\/bourse-creation-02-150x150.png\" class=\"attachment-thumbnail size-thumbnail wp-image-4226\" alt=\"\" \/><\/a><\/figure><div class=\"elementor-image-box-content\"><h3 class=\"elementor-image-box-title\"><a href=\"https:\/\/festival-livre-jeunesse.fr\/2021\/la-riviere-a-la-place-du-fleuve\/\"><br>LA S\u0152UR CAPRICIEUSE DE L\u2019EAU DE RIVI\u00c8RE<b><\/a><\/h3><p class=\"elementor-image-box-description\">Lecture dans\u00e9e et th\u00e9\u00e2tre d\u2019objet avec Silvia Cabaco et Gabriel Galotti\n<\/p><\/div><\/div>\t\t\t\t<\/div>\n\t\t\t\t<\/div>\n\t\t\t\t\t<\/div>\n\t\t<\/div>\n\t\t\t\t\t<\/div>\n\t\t<\/section>\n\t\t\t\t<\/div>\n\t\t","protected":false},"excerpt":{"rendered":"<p>Lectures et spectacles JE SUIS . Performance son et illustration avec l\u2019autrice illustratrice Elis Wilk la poup\u00e9e ting ting Lecture dessin\u00e9e et musicale avec R\u00e9gis Lejonc, l\u2019autrice Ghislaine Roman et le musicien Luka. #bleue Lecture du roman de Florence Hinckel par Nathalie Vidal POEMES POUR AFFRONTER LE BEAU TEMPS (&amp; PROFITER du mauvais) Lecture po\u00e9tique &hellip;<\/p>\n<p class=\"read-more\"> <a class=\"\" href=\"https:\/\/festival-livre-jeunesse.fr\/2021\/lectures-et-spectacles\/\"> <span class=\"screen-reader-text\">Lectures et spectacles<\/span> Lire la suite\u00a0\u00bb<\/a><\/p>\n","protected":false},"author":2,"featured_media":0,"parent":0,"menu_order":0,"comment_status":"closed","ping_status":"closed","template":"","meta":{"_uag_custom_page_level_css":"","footnotes":""},"class_list":["post-3854","page","type-page","status-publish","hentry"],"yoast_head":"<!-- This site is optimized with the Yoast SEO plugin v25.3.1 - https:\/\/yoast.com\/wordpress\/plugins\/seo\/ -->\n<title>Lectures et spectacles - Festival du Livre de Jeunesse Occitanie<\/title>\n<meta name=\"robots\" content=\"index, follow, max-snippet:-1, max-image-preview:large, max-video-preview:-1\" \/>\n<link rel=\"canonical\" href=\"https:\/\/festival-livre-jeunesse.fr\/2021\/lectures-et-spectacles\/\" \/>\n<meta property=\"og:locale\" content=\"fr_FR\" \/>\n<meta property=\"og:type\" content=\"article\" \/>\n<meta property=\"og:title\" content=\"Lectures et spectacles - Festival du Livre de Jeunesse Occitanie\" \/>\n<meta property=\"og:description\" content=\"Lectures et spectacles JE SUIS . Performance son et illustration avec l\u2019autrice illustratrice Elis Wilk la poup\u00e9e ting ting Lecture dessin\u00e9e et musicale avec R\u00e9gis Lejonc, l\u2019autrice Ghislaine Roman et le musicien Luka. #bleue Lecture du roman de Florence Hinckel par Nathalie Vidal POEMES POUR AFFRONTER LE BEAU TEMPS (&amp; PROFITER du mauvais) Lecture po\u00e9tique &hellip; Lectures et spectacles Lire la suite\u00a0\u00bb\" \/>\n<meta property=\"og:url\" content=\"https:\/\/festival-livre-jeunesse.fr\/2021\/lectures-et-spectacles\/\" \/>\n<meta property=\"og:site_name\" content=\"Festival du Livre de Jeunesse Occitanie\" \/>\n<meta property=\"article:modified_time\" content=\"2021-02-09T07:08:05+00:00\" \/>\n<meta property=\"og:image\" content=\"http:\/\/festival-livre-jeunesse.fr\/2021\/wp-content\/uploads\/2021\/01\/fond-spectacle01.png\" \/>\n<meta name=\"twitter:card\" content=\"summary_large_image\" \/>\n<script type=\"application\/ld+json\" class=\"yoast-schema-graph\">{\"@context\":\"https:\/\/schema.org\",\"@graph\":[{\"@type\":\"WebPage\",\"@id\":\"https:\/\/festival-livre-jeunesse.fr\/2021\/lectures-et-spectacles\/\",\"url\":\"https:\/\/festival-livre-jeunesse.fr\/2021\/lectures-et-spectacles\/\",\"name\":\"Lectures et spectacles - Festival du Livre de Jeunesse Occitanie\",\"isPartOf\":{\"@id\":\"https:\/\/festival-livre-jeunesse.fr\/2021\/#website\"},\"primaryImageOfPage\":{\"@id\":\"https:\/\/festival-livre-jeunesse.fr\/2021\/lectures-et-spectacles\/#primaryimage\"},\"image\":{\"@id\":\"https:\/\/festival-livre-jeunesse.fr\/2021\/lectures-et-spectacles\/#primaryimage\"},\"thumbnailUrl\":\"http:\/\/festival-livre-jeunesse.fr\/2021\/wp-content\/uploads\/2021\/01\/fond-spectacle01.png\",\"datePublished\":\"2020-12-08T16:44:10+00:00\",\"dateModified\":\"2021-02-09T07:08:05+00:00\",\"breadcrumb\":{\"@id\":\"https:\/\/festival-livre-jeunesse.fr\/2021\/lectures-et-spectacles\/#breadcrumb\"},\"inLanguage\":\"fr-FR\",\"potentialAction\":[{\"@type\":\"ReadAction\",\"target\":[\"https:\/\/festival-livre-jeunesse.fr\/2021\/lectures-et-spectacles\/\"]}]},{\"@type\":\"ImageObject\",\"inLanguage\":\"fr-FR\",\"@id\":\"https:\/\/festival-livre-jeunesse.fr\/2021\/lectures-et-spectacles\/#primaryimage\",\"url\":\"http:\/\/festival-livre-jeunesse.fr\/2021\/wp-content\/uploads\/2021\/01\/fond-spectacle01.png\",\"contentUrl\":\"http:\/\/festival-livre-jeunesse.fr\/2021\/wp-content\/uploads\/2021\/01\/fond-spectacle01.png\"},{\"@type\":\"BreadcrumbList\",\"@id\":\"https:\/\/festival-livre-jeunesse.fr\/2021\/lectures-et-spectacles\/#breadcrumb\",\"itemListElement\":[{\"@type\":\"ListItem\",\"position\":1,\"name\":\"Accueil\",\"item\":\"https:\/\/festival-livre-jeunesse.fr\/2021\/\"},{\"@type\":\"ListItem\",\"position\":2,\"name\":\"Lectures et spectacles\"}]},{\"@type\":\"WebSite\",\"@id\":\"https:\/\/festival-livre-jeunesse.fr\/2021\/#website\",\"url\":\"https:\/\/festival-livre-jeunesse.fr\/2021\/\",\"name\":\"Festival du Livre de Jeunesse Occitanie\",\"description\":\"19\u00e8me \u00e9dition\",\"potentialAction\":[{\"@type\":\"SearchAction\",\"target\":{\"@type\":\"EntryPoint\",\"urlTemplate\":\"https:\/\/festival-livre-jeunesse.fr\/2021\/?s={search_term_string}\"},\"query-input\":{\"@type\":\"PropertyValueSpecification\",\"valueRequired\":true,\"valueName\":\"search_term_string\"}}],\"inLanguage\":\"fr-FR\"}]}<\/script>\n<!-- \/ Yoast SEO plugin. -->","yoast_head_json":{"title":"Lectures et spectacles - Festival du Livre de Jeunesse Occitanie","robots":{"index":"index","follow":"follow","max-snippet":"max-snippet:-1","max-image-preview":"max-image-preview:large","max-video-preview":"max-video-preview:-1"},"canonical":"https:\/\/festival-livre-jeunesse.fr\/2021\/lectures-et-spectacles\/","og_locale":"fr_FR","og_type":"article","og_title":"Lectures et spectacles - Festival du Livre de Jeunesse Occitanie","og_description":"Lectures et spectacles JE SUIS . Performance son et illustration avec l\u2019autrice illustratrice Elis Wilk la poup\u00e9e ting ting Lecture dessin\u00e9e et musicale avec R\u00e9gis Lejonc, l\u2019autrice Ghislaine Roman et le musicien Luka. #bleue Lecture du roman de Florence Hinckel par Nathalie Vidal POEMES POUR AFFRONTER LE BEAU TEMPS (&amp; PROFITER du mauvais) Lecture po\u00e9tique &hellip; Lectures et spectacles Lire la suite\u00a0\u00bb","og_url":"https:\/\/festival-livre-jeunesse.fr\/2021\/lectures-et-spectacles\/","og_site_name":"Festival du Livre de Jeunesse Occitanie","article_modified_time":"2021-02-09T07:08:05+00:00","og_image":[{"url":"http:\/\/festival-livre-jeunesse.fr\/2021\/wp-content\/uploads\/2021\/01\/fond-spectacle01.png","type":"","width":"","height":""}],"twitter_card":"summary_large_image","schema":{"@context":"https:\/\/schema.org","@graph":[{"@type":"WebPage","@id":"https:\/\/festival-livre-jeunesse.fr\/2021\/lectures-et-spectacles\/","url":"https:\/\/festival-livre-jeunesse.fr\/2021\/lectures-et-spectacles\/","name":"Lectures et spectacles - Festival du Livre de Jeunesse Occitanie","isPartOf":{"@id":"https:\/\/festival-livre-jeunesse.fr\/2021\/#website"},"primaryImageOfPage":{"@id":"https:\/\/festival-livre-jeunesse.fr\/2021\/lectures-et-spectacles\/#primaryimage"},"image":{"@id":"https:\/\/festival-livre-jeunesse.fr\/2021\/lectures-et-spectacles\/#primaryimage"},"thumbnailUrl":"http:\/\/festival-livre-jeunesse.fr\/2021\/wp-content\/uploads\/2021\/01\/fond-spectacle01.png","datePublished":"2020-12-08T16:44:10+00:00","dateModified":"2021-02-09T07:08:05+00:00","breadcrumb":{"@id":"https:\/\/festival-livre-jeunesse.fr\/2021\/lectures-et-spectacles\/#breadcrumb"},"inLanguage":"fr-FR","potentialAction":[{"@type":"ReadAction","target":["https:\/\/festival-livre-jeunesse.fr\/2021\/lectures-et-spectacles\/"]}]},{"@type":"ImageObject","inLanguage":"fr-FR","@id":"https:\/\/festival-livre-jeunesse.fr\/2021\/lectures-et-spectacles\/#primaryimage","url":"http:\/\/festival-livre-jeunesse.fr\/2021\/wp-content\/uploads\/2021\/01\/fond-spectacle01.png","contentUrl":"http:\/\/festival-livre-jeunesse.fr\/2021\/wp-content\/uploads\/2021\/01\/fond-spectacle01.png"},{"@type":"BreadcrumbList","@id":"https:\/\/festival-livre-jeunesse.fr\/2021\/lectures-et-spectacles\/#breadcrumb","itemListElement":[{"@type":"ListItem","position":1,"name":"Accueil","item":"https:\/\/festival-livre-jeunesse.fr\/2021\/"},{"@type":"ListItem","position":2,"name":"Lectures et spectacles"}]},{"@type":"WebSite","@id":"https:\/\/festival-livre-jeunesse.fr\/2021\/#website","url":"https:\/\/festival-livre-jeunesse.fr\/2021\/","name":"Festival du Livre de Jeunesse Occitanie","description":"19\u00e8me \u00e9dition","potentialAction":[{"@type":"SearchAction","target":{"@type":"EntryPoint","urlTemplate":"https:\/\/festival-livre-jeunesse.fr\/2021\/?s={search_term_string}"},"query-input":{"@type":"PropertyValueSpecification","valueRequired":true,"valueName":"search_term_string"}}],"inLanguage":"fr-FR"}]}},"uagb_featured_image_src":{"full":false,"thumbnail":false,"medium":false,"medium_large":false,"large":false,"1536x1536":false,"2048x2048":false},"uagb_author_info":{"display_name":"Katell Abgrall","author_link":"https:\/\/festival-livre-jeunesse.fr\/2021\/author\/coordinatrice\/"},"uagb_comment_info":0,"uagb_excerpt":"Lectures et spectacles JE SUIS . Performance son et illustration avec l\u2019autrice illustratrice Elis Wilk la poup\u00e9e ting ting Lecture dessin\u00e9e et musicale avec R\u00e9gis Lejonc, l\u2019autrice Ghislaine Roman et le musicien Luka. #bleue Lecture du roman de Florence Hinckel par Nathalie Vidal POEMES POUR AFFRONTER LE BEAU TEMPS (&amp; PROFITER du mauvais) Lecture po\u00e9tique\u2026","_links":{"self":[{"href":"https:\/\/festival-livre-jeunesse.fr\/2021\/wp-json\/wp\/v2\/pages\/3854","targetHints":{"allow":["GET"]}}],"collection":[{"href":"https:\/\/festival-livre-jeunesse.fr\/2021\/wp-json\/wp\/v2\/pages"}],"about":[{"href":"https:\/\/festival-livre-jeunesse.fr\/2021\/wp-json\/wp\/v2\/types\/page"}],"author":[{"embeddable":true,"href":"https:\/\/festival-livre-jeunesse.fr\/2021\/wp-json\/wp\/v2\/users\/2"}],"replies":[{"embeddable":true,"href":"https:\/\/festival-livre-jeunesse.fr\/2021\/wp-json\/wp\/v2\/comments?post=3854"}],"version-history":[{"count":100,"href":"https:\/\/festival-livre-jeunesse.fr\/2021\/wp-json\/wp\/v2\/pages\/3854\/revisions"}],"predecessor-version":[{"id":9522,"href":"https:\/\/festival-livre-jeunesse.fr\/2021\/wp-json\/wp\/v2\/pages\/3854\/revisions\/9522"}],"wp:attachment":[{"href":"https:\/\/festival-livre-jeunesse.fr\/2021\/wp-json\/wp\/v2\/media?parent=3854"}],"curies":[{"name":"wp","href":"https:\/\/api.w.org\/{rel}","templated":true}]}}