{"id":776,"date":"2020-09-09T19:11:25","date_gmt":"2020-09-09T17:11:25","guid":{"rendered":"http:\/\/festival-livre-jeunesse.fr\/2021\/?page_id=776"},"modified":"2020-09-24T22:07:34","modified_gmt":"2020-09-24T20:07:34","slug":"said-benjelloun-2","status":"publish","type":"page","link":"https:\/\/festival-livre-jeunesse.fr\/2021\/said-benjelloun-2\/","title":{"rendered":"Sa\u00efd Benjelloun"},"content":{"rendered":"\t\t<div data-elementor-type=\"wp-page\" data-elementor-id=\"776\" class=\"elementor elementor-776\">\n\t\t\t\t\t\t<section class=\"elementor-section elementor-top-section elementor-element elementor-element-fc0e832 elementor-section-boxed elementor-section-height-default elementor-section-height-default\" data-id=\"fc0e832\" data-element_type=\"section\" data-e-type=\"section\">\n\t\t\t\t\t\t<div class=\"elementor-container elementor-column-gap-default\">\n\t\t\t\t\t<div class=\"elementor-column elementor-col-50 elementor-top-column elementor-element elementor-element-55d6769\" data-id=\"55d6769\" data-element_type=\"column\" data-e-type=\"column\">\n\t\t\t<div class=\"elementor-widget-wrap elementor-element-populated\">\n\t\t\t\t\t\t<div class=\"elementor-element elementor-element-b6c0dc3 elementor-widget elementor-widget-image\" data-id=\"b6c0dc3\" data-element_type=\"widget\" data-e-type=\"widget\" data-widget_type=\"image.default\">\n\t\t\t\t<div class=\"elementor-widget-container\">\n\t\t\t\t\t\t\t\t\t\t\t\t\t\t\t<img fetchpriority=\"high\" decoding=\"async\" width=\"400\" height=\"528\" src=\"https:\/\/festival-livre-jeunesse.fr\/2021\/wp-content\/uploads\/2020\/08\/Said-Benjelloun.png\" class=\"attachment-large size-large wp-image-128\" alt=\"\" srcset=\"https:\/\/festival-livre-jeunesse.fr\/2021\/wp-content\/uploads\/2020\/08\/Said-Benjelloun.png 400w, https:\/\/festival-livre-jeunesse.fr\/2021\/wp-content\/uploads\/2020\/08\/Said-Benjelloun-227x300.png 227w\" sizes=\"(max-width: 400px) 100vw, 400px\" \/>\t\t\t\t\t\t\t\t\t\t\t\t\t\t\t<\/div>\n\t\t\t\t<\/div>\n\t\t\t\t\t<\/div>\n\t\t<\/div>\n\t\t\t\t<div class=\"elementor-column elementor-col-50 elementor-top-column elementor-element elementor-element-2cb0b50\" data-id=\"2cb0b50\" data-element_type=\"column\" data-e-type=\"column\">\n\t\t\t<div class=\"elementor-widget-wrap elementor-element-populated\">\n\t\t\t\t\t\t<div class=\"elementor-element elementor-element-f6601de elementor-widget elementor-widget-heading\" data-id=\"f6601de\" data-element_type=\"widget\" data-e-type=\"widget\" data-widget_type=\"heading.default\">\n\t\t\t\t<div class=\"elementor-widget-container\">\n\t\t\t\t\t<h1 class=\"elementor-heading-title elementor-size-xl\">Sa\u00efd Benjelloun<\/h1>\t\t\t\t<\/div>\n\t\t\t\t<\/div>\n\t\t\t\t<div class=\"elementor-element elementor-element-853695f elementor-widget elementor-widget-text-editor\" data-id=\"853695f\" data-element_type=\"widget\" data-e-type=\"widget\" data-widget_type=\"text-editor.default\">\n\t\t\t\t<div class=\"elementor-widget-container\">\n\t\t\t\t\t\t\t\t\t<p><span style=\"font-size: 12px;\">N\u00e9 en 1948 \u00e0 Casablanca au Maroc, Sa\u00efd Benjelloun est p\u00e9dagogue, po\u00e8te et calligraphe. Il enseigne l\u2019arabe \u00e0 l\u2019Universit\u00e9 Toulouse Jean-Jaur\u00e8s. Pour ses ateliers de calligraphie, Sa\u00efd Benjelloun propose une sensibilisation \u00e0 la calligraphie arabe en d\u00e9couvrant une autre \u00e9criture, une autre culture et d\u2019autres instruments.<\/span><\/p><p>\u00a0<\/p><h5><span style=\"text-decoration: underline;\">Les derni\u00e8res parutions <\/span><\/h5><p>Deux recueils de po\u00e9sie et de calligraphie chez R\u00e9ciproques:<\/p><ul><li><i>Double voix<\/i> en 2006,<\/li><li><i>L\u00e0 bas<\/i>\u00a0en 2009.<\/li><\/ul>\t\t\t\t\t\t\t\t<\/div>\n\t\t\t\t<\/div>\n\t\t\t\t\t<\/div>\n\t\t<\/div>\n\t\t\t\t\t<\/div>\n\t\t<\/section>\n\t\t\t\t<\/div>\n\t\t","protected":false},"excerpt":{"rendered":"<p>Sa\u00efd Benjelloun N\u00e9 en 1948 \u00e0 Casablanca au Maroc, Sa\u00efd Benjelloun est p\u00e9dagogue, po\u00e8te et calligraphe. Il enseigne l\u2019arabe \u00e0 l\u2019Universit\u00e9 Toulouse Jean-Jaur\u00e8s. Pour ses ateliers de calligraphie, Sa\u00efd Benjelloun propose une sensibilisation \u00e0 la calligraphie arabe en d\u00e9couvrant une autre \u00e9criture, une autre culture et d\u2019autres instruments. \u00a0 Les derni\u00e8res parutions Deux recueils de &hellip;<\/p>\n<p class=\"read-more\"> <a class=\"\" href=\"https:\/\/festival-livre-jeunesse.fr\/2021\/said-benjelloun-2\/\"> <span class=\"screen-reader-text\">Sa\u00efd Benjelloun<\/span> Lire la suite\u00a0\u00bb<\/a><\/p>\n","protected":false},"author":1,"featured_media":0,"parent":0,"menu_order":0,"comment_status":"closed","ping_status":"closed","template":"","meta":{"_uag_custom_page_level_css":"","footnotes":""},"class_list":["post-776","page","type-page","status-publish","hentry"],"yoast_head":"<!-- This site is optimized with the Yoast SEO plugin v25.3.1 - https:\/\/yoast.com\/wordpress\/plugins\/seo\/ -->\n<title>Sa\u00efd Benjelloun - Festival du Livre de Jeunesse Occitanie<\/title>\n<meta name=\"robots\" content=\"index, follow, max-snippet:-1, max-image-preview:large, max-video-preview:-1\" \/>\n<link rel=\"canonical\" href=\"https:\/\/festival-livre-jeunesse.fr\/2021\/said-benjelloun-2\/\" \/>\n<meta property=\"og:locale\" content=\"fr_FR\" \/>\n<meta property=\"og:type\" content=\"article\" \/>\n<meta property=\"og:title\" content=\"Sa\u00efd Benjelloun - Festival du Livre de Jeunesse Occitanie\" \/>\n<meta property=\"og:description\" content=\"Sa\u00efd Benjelloun N\u00e9 en 1948 \u00e0 Casablanca au Maroc, Sa\u00efd Benjelloun est p\u00e9dagogue, po\u00e8te et calligraphe. Il enseigne l\u2019arabe \u00e0 l\u2019Universit\u00e9 Toulouse Jean-Jaur\u00e8s. Pour ses ateliers de calligraphie, Sa\u00efd Benjelloun propose une sensibilisation \u00e0 la calligraphie arabe en d\u00e9couvrant une autre \u00e9criture, une autre culture et d\u2019autres instruments. \u00a0 Les derni\u00e8res parutions Deux recueils de &hellip; Sa\u00efd Benjelloun Lire la suite\u00a0\u00bb\" \/>\n<meta property=\"og:url\" content=\"https:\/\/festival-livre-jeunesse.fr\/2021\/said-benjelloun-2\/\" \/>\n<meta property=\"og:site_name\" content=\"Festival du Livre de Jeunesse Occitanie\" \/>\n<meta property=\"article:modified_time\" content=\"2020-09-24T20:07:34+00:00\" \/>\n<meta property=\"og:image\" content=\"http:\/\/festival-livre-jeunesse.fr\/2021\/wp-content\/uploads\/2020\/08\/Said-Benjelloun.png\" \/>\n<meta name=\"twitter:card\" content=\"summary_large_image\" \/>\n<script type=\"application\/ld+json\" class=\"yoast-schema-graph\">{\"@context\":\"https:\/\/schema.org\",\"@graph\":[{\"@type\":\"WebPage\",\"@id\":\"https:\/\/festival-livre-jeunesse.fr\/2021\/said-benjelloun-2\/\",\"url\":\"https:\/\/festival-livre-jeunesse.fr\/2021\/said-benjelloun-2\/\",\"name\":\"Sa\u00efd Benjelloun - Festival du Livre de Jeunesse Occitanie\",\"isPartOf\":{\"@id\":\"https:\/\/festival-livre-jeunesse.fr\/2021\/#website\"},\"primaryImageOfPage\":{\"@id\":\"https:\/\/festival-livre-jeunesse.fr\/2021\/said-benjelloun-2\/#primaryimage\"},\"image\":{\"@id\":\"https:\/\/festival-livre-jeunesse.fr\/2021\/said-benjelloun-2\/#primaryimage\"},\"thumbnailUrl\":\"http:\/\/festival-livre-jeunesse.fr\/2021\/wp-content\/uploads\/2020\/08\/Said-Benjelloun.png\",\"datePublished\":\"2020-09-09T17:11:25+00:00\",\"dateModified\":\"2020-09-24T20:07:34+00:00\",\"breadcrumb\":{\"@id\":\"https:\/\/festival-livre-jeunesse.fr\/2021\/said-benjelloun-2\/#breadcrumb\"},\"inLanguage\":\"fr-FR\",\"potentialAction\":[{\"@type\":\"ReadAction\",\"target\":[\"https:\/\/festival-livre-jeunesse.fr\/2021\/said-benjelloun-2\/\"]}]},{\"@type\":\"ImageObject\",\"inLanguage\":\"fr-FR\",\"@id\":\"https:\/\/festival-livre-jeunesse.fr\/2021\/said-benjelloun-2\/#primaryimage\",\"url\":\"http:\/\/festival-livre-jeunesse.fr\/2021\/wp-content\/uploads\/2020\/08\/Said-Benjelloun.png\",\"contentUrl\":\"http:\/\/festival-livre-jeunesse.fr\/2021\/wp-content\/uploads\/2020\/08\/Said-Benjelloun.png\"},{\"@type\":\"BreadcrumbList\",\"@id\":\"https:\/\/festival-livre-jeunesse.fr\/2021\/said-benjelloun-2\/#breadcrumb\",\"itemListElement\":[{\"@type\":\"ListItem\",\"position\":1,\"name\":\"Accueil\",\"item\":\"https:\/\/festival-livre-jeunesse.fr\/2021\/\"},{\"@type\":\"ListItem\",\"position\":2,\"name\":\"Sa\u00efd Benjelloun\"}]},{\"@type\":\"WebSite\",\"@id\":\"https:\/\/festival-livre-jeunesse.fr\/2021\/#website\",\"url\":\"https:\/\/festival-livre-jeunesse.fr\/2021\/\",\"name\":\"Festival du Livre de Jeunesse Occitanie\",\"description\":\"19\u00e8me \u00e9dition\",\"potentialAction\":[{\"@type\":\"SearchAction\",\"target\":{\"@type\":\"EntryPoint\",\"urlTemplate\":\"https:\/\/festival-livre-jeunesse.fr\/2021\/?s={search_term_string}\"},\"query-input\":{\"@type\":\"PropertyValueSpecification\",\"valueRequired\":true,\"valueName\":\"search_term_string\"}}],\"inLanguage\":\"fr-FR\"}]}<\/script>\n<!-- \/ Yoast SEO plugin. -->","yoast_head_json":{"title":"Sa\u00efd Benjelloun - Festival du Livre de Jeunesse Occitanie","robots":{"index":"index","follow":"follow","max-snippet":"max-snippet:-1","max-image-preview":"max-image-preview:large","max-video-preview":"max-video-preview:-1"},"canonical":"https:\/\/festival-livre-jeunesse.fr\/2021\/said-benjelloun-2\/","og_locale":"fr_FR","og_type":"article","og_title":"Sa\u00efd Benjelloun - Festival du Livre de Jeunesse Occitanie","og_description":"Sa\u00efd Benjelloun N\u00e9 en 1948 \u00e0 Casablanca au Maroc, Sa\u00efd Benjelloun est p\u00e9dagogue, po\u00e8te et calligraphe. Il enseigne l\u2019arabe \u00e0 l\u2019Universit\u00e9 Toulouse Jean-Jaur\u00e8s. Pour ses ateliers de calligraphie, Sa\u00efd Benjelloun propose une sensibilisation \u00e0 la calligraphie arabe en d\u00e9couvrant une autre \u00e9criture, une autre culture et d\u2019autres instruments. \u00a0 Les derni\u00e8res parutions Deux recueils de &hellip; Sa\u00efd Benjelloun Lire la suite\u00a0\u00bb","og_url":"https:\/\/festival-livre-jeunesse.fr\/2021\/said-benjelloun-2\/","og_site_name":"Festival du Livre de Jeunesse Occitanie","article_modified_time":"2020-09-24T20:07:34+00:00","og_image":[{"url":"http:\/\/festival-livre-jeunesse.fr\/2021\/wp-content\/uploads\/2020\/08\/Said-Benjelloun.png","type":"","width":"","height":""}],"twitter_card":"summary_large_image","schema":{"@context":"https:\/\/schema.org","@graph":[{"@type":"WebPage","@id":"https:\/\/festival-livre-jeunesse.fr\/2021\/said-benjelloun-2\/","url":"https:\/\/festival-livre-jeunesse.fr\/2021\/said-benjelloun-2\/","name":"Sa\u00efd Benjelloun - Festival du Livre de Jeunesse Occitanie","isPartOf":{"@id":"https:\/\/festival-livre-jeunesse.fr\/2021\/#website"},"primaryImageOfPage":{"@id":"https:\/\/festival-livre-jeunesse.fr\/2021\/said-benjelloun-2\/#primaryimage"},"image":{"@id":"https:\/\/festival-livre-jeunesse.fr\/2021\/said-benjelloun-2\/#primaryimage"},"thumbnailUrl":"http:\/\/festival-livre-jeunesse.fr\/2021\/wp-content\/uploads\/2020\/08\/Said-Benjelloun.png","datePublished":"2020-09-09T17:11:25+00:00","dateModified":"2020-09-24T20:07:34+00:00","breadcrumb":{"@id":"https:\/\/festival-livre-jeunesse.fr\/2021\/said-benjelloun-2\/#breadcrumb"},"inLanguage":"fr-FR","potentialAction":[{"@type":"ReadAction","target":["https:\/\/festival-livre-jeunesse.fr\/2021\/said-benjelloun-2\/"]}]},{"@type":"ImageObject","inLanguage":"fr-FR","@id":"https:\/\/festival-livre-jeunesse.fr\/2021\/said-benjelloun-2\/#primaryimage","url":"http:\/\/festival-livre-jeunesse.fr\/2021\/wp-content\/uploads\/2020\/08\/Said-Benjelloun.png","contentUrl":"http:\/\/festival-livre-jeunesse.fr\/2021\/wp-content\/uploads\/2020\/08\/Said-Benjelloun.png"},{"@type":"BreadcrumbList","@id":"https:\/\/festival-livre-jeunesse.fr\/2021\/said-benjelloun-2\/#breadcrumb","itemListElement":[{"@type":"ListItem","position":1,"name":"Accueil","item":"https:\/\/festival-livre-jeunesse.fr\/2021\/"},{"@type":"ListItem","position":2,"name":"Sa\u00efd Benjelloun"}]},{"@type":"WebSite","@id":"https:\/\/festival-livre-jeunesse.fr\/2021\/#website","url":"https:\/\/festival-livre-jeunesse.fr\/2021\/","name":"Festival du Livre de Jeunesse Occitanie","description":"19\u00e8me \u00e9dition","potentialAction":[{"@type":"SearchAction","target":{"@type":"EntryPoint","urlTemplate":"https:\/\/festival-livre-jeunesse.fr\/2021\/?s={search_term_string}"},"query-input":{"@type":"PropertyValueSpecification","valueRequired":true,"valueName":"search_term_string"}}],"inLanguage":"fr-FR"}]}},"uagb_featured_image_src":{"full":false,"thumbnail":false,"medium":false,"medium_large":false,"large":false,"1536x1536":false,"2048x2048":false},"uagb_author_info":{"display_name":"festival","author_link":"https:\/\/festival-livre-jeunesse.fr\/2021\/author\/festival\/"},"uagb_comment_info":0,"uagb_excerpt":"Sa\u00efd Benjelloun N\u00e9 en 1948 \u00e0 Casablanca au Maroc, Sa\u00efd Benjelloun est p\u00e9dagogue, po\u00e8te et calligraphe. Il enseigne l\u2019arabe \u00e0 l\u2019Universit\u00e9 Toulouse Jean-Jaur\u00e8s. Pour ses ateliers de calligraphie, Sa\u00efd Benjelloun propose une sensibilisation \u00e0 la calligraphie arabe en d\u00e9couvrant une autre \u00e9criture, une autre culture et d\u2019autres instruments. \u00a0 Les derni\u00e8res parutions Deux recueils de\u2026","_links":{"self":[{"href":"https:\/\/festival-livre-jeunesse.fr\/2021\/wp-json\/wp\/v2\/pages\/776","targetHints":{"allow":["GET"]}}],"collection":[{"href":"https:\/\/festival-livre-jeunesse.fr\/2021\/wp-json\/wp\/v2\/pages"}],"about":[{"href":"https:\/\/festival-livre-jeunesse.fr\/2021\/wp-json\/wp\/v2\/types\/page"}],"author":[{"embeddable":true,"href":"https:\/\/festival-livre-jeunesse.fr\/2021\/wp-json\/wp\/v2\/users\/1"}],"replies":[{"embeddable":true,"href":"https:\/\/festival-livre-jeunesse.fr\/2021\/wp-json\/wp\/v2\/comments?post=776"}],"version-history":[{"count":12,"href":"https:\/\/festival-livre-jeunesse.fr\/2021\/wp-json\/wp\/v2\/pages\/776\/revisions"}],"predecessor-version":[{"id":2157,"href":"https:\/\/festival-livre-jeunesse.fr\/2021\/wp-json\/wp\/v2\/pages\/776\/revisions\/2157"}],"wp:attachment":[{"href":"https:\/\/festival-livre-jeunesse.fr\/2021\/wp-json\/wp\/v2\/media?parent=776"}],"curies":[{"name":"wp","href":"https:\/\/api.w.org\/{rel}","templated":true}]}}