{"id":9095,"date":"2021-01-27T17:22:24","date_gmt":"2021-01-27T16:22:24","guid":{"rendered":"https:\/\/festival-livre-jeunesse.fr\/2021\/?page_id=9095"},"modified":"2021-01-27T20:02:54","modified_gmt":"2021-01-27T19:02:54","slug":"ateliers-cite-espace","status":"publish","type":"page","link":"https:\/\/festival-livre-jeunesse.fr\/2021\/ateliers-cite-espace\/","title":{"rendered":"ateliers \u00e0 la cit\u00e9 de l&rsquo;espace"},"content":{"rendered":"\t\t<div data-elementor-type=\"wp-page\" data-elementor-id=\"9095\" class=\"elementor elementor-9095\">\n\t\t\t\t\t\t<section class=\"elementor-section elementor-top-section elementor-element elementor-element-8184feb elementor-section-boxed elementor-section-height-default elementor-section-height-default\" data-id=\"8184feb\" data-element_type=\"section\" data-e-type=\"section\">\n\t\t\t\t\t\t<div class=\"elementor-container elementor-column-gap-default\">\n\t\t\t\t\t<div class=\"elementor-column elementor-col-100 elementor-top-column elementor-element elementor-element-5d3f83d\" data-id=\"5d3f83d\" data-element_type=\"column\" data-e-type=\"column\">\n\t\t\t<div class=\"elementor-widget-wrap elementor-element-populated\">\n\t\t\t\t\t\t<div class=\"elementor-element elementor-element-85dd48b elementor-widget elementor-widget-heading\" data-id=\"85dd48b\" data-element_type=\"widget\" data-e-type=\"widget\" data-widget_type=\"heading.default\">\n\t\t\t\t<div class=\"elementor-widget-container\">\n\t\t\t\t\t<h2 class=\"elementor-heading-title elementor-size-default\">Ateliers \u00e0 la Cit\u00e9 de l'Espace<\/h2>\t\t\t\t<\/div>\n\t\t\t\t<\/div>\n\t\t\t\t\t<\/div>\n\t\t<\/div>\n\t\t\t\t\t<\/div>\n\t\t<\/section>\n\t\t\t\t<section class=\"elementor-section elementor-top-section elementor-element elementor-element-efc924f elementor-section-boxed elementor-section-height-default elementor-section-height-default\" data-id=\"efc924f\" data-element_type=\"section\" data-e-type=\"section\">\n\t\t\t\t\t\t<div class=\"elementor-container elementor-column-gap-wider\">\n\t\t\t\t\t<div class=\"elementor-column elementor-col-33 elementor-top-column elementor-element elementor-element-cb37378\" data-id=\"cb37378\" data-element_type=\"column\" data-e-type=\"column\">\n\t\t\t<div class=\"elementor-widget-wrap elementor-element-populated\">\n\t\t\t\t\t\t<div class=\"elementor-element elementor-element-ab1c378 elementor-widget elementor-widget-heading\" data-id=\"ab1c378\" data-element_type=\"widget\" data-e-type=\"widget\" data-widget_type=\"heading.default\">\n\t\t\t\t<div class=\"elementor-widget-container\">\n\t\t\t\t\t<h3 class=\"elementor-heading-title elementor-size-default\">exp\u00e9riences martiennes<\/h3>\t\t\t\t<\/div>\n\t\t\t\t<\/div>\n\t\t\t\t<div class=\"elementor-element elementor-element-bcaecdc elementor-position-top elementor-widget elementor-widget-image-box\" data-id=\"bcaecdc\" data-element_type=\"widget\" data-e-type=\"widget\" data-widget_type=\"image-box.default\">\n\t\t\t\t<div class=\"elementor-widget-container\">\n\t\t\t\t\t<div class=\"elementor-image-box-wrapper\"><figure class=\"elementor-image-box-img\"><a href=\"https:\/\/festival-livre-jeunesse.fr\/2021\/wp-content\/uploads\/2021\/01\/ATMOSPHERE-MARTIENNE-1-1.pdf\" tabindex=\"-1\"><img decoding=\"async\" width=\"94\" height=\"57\" src=\"https:\/\/festival-livre-jeunesse.fr\/2021\/wp-content\/uploads\/2020\/09\/CiteEspace-vertical-web.png\" class=\"attachment-full size-full wp-image-2048\" alt=\"\" \/><\/a><\/figure><div class=\"elementor-image-box-content\"><h3 class=\"elementor-image-box-title\"><a href=\"https:\/\/festival-livre-jeunesse.fr\/2021\/wp-content\/uploads\/2021\/01\/ATMOSPHERE-MARTIENNE-1-1.pdf\">ATMOSPH\u00e8RE MARTIENNE 1<\/a><\/h3><\/div><\/div>\t\t\t\t<\/div>\n\t\t\t\t<\/div>\n\t\t\t\t<div class=\"elementor-element elementor-element-0e7ada2 elementor-position-top elementor-widget elementor-widget-image-box\" data-id=\"0e7ada2\" data-element_type=\"widget\" data-e-type=\"widget\" data-widget_type=\"image-box.default\">\n\t\t\t\t<div class=\"elementor-widget-container\">\n\t\t\t\t\t<div class=\"elementor-image-box-wrapper\"><figure class=\"elementor-image-box-img\"><a href=\"https:\/\/festival-livre-jeunesse.fr\/2021\/wp-content\/uploads\/2021\/01\/ATMOSPHERE-MARTIENNE-2.pdf\" tabindex=\"-1\"><img decoding=\"async\" width=\"94\" height=\"57\" src=\"https:\/\/festival-livre-jeunesse.fr\/2021\/wp-content\/uploads\/2020\/09\/CiteEspace-vertical-web.png\" class=\"attachment-full size-full wp-image-2048\" alt=\"\" \/><\/a><\/figure><div class=\"elementor-image-box-content\"><h3 class=\"elementor-image-box-title\"><a href=\"https:\/\/festival-livre-jeunesse.fr\/2021\/wp-content\/uploads\/2021\/01\/ATMOSPHERE-MARTIENNE-2.pdf\">ATMOSPH\u00e8RE MARTIENNE 2<\/a><\/h3><\/div><\/div>\t\t\t\t<\/div>\n\t\t\t\t<\/div>\n\t\t\t\t<div class=\"elementor-element elementor-element-92edf70 elementor-position-top elementor-widget elementor-widget-image-box\" data-id=\"92edf70\" data-element_type=\"widget\" data-e-type=\"widget\" data-widget_type=\"image-box.default\">\n\t\t\t\t<div class=\"elementor-widget-container\">\n\t\t\t\t\t<div class=\"elementor-image-box-wrapper\"><figure class=\"elementor-image-box-img\"><a href=\"https:\/\/festival-livre-jeunesse.fr\/2021\/wp-content\/uploads\/2021\/01\/GRAVITE-MARTIENNE.pdf\" tabindex=\"-1\"><img decoding=\"async\" width=\"94\" height=\"57\" src=\"https:\/\/festival-livre-jeunesse.fr\/2021\/wp-content\/uploads\/2020\/09\/CiteEspace-vertical-web.png\" class=\"attachment-full size-full wp-image-2048\" alt=\"\" \/><\/a><\/figure><div class=\"elementor-image-box-content\"><h3 class=\"elementor-image-box-title\"><a href=\"https:\/\/festival-livre-jeunesse.fr\/2021\/wp-content\/uploads\/2021\/01\/GRAVITE-MARTIENNE.pdf\">GRAVIT\u00e9 MARTIENNE<\/a><\/h3><\/div><\/div>\t\t\t\t<\/div>\n\t\t\t\t<\/div>\n\t\t\t\t\t<\/div>\n\t\t<\/div>\n\t\t\t\t<div class=\"elementor-column elementor-col-33 elementor-top-column elementor-element elementor-element-5552a8e\" data-id=\"5552a8e\" data-element_type=\"column\" data-e-type=\"column\">\n\t\t\t<div class=\"elementor-widget-wrap elementor-element-populated\">\n\t\t\t\t\t\t<div class=\"elementor-element elementor-element-6be5895 elementor-widget elementor-widget-heading\" data-id=\"6be5895\" data-element_type=\"widget\" data-e-type=\"widget\" data-widget_type=\"heading.default\">\n\t\t\t\t<div class=\"elementor-widget-container\">\n\t\t\t\t\t<h3 class=\"elementor-heading-title elementor-size-default\">jeux<\/h3>\t\t\t\t<\/div>\n\t\t\t\t<\/div>\n\t\t\t\t<div class=\"elementor-element elementor-element-e11e9ef elementor-position-top elementor-widget elementor-widget-image-box\" data-id=\"e11e9ef\" data-element_type=\"widget\" data-e-type=\"widget\" data-widget_type=\"image-box.default\">\n\t\t\t\t<div class=\"elementor-widget-container\">\n\t\t\t\t\t<div class=\"elementor-image-box-wrapper\"><figure class=\"elementor-image-box-img\"><a href=\"https:\/\/festival-livre-jeunesse.fr\/2021\/wp-content\/uploads\/2021\/01\/Festival_Histoire-de-Perseverance.pdf\" tabindex=\"-1\"><img decoding=\"async\" width=\"94\" height=\"57\" src=\"https:\/\/festival-livre-jeunesse.fr\/2021\/wp-content\/uploads\/2020\/09\/CiteEspace-vertical-web.png\" class=\"attachment-full size-full wp-image-2048\" alt=\"\" \/><\/a><\/figure><div class=\"elementor-image-box-content\"><h3 class=\"elementor-image-box-title\"><a href=\"https:\/\/festival-livre-jeunesse.fr\/2021\/wp-content\/uploads\/2021\/01\/Festival_Histoire-de-Perseverance.pdf\">Histoire de Perseverance<\/a><\/h3><\/div><\/div>\t\t\t\t<\/div>\n\t\t\t\t<\/div>\n\t\t\t\t<div class=\"elementor-element elementor-element-39b9b32 elementor-position-top elementor-widget elementor-widget-image-box\" data-id=\"39b9b32\" data-element_type=\"widget\" data-e-type=\"widget\" data-widget_type=\"image-box.default\">\n\t\t\t\t<div class=\"elementor-widget-container\">\n\t\t\t\t\t<div class=\"elementor-image-box-wrapper\"><figure class=\"elementor-image-box-img\"><a href=\"https:\/\/festival-livre-jeunesse.fr\/2021\/wp-content\/uploads\/2021\/01\/Festival_Jeu-de-7-differences.pdf\" tabindex=\"-1\"><img decoding=\"async\" width=\"94\" height=\"57\" src=\"https:\/\/festival-livre-jeunesse.fr\/2021\/wp-content\/uploads\/2020\/09\/CiteEspace-vertical-web.png\" class=\"attachment-full size-full wp-image-2048\" alt=\"\" \/><\/a><\/figure><div class=\"elementor-image-box-content\"><h3 class=\"elementor-image-box-title\"><a href=\"https:\/\/festival-livre-jeunesse.fr\/2021\/wp-content\/uploads\/2021\/01\/Festival_Jeu-de-7-differences.pdf\">Jeu de 7 diff\u00e9rences<\/a><\/h3><\/div><\/div>\t\t\t\t<\/div>\n\t\t\t\t<\/div>\n\t\t\t\t<div class=\"elementor-element elementor-element-06e96e0 elementor-position-top elementor-widget elementor-widget-image-box\" data-id=\"06e96e0\" data-element_type=\"widget\" data-e-type=\"widget\" data-widget_type=\"image-box.default\">\n\t\t\t\t<div class=\"elementor-widget-container\">\n\t\t\t\t\t<div class=\"elementor-image-box-wrapper\"><figure class=\"elementor-image-box-img\"><a href=\"https:\/\/festival-livre-jeunesse.fr\/2021\/wp-content\/uploads\/2021\/01\/Festival_Jeu-Perseverance-coloriage.pdf\" tabindex=\"-1\"><img decoding=\"async\" width=\"94\" height=\"57\" src=\"https:\/\/festival-livre-jeunesse.fr\/2021\/wp-content\/uploads\/2020\/09\/CiteEspace-vertical-web.png\" class=\"attachment-full size-full wp-image-2048\" alt=\"\" \/><\/a><\/figure><div class=\"elementor-image-box-content\"><h3 class=\"elementor-image-box-title\"><a href=\"https:\/\/festival-livre-jeunesse.fr\/2021\/wp-content\/uploads\/2021\/01\/Festival_Jeu-Perseverance-coloriage.pdf\">Jeu Perseverance coloriage<\/a><\/h3><\/div><\/div>\t\t\t\t<\/div>\n\t\t\t\t<\/div>\n\t\t\t\t<div class=\"elementor-element elementor-element-d674345 elementor-position-top elementor-widget elementor-widget-image-box\" data-id=\"d674345\" data-element_type=\"widget\" data-e-type=\"widget\" data-widget_type=\"image-box.default\">\n\t\t\t\t<div class=\"elementor-widget-container\">\n\t\t\t\t\t<div class=\"elementor-image-box-wrapper\"><figure class=\"elementor-image-box-img\"><a href=\"https:\/\/festival-livre-jeunesse.fr\/2021\/wp-content\/uploads\/2021\/01\/Festival_jeux-Perseverance-labyrinthe.pdf\" tabindex=\"-1\"><img decoding=\"async\" width=\"94\" height=\"57\" src=\"https:\/\/festival-livre-jeunesse.fr\/2021\/wp-content\/uploads\/2020\/09\/CiteEspace-vertical-web.png\" class=\"attachment-full size-full wp-image-2048\" alt=\"\" \/><\/a><\/figure><div class=\"elementor-image-box-content\"><h3 class=\"elementor-image-box-title\"><a href=\"https:\/\/festival-livre-jeunesse.fr\/2021\/wp-content\/uploads\/2021\/01\/Festival_jeux-Perseverance-labyrinthe.pdf\">jeux Perseverance labyrinthe<\/a><\/h3><\/div><\/div>\t\t\t\t<\/div>\n\t\t\t\t<\/div>\n\t\t\t\t<div class=\"elementor-element elementor-element-75c5fef elementor-position-top elementor-widget elementor-widget-image-box\" data-id=\"75c5fef\" data-element_type=\"widget\" data-e-type=\"widget\" data-widget_type=\"image-box.default\">\n\t\t\t\t<div class=\"elementor-widget-container\">\n\t\t\t\t\t<div class=\"elementor-image-box-wrapper\"><figure class=\"elementor-image-box-img\"><a href=\"https:\/\/festival-livre-jeunesse.fr\/2021\/wp-content\/uploads\/2021\/01\/Festival_Mots-meles-Perseverance.pdf\" tabindex=\"-1\"><img decoding=\"async\" width=\"94\" height=\"57\" src=\"https:\/\/festival-livre-jeunesse.fr\/2021\/wp-content\/uploads\/2020\/09\/CiteEspace-vertical-web.png\" class=\"attachment-full size-full wp-image-2048\" alt=\"\" \/><\/a><\/figure><div class=\"elementor-image-box-content\"><h3 class=\"elementor-image-box-title\"><a href=\"https:\/\/festival-livre-jeunesse.fr\/2021\/wp-content\/uploads\/2021\/01\/Festival_Mots-meles-Perseverance.pdf\">Mots m\u00eal\u00e9s Perseverance<\/a><\/h3><\/div><\/div>\t\t\t\t<\/div>\n\t\t\t\t<\/div>\n\t\t\t\t\t<\/div>\n\t\t<\/div>\n\t\t\t\t<div class=\"elementor-column elementor-col-33 elementor-top-column elementor-element elementor-element-45d8a7b\" data-id=\"45d8a7b\" data-element_type=\"column\" data-e-type=\"column\">\n\t\t\t<div class=\"elementor-widget-wrap elementor-element-populated\">\n\t\t\t\t\t\t<div class=\"elementor-element elementor-element-36bb653 elementor-widget elementor-widget-heading\" data-id=\"36bb653\" data-element_type=\"widget\" data-e-type=\"widget\" data-widget_type=\"heading.default\">\n\t\t\t\t<div class=\"elementor-widget-container\">\n\t\t\t\t\t<h3 class=\"elementor-heading-title elementor-size-default\">tutos robotique<\/h3>\t\t\t\t<\/div>\n\t\t\t\t<\/div>\n\t\t\t\t<div class=\"elementor-element elementor-element-16f7751 elementor-position-top elementor-widget elementor-widget-image-box\" data-id=\"16f7751\" data-element_type=\"widget\" data-e-type=\"widget\" data-widget_type=\"image-box.default\">\n\t\t\t\t<div class=\"elementor-widget-container\">\n\t\t\t\t\t<div class=\"elementor-image-box-wrapper\"><figure class=\"elementor-image-box-img\"><a href=\"https:\/\/festival-livre-jeunesse.fr\/2021\/wp-content\/uploads\/2021\/01\/Festival_Fiche-Tuto-1-Robot-Kesako.pdf\" tabindex=\"-1\"><img decoding=\"async\" width=\"94\" height=\"57\" src=\"https:\/\/festival-livre-jeunesse.fr\/2021\/wp-content\/uploads\/2020\/09\/CiteEspace-vertical-web.png\" class=\"attachment-full size-full wp-image-2048\" alt=\"\" \/><\/a><\/figure><div class=\"elementor-image-box-content\"><h3 class=\"elementor-image-box-title\"><a href=\"https:\/\/festival-livre-jeunesse.fr\/2021\/wp-content\/uploads\/2021\/01\/Festival_Fiche-Tuto-1-Robot-Kesako.pdf\">Tuto 1 - Robot Kesako<\/a><\/h3><\/div><\/div>\t\t\t\t<\/div>\n\t\t\t\t<\/div>\n\t\t\t\t<div class=\"elementor-element elementor-element-8578ed3 elementor-position-top elementor-widget elementor-widget-image-box\" data-id=\"8578ed3\" data-element_type=\"widget\" data-e-type=\"widget\" data-widget_type=\"image-box.default\">\n\t\t\t\t<div class=\"elementor-widget-container\">\n\t\t\t\t\t<div class=\"elementor-image-box-wrapper\"><figure class=\"elementor-image-box-img\"><a href=\"https:\/\/festival-livre-jeunesse.fr\/2021\/wp-content\/uploads\/2021\/01\/Festival_Fiche-Tuto-2-I-am-a-Robot.pdf\" tabindex=\"-1\"><img decoding=\"async\" width=\"94\" height=\"57\" src=\"https:\/\/festival-livre-jeunesse.fr\/2021\/wp-content\/uploads\/2020\/09\/CiteEspace-vertical-web.png\" class=\"attachment-full size-full wp-image-2048\" alt=\"\" \/><\/a><\/figure><div class=\"elementor-image-box-content\"><h3 class=\"elementor-image-box-title\"><a href=\"https:\/\/festival-livre-jeunesse.fr\/2021\/wp-content\/uploads\/2021\/01\/Festival_Fiche-Tuto-2-I-am-a-Robot.pdf\">Tuto 2 - I am a Robot<\/a><\/h3><\/div><\/div>\t\t\t\t<\/div>\n\t\t\t\t<\/div>\n\t\t\t\t<div class=\"elementor-element elementor-element-ae3be8d elementor-position-top elementor-widget elementor-widget-image-box\" data-id=\"ae3be8d\" data-element_type=\"widget\" data-e-type=\"widget\" data-widget_type=\"image-box.default\">\n\t\t\t\t<div class=\"elementor-widget-container\">\n\t\t\t\t\t<div class=\"elementor-image-box-wrapper\"><figure class=\"elementor-image-box-img\"><a href=\"https:\/\/festival-livre-jeunesse.fr\/2021\/wp-content\/uploads\/2021\/01\/Festival_Fiche-Tuto-3-Un-sol-sur-mars-.pdf\" tabindex=\"-1\"><img decoding=\"async\" width=\"94\" height=\"57\" src=\"https:\/\/festival-livre-jeunesse.fr\/2021\/wp-content\/uploads\/2020\/09\/CiteEspace-vertical-web.png\" class=\"attachment-full size-full wp-image-2048\" alt=\"\" \/><\/a><\/figure><div class=\"elementor-image-box-content\"><h3 class=\"elementor-image-box-title\"><a href=\"https:\/\/festival-livre-jeunesse.fr\/2021\/wp-content\/uploads\/2021\/01\/Festival_Fiche-Tuto-3-Un-sol-sur-mars-.pdf\">Tuto 3 - Un sol sur mars <\/a><\/h3><\/div><\/div>\t\t\t\t<\/div>\n\t\t\t\t<\/div>\n\t\t\t\t\t<\/div>\n\t\t<\/div>\n\t\t\t\t\t<\/div>\n\t\t<\/section>\n\t\t\t\t<section class=\"elementor-section elementor-top-section elementor-element elementor-element-21ece47 elementor-section-boxed elementor-section-height-default elementor-section-height-default\" data-id=\"21ece47\" data-element_type=\"section\" data-e-type=\"section\">\n\t\t\t\t\t\t<div class=\"elementor-container elementor-column-gap-default\">\n\t\t\t\t\t<div class=\"elementor-column elementor-col-100 elementor-top-column elementor-element elementor-element-d294803\" data-id=\"d294803\" data-element_type=\"column\" data-e-type=\"column\">\n\t\t\t<div class=\"elementor-widget-wrap elementor-element-populated\">\n\t\t\t\t\t\t<div class=\"elementor-element elementor-element-d278be4 elementor-widget elementor-widget-spacer\" data-id=\"d278be4\" data-element_type=\"widget\" data-e-type=\"widget\" data-widget_type=\"spacer.default\">\n\t\t\t\t<div class=\"elementor-widget-container\">\n\t\t\t\t\t\t\t<div class=\"elementor-spacer\">\n\t\t\t<div class=\"elementor-spacer-inner\"><\/div>\n\t\t<\/div>\n\t\t\t\t\t\t<\/div>\n\t\t\t\t<\/div>\n\t\t\t\t\t<\/div>\n\t\t<\/div>\n\t\t\t\t\t<\/div>\n\t\t<\/section>\n\t\t\t\t<\/div>\n\t\t","protected":false},"excerpt":{"rendered":"<p>Ateliers \u00e0 la Cit\u00e9 de l&rsquo;Espace exp\u00e9riences martiennes ATMOSPH\u00e8RE MARTIENNE 1 ATMOSPH\u00e8RE MARTIENNE 2 GRAVIT\u00e9 MARTIENNE jeux Histoire de Perseverance Jeu de 7 diff\u00e9rences Jeu Perseverance coloriage jeux Perseverance labyrinthe Mots m\u00eal\u00e9s Perseverance tutos robotique Tuto 1 &#8211; Robot Kesako Tuto 2 &#8211; I am a Robot Tuto 3 &#8211; Un sol sur mars<\/p>\n","protected":false},"author":1,"featured_media":0,"parent":0,"menu_order":0,"comment_status":"closed","ping_status":"closed","template":"","meta":{"_uag_custom_page_level_css":"","footnotes":""},"class_list":["post-9095","page","type-page","status-publish","hentry"],"yoast_head":"<!-- This site is optimized with the Yoast SEO plugin v25.3.1 - https:\/\/yoast.com\/wordpress\/plugins\/seo\/ -->\n<title>ateliers \u00e0 la cit\u00e9 de l&#039;espace - Festival du Livre de Jeunesse Occitanie<\/title>\n<meta name=\"robots\" content=\"index, follow, max-snippet:-1, max-image-preview:large, max-video-preview:-1\" \/>\n<link rel=\"canonical\" href=\"https:\/\/festival-livre-jeunesse.fr\/2021\/ateliers-cite-espace\/\" \/>\n<meta property=\"og:locale\" content=\"fr_FR\" \/>\n<meta property=\"og:type\" content=\"article\" \/>\n<meta property=\"og:title\" content=\"ateliers \u00e0 la cit\u00e9 de l&#039;espace - Festival du Livre de Jeunesse Occitanie\" \/>\n<meta property=\"og:description\" content=\"Ateliers \u00e0 la Cit\u00e9 de l&rsquo;Espace exp\u00e9riences martiennes ATMOSPH\u00e8RE MARTIENNE 1 ATMOSPH\u00e8RE MARTIENNE 2 GRAVIT\u00e9 MARTIENNE jeux Histoire de Perseverance Jeu de 7 diff\u00e9rences Jeu Perseverance coloriage jeux Perseverance labyrinthe Mots m\u00eal\u00e9s Perseverance tutos robotique Tuto 1 &#8211; Robot Kesako Tuto 2 &#8211; I am a Robot Tuto 3 &#8211; Un sol sur mars\" \/>\n<meta property=\"og:url\" content=\"https:\/\/festival-livre-jeunesse.fr\/2021\/ateliers-cite-espace\/\" \/>\n<meta property=\"og:site_name\" content=\"Festival du Livre de Jeunesse Occitanie\" \/>\n<meta property=\"article:modified_time\" content=\"2021-01-27T19:02:54+00:00\" \/>\n<meta property=\"og:image\" content=\"http:\/\/festival-livre-jeunesse.fr\/2021\/wp-content\/uploads\/2020\/09\/CiteEspace-vertical-web.png\" \/>\n<meta name=\"twitter:card\" content=\"summary_large_image\" \/>\n<script type=\"application\/ld+json\" class=\"yoast-schema-graph\">{\"@context\":\"https:\/\/schema.org\",\"@graph\":[{\"@type\":\"WebPage\",\"@id\":\"https:\/\/festival-livre-jeunesse.fr\/2021\/ateliers-cite-espace\/\",\"url\":\"https:\/\/festival-livre-jeunesse.fr\/2021\/ateliers-cite-espace\/\",\"name\":\"ateliers \u00e0 la cit\u00e9 de l'espace - Festival du Livre de Jeunesse Occitanie\",\"isPartOf\":{\"@id\":\"https:\/\/festival-livre-jeunesse.fr\/2021\/#website\"},\"primaryImageOfPage\":{\"@id\":\"https:\/\/festival-livre-jeunesse.fr\/2021\/ateliers-cite-espace\/#primaryimage\"},\"image\":{\"@id\":\"https:\/\/festival-livre-jeunesse.fr\/2021\/ateliers-cite-espace\/#primaryimage\"},\"thumbnailUrl\":\"http:\/\/festival-livre-jeunesse.fr\/2021\/wp-content\/uploads\/2020\/09\/CiteEspace-vertical-web.png\",\"datePublished\":\"2021-01-27T16:22:24+00:00\",\"dateModified\":\"2021-01-27T19:02:54+00:00\",\"breadcrumb\":{\"@id\":\"https:\/\/festival-livre-jeunesse.fr\/2021\/ateliers-cite-espace\/#breadcrumb\"},\"inLanguage\":\"fr-FR\",\"potentialAction\":[{\"@type\":\"ReadAction\",\"target\":[\"https:\/\/festival-livre-jeunesse.fr\/2021\/ateliers-cite-espace\/\"]}]},{\"@type\":\"ImageObject\",\"inLanguage\":\"fr-FR\",\"@id\":\"https:\/\/festival-livre-jeunesse.fr\/2021\/ateliers-cite-espace\/#primaryimage\",\"url\":\"http:\/\/festival-livre-jeunesse.fr\/2021\/wp-content\/uploads\/2020\/09\/CiteEspace-vertical-web.png\",\"contentUrl\":\"http:\/\/festival-livre-jeunesse.fr\/2021\/wp-content\/uploads\/2020\/09\/CiteEspace-vertical-web.png\"},{\"@type\":\"BreadcrumbList\",\"@id\":\"https:\/\/festival-livre-jeunesse.fr\/2021\/ateliers-cite-espace\/#breadcrumb\",\"itemListElement\":[{\"@type\":\"ListItem\",\"position\":1,\"name\":\"Accueil\",\"item\":\"https:\/\/festival-livre-jeunesse.fr\/2021\/\"},{\"@type\":\"ListItem\",\"position\":2,\"name\":\"ateliers \u00e0 la cit\u00e9 de l&#8217;espace\"}]},{\"@type\":\"WebSite\",\"@id\":\"https:\/\/festival-livre-jeunesse.fr\/2021\/#website\",\"url\":\"https:\/\/festival-livre-jeunesse.fr\/2021\/\",\"name\":\"Festival du Livre de Jeunesse Occitanie\",\"description\":\"19\u00e8me \u00e9dition\",\"potentialAction\":[{\"@type\":\"SearchAction\",\"target\":{\"@type\":\"EntryPoint\",\"urlTemplate\":\"https:\/\/festival-livre-jeunesse.fr\/2021\/?s={search_term_string}\"},\"query-input\":{\"@type\":\"PropertyValueSpecification\",\"valueRequired\":true,\"valueName\":\"search_term_string\"}}],\"inLanguage\":\"fr-FR\"}]}<\/script>\n<!-- \/ Yoast SEO plugin. -->","yoast_head_json":{"title":"ateliers \u00e0 la cit\u00e9 de l'espace - Festival du Livre de Jeunesse Occitanie","robots":{"index":"index","follow":"follow","max-snippet":"max-snippet:-1","max-image-preview":"max-image-preview:large","max-video-preview":"max-video-preview:-1"},"canonical":"https:\/\/festival-livre-jeunesse.fr\/2021\/ateliers-cite-espace\/","og_locale":"fr_FR","og_type":"article","og_title":"ateliers \u00e0 la cit\u00e9 de l'espace - Festival du Livre de Jeunesse Occitanie","og_description":"Ateliers \u00e0 la Cit\u00e9 de l&rsquo;Espace exp\u00e9riences martiennes ATMOSPH\u00e8RE MARTIENNE 1 ATMOSPH\u00e8RE MARTIENNE 2 GRAVIT\u00e9 MARTIENNE jeux Histoire de Perseverance Jeu de 7 diff\u00e9rences Jeu Perseverance coloriage jeux Perseverance labyrinthe Mots m\u00eal\u00e9s Perseverance tutos robotique Tuto 1 &#8211; Robot Kesako Tuto 2 &#8211; I am a Robot Tuto 3 &#8211; Un sol sur mars","og_url":"https:\/\/festival-livre-jeunesse.fr\/2021\/ateliers-cite-espace\/","og_site_name":"Festival du Livre de Jeunesse Occitanie","article_modified_time":"2021-01-27T19:02:54+00:00","og_image":[{"url":"http:\/\/festival-livre-jeunesse.fr\/2021\/wp-content\/uploads\/2020\/09\/CiteEspace-vertical-web.png","type":"","width":"","height":""}],"twitter_card":"summary_large_image","schema":{"@context":"https:\/\/schema.org","@graph":[{"@type":"WebPage","@id":"https:\/\/festival-livre-jeunesse.fr\/2021\/ateliers-cite-espace\/","url":"https:\/\/festival-livre-jeunesse.fr\/2021\/ateliers-cite-espace\/","name":"ateliers \u00e0 la cit\u00e9 de l'espace - Festival du Livre de Jeunesse Occitanie","isPartOf":{"@id":"https:\/\/festival-livre-jeunesse.fr\/2021\/#website"},"primaryImageOfPage":{"@id":"https:\/\/festival-livre-jeunesse.fr\/2021\/ateliers-cite-espace\/#primaryimage"},"image":{"@id":"https:\/\/festival-livre-jeunesse.fr\/2021\/ateliers-cite-espace\/#primaryimage"},"thumbnailUrl":"http:\/\/festival-livre-jeunesse.fr\/2021\/wp-content\/uploads\/2020\/09\/CiteEspace-vertical-web.png","datePublished":"2021-01-27T16:22:24+00:00","dateModified":"2021-01-27T19:02:54+00:00","breadcrumb":{"@id":"https:\/\/festival-livre-jeunesse.fr\/2021\/ateliers-cite-espace\/#breadcrumb"},"inLanguage":"fr-FR","potentialAction":[{"@type":"ReadAction","target":["https:\/\/festival-livre-jeunesse.fr\/2021\/ateliers-cite-espace\/"]}]},{"@type":"ImageObject","inLanguage":"fr-FR","@id":"https:\/\/festival-livre-jeunesse.fr\/2021\/ateliers-cite-espace\/#primaryimage","url":"http:\/\/festival-livre-jeunesse.fr\/2021\/wp-content\/uploads\/2020\/09\/CiteEspace-vertical-web.png","contentUrl":"http:\/\/festival-livre-jeunesse.fr\/2021\/wp-content\/uploads\/2020\/09\/CiteEspace-vertical-web.png"},{"@type":"BreadcrumbList","@id":"https:\/\/festival-livre-jeunesse.fr\/2021\/ateliers-cite-espace\/#breadcrumb","itemListElement":[{"@type":"ListItem","position":1,"name":"Accueil","item":"https:\/\/festival-livre-jeunesse.fr\/2021\/"},{"@type":"ListItem","position":2,"name":"ateliers \u00e0 la cit\u00e9 de l&#8217;espace"}]},{"@type":"WebSite","@id":"https:\/\/festival-livre-jeunesse.fr\/2021\/#website","url":"https:\/\/festival-livre-jeunesse.fr\/2021\/","name":"Festival du Livre de Jeunesse Occitanie","description":"19\u00e8me \u00e9dition","potentialAction":[{"@type":"SearchAction","target":{"@type":"EntryPoint","urlTemplate":"https:\/\/festival-livre-jeunesse.fr\/2021\/?s={search_term_string}"},"query-input":{"@type":"PropertyValueSpecification","valueRequired":true,"valueName":"search_term_string"}}],"inLanguage":"fr-FR"}]}},"uagb_featured_image_src":{"full":false,"thumbnail":false,"medium":false,"medium_large":false,"large":false,"1536x1536":false,"2048x2048":false},"uagb_author_info":{"display_name":"festival","author_link":"https:\/\/festival-livre-jeunesse.fr\/2021\/author\/festival\/"},"uagb_comment_info":0,"uagb_excerpt":"Ateliers \u00e0 la Cit\u00e9 de l&rsquo;Espace exp\u00e9riences martiennes ATMOSPH\u00e8RE MARTIENNE 1 ATMOSPH\u00e8RE MARTIENNE 2 GRAVIT\u00e9 MARTIENNE jeux Histoire de Perseverance Jeu de 7 diff\u00e9rences Jeu Perseverance coloriage jeux Perseverance labyrinthe Mots m\u00eal\u00e9s Perseverance tutos robotique Tuto 1 &#8211; Robot Kesako Tuto 2 &#8211; I am a Robot Tuto 3 &#8211; Un sol sur mars","_links":{"self":[{"href":"https:\/\/festival-livre-jeunesse.fr\/2021\/wp-json\/wp\/v2\/pages\/9095","targetHints":{"allow":["GET"]}}],"collection":[{"href":"https:\/\/festival-livre-jeunesse.fr\/2021\/wp-json\/wp\/v2\/pages"}],"about":[{"href":"https:\/\/festival-livre-jeunesse.fr\/2021\/wp-json\/wp\/v2\/types\/page"}],"author":[{"embeddable":true,"href":"https:\/\/festival-livre-jeunesse.fr\/2021\/wp-json\/wp\/v2\/users\/1"}],"replies":[{"embeddable":true,"href":"https:\/\/festival-livre-jeunesse.fr\/2021\/wp-json\/wp\/v2\/comments?post=9095"}],"version-history":[{"count":133,"href":"https:\/\/festival-livre-jeunesse.fr\/2021\/wp-json\/wp\/v2\/pages\/9095\/revisions"}],"predecessor-version":[{"id":9245,"href":"https:\/\/festival-livre-jeunesse.fr\/2021\/wp-json\/wp\/v2\/pages\/9095\/revisions\/9245"}],"wp:attachment":[{"href":"https:\/\/festival-livre-jeunesse.fr\/2021\/wp-json\/wp\/v2\/media?parent=9095"}],"curies":[{"name":"wp","href":"https:\/\/api.w.org\/{rel}","templated":true}]}}