{"id":9363,"date":"2021-02-08T11:05:58","date_gmt":"2021-02-08T10:05:58","guid":{"rendered":"https:\/\/festival-livre-jeunesse.fr\/2021\/?page_id=9363"},"modified":"2021-02-08T11:40:55","modified_gmt":"2021-02-08T10:40:55","slug":"un-reve-deternite-florence-hinckel-et-philippe-nessmann","status":"publish","type":"page","link":"https:\/\/festival-livre-jeunesse.fr\/2021\/un-reve-deternite-florence-hinckel-et-philippe-nessmann\/","title":{"rendered":"Un r\u00eave d&rsquo;\u00e9ternit\u00e9 : FlorEnce HinckEL ET pHILIPPE nESSMANN"},"content":{"rendered":"\t\t<div data-elementor-type=\"wp-page\" data-elementor-id=\"9363\" class=\"elementor elementor-9363\">\n\t\t\t\t\t\t<section class=\"elementor-section elementor-top-section elementor-element elementor-element-d94ca0e elementor-section-boxed elementor-section-height-default elementor-section-height-default\" data-id=\"d94ca0e\" data-element_type=\"section\" data-e-type=\"section\">\n\t\t\t\t\t\t<div class=\"elementor-container elementor-column-gap-default\">\n\t\t\t\t\t<div class=\"elementor-column elementor-col-100 elementor-top-column elementor-element elementor-element-d852c73\" data-id=\"d852c73\" data-element_type=\"column\" data-e-type=\"column\">\n\t\t\t<div class=\"elementor-widget-wrap\">\n\t\t\t\t\t\t\t<\/div>\n\t\t<\/div>\n\t\t\t\t\t<\/div>\n\t\t<\/section>\n\t\t\t\t<section class=\"elementor-section elementor-top-section elementor-element elementor-element-fe55dbf elementor-section-boxed elementor-section-height-default elementor-section-height-default\" data-id=\"fe55dbf\" data-element_type=\"section\" data-e-type=\"section\">\n\t\t\t\t\t\t<div class=\"elementor-container elementor-column-gap-default\">\n\t\t\t\t\t<div class=\"elementor-column elementor-col-100 elementor-top-column elementor-element elementor-element-097eca5\" data-id=\"097eca5\" data-element_type=\"column\" data-e-type=\"column\">\n\t\t\t<div class=\"elementor-widget-wrap elementor-element-populated\">\n\t\t\t\t\t\t<div class=\"elementor-element elementor-element-201087a elementor-widget elementor-widget-image\" data-id=\"201087a\" data-element_type=\"widget\" data-e-type=\"widget\" data-widget_type=\"image.default\">\n\t\t\t\t<div class=\"elementor-widget-container\">\n\t\t\t\t\t\t\t\t\t\t\t\t\t\t\t<img fetchpriority=\"high\" decoding=\"async\" width=\"512\" height=\"169\" src=\"https:\/\/festival-livre-jeunesse.fr\/2021\/wp-content\/uploads\/2021\/02\/un-reve-deternite-1.png\" class=\"attachment-full size-full wp-image-9353\" alt=\"\" \/>\t\t\t\t\t\t\t\t\t\t\t\t\t\t\t<\/div>\n\t\t\t\t<\/div>\n\t\t\t\t\t<\/div>\n\t\t<\/div>\n\t\t\t\t\t<\/div>\n\t\t<\/section>\n\t\t\t\t<section class=\"elementor-section elementor-top-section elementor-element elementor-element-505811d elementor-section-boxed elementor-section-height-default elementor-section-height-default\" data-id=\"505811d\" data-element_type=\"section\" data-e-type=\"section\">\n\t\t\t\t\t\t<div class=\"elementor-container elementor-column-gap-default\">\n\t\t\t\t\t<div class=\"elementor-column elementor-col-100 elementor-top-column elementor-element elementor-element-cddb455\" data-id=\"cddb455\" data-element_type=\"column\" data-e-type=\"column\">\n\t\t\t<div class=\"elementor-widget-wrap elementor-element-populated\">\n\t\t\t\t\t\t<div class=\"elementor-element elementor-element-6c15efe elementor-widget elementor-widget-heading\" data-id=\"6c15efe\" data-element_type=\"widget\" data-e-type=\"widget\" data-widget_type=\"heading.default\">\n\t\t\t\t<div class=\"elementor-widget-container\">\n\t\t\t\t\t<h3 class=\"elementor-heading-title elementor-size-large\">\"Un r\u00eave d'\u00e9ternit\u00e9, quand la litt\u00e9rature jeunesse interroge notre rapport au temps\"<\/h3>\t\t\t\t<\/div>\n\t\t\t\t<\/div>\n\t\t\t\t<div class=\"elementor-element elementor-element-9dbefa7 elementor-widget elementor-widget-heading\" data-id=\"9dbefa7\" data-element_type=\"widget\" data-e-type=\"widget\" data-widget_type=\"heading.default\">\n\t\t\t\t<div class=\"elementor-widget-container\">\n\t\t\t\t\t<h3 class=\"elementor-heading-title elementor-size-default\"><h3 data-elementor-setting-key=\"title\" data-pen-placeholder=\"\u00c9crivez ici...\" style=\"font-style: normal\">RENCONTRE AVEC FLORENCE HINCKEL ET PHILIPPE NESSMANN<\/h3><\/h3>\t\t\t\t<\/div>\n\t\t\t\t<\/div>\n\t\t\t\t\t<\/div>\n\t\t<\/div>\n\t\t\t\t\t<\/div>\n\t\t<\/section>\n\t\t\t\t<section class=\"elementor-section elementor-top-section elementor-element elementor-element-db45e53 elementor-section-boxed elementor-section-height-default elementor-section-height-default\" data-id=\"db45e53\" data-element_type=\"section\" data-e-type=\"section\">\n\t\t\t\t\t\t<div class=\"elementor-container elementor-column-gap-default\">\n\t\t\t\t\t<div class=\"elementor-column elementor-col-100 elementor-top-column elementor-element elementor-element-1411247\" data-id=\"1411247\" data-element_type=\"column\" data-e-type=\"column\">\n\t\t\t<div class=\"elementor-widget-wrap elementor-element-populated\">\n\t\t\t\t\t\t<div class=\"elementor-element elementor-element-bc9c62e elementor-widget elementor-widget-text-editor\" data-id=\"bc9c62e\" data-element_type=\"widget\" data-e-type=\"widget\" data-widget_type=\"text-editor.default\">\n\t\t\t\t<div class=\"elementor-widget-container\">\n\t\t\t\t\t\t\t\t\t<p><strong>Rencontre anim\u00e9e par Ghislaine Roman, CRILJ Midi-Pyr\u00e9n\u00e9es<\/strong><\/p>\t\t\t\t\t\t\t\t<\/div>\n\t\t\t\t<\/div>\n\t\t\t\t\t<\/div>\n\t\t<\/div>\n\t\t\t\t\t<\/div>\n\t\t<\/section>\n\t\t\t\t<section class=\"elementor-section elementor-top-section elementor-element elementor-element-be2fd94 elementor-section-boxed elementor-section-height-default elementor-section-height-default\" data-id=\"be2fd94\" data-element_type=\"section\" data-e-type=\"section\">\n\t\t\t\t\t\t<div class=\"elementor-container elementor-column-gap-default\">\n\t\t\t\t\t<div class=\"elementor-column elementor-col-100 elementor-top-column elementor-element elementor-element-3d56cad\" data-id=\"3d56cad\" data-element_type=\"column\" data-e-type=\"column\">\n\t\t\t<div class=\"elementor-widget-wrap elementor-element-populated\">\n\t\t\t\t\t\t<div class=\"elementor-element elementor-element-0c5af17 elementor-widget elementor-widget-video\" data-id=\"0c5af17\" data-element_type=\"widget\" data-e-type=\"widget\" data-settings=\"{&quot;video_type&quot;:&quot;hosted&quot;,&quot;controls&quot;:&quot;yes&quot;}\" data-widget_type=\"video.default\">\n\t\t\t\t<div class=\"elementor-widget-container\">\n\t\t\t\t\t\t\t<div class=\"e-hosted-video elementor-wrapper elementor-open-inline\">\n\t\t\t\t\t<video class=\"elementor-video\" src=\"http:\/\/festival-livre-jeunesse.fr\/2021\/wp-content\/uploads\/2021\/02\/FLJ-300121-Un-reve-deternite-1.mp3\" controls=\"\" preload=\"metadata\" controlsList=\"nodownload\" poster=\"http:\/\/festival-livre-jeunesse.fr\/2021\/wp-content\/uploads\/2021\/02\/un-reve-deternite-1.png\"><\/video>\n\t\t\t\t<\/div>\n\t\t\t\t\t\t<\/div>\n\t\t\t\t<\/div>\n\t\t\t\t\t<\/div>\n\t\t<\/div>\n\t\t\t\t\t<\/div>\n\t\t<\/section>\n\t\t\t\t<section class=\"elementor-section elementor-top-section elementor-element elementor-element-12f05dc elementor-section-boxed elementor-section-height-default elementor-section-height-default\" data-id=\"12f05dc\" data-element_type=\"section\" data-e-type=\"section\">\n\t\t\t\t\t\t<div class=\"elementor-container elementor-column-gap-default\">\n\t\t\t\t\t<div class=\"elementor-column elementor-col-50 elementor-top-column elementor-element elementor-element-a7169c5\" data-id=\"a7169c5\" data-element_type=\"column\" data-e-type=\"column\">\n\t\t\t<div class=\"elementor-widget-wrap elementor-element-populated\">\n\t\t\t\t\t\t<section class=\"elementor-section elementor-inner-section elementor-element elementor-element-e4c33ae elementor-section-boxed elementor-section-height-default elementor-section-height-default\" data-id=\"e4c33ae\" data-element_type=\"section\" data-e-type=\"section\">\n\t\t\t\t\t\t<div class=\"elementor-container elementor-column-gap-default\">\n\t\t\t\t\t<div class=\"elementor-column elementor-col-50 elementor-inner-column elementor-element elementor-element-0957ca6\" data-id=\"0957ca6\" data-element_type=\"column\" data-e-type=\"column\">\n\t\t\t<div class=\"elementor-widget-wrap elementor-element-populated\">\n\t\t\t\t\t\t<div class=\"elementor-element elementor-element-b71a7ec elementor-widget elementor-widget-image\" data-id=\"b71a7ec\" data-element_type=\"widget\" data-e-type=\"widget\" data-widget_type=\"image.default\">\n\t\t\t\t<div class=\"elementor-widget-container\">\n\t\t\t\t\t\t\t\t\t\t\t\t\t\t\t<img decoding=\"async\" width=\"342\" height=\"499\" src=\"https:\/\/festival-livre-jeunesse.fr\/2021\/wp-content\/uploads\/2020\/09\/Ce-qui-fait-battre-nos-coeurs-1.jpg\" class=\"attachment-large size-large wp-image-1747\" alt=\"\" \/>\t\t\t\t\t\t\t\t\t\t\t\t\t\t\t<\/div>\n\t\t\t\t<\/div>\n\t\t\t\t\t<\/div>\n\t\t<\/div>\n\t\t\t\t<div class=\"elementor-column elementor-col-50 elementor-inner-column elementor-element elementor-element-dc37fc1\" data-id=\"dc37fc1\" data-element_type=\"column\" data-e-type=\"column\">\n\t\t\t<div class=\"elementor-widget-wrap elementor-element-populated\">\n\t\t\t\t\t\t<div class=\"elementor-element elementor-element-16730f3 elementor-widget elementor-widget-heading\" data-id=\"16730f3\" data-element_type=\"widget\" data-e-type=\"widget\" data-widget_type=\"heading.default\">\n\t\t\t\t<div class=\"elementor-widget-container\">\n\t\t\t\t\t<h3 class=\"elementor-heading-title elementor-size-default\">\"Ce qui fait battre nos c\u0153urs\" <br>\nDe Florence Hinckel,\nEditions Syros<\/h3>\t\t\t\t<\/div>\n\t\t\t\t<\/div>\n\t\t\t\t<div class=\"elementor-element elementor-element-963dc41 elementor-widget elementor-widget-text-editor\" data-id=\"963dc41\" data-element_type=\"widget\" data-e-type=\"widget\" data-widget_type=\"text-editor.default\">\n\t\t\t\t<div class=\"elementor-widget-container\">\n\t\t\t\t\t\t\t\t\t<div class=\"field\"><div><div class=\"js-full-text\"><p>Quatre ados en cavale, en qu\u00eate de leur part d&rsquo;humanit\u00e9.<\/p><p>\u00c0 la moindre \u00e9motion, la petite s\u0153ur d&rsquo;Esteban est en danger : elle vit avec un c\u0153ur artificiel bas de gamme. En 2030, le march\u00e9 propose pourtant des organes performants et s\u00fbrs, fabriqu\u00e9s par la soci\u00e9t\u00e9 Organic&#8230; encore faut-il pouvoir se les payer.\u00a0<br \/>D\u00e9sesp\u00e9r\u00e9, Esteban kidnappe Leila, une jeune fille c\u00e9l\u00e8bre car \u00ab\u00a0artificielle\u00a0\u00bb\u00a0\u00e0 96 %, ainsi que Noah, le riche h\u00e9ritier d&rsquo;Organic. Le deal ? Il rel\u00e2chera les otages s&rsquo;il obtient un nouveau c\u0153ur pour sa s\u0153ur.\u00a0<br \/>Commence une nuit de cavale sur les routes de France, retransmise en direct sur les r\u00e9seaux sociaux.<\/p><div class=\"js-less-link\">\u00a0<\/div><\/div><\/div><\/div><div id=\"block-books-of-the-same-author\">\u00a0<\/div>\t\t\t\t\t\t\t\t<\/div>\n\t\t\t\t<\/div>\n\t\t\t\t\t<\/div>\n\t\t<\/div>\n\t\t\t\t\t<\/div>\n\t\t<\/section>\n\t\t\t\t\t<\/div>\n\t\t<\/div>\n\t\t\t\t<div class=\"elementor-column elementor-col-50 elementor-top-column elementor-element elementor-element-363dd70\" data-id=\"363dd70\" data-element_type=\"column\" data-e-type=\"column\">\n\t\t\t<div class=\"elementor-widget-wrap elementor-element-populated\">\n\t\t\t\t\t\t<section class=\"elementor-section elementor-inner-section elementor-element elementor-element-6ab4a4e elementor-section-boxed elementor-section-height-default elementor-section-height-default\" data-id=\"6ab4a4e\" data-element_type=\"section\" data-e-type=\"section\">\n\t\t\t\t\t\t<div class=\"elementor-container elementor-column-gap-default\">\n\t\t\t\t\t<div class=\"elementor-column elementor-col-50 elementor-inner-column elementor-element elementor-element-e7c61b5\" data-id=\"e7c61b5\" data-element_type=\"column\" data-e-type=\"column\">\n\t\t\t<div class=\"elementor-widget-wrap elementor-element-populated\">\n\t\t\t\t\t\t<div class=\"elementor-element elementor-element-2bc7599 elementor-widget elementor-widget-image\" data-id=\"2bc7599\" data-element_type=\"widget\" data-e-type=\"widget\" data-widget_type=\"image.default\">\n\t\t\t\t<div class=\"elementor-widget-container\">\n\t\t\t\t\t\t\t\t\t\t\t\t\t\t\t<img decoding=\"async\" width=\"645\" height=\"800\" src=\"https:\/\/festival-livre-jeunesse.fr\/2021\/wp-content\/uploads\/2020\/09\/139110_couverture_Hres_0-645x800.jpg\" class=\"attachment-large size-large wp-image-1876\" alt=\"\" srcset=\"https:\/\/festival-livre-jeunesse.fr\/2021\/wp-content\/uploads\/2020\/09\/139110_couverture_Hres_0-645x800.jpg 645w, https:\/\/festival-livre-jeunesse.fr\/2021\/wp-content\/uploads\/2020\/09\/139110_couverture_Hres_0-826x1024.jpg 826w, https:\/\/festival-livre-jeunesse.fr\/2021\/wp-content\/uploads\/2020\/09\/139110_couverture_Hres_0-768x952.jpg 768w, https:\/\/festival-livre-jeunesse.fr\/2021\/wp-content\/uploads\/2020\/09\/139110_couverture_Hres_0-1239x1536.jpg 1239w, https:\/\/festival-livre-jeunesse.fr\/2021\/wp-content\/uploads\/2020\/09\/139110_couverture_Hres_0.jpg 1613w\" sizes=\"(max-width: 645px) 100vw, 645px\" \/>\t\t\t\t\t\t\t\t\t\t\t\t\t\t\t<\/div>\n\t\t\t\t<\/div>\n\t\t\t\t\t<\/div>\n\t\t<\/div>\n\t\t\t\t<div class=\"elementor-column elementor-col-50 elementor-inner-column elementor-element elementor-element-e96d7d7\" data-id=\"e96d7d7\" data-element_type=\"column\" data-e-type=\"column\">\n\t\t\t<div class=\"elementor-widget-wrap elementor-element-populated\">\n\t\t\t\t\t\t<div class=\"elementor-element elementor-element-a1ea462 elementor-widget elementor-widget-heading\" data-id=\"a1ea462\" data-element_type=\"widget\" data-e-type=\"widget\" data-widget_type=\"heading.default\">\n\t\t\t\t<div class=\"elementor-widget-container\">\n\t\t\t\t\t<h3 class=\"elementor-heading-title elementor-size-default\">\"Eternit\u00e9, demain tous immortels?\" <br>\nDe Philippe Nessmann,\nEditions La Martini\u00e8re jeunesse<\/h3>\t\t\t\t<\/div>\n\t\t\t\t<\/div>\n\t\t\t\t<div class=\"elementor-element elementor-element-5426de3 elementor-widget elementor-widget-text-editor\" data-id=\"5426de3\" data-element_type=\"widget\" data-e-type=\"widget\" data-widget_type=\"text-editor.default\">\n\t\t\t\t<div class=\"elementor-widget-container\">\n\t\t\t\t\t\t\t\t\t<div class=\"field\"><div><div class=\"js-full-text\"><p>Depuis l\u2019Antiquit\u00e9, l\u2019homme tente par tous les moyens de ne pas mourir, et ce r\u00eave d\u2019\u00e9ternit\u00e9 pose mille questions, entre sciences, histoire et philosophie.<br \/>Qu\u2019est-ce que le temps ?<br \/>Peut-on faire revivre des esp\u00e8ces disparues ?<br \/>Y a-t-il quelque chose apr\u00e8s la mort ?<br \/>Comment les animaux donnent-ils des pistes aux chercheurs pour am\u00e9liorer l\u2019esp\u00e9rance de vie humaine ?<br \/>Est-ce raisonnable de vivre au-del\u00e0 de 100 ans ?<br \/>De la momie \u00e9gyptienne \u00e0 l\u2019homme bionique, un fabuleux ouvrage aux illustrations uniques pour s\u2019approcher un peu plus de l\u2019immortalit\u00e9 !<\/p><\/div><\/div><\/div>\t\t\t\t\t\t\t\t<\/div>\n\t\t\t\t<\/div>\n\t\t\t\t\t<\/div>\n\t\t<\/div>\n\t\t\t\t\t<\/div>\n\t\t<\/section>\n\t\t\t\t\t<\/div>\n\t\t<\/div>\n\t\t\t\t\t<\/div>\n\t\t<\/section>\n\t\t\t\t<\/div>\n\t\t","protected":false},"excerpt":{"rendered":"<p>\u00ab\u00a0Un r\u00eave d&rsquo;\u00e9ternit\u00e9, quand la litt\u00e9rature jeunesse interroge notre rapport au temps\u00a0\u00bb RENCONTRE AVEC FLORENCE HINCKEL ET PHILIPPE NESSMANN Rencontre anim\u00e9e par Ghislaine Roman, CRILJ Midi-Pyr\u00e9n\u00e9es http:\/\/festival-livre-jeunesse.fr\/2021\/wp-content\/uploads\/2021\/02\/FLJ-300121-Un-reve-deternite-1.mp3 \u00ab\u00a0Ce qui fait battre nos c\u0153urs\u00a0\u00bb De Florence Hinckel, Editions Syros Quatre ados en cavale, en qu\u00eate de leur part d&rsquo;humanit\u00e9. \u00c0 la moindre \u00e9motion, la petite s\u0153ur &hellip;<\/p>\n<p class=\"read-more\"> <a class=\"\" href=\"https:\/\/festival-livre-jeunesse.fr\/2021\/un-reve-deternite-florence-hinckel-et-philippe-nessmann\/\"> <span class=\"screen-reader-text\">Un r\u00eave d&rsquo;\u00e9ternit\u00e9 : FlorEnce HinckEL ET pHILIPPE nESSMANN<\/span> Lire la suite\u00a0\u00bb<\/a><\/p>\n","protected":false},"author":2,"featured_media":0,"parent":0,"menu_order":0,"comment_status":"closed","ping_status":"closed","template":"","meta":{"_uag_custom_page_level_css":"","footnotes":""},"class_list":["post-9363","page","type-page","status-publish","hentry"],"yoast_head":"<!-- This site is optimized with the Yoast SEO plugin v25.3.1 - https:\/\/yoast.com\/wordpress\/plugins\/seo\/ -->\n<title>Un r\u00eave d&#039;\u00e9ternit\u00e9 : FlorEnce HinckEL ET pHILIPPE nESSMANN - Festival du Livre de Jeunesse Occitanie<\/title>\n<meta name=\"robots\" content=\"index, follow, max-snippet:-1, max-image-preview:large, max-video-preview:-1\" \/>\n<link rel=\"canonical\" href=\"https:\/\/festival-livre-jeunesse.fr\/2021\/un-reve-deternite-florence-hinckel-et-philippe-nessmann\/\" \/>\n<meta property=\"og:locale\" content=\"fr_FR\" \/>\n<meta property=\"og:type\" content=\"article\" \/>\n<meta property=\"og:title\" content=\"Un r\u00eave d&#039;\u00e9ternit\u00e9 : FlorEnce HinckEL ET pHILIPPE nESSMANN - Festival du Livre de Jeunesse Occitanie\" \/>\n<meta property=\"og:description\" content=\"\u00ab\u00a0Un r\u00eave d&rsquo;\u00e9ternit\u00e9, quand la litt\u00e9rature jeunesse interroge notre rapport au temps\u00a0\u00bb RENCONTRE AVEC FLORENCE HINCKEL ET PHILIPPE NESSMANN Rencontre anim\u00e9e par Ghislaine Roman, CRILJ Midi-Pyr\u00e9n\u00e9es http:\/\/festival-livre-jeunesse.fr\/2021\/wp-content\/uploads\/2021\/02\/FLJ-300121-Un-reve-deternite-1.mp3 \u00ab\u00a0Ce qui fait battre nos c\u0153urs\u00a0\u00bb De Florence Hinckel, Editions Syros Quatre ados en cavale, en qu\u00eate de leur part d&rsquo;humanit\u00e9. \u00c0 la moindre \u00e9motion, la petite s\u0153ur &hellip; Un r\u00eave d&rsquo;\u00e9ternit\u00e9 : FlorEnce HinckEL ET pHILIPPE nESSMANN Lire la suite\u00a0\u00bb\" \/>\n<meta property=\"og:url\" content=\"https:\/\/festival-livre-jeunesse.fr\/2021\/un-reve-deternite-florence-hinckel-et-philippe-nessmann\/\" \/>\n<meta property=\"og:site_name\" content=\"Festival du Livre de Jeunesse Occitanie\" \/>\n<meta property=\"article:modified_time\" content=\"2021-02-08T10:40:55+00:00\" \/>\n<meta property=\"og:image\" content=\"http:\/\/festival-livre-jeunesse.fr\/2021\/wp-content\/uploads\/2021\/02\/un-reve-deternite-1.png\" \/>\n<meta name=\"twitter:card\" content=\"summary_large_image\" \/>\n<meta name=\"twitter:label1\" content=\"Dur\u00e9e de lecture estim\u00e9e\" \/>\n\t<meta name=\"twitter:data1\" content=\"1 minute\" \/>\n<script type=\"application\/ld+json\" class=\"yoast-schema-graph\">{\"@context\":\"https:\/\/schema.org\",\"@graph\":[{\"@type\":\"WebPage\",\"@id\":\"https:\/\/festival-livre-jeunesse.fr\/2021\/un-reve-deternite-florence-hinckel-et-philippe-nessmann\/\",\"url\":\"https:\/\/festival-livre-jeunesse.fr\/2021\/un-reve-deternite-florence-hinckel-et-philippe-nessmann\/\",\"name\":\"Un r\u00eave d'\u00e9ternit\u00e9 : FlorEnce HinckEL ET pHILIPPE nESSMANN - Festival du Livre de Jeunesse Occitanie\",\"isPartOf\":{\"@id\":\"https:\/\/festival-livre-jeunesse.fr\/2021\/#website\"},\"primaryImageOfPage\":{\"@id\":\"https:\/\/festival-livre-jeunesse.fr\/2021\/un-reve-deternite-florence-hinckel-et-philippe-nessmann\/#primaryimage\"},\"image\":{\"@id\":\"https:\/\/festival-livre-jeunesse.fr\/2021\/un-reve-deternite-florence-hinckel-et-philippe-nessmann\/#primaryimage\"},\"thumbnailUrl\":\"http:\/\/festival-livre-jeunesse.fr\/2021\/wp-content\/uploads\/2021\/02\/un-reve-deternite-1.png\",\"datePublished\":\"2021-02-08T10:05:58+00:00\",\"dateModified\":\"2021-02-08T10:40:55+00:00\",\"breadcrumb\":{\"@id\":\"https:\/\/festival-livre-jeunesse.fr\/2021\/un-reve-deternite-florence-hinckel-et-philippe-nessmann\/#breadcrumb\"},\"inLanguage\":\"fr-FR\",\"potentialAction\":[{\"@type\":\"ReadAction\",\"target\":[\"https:\/\/festival-livre-jeunesse.fr\/2021\/un-reve-deternite-florence-hinckel-et-philippe-nessmann\/\"]}]},{\"@type\":\"ImageObject\",\"inLanguage\":\"fr-FR\",\"@id\":\"https:\/\/festival-livre-jeunesse.fr\/2021\/un-reve-deternite-florence-hinckel-et-philippe-nessmann\/#primaryimage\",\"url\":\"http:\/\/festival-livre-jeunesse.fr\/2021\/wp-content\/uploads\/2021\/02\/un-reve-deternite-1.png\",\"contentUrl\":\"http:\/\/festival-livre-jeunesse.fr\/2021\/wp-content\/uploads\/2021\/02\/un-reve-deternite-1.png\"},{\"@type\":\"BreadcrumbList\",\"@id\":\"https:\/\/festival-livre-jeunesse.fr\/2021\/un-reve-deternite-florence-hinckel-et-philippe-nessmann\/#breadcrumb\",\"itemListElement\":[{\"@type\":\"ListItem\",\"position\":1,\"name\":\"Accueil\",\"item\":\"https:\/\/festival-livre-jeunesse.fr\/2021\/\"},{\"@type\":\"ListItem\",\"position\":2,\"name\":\"Un r\u00eave d&#8217;\u00e9ternit\u00e9 : FlorEnce HinckEL ET pHILIPPE nESSMANN\"}]},{\"@type\":\"WebSite\",\"@id\":\"https:\/\/festival-livre-jeunesse.fr\/2021\/#website\",\"url\":\"https:\/\/festival-livre-jeunesse.fr\/2021\/\",\"name\":\"Festival du Livre de Jeunesse Occitanie\",\"description\":\"19\u00e8me \u00e9dition\",\"potentialAction\":[{\"@type\":\"SearchAction\",\"target\":{\"@type\":\"EntryPoint\",\"urlTemplate\":\"https:\/\/festival-livre-jeunesse.fr\/2021\/?s={search_term_string}\"},\"query-input\":{\"@type\":\"PropertyValueSpecification\",\"valueRequired\":true,\"valueName\":\"search_term_string\"}}],\"inLanguage\":\"fr-FR\"}]}<\/script>\n<!-- \/ Yoast SEO plugin. -->","yoast_head_json":{"title":"Un r\u00eave d'\u00e9ternit\u00e9 : FlorEnce HinckEL ET pHILIPPE nESSMANN - Festival du Livre de Jeunesse Occitanie","robots":{"index":"index","follow":"follow","max-snippet":"max-snippet:-1","max-image-preview":"max-image-preview:large","max-video-preview":"max-video-preview:-1"},"canonical":"https:\/\/festival-livre-jeunesse.fr\/2021\/un-reve-deternite-florence-hinckel-et-philippe-nessmann\/","og_locale":"fr_FR","og_type":"article","og_title":"Un r\u00eave d'\u00e9ternit\u00e9 : FlorEnce HinckEL ET pHILIPPE nESSMANN - Festival du Livre de Jeunesse Occitanie","og_description":"\u00ab\u00a0Un r\u00eave d&rsquo;\u00e9ternit\u00e9, quand la litt\u00e9rature jeunesse interroge notre rapport au temps\u00a0\u00bb RENCONTRE AVEC FLORENCE HINCKEL ET PHILIPPE NESSMANN Rencontre anim\u00e9e par Ghislaine Roman, CRILJ Midi-Pyr\u00e9n\u00e9es http:\/\/festival-livre-jeunesse.fr\/2021\/wp-content\/uploads\/2021\/02\/FLJ-300121-Un-reve-deternite-1.mp3 \u00ab\u00a0Ce qui fait battre nos c\u0153urs\u00a0\u00bb De Florence Hinckel, Editions Syros Quatre ados en cavale, en qu\u00eate de leur part d&rsquo;humanit\u00e9. \u00c0 la moindre \u00e9motion, la petite s\u0153ur &hellip; Un r\u00eave d&rsquo;\u00e9ternit\u00e9 : FlorEnce HinckEL ET pHILIPPE nESSMANN Lire la suite\u00a0\u00bb","og_url":"https:\/\/festival-livre-jeunesse.fr\/2021\/un-reve-deternite-florence-hinckel-et-philippe-nessmann\/","og_site_name":"Festival du Livre de Jeunesse Occitanie","article_modified_time":"2021-02-08T10:40:55+00:00","og_image":[{"url":"http:\/\/festival-livre-jeunesse.fr\/2021\/wp-content\/uploads\/2021\/02\/un-reve-deternite-1.png","type":"","width":"","height":""}],"twitter_card":"summary_large_image","twitter_misc":{"Dur\u00e9e de lecture estim\u00e9e":"1 minute"},"schema":{"@context":"https:\/\/schema.org","@graph":[{"@type":"WebPage","@id":"https:\/\/festival-livre-jeunesse.fr\/2021\/un-reve-deternite-florence-hinckel-et-philippe-nessmann\/","url":"https:\/\/festival-livre-jeunesse.fr\/2021\/un-reve-deternite-florence-hinckel-et-philippe-nessmann\/","name":"Un r\u00eave d'\u00e9ternit\u00e9 : FlorEnce HinckEL ET pHILIPPE nESSMANN - Festival du Livre de Jeunesse Occitanie","isPartOf":{"@id":"https:\/\/festival-livre-jeunesse.fr\/2021\/#website"},"primaryImageOfPage":{"@id":"https:\/\/festival-livre-jeunesse.fr\/2021\/un-reve-deternite-florence-hinckel-et-philippe-nessmann\/#primaryimage"},"image":{"@id":"https:\/\/festival-livre-jeunesse.fr\/2021\/un-reve-deternite-florence-hinckel-et-philippe-nessmann\/#primaryimage"},"thumbnailUrl":"http:\/\/festival-livre-jeunesse.fr\/2021\/wp-content\/uploads\/2021\/02\/un-reve-deternite-1.png","datePublished":"2021-02-08T10:05:58+00:00","dateModified":"2021-02-08T10:40:55+00:00","breadcrumb":{"@id":"https:\/\/festival-livre-jeunesse.fr\/2021\/un-reve-deternite-florence-hinckel-et-philippe-nessmann\/#breadcrumb"},"inLanguage":"fr-FR","potentialAction":[{"@type":"ReadAction","target":["https:\/\/festival-livre-jeunesse.fr\/2021\/un-reve-deternite-florence-hinckel-et-philippe-nessmann\/"]}]},{"@type":"ImageObject","inLanguage":"fr-FR","@id":"https:\/\/festival-livre-jeunesse.fr\/2021\/un-reve-deternite-florence-hinckel-et-philippe-nessmann\/#primaryimage","url":"http:\/\/festival-livre-jeunesse.fr\/2021\/wp-content\/uploads\/2021\/02\/un-reve-deternite-1.png","contentUrl":"http:\/\/festival-livre-jeunesse.fr\/2021\/wp-content\/uploads\/2021\/02\/un-reve-deternite-1.png"},{"@type":"BreadcrumbList","@id":"https:\/\/festival-livre-jeunesse.fr\/2021\/un-reve-deternite-florence-hinckel-et-philippe-nessmann\/#breadcrumb","itemListElement":[{"@type":"ListItem","position":1,"name":"Accueil","item":"https:\/\/festival-livre-jeunesse.fr\/2021\/"},{"@type":"ListItem","position":2,"name":"Un r\u00eave d&#8217;\u00e9ternit\u00e9 : FlorEnce HinckEL ET pHILIPPE nESSMANN"}]},{"@type":"WebSite","@id":"https:\/\/festival-livre-jeunesse.fr\/2021\/#website","url":"https:\/\/festival-livre-jeunesse.fr\/2021\/","name":"Festival du Livre de Jeunesse Occitanie","description":"19\u00e8me \u00e9dition","potentialAction":[{"@type":"SearchAction","target":{"@type":"EntryPoint","urlTemplate":"https:\/\/festival-livre-jeunesse.fr\/2021\/?s={search_term_string}"},"query-input":{"@type":"PropertyValueSpecification","valueRequired":true,"valueName":"search_term_string"}}],"inLanguage":"fr-FR"}]}},"uagb_featured_image_src":{"full":false,"thumbnail":false,"medium":false,"medium_large":false,"large":false,"1536x1536":false,"2048x2048":false},"uagb_author_info":{"display_name":"Katell Abgrall","author_link":"https:\/\/festival-livre-jeunesse.fr\/2021\/author\/coordinatrice\/"},"uagb_comment_info":0,"uagb_excerpt":"\u00ab\u00a0Un r\u00eave d&rsquo;\u00e9ternit\u00e9, quand la litt\u00e9rature jeunesse interroge notre rapport au temps\u00a0\u00bb RENCONTRE AVEC FLORENCE HINCKEL ET PHILIPPE NESSMANN Rencontre anim\u00e9e par Ghislaine Roman, CRILJ Midi-Pyr\u00e9n\u00e9es http:\/\/festival-livre-jeunesse.fr\/2021\/wp-content\/uploads\/2021\/02\/FLJ-300121-Un-reve-deternite-1.mp3 \u00ab\u00a0Ce qui fait battre nos c\u0153urs\u00a0\u00bb De Florence Hinckel, Editions Syros Quatre ados en cavale, en qu\u00eate de leur part d&rsquo;humanit\u00e9. \u00c0 la moindre \u00e9motion, la petite s\u0153ur\u2026","_links":{"self":[{"href":"https:\/\/festival-livre-jeunesse.fr\/2021\/wp-json\/wp\/v2\/pages\/9363","targetHints":{"allow":["GET"]}}],"collection":[{"href":"https:\/\/festival-livre-jeunesse.fr\/2021\/wp-json\/wp\/v2\/pages"}],"about":[{"href":"https:\/\/festival-livre-jeunesse.fr\/2021\/wp-json\/wp\/v2\/types\/page"}],"author":[{"embeddable":true,"href":"https:\/\/festival-livre-jeunesse.fr\/2021\/wp-json\/wp\/v2\/users\/2"}],"replies":[{"embeddable":true,"href":"https:\/\/festival-livre-jeunesse.fr\/2021\/wp-json\/wp\/v2\/comments?post=9363"}],"version-history":[{"count":23,"href":"https:\/\/festival-livre-jeunesse.fr\/2021\/wp-json\/wp\/v2\/pages\/9363\/revisions"}],"predecessor-version":[{"id":9390,"href":"https:\/\/festival-livre-jeunesse.fr\/2021\/wp-json\/wp\/v2\/pages\/9363\/revisions\/9390"}],"wp:attachment":[{"href":"https:\/\/festival-livre-jeunesse.fr\/2021\/wp-json\/wp\/v2\/media?parent=9363"}],"curies":[{"name":"wp","href":"https:\/\/api.w.org\/{rel}","templated":true}]}}