{"id":9716,"date":"2021-02-17T12:05:30","date_gmt":"2021-02-17T11:05:30","guid":{"rendered":"https:\/\/festival-livre-jeunesse.fr\/2021\/?page_id=9716"},"modified":"2021-02-17T12:12:55","modified_gmt":"2021-02-17T11:12:55","slug":"exposition-laurent-moreau","status":"publish","type":"page","link":"https:\/\/festival-livre-jeunesse.fr\/2021\/exposition-laurent-moreau\/","title":{"rendered":"Exposition Laurent Moreau"},"content":{"rendered":"\t\t<div data-elementor-type=\"wp-page\" data-elementor-id=\"9716\" class=\"elementor elementor-9716\">\n\t\t\t\t\t\t<section class=\"elementor-section elementor-top-section elementor-element elementor-element-d3a12ed elementor-section-boxed elementor-section-height-default elementor-section-height-default\" data-id=\"d3a12ed\" data-element_type=\"section\" data-e-type=\"section\">\n\t\t\t\t\t\t<div class=\"elementor-container elementor-column-gap-default\">\n\t\t\t\t\t<div class=\"elementor-column elementor-col-100 elementor-top-column elementor-element elementor-element-786cecc8\" data-id=\"786cecc8\" data-element_type=\"column\" data-e-type=\"column\">\n\t\t\t<div class=\"elementor-widget-wrap\">\n\t\t\t\t\t\t\t<\/div>\n\t\t<\/div>\n\t\t\t\t\t<\/div>\n\t\t<\/section>\n\t\t\t\t<section class=\"elementor-section elementor-top-section elementor-element elementor-element-fa35b9f elementor-section-boxed elementor-section-height-default elementor-section-height-default\" data-id=\"fa35b9f\" data-element_type=\"section\" data-e-type=\"section\">\n\t\t\t\t\t\t<div class=\"elementor-container elementor-column-gap-default\">\n\t\t\t\t\t<div class=\"elementor-column elementor-col-100 elementor-top-column elementor-element elementor-element-c4129ea\" data-id=\"c4129ea\" data-element_type=\"column\" data-e-type=\"column\">\n\t\t\t<div class=\"elementor-widget-wrap elementor-element-populated\">\n\t\t\t\t\t\t<div class=\"elementor-element elementor-element-fd604b8 elementor-widget elementor-widget-spacer\" data-id=\"fd604b8\" data-element_type=\"widget\" data-e-type=\"widget\" data-widget_type=\"spacer.default\">\n\t\t\t\t<div class=\"elementor-widget-container\">\n\t\t\t\t\t\t\t<div class=\"elementor-spacer\">\n\t\t\t<div class=\"elementor-spacer-inner\"><\/div>\n\t\t<\/div>\n\t\t\t\t\t\t<\/div>\n\t\t\t\t<\/div>\n\t\t\t\t\t<\/div>\n\t\t<\/div>\n\t\t\t\t\t<\/div>\n\t\t<\/section>\n\t\t\t\t<section class=\"elementor-section elementor-top-section elementor-element elementor-element-8f7b3bb elementor-section-boxed elementor-section-height-default elementor-section-height-default\" data-id=\"8f7b3bb\" data-element_type=\"section\" data-e-type=\"section\">\n\t\t\t\t\t\t<div class=\"elementor-container elementor-column-gap-default\">\n\t\t\t\t\t<div class=\"elementor-column elementor-col-100 elementor-top-column elementor-element elementor-element-58e690b\" data-id=\"58e690b\" data-element_type=\"column\" data-e-type=\"column\">\n\t\t\t<div class=\"elementor-widget-wrap elementor-element-populated\">\n\t\t\t\t\t\t<div class=\"elementor-element elementor-element-13f683e3 elementor-widget elementor-widget-image\" data-id=\"13f683e3\" data-element_type=\"widget\" data-e-type=\"widget\" data-widget_type=\"image.default\">\n\t\t\t\t<div class=\"elementor-widget-container\">\n\t\t\t\t\t\t\t\t\t\t\t\t\t\t\t<img fetchpriority=\"high\" decoding=\"async\" width=\"512\" height=\"169\" src=\"https:\/\/festival-livre-jeunesse.fr\/2021\/wp-content\/uploads\/2021\/02\/Video-laurent-moreau.png\" class=\"attachment-full size-full wp-image-9718\" alt=\"\" \/>\t\t\t\t\t\t\t\t\t\t\t\t\t\t\t<\/div>\n\t\t\t\t<\/div>\n\t\t\t\t\t<\/div>\n\t\t<\/div>\n\t\t\t\t\t<\/div>\n\t\t<\/section>\n\t\t\t\t<section class=\"elementor-section elementor-top-section elementor-element elementor-element-50b1e6d0 elementor-section-boxed elementor-section-height-default elementor-section-height-default\" data-id=\"50b1e6d0\" data-element_type=\"section\" data-e-type=\"section\">\n\t\t\t\t\t\t<div class=\"elementor-container elementor-column-gap-default\">\n\t\t\t\t\t<div class=\"elementor-column elementor-col-100 elementor-top-column elementor-element elementor-element-2595c7ec\" data-id=\"2595c7ec\" data-element_type=\"column\" data-e-type=\"column\">\n\t\t\t<div class=\"elementor-widget-wrap elementor-element-populated\">\n\t\t\t\t\t\t<div class=\"elementor-element elementor-element-6d78390f elementor-widget elementor-widget-heading\" data-id=\"6d78390f\" data-element_type=\"widget\" data-e-type=\"widget\" data-widget_type=\"heading.default\">\n\t\t\t\t<div class=\"elementor-widget-container\">\n\t\t\t\t\t<h3 class=\"elementor-heading-title elementor-size-large\">Exposition \"Dans l'atelier de Laurent Moreau\"<\/h3>\t\t\t\t<\/div>\n\t\t\t\t<\/div>\n\t\t\t\t<div class=\"elementor-element elementor-element-316e1621 elementor-widget elementor-widget-heading\" data-id=\"316e1621\" data-element_type=\"widget\" data-e-type=\"widget\" data-widget_type=\"heading.default\">\n\t\t\t\t<div class=\"elementor-widget-container\">\n\t\t\t\t\t<h3 class=\"elementor-heading-title elementor-size-default\"><h3 data-elementor-setting-key=\"title\" data-pen-placeholder=\"\u00c9crivez ici...\" style=\"font-style: normal\">Rencontre film\u00e9e avec Laurent Moreau \u00e0 l'Espace Bonnefoy de Toulouse<\/h3><\/h3>\t\t\t\t<\/div>\n\t\t\t\t<\/div>\n\t\t\t\t\t<\/div>\n\t\t<\/div>\n\t\t\t\t\t<\/div>\n\t\t<\/section>\n\t\t\t\t<section class=\"elementor-section elementor-top-section elementor-element elementor-element-2315243 elementor-section-boxed elementor-section-height-default elementor-section-height-default\" data-id=\"2315243\" data-element_type=\"section\" data-e-type=\"section\">\n\t\t\t\t\t\t<div class=\"elementor-container elementor-column-gap-default\">\n\t\t\t\t\t<div class=\"elementor-column elementor-col-100 elementor-top-column elementor-element elementor-element-a331259\" data-id=\"a331259\" data-element_type=\"column\" data-e-type=\"column\">\n\t\t\t<div class=\"elementor-widget-wrap elementor-element-populated\">\n\t\t\t\t\t\t<div class=\"elementor-element elementor-element-5f5d8a1 elementor-widget elementor-widget-video\" data-id=\"5f5d8a1\" data-element_type=\"widget\" data-e-type=\"widget\" data-settings=\"{&quot;youtube_url&quot;:&quot;https:\\\/\\\/www.youtube.com\\\/watch?v=4m4qyFDBq_w&quot;,&quot;video_type&quot;:&quot;youtube&quot;,&quot;controls&quot;:&quot;yes&quot;}\" data-widget_type=\"video.default\">\n\t\t\t\t<div class=\"elementor-widget-container\">\n\t\t\t\t\t\t\t<div class=\"elementor-wrapper elementor-open-inline\">\n\t\t\t<div class=\"elementor-video\"><\/div>\t\t<\/div>\n\t\t\t\t\t\t<\/div>\n\t\t\t\t<\/div>\n\t\t\t\t\t<\/div>\n\t\t<\/div>\n\t\t\t\t\t<\/div>\n\t\t<\/section>\n\t\t\t\t<section class=\"elementor-section elementor-top-section elementor-element elementor-element-947194b elementor-section-boxed elementor-section-height-default elementor-section-height-default\" data-id=\"947194b\" data-element_type=\"section\" data-e-type=\"section\">\n\t\t\t\t\t\t<div class=\"elementor-container elementor-column-gap-default\">\n\t\t\t\t\t<div class=\"elementor-column elementor-col-100 elementor-top-column elementor-element elementor-element-4bef1ad\" data-id=\"4bef1ad\" data-element_type=\"column\" data-e-type=\"column\">\n\t\t\t<div class=\"elementor-widget-wrap elementor-element-populated\">\n\t\t\t\t\t\t<div class=\"elementor-element elementor-element-757eb55 elementor-widget elementor-widget-text-editor\" data-id=\"757eb55\" data-element_type=\"widget\" data-e-type=\"widget\" data-widget_type=\"text-editor.default\">\n\t\t\t\t<div class=\"elementor-widget-container\">\n\t\t\t\t\t\t\t\t\t<p><b>En partenariat avec la biblioth\u00e8que de Toulouse et l&rsquo;Espace Bonnefoy&nbsp;<\/b><br><\/p>\n<p>\u00ab C\u2019est dans la nature que je puise mon vocabulaire. \u00bb Auteur-illustrateur pour l\u2019\u00e9dition jeunesse, Laurent Moreau a publi\u00e9 chez H\u00e9lium, Seuil, Actes Sud Junior, Gallimard. Il r\u00e9alise \u00e9galement des dessins pour la presse, pour des affiches\u2026 Les couleurs vives, la nature luxuriante et les animaux sauvages habitent les grands panoramas de Laurent Moreau, passionn\u00e9 de gouache et de d\u00e9ambulations enfantines. Il m\u00eale illustrations originales, dessins, peintures, recherches personnelles et carnets.<\/p>\t\t\t\t\t\t\t\t<\/div>\n\t\t\t\t<\/div>\n\t\t\t\t\t<\/div>\n\t\t<\/div>\n\t\t\t\t\t<\/div>\n\t\t<\/section>\n\t\t\t\t<\/div>\n\t\t","protected":false},"excerpt":{"rendered":"<p>Exposition \u00ab\u00a0Dans l&rsquo;atelier de Laurent Moreau\u00a0\u00bb Rencontre film\u00e9e avec Laurent Moreau \u00e0 l&rsquo;Espace Bonnefoy de Toulouse https:\/\/www.youtube.com\/watch?v=4m4qyFDBq_w En partenariat avec la biblioth\u00e8que de Toulouse et l&rsquo;Espace Bonnefoy&nbsp; \u00ab C\u2019est dans la nature que je puise mon vocabulaire. \u00bb Auteur-illustrateur pour l\u2019\u00e9dition jeunesse, Laurent Moreau a publi\u00e9 chez H\u00e9lium, Seuil, Actes Sud Junior, Gallimard. Il r\u00e9alise &hellip;<\/p>\n<p class=\"read-more\"> <a class=\"\" href=\"https:\/\/festival-livre-jeunesse.fr\/2021\/exposition-laurent-moreau\/\"> <span class=\"screen-reader-text\">Exposition Laurent Moreau<\/span> Lire la suite\u00a0\u00bb<\/a><\/p>\n","protected":false},"author":2,"featured_media":0,"parent":0,"menu_order":0,"comment_status":"closed","ping_status":"closed","template":"","meta":{"_uag_custom_page_level_css":"","footnotes":""},"class_list":["post-9716","page","type-page","status-publish","hentry"],"yoast_head":"<!-- This site is optimized with the Yoast SEO plugin v25.3.1 - https:\/\/yoast.com\/wordpress\/plugins\/seo\/ -->\n<title>Exposition Laurent Moreau - Festival du Livre de Jeunesse Occitanie<\/title>\n<meta name=\"robots\" content=\"index, follow, max-snippet:-1, max-image-preview:large, max-video-preview:-1\" \/>\n<link rel=\"canonical\" href=\"https:\/\/festival-livre-jeunesse.fr\/2021\/exposition-laurent-moreau\/\" \/>\n<meta property=\"og:locale\" content=\"fr_FR\" \/>\n<meta property=\"og:type\" content=\"article\" \/>\n<meta property=\"og:title\" content=\"Exposition Laurent Moreau - Festival du Livre de Jeunesse Occitanie\" \/>\n<meta property=\"og:description\" content=\"Exposition \u00ab\u00a0Dans l&rsquo;atelier de Laurent Moreau\u00a0\u00bb Rencontre film\u00e9e avec Laurent Moreau \u00e0 l&rsquo;Espace Bonnefoy de Toulouse https:\/\/www.youtube.com\/watch?v=4m4qyFDBq_w En partenariat avec la biblioth\u00e8que de Toulouse et l&rsquo;Espace Bonnefoy&nbsp; \u00ab C\u2019est dans la nature que je puise mon vocabulaire. \u00bb Auteur-illustrateur pour l\u2019\u00e9dition jeunesse, Laurent Moreau a publi\u00e9 chez H\u00e9lium, Seuil, Actes Sud Junior, Gallimard. Il r\u00e9alise &hellip; Exposition Laurent Moreau Lire la suite\u00a0\u00bb\" \/>\n<meta property=\"og:url\" content=\"https:\/\/festival-livre-jeunesse.fr\/2021\/exposition-laurent-moreau\/\" \/>\n<meta property=\"og:site_name\" content=\"Festival du Livre de Jeunesse Occitanie\" \/>\n<meta property=\"article:modified_time\" content=\"2021-02-17T11:12:55+00:00\" \/>\n<meta property=\"og:image\" content=\"http:\/\/festival-livre-jeunesse.fr\/2021\/wp-content\/uploads\/2021\/02\/Video-laurent-moreau.png\" \/>\n<meta name=\"twitter:card\" content=\"summary_large_image\" \/>\n<meta name=\"twitter:label1\" content=\"Dur\u00e9e de lecture estim\u00e9e\" \/>\n\t<meta name=\"twitter:data1\" content=\"1 minute\" \/>\n<script type=\"application\/ld+json\" class=\"yoast-schema-graph\">{\"@context\":\"https:\/\/schema.org\",\"@graph\":[{\"@type\":\"WebPage\",\"@id\":\"https:\/\/festival-livre-jeunesse.fr\/2021\/exposition-laurent-moreau\/\",\"url\":\"https:\/\/festival-livre-jeunesse.fr\/2021\/exposition-laurent-moreau\/\",\"name\":\"Exposition Laurent Moreau - Festival du Livre de Jeunesse Occitanie\",\"isPartOf\":{\"@id\":\"https:\/\/festival-livre-jeunesse.fr\/2021\/#website\"},\"primaryImageOfPage\":{\"@id\":\"https:\/\/festival-livre-jeunesse.fr\/2021\/exposition-laurent-moreau\/#primaryimage\"},\"image\":{\"@id\":\"https:\/\/festival-livre-jeunesse.fr\/2021\/exposition-laurent-moreau\/#primaryimage\"},\"thumbnailUrl\":\"http:\/\/festival-livre-jeunesse.fr\/2021\/wp-content\/uploads\/2021\/02\/Video-laurent-moreau.png\",\"datePublished\":\"2021-02-17T11:05:30+00:00\",\"dateModified\":\"2021-02-17T11:12:55+00:00\",\"breadcrumb\":{\"@id\":\"https:\/\/festival-livre-jeunesse.fr\/2021\/exposition-laurent-moreau\/#breadcrumb\"},\"inLanguage\":\"fr-FR\",\"potentialAction\":[{\"@type\":\"ReadAction\",\"target\":[\"https:\/\/festival-livre-jeunesse.fr\/2021\/exposition-laurent-moreau\/\"]}]},{\"@type\":\"ImageObject\",\"inLanguage\":\"fr-FR\",\"@id\":\"https:\/\/festival-livre-jeunesse.fr\/2021\/exposition-laurent-moreau\/#primaryimage\",\"url\":\"http:\/\/festival-livre-jeunesse.fr\/2021\/wp-content\/uploads\/2021\/02\/Video-laurent-moreau.png\",\"contentUrl\":\"http:\/\/festival-livre-jeunesse.fr\/2021\/wp-content\/uploads\/2021\/02\/Video-laurent-moreau.png\"},{\"@type\":\"BreadcrumbList\",\"@id\":\"https:\/\/festival-livre-jeunesse.fr\/2021\/exposition-laurent-moreau\/#breadcrumb\",\"itemListElement\":[{\"@type\":\"ListItem\",\"position\":1,\"name\":\"Accueil\",\"item\":\"https:\/\/festival-livre-jeunesse.fr\/2021\/\"},{\"@type\":\"ListItem\",\"position\":2,\"name\":\"Exposition Laurent Moreau\"}]},{\"@type\":\"WebSite\",\"@id\":\"https:\/\/festival-livre-jeunesse.fr\/2021\/#website\",\"url\":\"https:\/\/festival-livre-jeunesse.fr\/2021\/\",\"name\":\"Festival du Livre de Jeunesse Occitanie\",\"description\":\"19\u00e8me \u00e9dition\",\"potentialAction\":[{\"@type\":\"SearchAction\",\"target\":{\"@type\":\"EntryPoint\",\"urlTemplate\":\"https:\/\/festival-livre-jeunesse.fr\/2021\/?s={search_term_string}\"},\"query-input\":{\"@type\":\"PropertyValueSpecification\",\"valueRequired\":true,\"valueName\":\"search_term_string\"}}],\"inLanguage\":\"fr-FR\"}]}<\/script>\n<!-- \/ Yoast SEO plugin. -->","yoast_head_json":{"title":"Exposition Laurent Moreau - Festival du Livre de Jeunesse Occitanie","robots":{"index":"index","follow":"follow","max-snippet":"max-snippet:-1","max-image-preview":"max-image-preview:large","max-video-preview":"max-video-preview:-1"},"canonical":"https:\/\/festival-livre-jeunesse.fr\/2021\/exposition-laurent-moreau\/","og_locale":"fr_FR","og_type":"article","og_title":"Exposition Laurent Moreau - Festival du Livre de Jeunesse Occitanie","og_description":"Exposition \u00ab\u00a0Dans l&rsquo;atelier de Laurent Moreau\u00a0\u00bb Rencontre film\u00e9e avec Laurent Moreau \u00e0 l&rsquo;Espace Bonnefoy de Toulouse https:\/\/www.youtube.com\/watch?v=4m4qyFDBq_w En partenariat avec la biblioth\u00e8que de Toulouse et l&rsquo;Espace Bonnefoy&nbsp; \u00ab C\u2019est dans la nature que je puise mon vocabulaire. \u00bb Auteur-illustrateur pour l\u2019\u00e9dition jeunesse, Laurent Moreau a publi\u00e9 chez H\u00e9lium, Seuil, Actes Sud Junior, Gallimard. Il r\u00e9alise &hellip; Exposition Laurent Moreau Lire la suite\u00a0\u00bb","og_url":"https:\/\/festival-livre-jeunesse.fr\/2021\/exposition-laurent-moreau\/","og_site_name":"Festival du Livre de Jeunesse Occitanie","article_modified_time":"2021-02-17T11:12:55+00:00","og_image":[{"url":"http:\/\/festival-livre-jeunesse.fr\/2021\/wp-content\/uploads\/2021\/02\/Video-laurent-moreau.png","type":"","width":"","height":""}],"twitter_card":"summary_large_image","twitter_misc":{"Dur\u00e9e de lecture estim\u00e9e":"1 minute"},"schema":{"@context":"https:\/\/schema.org","@graph":[{"@type":"WebPage","@id":"https:\/\/festival-livre-jeunesse.fr\/2021\/exposition-laurent-moreau\/","url":"https:\/\/festival-livre-jeunesse.fr\/2021\/exposition-laurent-moreau\/","name":"Exposition Laurent Moreau - Festival du Livre de Jeunesse Occitanie","isPartOf":{"@id":"https:\/\/festival-livre-jeunesse.fr\/2021\/#website"},"primaryImageOfPage":{"@id":"https:\/\/festival-livre-jeunesse.fr\/2021\/exposition-laurent-moreau\/#primaryimage"},"image":{"@id":"https:\/\/festival-livre-jeunesse.fr\/2021\/exposition-laurent-moreau\/#primaryimage"},"thumbnailUrl":"http:\/\/festival-livre-jeunesse.fr\/2021\/wp-content\/uploads\/2021\/02\/Video-laurent-moreau.png","datePublished":"2021-02-17T11:05:30+00:00","dateModified":"2021-02-17T11:12:55+00:00","breadcrumb":{"@id":"https:\/\/festival-livre-jeunesse.fr\/2021\/exposition-laurent-moreau\/#breadcrumb"},"inLanguage":"fr-FR","potentialAction":[{"@type":"ReadAction","target":["https:\/\/festival-livre-jeunesse.fr\/2021\/exposition-laurent-moreau\/"]}]},{"@type":"ImageObject","inLanguage":"fr-FR","@id":"https:\/\/festival-livre-jeunesse.fr\/2021\/exposition-laurent-moreau\/#primaryimage","url":"http:\/\/festival-livre-jeunesse.fr\/2021\/wp-content\/uploads\/2021\/02\/Video-laurent-moreau.png","contentUrl":"http:\/\/festival-livre-jeunesse.fr\/2021\/wp-content\/uploads\/2021\/02\/Video-laurent-moreau.png"},{"@type":"BreadcrumbList","@id":"https:\/\/festival-livre-jeunesse.fr\/2021\/exposition-laurent-moreau\/#breadcrumb","itemListElement":[{"@type":"ListItem","position":1,"name":"Accueil","item":"https:\/\/festival-livre-jeunesse.fr\/2021\/"},{"@type":"ListItem","position":2,"name":"Exposition Laurent Moreau"}]},{"@type":"WebSite","@id":"https:\/\/festival-livre-jeunesse.fr\/2021\/#website","url":"https:\/\/festival-livre-jeunesse.fr\/2021\/","name":"Festival du Livre de Jeunesse Occitanie","description":"19\u00e8me \u00e9dition","potentialAction":[{"@type":"SearchAction","target":{"@type":"EntryPoint","urlTemplate":"https:\/\/festival-livre-jeunesse.fr\/2021\/?s={search_term_string}"},"query-input":{"@type":"PropertyValueSpecification","valueRequired":true,"valueName":"search_term_string"}}],"inLanguage":"fr-FR"}]}},"uagb_featured_image_src":{"full":false,"thumbnail":false,"medium":false,"medium_large":false,"large":false,"1536x1536":false,"2048x2048":false},"uagb_author_info":{"display_name":"Katell Abgrall","author_link":"https:\/\/festival-livre-jeunesse.fr\/2021\/author\/coordinatrice\/"},"uagb_comment_info":0,"uagb_excerpt":"Exposition \u00ab\u00a0Dans l&rsquo;atelier de Laurent Moreau\u00a0\u00bb Rencontre film\u00e9e avec Laurent Moreau \u00e0 l&rsquo;Espace Bonnefoy de Toulouse https:\/\/www.youtube.com\/watch?v=4m4qyFDBq_w En partenariat avec la biblioth\u00e8que de Toulouse et l&rsquo;Espace Bonnefoy&nbsp; \u00ab C\u2019est dans la nature que je puise mon vocabulaire. \u00bb Auteur-illustrateur pour l\u2019\u00e9dition jeunesse, Laurent Moreau a publi\u00e9 chez H\u00e9lium, Seuil, Actes Sud Junior, Gallimard. Il r\u00e9alise\u2026","_links":{"self":[{"href":"https:\/\/festival-livre-jeunesse.fr\/2021\/wp-json\/wp\/v2\/pages\/9716","targetHints":{"allow":["GET"]}}],"collection":[{"href":"https:\/\/festival-livre-jeunesse.fr\/2021\/wp-json\/wp\/v2\/pages"}],"about":[{"href":"https:\/\/festival-livre-jeunesse.fr\/2021\/wp-json\/wp\/v2\/types\/page"}],"author":[{"embeddable":true,"href":"https:\/\/festival-livre-jeunesse.fr\/2021\/wp-json\/wp\/v2\/users\/2"}],"replies":[{"embeddable":true,"href":"https:\/\/festival-livre-jeunesse.fr\/2021\/wp-json\/wp\/v2\/comments?post=9716"}],"version-history":[{"count":16,"href":"https:\/\/festival-livre-jeunesse.fr\/2021\/wp-json\/wp\/v2\/pages\/9716\/revisions"}],"predecessor-version":[{"id":9734,"href":"https:\/\/festival-livre-jeunesse.fr\/2021\/wp-json\/wp\/v2\/pages\/9716\/revisions\/9734"}],"wp:attachment":[{"href":"https:\/\/festival-livre-jeunesse.fr\/2021\/wp-json\/wp\/v2\/media?parent=9716"}],"curies":[{"name":"wp","href":"https:\/\/api.w.org\/{rel}","templated":true}]}}