{"id":4696,"date":"2021-09-14T22:04:52","date_gmt":"2021-09-14T20:04:52","guid":{"rendered":"https:\/\/festival-livre-jeunesse.fr\/2022\/?page_id=4696"},"modified":"2022-01-13T13:28:10","modified_gmt":"2022-01-13T12:28:10","slug":"pef","status":"publish","type":"page","link":"https:\/\/festival-livre-jeunesse.fr\/2022\/pef\/","title":{"rendered":"Pef"},"content":{"rendered":"\t\t<div data-elementor-type=\"wp-page\" data-elementor-id=\"4696\" class=\"elementor elementor-4696\">\n\t\t\t\t\t\t<div class=\"elementor-inner\">\n\t\t\t\t<div class=\"elementor-section-wrap\">\n\t\t\t\t\t\t\t\t\t<section class=\"elementor-section elementor-top-section elementor-element elementor-element-4f2d84c elementor-section-boxed elementor-section-height-default elementor-section-height-default\" data-id=\"4f2d84c\" data-element_type=\"section\">\n\t\t\t\t\t\t<div class=\"elementor-container elementor-column-gap-default\">\n\t\t\t\t\t\t\t<div class=\"elementor-row\">\n\t\t\t\t\t<div class=\"elementor-column elementor-col-100 elementor-top-column elementor-element elementor-element-f295deb\" data-id=\"f295deb\" data-element_type=\"column\">\n\t\t\t<div class=\"elementor-column-wrap elementor-element-populated\">\n\t\t\t\t\t\t\t<div class=\"elementor-widget-wrap\">\n\t\t\t\t\t\t<div class=\"elementor-element elementor-element-4d4f55e elementor-widget elementor-widget-spacer\" data-id=\"4d4f55e\" data-element_type=\"widget\" data-widget_type=\"spacer.default\">\n\t\t\t\t<div class=\"elementor-widget-container\">\n\t\t\t\t\t<div class=\"elementor-spacer\">\n\t\t\t<div class=\"elementor-spacer-inner\"><\/div>\n\t\t<\/div>\n\t\t\t\t<\/div>\n\t\t\t\t<\/div>\n\t\t\t\t\t\t<\/div>\n\t\t\t\t\t<\/div>\n\t\t<\/div>\n\t\t\t\t\t\t\t\t<\/div>\n\t\t\t\t\t<\/div>\n\t\t<\/section>\n\t\t\t\t<section class=\"elementor-section elementor-top-section elementor-element elementor-element-379bffe elementor-section-boxed elementor-section-height-default elementor-section-height-default\" data-id=\"379bffe\" data-element_type=\"section\">\n\t\t\t\t\t\t<div class=\"elementor-container elementor-column-gap-default\">\n\t\t\t\t\t\t\t<div class=\"elementor-row\">\n\t\t\t\t\t<div class=\"elementor-column elementor-col-100 elementor-top-column elementor-element elementor-element-341ef70\" data-id=\"341ef70\" data-element_type=\"column\">\n\t\t\t<div class=\"elementor-column-wrap elementor-element-populated\">\n\t\t\t\t\t\t\t<div class=\"elementor-widget-wrap\">\n\t\t\t\t\t\t<div class=\"elementor-element elementor-element-a130014 elementor-widget elementor-widget-spacer\" data-id=\"a130014\" data-element_type=\"widget\" data-widget_type=\"spacer.default\">\n\t\t\t\t<div class=\"elementor-widget-container\">\n\t\t\t\t\t<div class=\"elementor-spacer\">\n\t\t\t<div class=\"elementor-spacer-inner\"><\/div>\n\t\t<\/div>\n\t\t\t\t<\/div>\n\t\t\t\t<\/div>\n\t\t\t\t\t\t<\/div>\n\t\t\t\t\t<\/div>\n\t\t<\/div>\n\t\t\t\t\t\t\t\t<\/div>\n\t\t\t\t\t<\/div>\n\t\t<\/section>\n\t\t\t\t<section class=\"elementor-section elementor-top-section elementor-element elementor-element-35ec4b3 elementor-section-boxed elementor-section-height-default elementor-section-height-default\" data-id=\"35ec4b3\" data-element_type=\"section\">\n\t\t\t\t\t\t<div class=\"elementor-container elementor-column-gap-default\">\n\t\t\t\t\t\t\t<div class=\"elementor-row\">\n\t\t\t\t\t<div class=\"elementor-column elementor-col-33 elementor-top-column elementor-element elementor-element-5e2914c\" data-id=\"5e2914c\" data-element_type=\"column\">\n\t\t\t<div class=\"elementor-column-wrap\">\n\t\t\t\t\t\t\t<div class=\"elementor-widget-wrap\">\n\t\t\t\t\t\t\t\t<\/div>\n\t\t\t\t\t<\/div>\n\t\t<\/div>\n\t\t\t\t<div class=\"elementor-column elementor-col-33 elementor-top-column elementor-element elementor-element-b1f215b\" data-id=\"b1f215b\" data-element_type=\"column\" data-settings=\"{&quot;background_background&quot;:&quot;classic&quot;}\">\n\t\t\t<div class=\"elementor-column-wrap elementor-element-populated\">\n\t\t\t\t\t\t\t<div class=\"elementor-widget-wrap\">\n\t\t\t\t\t\t<div class=\"elementor-element elementor-element-69d6850 elementor-widget elementor-widget-heading\" data-id=\"69d6850\" data-element_type=\"widget\" data-widget_type=\"heading.default\">\n\t\t\t\t<div class=\"elementor-widget-container\">\n\t\t\t<h1 class=\"elementor-heading-title elementor-size-default\">PEF - PR\u00c9SENCE ANNUL\u00c9E<\/h1>\t\t<\/div>\n\t\t\t\t<\/div>\n\t\t\t\t<section class=\"elementor-section elementor-inner-section elementor-element elementor-element-dc108c0 elementor-section-boxed elementor-section-height-default elementor-section-height-default\" data-id=\"dc108c0\" data-element_type=\"section\">\n\t\t\t\t\t\t<div class=\"elementor-container elementor-column-gap-default\">\n\t\t\t\t\t\t\t<div class=\"elementor-row\">\n\t\t\t\t\t<div class=\"elementor-column elementor-col-50 elementor-inner-column elementor-element elementor-element-161a354\" data-id=\"161a354\" data-element_type=\"column\">\n\t\t\t<div class=\"elementor-column-wrap elementor-element-populated\">\n\t\t\t\t\t\t\t<div class=\"elementor-widget-wrap\">\n\t\t\t\t\t\t<div class=\"elementor-element elementor-element-4905df0 elementor-widget elementor-widget-image\" data-id=\"4905df0\" data-element_type=\"widget\" data-widget_type=\"image.default\">\n\t\t\t\t<div class=\"elementor-widget-container\">\n\t\t\t\t\t\t\t\t<div class=\"elementor-image\">\n\t\t\t\t\t\t\t\t\t\t\t\t\t<a href=\"https:\/\/www.ricochet-jeunes.org\/auteurs\/pef\">\n\t\t\t\t\t\t\t<img width=\"300\" height=\"300\" src=\"https:\/\/festival-livre-jeunesse.fr\/2022\/wp-content\/uploads\/2021\/09\/PEF-300x300.jpg\" class=\"attachment-medium size-medium\" alt=\"\" loading=\"lazy\" srcset=\"https:\/\/festival-livre-jeunesse.fr\/2022\/wp-content\/uploads\/2021\/09\/PEF-300x300.jpg 300w, https:\/\/festival-livre-jeunesse.fr\/2022\/wp-content\/uploads\/2021\/09\/PEF-150x150.jpg 150w, https:\/\/festival-livre-jeunesse.fr\/2022\/wp-content\/uploads\/2021\/09\/PEF-768x767.jpg 768w, https:\/\/festival-livre-jeunesse.fr\/2022\/wp-content\/uploads\/2021\/09\/PEF.jpg 960w\" sizes=\"(max-width: 300px) 100vw, 300px\" \/>\t\t\t\t\t\t\t\t<\/a>\n\t\t\t\t\t\t\t\t\t\t\t\t\t\t<\/div>\n\t\t\t\t\t\t<\/div>\n\t\t\t\t<\/div>\n\t\t\t\t<div class=\"elementor-element elementor-element-a06a0b5 elementor-widget elementor-widget-heading\" data-id=\"a06a0b5\" data-element_type=\"widget\" data-widget_type=\"heading.default\">\n\t\t\t\t<div class=\"elementor-widget-container\">\n\t\t\t<h3 class=\"elementor-heading-title elementor-size-default\">Pr\u00e9sence annul\u00e9e<\/h3>\t\t<\/div>\n\t\t\t\t<\/div>\n\t\t\t\t\t\t<\/div>\n\t\t\t\t\t<\/div>\n\t\t<\/div>\n\t\t\t\t<div class=\"elementor-column elementor-col-50 elementor-inner-column elementor-element elementor-element-2eb6ace\" data-id=\"2eb6ace\" data-element_type=\"column\">\n\t\t\t<div class=\"elementor-column-wrap elementor-element-populated\">\n\t\t\t\t\t\t\t<div class=\"elementor-widget-wrap\">\n\t\t\t\t\t\t<div class=\"elementor-element elementor-element-6132f20 elementor-widget elementor-widget-text-editor\" data-id=\"6132f20\" data-element_type=\"widget\" data-widget_type=\"text-editor.default\">\n\t\t\t\t<div class=\"elementor-widget-container\">\n\t\t\t\t\t\t\t\t<div class=\"elementor-text-editor elementor-clearfix\">\n\t\t\t\t<p><span style=\"color: #000000;\">Fils d&#8217;un instituteur qui, d\u00e9tach\u00e9 aupr\u00e8s de la Ligue de l&#8217;enseignement \u00a0devint responsable national de l&#8217;UFOLEA (Union Fran\u00e7aise des \u0152uvres La\u00efques d&#8217;Education Artistique (et \u00e0 ce titre le cr\u00e9ateur de la salle de spectacle du th\u00e9\u00e2tre R\u00e9camier) et d&#8217;une ma\u00eetresse d\u2019\u00e9cole<sup id=\"cite_ref-4\" class=\"reference\"><a style=\"color: #000000;\" href=\"https:\/\/fr.wikipedia.org\/wiki\/Pierre_%C3%89lie_Ferrier#cite_note-4\">4<\/a><\/sup>, Pierre \u00c9lie Ferrier a v\u00e9cu toute son enfance dans les cours de r\u00e9cr\u00e9ation. Extr\u00eamement marqu\u00e9 par la\u00a0<a style=\"color: #000000;\" title=\"Seconde Guerre mondiale\" href=\"https:\/\/fr.wikipedia.org\/wiki\/Seconde_Guerre_mondiale\">Seconde Guerre mondiale<\/a>, et par la\u00a0<a style=\"color: #000000;\" title=\"Lib\u00e9ration de la France\" href=\"https:\/\/fr.wikipedia.org\/wiki\/Lib%C3%A9ration_de_la_France\">Lib\u00e9ration de 1945<\/a>, il gardera en m\u00e9moire ces \u00e9v\u00e9nements toute sa vie, et les retranscrira \u00e0 travers plusieurs \u0153uvres et illustrations. Pendant ses vacances \u00e0\u00a0<a style=\"color: #000000;\" title=\"Saint-Gengoux-le-National\" href=\"https:\/\/fr.wikipedia.org\/wiki\/Saint-Gengoux-le-National\">Saint-Gengoux-le-National<\/a>, dans le Chalonnais, il se d\u00e9lecte des parties de p\u00eache \u00e0 la ligne dans la\u00a0<a style=\"color: #000000;\" title=\"Grosne (rivi\u00e8re)\" href=\"https:\/\/fr.wikipedia.org\/wiki\/Grosne_(rivi%C3%A8re)\">Grosne<\/a>\u00a0avec son p\u00e8re<sup id=\"cite_ref-routes_de_Pef_2-1\" class=\"reference\"><a style=\"color: #000000;\" href=\"https:\/\/fr.wikipedia.org\/wiki\/Pierre_%C3%89lie_Ferrier#cite_note-routes_de_Pef-2\">2<\/a><\/sup>. Au lyc\u00e9e, il dessine en cours de philo et gagne le prix d\u2019un concours organis\u00e9 par le journal\u00a0<i><a class=\"new\" style=\"color: #000000;\" title=\"L'\u00c9ducation (journal) (page inexistante)\" href=\"https:\/\/fr.wikipedia.org\/w\/index.php?title=L%27%C3%89ducation_(journal)&amp;action=edit&amp;redlink=1\">L&#8217;\u00c9ducation<\/a><\/i><sup id=\"cite_ref-5\" class=\"reference\"><a style=\"color: #000000;\" href=\"https:\/\/fr.wikipedia.org\/wiki\/Pierre_%C3%89lie_Ferrier#cite_note-5\">5<\/a><\/sup>.<\/span><\/p><h5><span style=\"color: #000000;\"><span id=\"L.27auteur_pour_l.27enfance_et_la_jeunesse\"><\/span><strong><span id=\"L'auteur_pour_l'enfance_et_la_jeunesse\" class=\"mw-headline\">L&#8217;auteur pour l&#8217;enfance et la jeunesse<\/span><\/strong><\/span><\/h5><p><span style=\"color: #000000;\">Il publie pour les enfants une centaine d&#8217;<a style=\"color: #000000;\" title=\"Album (livre)\" href=\"https:\/\/fr.wikipedia.org\/wiki\/Album_(livre)\">albums illustr\u00e9s<\/a>, dont la tonalit\u00e9 varie souvent d&#8217;un grotesque aimable (<i>Barbanouille<\/i>) \u00e0 un humour tr\u00e8s tendre (<i>Moi, ma grand-m\u00e8re<\/i>), en passant par la bouffonnerie et l&#8217;esprit d&#8217;enfance (<i>Aux fous les pompiers<\/i>), l&#8217;absurde (<i>Histoire de l&#8217;\u00e9l\u00e9phant qui voulait se marier avec une bicyclette<\/i>), l&#8217;autod\u00e9rision et la verve (<i>Les amours de Frisolo, le remarquable taureau du Charolais<\/i>) etc. Sa femme, l&#8217;artiste peintre\u00a0<a class=\"new\" style=\"color: #000000;\" title=\"Genevi\u00e8ve Ferrier (page inexistante)\" href=\"https:\/\/fr.wikipedia.org\/w\/index.php?title=Genevi%C3%A8ve_Ferrier&amp;action=edit&amp;redlink=1\">Genevi\u00e8ve Ferrier<\/a>, les met le plus souvent en couleur. L&#8217;un de ses grands succ\u00e8s est li\u00e9 \u00e0 la figure du Prince de Motordu dont les plaisantes aventures avant tout langagi\u00e8res mais retranscrites par des dessins inventifs sont d\u00e9clin\u00e9es en de nombreux volumes, le premier \u00e9tant devenu un classique de l&#8217;enfance (<i><a class=\"mw-redirect\" style=\"color: #000000;\" title=\"La Belle Lisse Poire du prince de Motordu\" href=\"https:\/\/fr.wikipedia.org\/wiki\/La_Belle_Lisse_Poire_du_prince_de_Motordu\">La Belle Lisse Poire du prince de Motordu<\/a><\/i>).<\/span><\/p>\t\t\t\t\t<\/div>\n\t\t\t\t\t\t<\/div>\n\t\t\t\t<\/div>\n\t\t\t\t\t\t<\/div>\n\t\t\t\t\t<\/div>\n\t\t<\/div>\n\t\t\t\t\t\t\t\t<\/div>\n\t\t\t\t\t<\/div>\n\t\t<\/section>\n\t\t\t\t<section class=\"elementor-section elementor-inner-section elementor-element elementor-element-f3fc717 elementor-section-boxed elementor-section-height-default elementor-section-height-default\" data-id=\"f3fc717\" data-element_type=\"section\">\n\t\t\t\t\t\t<div class=\"elementor-container elementor-column-gap-default\">\n\t\t\t\t\t\t\t<div class=\"elementor-row\">\n\t\t\t\t\t<div class=\"elementor-column elementor-col-50 elementor-inner-column elementor-element elementor-element-641375e\" data-id=\"641375e\" data-element_type=\"column\">\n\t\t\t<div class=\"elementor-column-wrap\">\n\t\t\t\t\t\t\t<div class=\"elementor-widget-wrap\">\n\t\t\t\t\t\t\t\t<\/div>\n\t\t\t\t\t<\/div>\n\t\t<\/div>\n\t\t\t\t<div class=\"elementor-column elementor-col-50 elementor-inner-column elementor-element elementor-element-ce40c8b\" data-id=\"ce40c8b\" data-element_type=\"column\">\n\t\t\t<div class=\"elementor-column-wrap elementor-element-populated\">\n\t\t\t\t\t\t\t<div class=\"elementor-widget-wrap\">\n\t\t\t\t\t\t<div class=\"elementor-element elementor-element-9698987 elementor-align-left elementor-widget elementor-widget-button\" data-id=\"9698987\" data-element_type=\"widget\" data-widget_type=\"button.default\">\n\t\t\t\t<div class=\"elementor-widget-container\">\n\t\t\t\t\t<div class=\"elementor-button-wrapper\">\n\t\t\t<a href=\"https:\/\/www.ricochet-jeunes.org\/auteurs\/bibliographie\/322064\" class=\"elementor-button-link elementor-button elementor-size-sm\" role=\"button\">\n\t\t\t\t\t\t<span class=\"elementor-button-content-wrapper\">\n\t\t\t\t\t\t<span class=\"elementor-button-text\">En savoir plus<\/span>\n\t\t<\/span>\n\t\t\t\t\t<\/a>\n\t\t<\/div>\n\t\t\t\t<\/div>\n\t\t\t\t<\/div>\n\t\t\t\t\t\t<\/div>\n\t\t\t\t\t<\/div>\n\t\t<\/div>\n\t\t\t\t\t\t\t\t<\/div>\n\t\t\t\t\t<\/div>\n\t\t<\/section>\n\t\t\t\t\t\t<\/div>\n\t\t\t\t\t<\/div>\n\t\t<\/div>\n\t\t\t\t<div class=\"elementor-column elementor-col-33 elementor-top-column elementor-element elementor-element-0e0838a\" data-id=\"0e0838a\" data-element_type=\"column\">\n\t\t\t<div class=\"elementor-column-wrap\">\n\t\t\t\t\t\t\t<div class=\"elementor-widget-wrap\">\n\t\t\t\t\t\t\t\t<\/div>\n\t\t\t\t\t<\/div>\n\t\t<\/div>\n\t\t\t\t\t\t\t\t<\/div>\n\t\t\t\t\t<\/div>\n\t\t<\/section>\n\t\t\t\t<section class=\"elementor-section elementor-top-section elementor-element elementor-element-18895f7 elementor-section-boxed elementor-section-height-default elementor-section-height-default\" data-id=\"18895f7\" data-element_type=\"section\">\n\t\t\t\t\t\t<div class=\"elementor-container elementor-column-gap-default\">\n\t\t\t\t\t\t\t<div class=\"elementor-row\">\n\t\t\t\t\t<div class=\"elementor-column elementor-col-100 elementor-top-column elementor-element elementor-element-db5bd8d\" data-id=\"db5bd8d\" data-element_type=\"column\">\n\t\t\t<div class=\"elementor-column-wrap elementor-element-populated\">\n\t\t\t\t\t\t\t<div class=\"elementor-widget-wrap\">\n\t\t\t\t\t\t<div class=\"elementor-element elementor-element-5b3f6b3 elementor-widget elementor-widget-spacer\" data-id=\"5b3f6b3\" data-element_type=\"widget\" data-widget_type=\"spacer.default\">\n\t\t\t\t<div class=\"elementor-widget-container\">\n\t\t\t\t\t<div class=\"elementor-spacer\">\n\t\t\t<div class=\"elementor-spacer-inner\"><\/div>\n\t\t<\/div>\n\t\t\t\t<\/div>\n\t\t\t\t<\/div>\n\t\t\t\t\t\t<\/div>\n\t\t\t\t\t<\/div>\n\t\t<\/div>\n\t\t\t\t\t\t\t\t<\/div>\n\t\t\t\t\t<\/div>\n\t\t<\/section>\n\t\t\t\t\t\t\t\t\t<\/div>\n\t\t\t<\/div>\n\t\t\t\t\t<\/div>\n\t\t","protected":false},"excerpt":{"rendered":"<p>PEF &#8211; PR\u00c9SENCE ANNUL\u00c9E Pr\u00e9sence annul\u00e9e Fils d&#8217;un instituteur qui, d\u00e9tach\u00e9 aupr\u00e8s de la Ligue de l&#8217;enseignement \u00a0devint responsable national de l&#8217;UFOLEA (Union Fran\u00e7aise des \u0152uvres La\u00efques d&#8217;Education Artistique (et \u00e0 ce titre le cr\u00e9ateur de la salle de spectacle du th\u00e9\u00e2tre R\u00e9camier) et d&#8217;une ma\u00eetresse d\u2019\u00e9cole4, Pierre \u00c9lie Ferrier a v\u00e9cu toute son enfance &hellip;<\/p>\n<p class=\"read-more\"> <a class=\"\" href=\"https:\/\/festival-livre-jeunesse.fr\/2022\/pef\/\"> <span class=\"screen-reader-text\">Pef<\/span> Lire la suite\u00a0\u00bb<\/a><\/p>\n","protected":false},"author":1,"featured_media":0,"parent":0,"menu_order":0,"comment_status":"closed","ping_status":"closed","template":"","meta":{"site-sidebar-layout":"no-sidebar","site-content-layout":"page-builder","ast-global-header-display":"","ast-main-header-display":"","ast-hfb-above-header-display":"","ast-hfb-below-header-display":"","ast-hfb-mobile-header-display":"","site-post-title":"disabled","ast-breadcrumbs-content":"","ast-featured-img":"disabled","footer-sml-layout":"","theme-transparent-header-meta":"default","adv-header-id-meta":"","stick-header-meta":"","header-above-stick-meta":"","header-main-stick-meta":"","header-below-stick-meta":""},"_links":{"self":[{"href":"https:\/\/festival-livre-jeunesse.fr\/2022\/wp-json\/wp\/v2\/pages\/4696"}],"collection":[{"href":"https:\/\/festival-livre-jeunesse.fr\/2022\/wp-json\/wp\/v2\/pages"}],"about":[{"href":"https:\/\/festival-livre-jeunesse.fr\/2022\/wp-json\/wp\/v2\/types\/page"}],"author":[{"embeddable":true,"href":"https:\/\/festival-livre-jeunesse.fr\/2022\/wp-json\/wp\/v2\/users\/1"}],"replies":[{"embeddable":true,"href":"https:\/\/festival-livre-jeunesse.fr\/2022\/wp-json\/wp\/v2\/comments?post=4696"}],"version-history":[{"count":28,"href":"https:\/\/festival-livre-jeunesse.fr\/2022\/wp-json\/wp\/v2\/pages\/4696\/revisions"}],"predecessor-version":[{"id":7931,"href":"https:\/\/festival-livre-jeunesse.fr\/2022\/wp-json\/wp\/v2\/pages\/4696\/revisions\/7931"}],"wp:attachment":[{"href":"https:\/\/festival-livre-jeunesse.fr\/2022\/wp-json\/wp\/v2\/media?parent=4696"}],"curies":[{"name":"wp","href":"https:\/\/api.w.org\/{rel}","templated":true}]}}