{"id":4724,"date":"2021-09-14T22:28:36","date_gmt":"2021-09-14T20:28:36","guid":{"rendered":"https:\/\/festival-livre-jeunesse.fr\/2022\/?page_id=4724"},"modified":"2021-12-10T23:49:50","modified_gmt":"2021-12-10T22:49:50","slug":"florian-pige","status":"publish","type":"page","link":"https:\/\/festival-livre-jeunesse.fr\/2022\/florian-pige\/","title":{"rendered":"Florian PIGE"},"content":{"rendered":"\t\t<div data-elementor-type=\"wp-page\" data-elementor-id=\"4724\" class=\"elementor elementor-4724\">\n\t\t\t\t\t\t<div class=\"elementor-inner\">\n\t\t\t\t<div class=\"elementor-section-wrap\">\n\t\t\t\t\t\t\t\t\t<section class=\"elementor-section elementor-top-section elementor-element elementor-element-edc177b elementor-section-boxed elementor-section-height-default elementor-section-height-default\" data-id=\"edc177b\" data-element_type=\"section\">\n\t\t\t\t\t\t<div class=\"elementor-container elementor-column-gap-default\">\n\t\t\t\t\t\t\t<div class=\"elementor-row\">\n\t\t\t\t\t<div class=\"elementor-column elementor-col-100 elementor-top-column elementor-element elementor-element-f48a697\" data-id=\"f48a697\" data-element_type=\"column\">\n\t\t\t<div class=\"elementor-column-wrap elementor-element-populated\">\n\t\t\t\t\t\t\t<div class=\"elementor-widget-wrap\">\n\t\t\t\t\t\t<div class=\"elementor-element elementor-element-9a4cd90 elementor-widget elementor-widget-spacer\" data-id=\"9a4cd90\" data-element_type=\"widget\" data-widget_type=\"spacer.default\">\n\t\t\t\t<div class=\"elementor-widget-container\">\n\t\t\t\t\t<div class=\"elementor-spacer\">\n\t\t\t<div class=\"elementor-spacer-inner\"><\/div>\n\t\t<\/div>\n\t\t\t\t<\/div>\n\t\t\t\t<\/div>\n\t\t\t\t\t\t<\/div>\n\t\t\t\t\t<\/div>\n\t\t<\/div>\n\t\t\t\t\t\t\t\t<\/div>\n\t\t\t\t\t<\/div>\n\t\t<\/section>\n\t\t\t\t<section class=\"elementor-section elementor-top-section elementor-element elementor-element-015a167 elementor-section-boxed elementor-section-height-default elementor-section-height-default\" data-id=\"015a167\" data-element_type=\"section\">\n\t\t\t\t\t\t<div class=\"elementor-container elementor-column-gap-default\">\n\t\t\t\t\t\t\t<div class=\"elementor-row\">\n\t\t\t\t\t<div class=\"elementor-column elementor-col-33 elementor-top-column elementor-element elementor-element-830c644\" data-id=\"830c644\" data-element_type=\"column\">\n\t\t\t<div class=\"elementor-column-wrap\">\n\t\t\t\t\t\t\t<div class=\"elementor-widget-wrap\">\n\t\t\t\t\t\t\t\t<\/div>\n\t\t\t\t\t<\/div>\n\t\t<\/div>\n\t\t\t\t<div class=\"elementor-column elementor-col-33 elementor-top-column elementor-element elementor-element-033e010\" data-id=\"033e010\" data-element_type=\"column\" data-settings=\"{&quot;background_background&quot;:&quot;classic&quot;}\">\n\t\t\t<div class=\"elementor-column-wrap elementor-element-populated\">\n\t\t\t\t\t\t\t<div class=\"elementor-widget-wrap\">\n\t\t\t\t\t\t<div class=\"elementor-element elementor-element-571701a elementor-widget elementor-widget-heading\" data-id=\"571701a\" data-element_type=\"widget\" data-widget_type=\"heading.default\">\n\t\t\t\t<div class=\"elementor-widget-container\">\n\t\t\t<h1 class=\"elementor-heading-title elementor-size-default\">Florian Pig\u00e9<\/h1>\t\t<\/div>\n\t\t\t\t<\/div>\n\t\t\t\t<section class=\"elementor-section elementor-inner-section elementor-element elementor-element-c676772 elementor-section-boxed elementor-section-height-default elementor-section-height-default\" data-id=\"c676772\" data-element_type=\"section\">\n\t\t\t\t\t\t<div class=\"elementor-container elementor-column-gap-default\">\n\t\t\t\t\t\t\t<div class=\"elementor-row\">\n\t\t\t\t\t<div class=\"elementor-column elementor-col-50 elementor-inner-column elementor-element elementor-element-266acb6\" data-id=\"266acb6\" data-element_type=\"column\">\n\t\t\t<div class=\"elementor-column-wrap elementor-element-populated\">\n\t\t\t\t\t\t\t<div class=\"elementor-widget-wrap\">\n\t\t\t\t\t\t<div class=\"elementor-element elementor-element-aca52e9 elementor-widget elementor-widget-image\" data-id=\"aca52e9\" data-element_type=\"widget\" data-widget_type=\"image.default\">\n\t\t\t\t<div class=\"elementor-widget-container\">\n\t\t\t\t\t\t\t\t<div class=\"elementor-image\">\n\t\t\t\t\t\t\t\t\t\t\t\t\t<a href=\"https:\/\/www.ricochet-jeunes.org\/auteurs\/florian-pige\">\n\t\t\t\t\t\t\t<img width=\"300\" height=\"200\" src=\"https:\/\/festival-livre-jeunesse.fr\/2022\/wp-content\/uploads\/2021\/09\/photo_florian-copie-300x200.jpg\" class=\"attachment-medium size-medium\" alt=\"\" loading=\"lazy\" srcset=\"https:\/\/festival-livre-jeunesse.fr\/2022\/wp-content\/uploads\/2021\/09\/photo_florian-copie-300x200.jpg 300w, https:\/\/festival-livre-jeunesse.fr\/2022\/wp-content\/uploads\/2021\/09\/photo_florian-copie-1024x684.jpg 1024w, https:\/\/festival-livre-jeunesse.fr\/2022\/wp-content\/uploads\/2021\/09\/photo_florian-copie-768x513.jpg 768w, https:\/\/festival-livre-jeunesse.fr\/2022\/wp-content\/uploads\/2021\/09\/photo_florian-copie-1536x1026.jpg 1536w, https:\/\/festival-livre-jeunesse.fr\/2022\/wp-content\/uploads\/2021\/09\/photo_florian-copie-2048x1368.jpg 2048w\" sizes=\"(max-width: 300px) 100vw, 300px\" \/>\t\t\t\t\t\t\t\t<\/a>\n\t\t\t\t\t\t\t\t\t\t\t\t\t\t<\/div>\n\t\t\t\t\t\t<\/div>\n\t\t\t\t<\/div>\n\t\t\t\t\t\t<\/div>\n\t\t\t\t\t<\/div>\n\t\t<\/div>\n\t\t\t\t<div class=\"elementor-column elementor-col-50 elementor-inner-column elementor-element elementor-element-95d2fc3\" data-id=\"95d2fc3\" data-element_type=\"column\">\n\t\t\t<div class=\"elementor-column-wrap elementor-element-populated\">\n\t\t\t\t\t\t\t<div class=\"elementor-widget-wrap\">\n\t\t\t\t\t\t<div class=\"elementor-element elementor-element-f5e2219 elementor-widget elementor-widget-text-editor\" data-id=\"f5e2219\" data-element_type=\"widget\" data-widget_type=\"text-editor.default\">\n\t\t\t\t<div class=\"elementor-widget-container\">\n\t\t\t\t\t\t\t\t<div class=\"elementor-text-editor elementor-clearfix\">\n\t\t\t\t<p>Florian Pig\u00e9 est dipl\u00f4m\u00e9 de l&#8217;\u00e9cole Emile Cohl (Lyon) o\u00f9 il d\u00e9veloppe sa passion pour la litt\u00e9rature jeunesse.<\/p><p>D&#8217;abord illustrateur, il s&#8217;attache dans sa cr\u00e9ation visuelle \u00e0 la simplification des formes. Publi\u00e9 depuis 2015 aux \u00e9ditions HongFei o\u00f9 para\u00eet son premier album Tout l\u00e0-haut, suivi de Chut ! et de Le secret du loup en 2017, il s&#8217;engage avec Si petit et Si gourmand sur la voie de projets qu&#8217;il signe comme auteur-illustrateur.<\/p>\t\t\t\t\t<\/div>\n\t\t\t\t\t\t<\/div>\n\t\t\t\t<\/div>\n\t\t\t\t\t\t<\/div>\n\t\t\t\t\t<\/div>\n\t\t<\/div>\n\t\t\t\t\t\t\t\t<\/div>\n\t\t\t\t\t<\/div>\n\t\t<\/section>\n\t\t\t\t<section class=\"elementor-section elementor-inner-section elementor-element elementor-element-69e37a1 elementor-section-boxed elementor-section-height-default elementor-section-height-default\" data-id=\"69e37a1\" data-element_type=\"section\">\n\t\t\t\t\t\t<div class=\"elementor-container elementor-column-gap-default\">\n\t\t\t\t\t\t\t<div class=\"elementor-row\">\n\t\t\t\t\t<div class=\"elementor-column elementor-col-50 elementor-inner-column elementor-element elementor-element-e27c66f\" data-id=\"e27c66f\" data-element_type=\"column\">\n\t\t\t<div class=\"elementor-column-wrap\">\n\t\t\t\t\t\t\t<div class=\"elementor-widget-wrap\">\n\t\t\t\t\t\t\t\t<\/div>\n\t\t\t\t\t<\/div>\n\t\t<\/div>\n\t\t\t\t<div class=\"elementor-column elementor-col-50 elementor-inner-column elementor-element elementor-element-1b32772\" data-id=\"1b32772\" data-element_type=\"column\">\n\t\t\t<div class=\"elementor-column-wrap elementor-element-populated\">\n\t\t\t\t\t\t\t<div class=\"elementor-widget-wrap\">\n\t\t\t\t\t\t<div class=\"elementor-element elementor-element-14fda1d elementor-align-left elementor-widget elementor-widget-button\" data-id=\"14fda1d\" data-element_type=\"widget\" data-widget_type=\"button.default\">\n\t\t\t\t<div class=\"elementor-widget-container\">\n\t\t\t\t\t<div class=\"elementor-button-wrapper\">\n\t\t\t<a href=\"https:\/\/www.ricochet-jeunes.org\/auteurs\/bibliographie\/333424\" class=\"elementor-button-link elementor-button elementor-size-sm\" role=\"button\">\n\t\t\t\t\t\t<span class=\"elementor-button-content-wrapper\">\n\t\t\t\t\t\t<span class=\"elementor-button-text\">En savoir plus<\/span>\n\t\t<\/span>\n\t\t\t\t\t<\/a>\n\t\t<\/div>\n\t\t\t\t<\/div>\n\t\t\t\t<\/div>\n\t\t\t\t\t\t<\/div>\n\t\t\t\t\t<\/div>\n\t\t<\/div>\n\t\t\t\t\t\t\t\t<\/div>\n\t\t\t\t\t<\/div>\n\t\t<\/section>\n\t\t\t\t\t\t<\/div>\n\t\t\t\t\t<\/div>\n\t\t<\/div>\n\t\t\t\t<div class=\"elementor-column elementor-col-33 elementor-top-column elementor-element elementor-element-cc4c018\" data-id=\"cc4c018\" data-element_type=\"column\">\n\t\t\t<div class=\"elementor-column-wrap\">\n\t\t\t\t\t\t\t<div class=\"elementor-widget-wrap\">\n\t\t\t\t\t\t\t\t<\/div>\n\t\t\t\t\t<\/div>\n\t\t<\/div>\n\t\t\t\t\t\t\t\t<\/div>\n\t\t\t\t\t<\/div>\n\t\t<\/section>\n\t\t\t\t<section class=\"elementor-section elementor-top-section elementor-element elementor-element-728b271 elementor-section-boxed elementor-section-height-default elementor-section-height-default\" data-id=\"728b271\" data-element_type=\"section\">\n\t\t\t\t\t\t<div class=\"elementor-container elementor-column-gap-default\">\n\t\t\t\t\t\t\t<div class=\"elementor-row\">\n\t\t\t\t\t<div class=\"elementor-column elementor-col-100 elementor-top-column elementor-element elementor-element-724fb66\" data-id=\"724fb66\" data-element_type=\"column\">\n\t\t\t<div class=\"elementor-column-wrap elementor-element-populated\">\n\t\t\t\t\t\t\t<div class=\"elementor-widget-wrap\">\n\t\t\t\t\t\t<div class=\"elementor-element elementor-element-f32a8fe elementor-widget elementor-widget-spacer\" data-id=\"f32a8fe\" data-element_type=\"widget\" data-widget_type=\"spacer.default\">\n\t\t\t\t<div class=\"elementor-widget-container\">\n\t\t\t\t\t<div class=\"elementor-spacer\">\n\t\t\t<div class=\"elementor-spacer-inner\"><\/div>\n\t\t<\/div>\n\t\t\t\t<\/div>\n\t\t\t\t<\/div>\n\t\t\t\t\t\t<\/div>\n\t\t\t\t\t<\/div>\n\t\t<\/div>\n\t\t\t\t\t\t\t\t<\/div>\n\t\t\t\t\t<\/div>\n\t\t<\/section>\n\t\t\t\t\t\t\t\t\t<\/div>\n\t\t\t<\/div>\n\t\t\t\t\t<\/div>\n\t\t","protected":false},"excerpt":{"rendered":"<p>Florian Pig\u00e9 Florian Pig\u00e9 est dipl\u00f4m\u00e9 de l&#8217;\u00e9cole Emile Cohl (Lyon) o\u00f9 il d\u00e9veloppe sa passion pour la litt\u00e9rature jeunesse. D&#8217;abord illustrateur, il s&#8217;attache dans sa cr\u00e9ation visuelle \u00e0 la simplification des formes. Publi\u00e9 depuis 2015 aux \u00e9ditions HongFei o\u00f9 para\u00eet son premier album Tout l\u00e0-haut, suivi de Chut ! et de Le secret du &hellip;<\/p>\n<p class=\"read-more\"> <a class=\"\" href=\"https:\/\/festival-livre-jeunesse.fr\/2022\/florian-pige\/\"> <span class=\"screen-reader-text\">Florian PIGE<\/span> Lire la suite\u00a0\u00bb<\/a><\/p>\n","protected":false},"author":1,"featured_media":0,"parent":0,"menu_order":0,"comment_status":"closed","ping_status":"closed","template":"","meta":{"site-sidebar-layout":"no-sidebar","site-content-layout":"page-builder","ast-global-header-display":"","ast-main-header-display":"","ast-hfb-above-header-display":"","ast-hfb-below-header-display":"","ast-hfb-mobile-header-display":"","site-post-title":"disabled","ast-breadcrumbs-content":"","ast-featured-img":"disabled","footer-sml-layout":"","theme-transparent-header-meta":"default","adv-header-id-meta":"","stick-header-meta":"","header-above-stick-meta":"","header-main-stick-meta":"","header-below-stick-meta":""},"_links":{"self":[{"href":"https:\/\/festival-livre-jeunesse.fr\/2022\/wp-json\/wp\/v2\/pages\/4724"}],"collection":[{"href":"https:\/\/festival-livre-jeunesse.fr\/2022\/wp-json\/wp\/v2\/pages"}],"about":[{"href":"https:\/\/festival-livre-jeunesse.fr\/2022\/wp-json\/wp\/v2\/types\/page"}],"author":[{"embeddable":true,"href":"https:\/\/festival-livre-jeunesse.fr\/2022\/wp-json\/wp\/v2\/users\/1"}],"replies":[{"embeddable":true,"href":"https:\/\/festival-livre-jeunesse.fr\/2022\/wp-json\/wp\/v2\/comments?post=4724"}],"version-history":[{"count":28,"href":"https:\/\/festival-livre-jeunesse.fr\/2022\/wp-json\/wp\/v2\/pages\/4724\/revisions"}],"predecessor-version":[{"id":7021,"href":"https:\/\/festival-livre-jeunesse.fr\/2022\/wp-json\/wp\/v2\/pages\/4724\/revisions\/7021"}],"wp:attachment":[{"href":"https:\/\/festival-livre-jeunesse.fr\/2022\/wp-json\/wp\/v2\/media?parent=4724"}],"curies":[{"name":"wp","href":"https:\/\/api.w.org\/{rel}","templated":true}]}}