{"id":5088,"date":"2021-09-21T09:53:41","date_gmt":"2021-09-21T07:53:41","guid":{"rendered":"https:\/\/festival-livre-jeunesse.fr\/2022\/?page_id=5088"},"modified":"2021-09-21T11:13:18","modified_gmt":"2021-09-21T09:13:18","slug":"prix-des-ados-2022","status":"publish","type":"page","link":"https:\/\/festival-livre-jeunesse.fr\/2022\/prix-des-ados-2022\/","title":{"rendered":"Prix des ados 2022"},"content":{"rendered":"\t\t<div data-elementor-type=\"wp-page\" data-elementor-id=\"5088\" class=\"elementor elementor-5088\">\n\t\t\t\t\t\t<div class=\"elementor-inner\">\n\t\t\t\t<div class=\"elementor-section-wrap\">\n\t\t\t\t\t\t\t\t\t<section class=\"elementor-section elementor-top-section elementor-element elementor-element-2f6df85 elementor-section-boxed elementor-section-height-default elementor-section-height-default\" data-id=\"2f6df85\" data-element_type=\"section\">\n\t\t\t\t\t\t<div class=\"elementor-container elementor-column-gap-default\">\n\t\t\t\t\t\t\t<div class=\"elementor-row\">\n\t\t\t\t\t<div class=\"elementor-column elementor-col-100 elementor-top-column elementor-element elementor-element-873fa73\" data-id=\"873fa73\" data-element_type=\"column\">\n\t\t\t<div class=\"elementor-column-wrap elementor-element-populated\">\n\t\t\t\t\t\t\t<div class=\"elementor-widget-wrap\">\n\t\t\t\t\t\t<div class=\"elementor-element elementor-element-c4f772d elementor-widget elementor-widget-spacer\" data-id=\"c4f772d\" data-element_type=\"widget\" data-widget_type=\"spacer.default\">\n\t\t\t\t<div class=\"elementor-widget-container\">\n\t\t\t\t\t<div class=\"elementor-spacer\">\n\t\t\t<div class=\"elementor-spacer-inner\"><\/div>\n\t\t<\/div>\n\t\t\t\t<\/div>\n\t\t\t\t<\/div>\n\t\t\t\t\t\t<\/div>\n\t\t\t\t\t<\/div>\n\t\t<\/div>\n\t\t\t\t\t\t\t\t<\/div>\n\t\t\t\t\t<\/div>\n\t\t<\/section>\n\t\t\t\t<section class=\"elementor-section elementor-top-section elementor-element elementor-element-9d6cefe elementor-section-boxed elementor-section-height-default elementor-section-height-default\" data-id=\"9d6cefe\" data-element_type=\"section\">\n\t\t\t\t\t\t<div class=\"elementor-container elementor-column-gap-default\">\n\t\t\t\t\t\t\t<div class=\"elementor-row\">\n\t\t\t\t\t<div class=\"elementor-column elementor-col-50 elementor-top-column elementor-element elementor-element-cb8872f\" data-id=\"cb8872f\" data-element_type=\"column\">\n\t\t\t<div class=\"elementor-column-wrap elementor-element-populated\">\n\t\t\t\t\t\t\t<div class=\"elementor-widget-wrap\">\n\t\t\t\t\t\t<div class=\"elementor-element elementor-element-7ee6e18 elementor-widget elementor-widget-heading\" data-id=\"7ee6e18\" data-element_type=\"widget\" data-widget_type=\"heading.default\">\n\t\t\t\t<div class=\"elementor-widget-container\">\n\t\t\t<h2 class=\"elementor-heading-title elementor-size-default\">S\u00e9lection Prix des ados 2022<\/h2>\t\t<\/div>\n\t\t\t\t<\/div>\n\t\t\t\t\t\t<\/div>\n\t\t\t\t\t<\/div>\n\t\t<\/div>\n\t\t\t\t<div class=\"elementor-column elementor-col-50 elementor-top-column elementor-element elementor-element-ea70d13\" data-id=\"ea70d13\" data-element_type=\"column\">\n\t\t\t<div class=\"elementor-column-wrap elementor-element-populated\">\n\t\t\t\t\t\t\t<div class=\"elementor-widget-wrap\">\n\t\t\t\t\t\t<div class=\"elementor-element elementor-element-112e666 elementor-widget elementor-widget-text-editor\" data-id=\"112e666\" data-element_type=\"widget\" data-widget_type=\"text-editor.default\">\n\t\t\t\t<div class=\"elementor-widget-container\">\n\t\t\t\t\t\t\t\t<div class=\"elementor-text-editor elementor-clearfix\">\n\t\t\t\t<p>Le jury du Prix des Ados est exclusivement compos\u00e9 de jeunes de 14 \u00e0 16 ans (coll\u00e9giens et lyc\u00e9ens). Encadr\u00e9s par des documentalistes du lyc\u00e9e et des coll\u00e8ges de Saint-Orens de Gameville et deux biblioth\u00e9caires, ils se r\u00e9uniront r\u00e9guli\u00e8rement pour discuter, \u00e9changer et critiquer les ouvrages en s\u00e9lection. Cette s\u00e9lection a \u00e9t\u00e9 r\u00e9alis\u00e9e par l\u2019association FLJ, organisatrice du festival, les documentalistes et les biblioth\u00e9caires de Saint-Orens de Gameville.<\/p>\t\t\t\t\t<\/div>\n\t\t\t\t\t\t<\/div>\n\t\t\t\t<\/div>\n\t\t\t\t\t\t<\/div>\n\t\t\t\t\t<\/div>\n\t\t<\/div>\n\t\t\t\t\t\t\t\t<\/div>\n\t\t\t\t\t<\/div>\n\t\t<\/section>\n\t\t\t\t<section class=\"elementor-section elementor-top-section elementor-element elementor-element-6176a86 elementor-section-boxed elementor-section-height-default elementor-section-height-default\" data-id=\"6176a86\" data-element_type=\"section\">\n\t\t\t\t\t\t<div class=\"elementor-container elementor-column-gap-default\">\n\t\t\t\t\t\t\t<div class=\"elementor-row\">\n\t\t\t\t\t<div class=\"elementor-column elementor-col-25 elementor-top-column elementor-element elementor-element-532cd06\" data-id=\"532cd06\" data-element_type=\"column\">\n\t\t\t<div class=\"elementor-column-wrap elementor-element-populated\">\n\t\t\t\t\t\t\t<div class=\"elementor-widget-wrap\">\n\t\t\t\t\t\t<div class=\"elementor-element elementor-element-b29493f elementor-position-top elementor-vertical-align-top elementor-widget elementor-widget-image-box\" data-id=\"b29493f\" data-element_type=\"widget\" data-widget_type=\"image-box.default\">\n\t\t\t\t<div class=\"elementor-widget-container\">\n\t\t\t<div class=\"elementor-image-box-wrapper\"><figure class=\"elementor-image-box-img\"><a href=\"https:\/\/site.nathan.fr\/livres\/court-toujours-miettes-humour-decale-roman-ado-9782092493014.html#read-more\"><img width=\"400\" height=\"600\" src=\"https:\/\/festival-livre-jeunesse.fr\/2022\/wp-content\/uploads\/2021\/09\/miettes.jpg\" class=\"elementor-animation-pulse-shrink attachment-full size-full\" alt=\"\" loading=\"lazy\" \/><\/a><\/figure><div class=\"elementor-image-box-content\"><h5 class=\"elementor-image-box-title\"><a href=\"https:\/\/site.nathan.fr\/livres\/court-toujours-miettes-humour-decale-roman-ado-9782092493014.html#read-more\">\"Miettes (Humour d\u00e9cal\u00e9)\", <br>St\u00e9phane Servant<br>\u00e9ditions Nathan<\/a><\/h5><p class=\"elementor-image-box-description\">\u00ab Au milieu de la cour, dans les couloirs du lyc\u00e9e, \u00e0 l\u2019arr\u00eat de bus, c\u2019est \u00e0 qui sera le plus viril. Moi \u00e9videmment, avec mes bras comme des bretzels et mes livres, je suis hors circuit. \u00bb<\/p><\/div><\/div>\t\t<\/div>\n\t\t\t\t<\/div>\n\t\t\t\t\t\t<\/div>\n\t\t\t\t\t<\/div>\n\t\t<\/div>\n\t\t\t\t<div class=\"elementor-column elementor-col-25 elementor-top-column elementor-element elementor-element-a7314d9\" data-id=\"a7314d9\" data-element_type=\"column\">\n\t\t\t<div class=\"elementor-column-wrap elementor-element-populated\">\n\t\t\t\t\t\t\t<div class=\"elementor-widget-wrap\">\n\t\t\t\t\t\t<div class=\"elementor-element elementor-element-e883b29 elementor-position-top elementor-vertical-align-top elementor-widget elementor-widget-image-box\" data-id=\"e883b29\" data-element_type=\"widget\" data-widget_type=\"image-box.default\">\n\t\t\t\t<div class=\"elementor-widget-container\">\n\t\t\t<div class=\"elementor-image-box-wrapper\"><figure class=\"elementor-image-box-img\"><a href=\"https:\/\/www.rageot.fr\/livre\/guilty-laffaire-diego-abrio-9782700276497\"><img width=\"600\" height=\"869\" src=\"https:\/\/festival-livre-jeunesse.fr\/2022\/wp-content\/uploads\/2021\/09\/guilty.jpeg\" class=\"elementor-animation-pulse-shrink attachment-full size-full\" alt=\"\" loading=\"lazy\" \/><\/a><\/figure><div class=\"elementor-image-box-content\"><h5 class=\"elementor-image-box-title\"><a href=\"https:\/\/www.rageot.fr\/livre\/guilty-laffaire-diego-abrio-9782700276497\">\"Guilty #L'affaire Diego Abrio\", <br>Jean-Christophe Tixier,<br>\u00e9ditions Rageot<\/a><\/h5><p class=\"elementor-image-box-description\">Diego Abrio, 22 ans, purge sa peine de prison pour homicide volontaire.\nPourtant il va \u00eatre rel\u00e2ch\u00e9.\nSera-t-il libre ? Non  !\nLe peuple aura le droit de le tuer, ou de le prot\u00e9ger dans sa fuite.<\/p><\/div><\/div>\t\t<\/div>\n\t\t\t\t<\/div>\n\t\t\t\t\t\t<\/div>\n\t\t\t\t\t<\/div>\n\t\t<\/div>\n\t\t\t\t<div class=\"elementor-column elementor-col-25 elementor-top-column elementor-element elementor-element-cea6abf\" data-id=\"cea6abf\" data-element_type=\"column\">\n\t\t\t<div class=\"elementor-column-wrap elementor-element-populated\">\n\t\t\t\t\t\t\t<div class=\"elementor-widget-wrap\">\n\t\t\t\t\t\t<div class=\"elementor-element elementor-element-736ebfb elementor-position-top elementor-vertical-align-top elementor-widget elementor-widget-image-box\" data-id=\"736ebfb\" data-element_type=\"widget\" data-widget_type=\"image-box.default\">\n\t\t\t\t<div class=\"elementor-widget-container\">\n\t\t\t<div class=\"elementor-image-box-wrapper\"><figure class=\"elementor-image-box-img\"><a href=\"https:\/\/actes-sud-junior.fr\/9782330145217-l-jo-witek-j-ai-14-ans-et-ce-n-est-pas-une-bonne-nouvelle.htm\"><img width=\"574\" height=\"914\" src=\"https:\/\/festival-livre-jeunesse.fr\/2022\/wp-content\/uploads\/2021\/09\/9782330145217_574x914.jpg\" class=\"elementor-animation-pulse-shrink attachment-full size-full\" alt=\"\" loading=\"lazy\" \/><\/a><\/figure><div class=\"elementor-image-box-content\"><h5 class=\"elementor-image-box-title\"><a href=\"https:\/\/actes-sud-junior.fr\/9782330145217-l-jo-witek-j-ai-14-ans-et-ce-n-est-pas-une-bonne-nouvelle.htm\">\"J'ai 14 ans et ce n'est pas une bonne nouvelle\", <br>Jo Witek,<br>\u00e9ditions Actes sud junior<\/a><\/h5><p class=\"elementor-image-box-description\">En rentrant du coll\u00e8ge pour les vacances scolaires, Efi est convaincue qu\u2019elle est une ado comme les autres et qu\u2019\u00e0 quatorze ans le monde lui appartient. Elle regagne son village, fi\u00e8re d\u2019un bulletin de notes exemplaire. Mais cela ne compte plus pour les siens.<\/p><\/div><\/div>\t\t<\/div>\n\t\t\t\t<\/div>\n\t\t\t\t\t\t<\/div>\n\t\t\t\t\t<\/div>\n\t\t<\/div>\n\t\t\t\t<div class=\"elementor-column elementor-col-25 elementor-top-column elementor-element elementor-element-5e86642\" data-id=\"5e86642\" data-element_type=\"column\">\n\t\t\t<div class=\"elementor-column-wrap elementor-element-populated\">\n\t\t\t\t\t\t\t<div class=\"elementor-widget-wrap\">\n\t\t\t\t\t\t<div class=\"elementor-element elementor-element-c362cd0 elementor-position-top elementor-vertical-align-top elementor-widget elementor-widget-image-box\" data-id=\"c362cd0\" data-element_type=\"widget\" data-widget_type=\"image-box.default\">\n\t\t\t\t<div class=\"elementor-widget-container\">\n\t\t\t<div class=\"elementor-image-box-wrapper\"><figure class=\"elementor-image-box-img\"><a href=\"https:\/\/www.editions-thierry-magnier.com\/\"><img width=\"1400\" height=\"2199\" src=\"https:\/\/festival-livre-jeunesse.fr\/2022\/wp-content\/uploads\/2021\/09\/6c826865-ba34-40e9-8d2b-322a8df67f5d.jpg\" class=\"elementor-animation-pulse-shrink attachment-full size-full\" alt=\"\" loading=\"lazy\" \/><\/a><\/figure><div class=\"elementor-image-box-content\"><h5 class=\"elementor-image-box-title\"><a href=\"https:\/\/www.editions-thierry-magnier.com\/\">\"Jeanne, Dieu, le diable et les autres\",<br>Herv\u00e9 Giraud,<br>\u00e9ditions Thierry Magnier<\/a><\/h5><p class=\"elementor-image-box-description\">Alors qu\u2019on l\u2019a d\u00e9j\u00e0 \u00e9loign\u00e9e de force de son amoureux et emprisonn\u00e9e dans un couvent, Jeanne est s\u00e9par\u00e9e de l\u2019enfant qu\u2019elle vient de mettre au monde. \u00c7a ne se passera pas comme \u00e7a. <\/p><\/div><\/div>\t\t<\/div>\n\t\t\t\t<\/div>\n\t\t\t\t\t\t<\/div>\n\t\t\t\t\t<\/div>\n\t\t<\/div>\n\t\t\t\t\t\t\t\t<\/div>\n\t\t\t\t\t<\/div>\n\t\t<\/section>\n\t\t\t\t<section class=\"elementor-section elementor-top-section elementor-element elementor-element-3f2c6c3 elementor-section-boxed elementor-section-height-default elementor-section-height-default\" data-id=\"3f2c6c3\" data-element_type=\"section\">\n\t\t\t\t\t\t<div class=\"elementor-container elementor-column-gap-default\">\n\t\t\t\t\t\t\t<div class=\"elementor-row\">\n\t\t\t\t\t<div class=\"elementor-column elementor-col-100 elementor-top-column elementor-element elementor-element-021819c\" data-id=\"021819c\" data-element_type=\"column\">\n\t\t\t<div class=\"elementor-column-wrap elementor-element-populated\">\n\t\t\t\t\t\t\t<div class=\"elementor-widget-wrap\">\n\t\t\t\t\t\t<div class=\"elementor-element elementor-element-6e7078a elementor-widget elementor-widget-spacer\" data-id=\"6e7078a\" data-element_type=\"widget\" data-widget_type=\"spacer.default\">\n\t\t\t\t<div class=\"elementor-widget-container\">\n\t\t\t\t\t<div class=\"elementor-spacer\">\n\t\t\t<div class=\"elementor-spacer-inner\"><\/div>\n\t\t<\/div>\n\t\t\t\t<\/div>\n\t\t\t\t<\/div>\n\t\t\t\t\t\t<\/div>\n\t\t\t\t\t<\/div>\n\t\t<\/div>\n\t\t\t\t\t\t\t\t<\/div>\n\t\t\t\t\t<\/div>\n\t\t<\/section>\n\t\t\t\t\t\t\t\t\t<\/div>\n\t\t\t<\/div>\n\t\t\t\t\t<\/div>\n\t\t","protected":false},"excerpt":{"rendered":"<p>S\u00e9lection Prix des ados 2022 Le jury du Prix des Ados est exclusivement compos\u00e9 de jeunes de 14 \u00e0 16 ans (coll\u00e9giens et lyc\u00e9ens). Encadr\u00e9s par des documentalistes du lyc\u00e9e et des coll\u00e8ges de Saint-Orens de Gameville et deux biblioth\u00e9caires, ils se r\u00e9uniront r\u00e9guli\u00e8rement pour discuter, \u00e9changer et critiquer les ouvrages en s\u00e9lection. Cette s\u00e9lection &hellip;<\/p>\n<p class=\"read-more\"> <a class=\"\" href=\"https:\/\/festival-livre-jeunesse.fr\/2022\/prix-des-ados-2022\/\"> <span class=\"screen-reader-text\">Prix des ados 2022<\/span> Lire la suite\u00a0\u00bb<\/a><\/p>\n","protected":false},"author":2,"featured_media":0,"parent":0,"menu_order":0,"comment_status":"closed","ping_status":"closed","template":"","meta":{"site-sidebar-layout":"no-sidebar","site-content-layout":"page-builder","ast-global-header-display":"","ast-main-header-display":"","ast-hfb-above-header-display":"","ast-hfb-below-header-display":"","ast-hfb-mobile-header-display":"","site-post-title":"disabled","ast-breadcrumbs-content":"","ast-featured-img":"disabled","footer-sml-layout":"","theme-transparent-header-meta":"default","adv-header-id-meta":"","stick-header-meta":"","header-above-stick-meta":"","header-main-stick-meta":"","header-below-stick-meta":""},"_links":{"self":[{"href":"https:\/\/festival-livre-jeunesse.fr\/2022\/wp-json\/wp\/v2\/pages\/5088"}],"collection":[{"href":"https:\/\/festival-livre-jeunesse.fr\/2022\/wp-json\/wp\/v2\/pages"}],"about":[{"href":"https:\/\/festival-livre-jeunesse.fr\/2022\/wp-json\/wp\/v2\/types\/page"}],"author":[{"embeddable":true,"href":"https:\/\/festival-livre-jeunesse.fr\/2022\/wp-json\/wp\/v2\/users\/2"}],"replies":[{"embeddable":true,"href":"https:\/\/festival-livre-jeunesse.fr\/2022\/wp-json\/wp\/v2\/comments?post=5088"}],"version-history":[{"count":31,"href":"https:\/\/festival-livre-jeunesse.fr\/2022\/wp-json\/wp\/v2\/pages\/5088\/revisions"}],"predecessor-version":[{"id":5143,"href":"https:\/\/festival-livre-jeunesse.fr\/2022\/wp-json\/wp\/v2\/pages\/5088\/revisions\/5143"}],"wp:attachment":[{"href":"https:\/\/festival-livre-jeunesse.fr\/2022\/wp-json\/wp\/v2\/media?parent=5088"}],"curies":[{"name":"wp","href":"https:\/\/api.w.org\/{rel}","templated":true}]}}