{"id":5341,"date":"2021-11-15T11:47:30","date_gmt":"2021-11-15T10:47:30","guid":{"rendered":"https:\/\/festival-livre-jeunesse.fr\/2022\/?page_id=5341"},"modified":"2021-12-08T10:12:28","modified_gmt":"2021-12-08T09:12:28","slug":"cecile-benoist","status":"publish","type":"page","link":"https:\/\/festival-livre-jeunesse.fr\/2022\/cecile-benoist\/","title":{"rendered":"C\u00e9cile Benoist"},"content":{"rendered":"\t\t<div data-elementor-type=\"wp-page\" data-elementor-id=\"5341\" class=\"elementor elementor-5341\">\n\t\t\t\t\t\t<div class=\"elementor-inner\">\n\t\t\t\t<div class=\"elementor-section-wrap\">\n\t\t\t\t\t\t\t\t\t<section class=\"elementor-section elementor-top-section elementor-element elementor-element-de7b4e7 elementor-section-boxed elementor-section-height-default elementor-section-height-default\" data-id=\"de7b4e7\" data-element_type=\"section\">\n\t\t\t\t\t\t<div class=\"elementor-container elementor-column-gap-default\">\n\t\t\t\t\t\t\t<div class=\"elementor-row\">\n\t\t\t\t\t<div class=\"elementor-column elementor-col-100 elementor-top-column elementor-element elementor-element-6873c06\" data-id=\"6873c06\" data-element_type=\"column\">\n\t\t\t<div class=\"elementor-column-wrap elementor-element-populated\">\n\t\t\t\t\t\t\t<div class=\"elementor-widget-wrap\">\n\t\t\t\t\t\t<div class=\"elementor-element elementor-element-37ae210 elementor-widget elementor-widget-spacer\" data-id=\"37ae210\" data-element_type=\"widget\" data-widget_type=\"spacer.default\">\n\t\t\t\t<div class=\"elementor-widget-container\">\n\t\t\t\t\t<div class=\"elementor-spacer\">\n\t\t\t<div class=\"elementor-spacer-inner\"><\/div>\n\t\t<\/div>\n\t\t\t\t<\/div>\n\t\t\t\t<\/div>\n\t\t\t\t\t\t<\/div>\n\t\t\t\t\t<\/div>\n\t\t<\/div>\n\t\t\t\t\t\t\t\t<\/div>\n\t\t\t\t\t<\/div>\n\t\t<\/section>\n\t\t\t\t<section class=\"elementor-section elementor-top-section elementor-element elementor-element-561ebb2 elementor-section-boxed elementor-section-height-default elementor-section-height-default\" data-id=\"561ebb2\" data-element_type=\"section\">\n\t\t\t\t\t\t<div class=\"elementor-container elementor-column-gap-default\">\n\t\t\t\t\t\t\t<div class=\"elementor-row\">\n\t\t\t\t\t<div class=\"elementor-column elementor-col-33 elementor-top-column elementor-element elementor-element-b884b5b\" data-id=\"b884b5b\" data-element_type=\"column\">\n\t\t\t<div class=\"elementor-column-wrap\">\n\t\t\t\t\t\t\t<div class=\"elementor-widget-wrap\">\n\t\t\t\t\t\t\t\t<\/div>\n\t\t\t\t\t<\/div>\n\t\t<\/div>\n\t\t\t\t<div class=\"elementor-column elementor-col-33 elementor-top-column elementor-element elementor-element-4b5a734\" data-id=\"4b5a734\" data-element_type=\"column\" data-settings=\"{&quot;background_background&quot;:&quot;classic&quot;}\">\n\t\t\t<div class=\"elementor-column-wrap elementor-element-populated\">\n\t\t\t\t\t\t\t<div class=\"elementor-widget-wrap\">\n\t\t\t\t\t\t<div class=\"elementor-element elementor-element-ecbd047 elementor-widget elementor-widget-heading\" data-id=\"ecbd047\" data-element_type=\"widget\" data-widget_type=\"heading.default\">\n\t\t\t\t<div class=\"elementor-widget-container\">\n\t\t\t<h1 class=\"elementor-heading-title elementor-size-xl\">C\u00e9cile BENOIST<\/h1>\t\t<\/div>\n\t\t\t\t<\/div>\n\t\t\t\t<section class=\"elementor-section elementor-inner-section elementor-element elementor-element-b90f033 elementor-section-boxed elementor-section-height-default elementor-section-height-default\" data-id=\"b90f033\" data-element_type=\"section\">\n\t\t\t\t\t\t<div class=\"elementor-container elementor-column-gap-default\">\n\t\t\t\t\t\t\t<div class=\"elementor-row\">\n\t\t\t\t\t<div class=\"elementor-column elementor-col-50 elementor-inner-column elementor-element elementor-element-4c2a493\" data-id=\"4c2a493\" data-element_type=\"column\">\n\t\t\t<div class=\"elementor-column-wrap elementor-element-populated\">\n\t\t\t\t\t\t\t<div class=\"elementor-widget-wrap\">\n\t\t\t\t\t\t<div class=\"elementor-element elementor-element-032179b elementor-widget elementor-widget-image\" data-id=\"032179b\" data-element_type=\"widget\" data-widget_type=\"image.default\">\n\t\t\t\t<div class=\"elementor-widget-container\">\n\t\t\t\t\t\t\t\t<div class=\"elementor-image\">\n\t\t\t\t\t\t\t\t\t\t\t\t\t<a href=\"https:\/\/litteraturesauvage.wordpress.com\/\">\n\t\t\t\t\t\t\t<img width=\"2560\" height=\"2218\" src=\"https:\/\/festival-livre-jeunesse.fr\/2022\/wp-content\/uploads\/2021\/11\/Cecile-Benoist.jpg\" class=\"attachment-full size-full\" alt=\"\" loading=\"lazy\" srcset=\"https:\/\/festival-livre-jeunesse.fr\/2022\/wp-content\/uploads\/2021\/11\/Cecile-Benoist.jpg 2560w, https:\/\/festival-livre-jeunesse.fr\/2022\/wp-content\/uploads\/2021\/11\/Cecile-Benoist-300x260.jpg 300w, https:\/\/festival-livre-jeunesse.fr\/2022\/wp-content\/uploads\/2021\/11\/Cecile-Benoist-1024x887.jpg 1024w, https:\/\/festival-livre-jeunesse.fr\/2022\/wp-content\/uploads\/2021\/11\/Cecile-Benoist-768x665.jpg 768w, https:\/\/festival-livre-jeunesse.fr\/2022\/wp-content\/uploads\/2021\/11\/Cecile-Benoist-1536x1331.jpg 1536w, https:\/\/festival-livre-jeunesse.fr\/2022\/wp-content\/uploads\/2021\/11\/Cecile-Benoist-2048x1774.jpg 2048w\" sizes=\"(max-width: 2560px) 100vw, 2560px\" \/>\t\t\t\t\t\t\t\t<\/a>\n\t\t\t\t\t\t\t\t\t\t\t\t\t\t<\/div>\n\t\t\t\t\t\t<\/div>\n\t\t\t\t<\/div>\n\t\t\t\t\t\t<\/div>\n\t\t\t\t\t<\/div>\n\t\t<\/div>\n\t\t\t\t<div class=\"elementor-column elementor-col-50 elementor-inner-column elementor-element elementor-element-7f01609\" data-id=\"7f01609\" data-element_type=\"column\">\n\t\t\t<div class=\"elementor-column-wrap elementor-element-populated\">\n\t\t\t\t\t\t\t<div class=\"elementor-widget-wrap\">\n\t\t\t\t\t\t<div class=\"elementor-element elementor-element-747fe89 elementor-widget elementor-widget-text-editor\" data-id=\"747fe89\" data-element_type=\"widget\" data-widget_type=\"text-editor.default\">\n\t\t\t\t<div class=\"elementor-widget-container\">\n\t\t\t\t\t\t\t\t<div class=\"elementor-text-editor elementor-clearfix\">\n\t\t\t\t<p>Autrice et journaliste, C\u00e9cile Benoist \u00e9crit des livres, des articles pour la presse et des contenus web, principalement sur les relations entre les humains, les autres animaux et la nature, sur la soci\u00e9t\u00e9 et les cultures du monde, en s\u2019adressant aux enfants le plus souvent. Ses cr\u00e9ations personnelles sont ax\u00e9es sur les albums documentaires et les histoires vraies, mais elle \u00e9crit parfois de la fiction et r\u00e9pond \u00e0 des demandes vari\u00e9es. Sociologue de formation, elle a exerc\u00e9 plusieurs activit\u00e9s dans l\u2019\u00e9dition et la presse jeunesse. Elle vit \u00e0 Toulouse, avec une base secondaire au S\u00e9n\u00e9gal, et elle s\u2019\u00e9chappe dans d\u2019autres pays lorsque l\u2019occasion se pr\u00e9sente\u2026 &#8220;\u00c0 travers ses albums hybrides o\u00f9 se c\u00f4toient, se croisent, se r\u00e9pondent histoires vraies et l\u00e9gendes, C\u00e9cile Benoist raconte le monde dans sa grande diversit\u00e9, met en lumi\u00e8re, aussi, le lien intime qui unit tous les \u00eatres vivants entre eux.&#8221; (Association REEL)<\/p>\t\t\t\t\t<\/div>\n\t\t\t\t\t\t<\/div>\n\t\t\t\t<\/div>\n\t\t\t\t\t\t<\/div>\n\t\t\t\t\t<\/div>\n\t\t<\/div>\n\t\t\t\t\t\t\t\t<\/div>\n\t\t\t\t\t<\/div>\n\t\t<\/section>\n\t\t\t\t<section class=\"elementor-section elementor-inner-section elementor-element elementor-element-8fb4a11 elementor-section-boxed elementor-section-height-default elementor-section-height-default\" data-id=\"8fb4a11\" data-element_type=\"section\">\n\t\t\t\t\t\t<div class=\"elementor-container elementor-column-gap-default\">\n\t\t\t\t\t\t\t<div class=\"elementor-row\">\n\t\t\t\t\t<div class=\"elementor-column elementor-col-50 elementor-inner-column elementor-element elementor-element-8bbe02f\" data-id=\"8bbe02f\" data-element_type=\"column\">\n\t\t\t<div class=\"elementor-column-wrap\">\n\t\t\t\t\t\t\t<div class=\"elementor-widget-wrap\">\n\t\t\t\t\t\t\t\t<\/div>\n\t\t\t\t\t<\/div>\n\t\t<\/div>\n\t\t\t\t<div class=\"elementor-column elementor-col-50 elementor-inner-column elementor-element elementor-element-177bc82\" data-id=\"177bc82\" data-element_type=\"column\">\n\t\t\t<div class=\"elementor-column-wrap elementor-element-populated\">\n\t\t\t\t\t\t\t<div class=\"elementor-widget-wrap\">\n\t\t\t\t\t\t<div class=\"elementor-element elementor-element-f9d000c elementor-align-left elementor-widget elementor-widget-button\" data-id=\"f9d000c\" data-element_type=\"widget\" data-widget_type=\"button.default\">\n\t\t\t\t<div class=\"elementor-widget-container\">\n\t\t\t\t\t<div class=\"elementor-button-wrapper\">\n\t\t\t<a href=\"https:\/\/litteraturesauvage.wordpress.com\/author\/cecilebenoist\/\" class=\"elementor-button-link elementor-button elementor-size-sm\" role=\"button\">\n\t\t\t\t\t\t<span class=\"elementor-button-content-wrapper\">\n\t\t\t\t\t\t<span class=\"elementor-button-text\">En savoir plus<\/span>\n\t\t<\/span>\n\t\t\t\t\t<\/a>\n\t\t<\/div>\n\t\t\t\t<\/div>\n\t\t\t\t<\/div>\n\t\t\t\t\t\t<\/div>\n\t\t\t\t\t<\/div>\n\t\t<\/div>\n\t\t\t\t\t\t\t\t<\/div>\n\t\t\t\t\t<\/div>\n\t\t<\/section>\n\t\t\t\t\t\t<\/div>\n\t\t\t\t\t<\/div>\n\t\t<\/div>\n\t\t\t\t<div class=\"elementor-column elementor-col-33 elementor-top-column elementor-element elementor-element-029173d\" data-id=\"029173d\" data-element_type=\"column\">\n\t\t\t<div class=\"elementor-column-wrap\">\n\t\t\t\t\t\t\t<div class=\"elementor-widget-wrap\">\n\t\t\t\t\t\t\t\t<\/div>\n\t\t\t\t\t<\/div>\n\t\t<\/div>\n\t\t\t\t\t\t\t\t<\/div>\n\t\t\t\t\t<\/div>\n\t\t<\/section>\n\t\t\t\t<section class=\"elementor-section elementor-top-section elementor-element elementor-element-e9e23a5 elementor-section-boxed elementor-section-height-default elementor-section-height-default\" data-id=\"e9e23a5\" data-element_type=\"section\">\n\t\t\t\t\t\t<div class=\"elementor-container elementor-column-gap-default\">\n\t\t\t\t\t\t\t<div class=\"elementor-row\">\n\t\t\t\t\t<div class=\"elementor-column elementor-col-100 elementor-top-column elementor-element elementor-element-1e29a66\" data-id=\"1e29a66\" data-element_type=\"column\">\n\t\t\t<div class=\"elementor-column-wrap elementor-element-populated\">\n\t\t\t\t\t\t\t<div class=\"elementor-widget-wrap\">\n\t\t\t\t\t\t<div class=\"elementor-element elementor-element-1b1605d elementor-widget elementor-widget-spacer\" data-id=\"1b1605d\" data-element_type=\"widget\" data-widget_type=\"spacer.default\">\n\t\t\t\t<div class=\"elementor-widget-container\">\n\t\t\t\t\t<div class=\"elementor-spacer\">\n\t\t\t<div class=\"elementor-spacer-inner\"><\/div>\n\t\t<\/div>\n\t\t\t\t<\/div>\n\t\t\t\t<\/div>\n\t\t\t\t\t\t<\/div>\n\t\t\t\t\t<\/div>\n\t\t<\/div>\n\t\t\t\t\t\t\t\t<\/div>\n\t\t\t\t\t<\/div>\n\t\t<\/section>\n\t\t\t\t\t\t\t\t\t<\/div>\n\t\t\t<\/div>\n\t\t\t\t\t<\/div>\n\t\t","protected":false},"excerpt":{"rendered":"<p>C\u00e9cile BENOIST Autrice et journaliste, C\u00e9cile Benoist \u00e9crit des livres, des articles pour la presse et des contenus web, principalement sur les relations entre les humains, les autres animaux et la nature, sur la soci\u00e9t\u00e9 et les cultures du monde, en s\u2019adressant aux enfants le plus souvent. Ses cr\u00e9ations personnelles sont ax\u00e9es sur les albums &hellip;<\/p>\n<p class=\"read-more\"> <a class=\"\" href=\"https:\/\/festival-livre-jeunesse.fr\/2022\/cecile-benoist\/\"> <span class=\"screen-reader-text\">C\u00e9cile Benoist<\/span> Lire la suite\u00a0\u00bb<\/a><\/p>\n","protected":false},"author":1,"featured_media":0,"parent":0,"menu_order":0,"comment_status":"closed","ping_status":"closed","template":"","meta":{"site-sidebar-layout":"no-sidebar","site-content-layout":"page-builder","ast-global-header-display":"","ast-main-header-display":"","ast-hfb-above-header-display":"","ast-hfb-below-header-display":"","ast-hfb-mobile-header-display":"","site-post-title":"disabled","ast-breadcrumbs-content":"","ast-featured-img":"disabled","footer-sml-layout":"","theme-transparent-header-meta":"default","adv-header-id-meta":"","stick-header-meta":"","header-above-stick-meta":"","header-main-stick-meta":"","header-below-stick-meta":""},"_links":{"self":[{"href":"https:\/\/festival-livre-jeunesse.fr\/2022\/wp-json\/wp\/v2\/pages\/5341"}],"collection":[{"href":"https:\/\/festival-livre-jeunesse.fr\/2022\/wp-json\/wp\/v2\/pages"}],"about":[{"href":"https:\/\/festival-livre-jeunesse.fr\/2022\/wp-json\/wp\/v2\/types\/page"}],"author":[{"embeddable":true,"href":"https:\/\/festival-livre-jeunesse.fr\/2022\/wp-json\/wp\/v2\/users\/1"}],"replies":[{"embeddable":true,"href":"https:\/\/festival-livre-jeunesse.fr\/2022\/wp-json\/wp\/v2\/comments?post=5341"}],"version-history":[{"count":28,"href":"https:\/\/festival-livre-jeunesse.fr\/2022\/wp-json\/wp\/v2\/pages\/5341\/revisions"}],"predecessor-version":[{"id":6745,"href":"https:\/\/festival-livre-jeunesse.fr\/2022\/wp-json\/wp\/v2\/pages\/5341\/revisions\/6745"}],"wp:attachment":[{"href":"https:\/\/festival-livre-jeunesse.fr\/2022\/wp-json\/wp\/v2\/media?parent=5341"}],"curies":[{"name":"wp","href":"https:\/\/api.w.org\/{rel}","templated":true}]}}