{"id":6031,"date":"2021-11-26T18:58:02","date_gmt":"2021-11-26T17:58:02","guid":{"rendered":"https:\/\/festival-livre-jeunesse.fr\/2022\/?page_id=6031"},"modified":"2021-12-12T23:20:11","modified_gmt":"2021-12-12T22:20:11","slug":"manu-causse","status":"publish","type":"page","link":"https:\/\/festival-livre-jeunesse.fr\/2022\/manu-causse\/","title":{"rendered":"Manu Causse"},"content":{"rendered":"\t\t<div data-elementor-type=\"wp-page\" data-elementor-id=\"6031\" class=\"elementor elementor-6031\">\n\t\t\t\t\t\t<div class=\"elementor-inner\">\n\t\t\t\t<div class=\"elementor-section-wrap\">\n\t\t\t\t\t\t\t\t\t<section class=\"elementor-section elementor-top-section elementor-element elementor-element-f544b8b elementor-section-boxed elementor-section-height-default elementor-section-height-default\" data-id=\"f544b8b\" data-element_type=\"section\">\n\t\t\t\t\t\t<div class=\"elementor-container elementor-column-gap-default\">\n\t\t\t\t\t\t\t<div class=\"elementor-row\">\n\t\t\t\t\t<div class=\"elementor-column elementor-col-100 elementor-top-column elementor-element elementor-element-b01cc86\" data-id=\"b01cc86\" data-element_type=\"column\">\n\t\t\t<div class=\"elementor-column-wrap elementor-element-populated\">\n\t\t\t\t\t\t\t<div class=\"elementor-widget-wrap\">\n\t\t\t\t\t\t<div class=\"elementor-element elementor-element-2e24e0d elementor-widget elementor-widget-spacer\" data-id=\"2e24e0d\" data-element_type=\"widget\" data-widget_type=\"spacer.default\">\n\t\t\t\t<div class=\"elementor-widget-container\">\n\t\t\t\t\t<div class=\"elementor-spacer\">\n\t\t\t<div class=\"elementor-spacer-inner\"><\/div>\n\t\t<\/div>\n\t\t\t\t<\/div>\n\t\t\t\t<\/div>\n\t\t\t\t\t\t<\/div>\n\t\t\t\t\t<\/div>\n\t\t<\/div>\n\t\t\t\t\t\t\t\t<\/div>\n\t\t\t\t\t<\/div>\n\t\t<\/section>\n\t\t\t\t<section class=\"elementor-section elementor-top-section elementor-element elementor-element-4a578e7 elementor-section-boxed elementor-section-height-default elementor-section-height-default\" data-id=\"4a578e7\" data-element_type=\"section\">\n\t\t\t\t\t\t<div class=\"elementor-container elementor-column-gap-default\">\n\t\t\t\t\t\t\t<div class=\"elementor-row\">\n\t\t\t\t\t<div class=\"elementor-column elementor-col-33 elementor-top-column elementor-element elementor-element-0eb6ff0\" data-id=\"0eb6ff0\" data-element_type=\"column\">\n\t\t\t<div class=\"elementor-column-wrap\">\n\t\t\t\t\t\t\t<div class=\"elementor-widget-wrap\">\n\t\t\t\t\t\t\t\t<\/div>\n\t\t\t\t\t<\/div>\n\t\t<\/div>\n\t\t\t\t<div class=\"elementor-column elementor-col-33 elementor-top-column elementor-element elementor-element-03eb8e8\" data-id=\"03eb8e8\" data-element_type=\"column\" data-settings=\"{&quot;background_background&quot;:&quot;classic&quot;}\">\n\t\t\t<div class=\"elementor-column-wrap elementor-element-populated\">\n\t\t\t\t\t\t\t<div class=\"elementor-widget-wrap\">\n\t\t\t\t\t\t<div class=\"elementor-element elementor-element-5185dcb elementor-widget elementor-widget-heading\" data-id=\"5185dcb\" data-element_type=\"widget\" data-widget_type=\"heading.default\">\n\t\t\t\t<div class=\"elementor-widget-container\">\n\t\t\t<h1 class=\"elementor-heading-title elementor-size-xl\">Manu CAUSSE<\/h1>\t\t<\/div>\n\t\t\t\t<\/div>\n\t\t\t\t<section class=\"elementor-section elementor-inner-section elementor-element elementor-element-8593f3a elementor-section-boxed elementor-section-height-default elementor-section-height-default\" data-id=\"8593f3a\" data-element_type=\"section\">\n\t\t\t\t\t\t<div class=\"elementor-container elementor-column-gap-default\">\n\t\t\t\t\t\t\t<div class=\"elementor-row\">\n\t\t\t\t\t<div class=\"elementor-column elementor-col-50 elementor-inner-column elementor-element elementor-element-60aa976\" data-id=\"60aa976\" data-element_type=\"column\">\n\t\t\t<div class=\"elementor-column-wrap elementor-element-populated\">\n\t\t\t\t\t\t\t<div class=\"elementor-widget-wrap\">\n\t\t\t\t\t\t<div class=\"elementor-element elementor-element-bd45f17 elementor-widget elementor-widget-image\" data-id=\"bd45f17\" data-element_type=\"widget\" data-widget_type=\"image.default\">\n\t\t\t\t<div class=\"elementor-widget-container\">\n\t\t\t\t\t\t\t\t<div class=\"elementor-image\">\n\t\t\t\t\t\t\t\t\t\t\t\t\t<a href=\"http:\/\/www.manucausse.net\/jeunesse\/\">\n\t\t\t\t\t\t\t<img width=\"300\" height=\"169\" src=\"https:\/\/festival-livre-jeunesse.fr\/2022\/wp-content\/uploads\/2021\/11\/IMG_6587-300x169.jpg\" class=\"attachment-medium size-medium\" alt=\"\" loading=\"lazy\" srcset=\"https:\/\/festival-livre-jeunesse.fr\/2022\/wp-content\/uploads\/2021\/11\/IMG_6587-300x169.jpg 300w, https:\/\/festival-livre-jeunesse.fr\/2022\/wp-content\/uploads\/2021\/11\/IMG_6587-1024x578.jpg 1024w, https:\/\/festival-livre-jeunesse.fr\/2022\/wp-content\/uploads\/2021\/11\/IMG_6587-768x434.jpg 768w, https:\/\/festival-livre-jeunesse.fr\/2022\/wp-content\/uploads\/2021\/11\/IMG_6587-1536x867.jpg 1536w, https:\/\/festival-livre-jeunesse.fr\/2022\/wp-content\/uploads\/2021\/11\/IMG_6587-2048x1156.jpg 2048w\" sizes=\"(max-width: 300px) 100vw, 300px\" \/>\t\t\t\t\t\t\t\t<\/a>\n\t\t\t\t\t\t\t\t\t\t\t\t\t\t<\/div>\n\t\t\t\t\t\t<\/div>\n\t\t\t\t<\/div>\n\t\t\t\t\t\t<\/div>\n\t\t\t\t\t<\/div>\n\t\t<\/div>\n\t\t\t\t<div class=\"elementor-column elementor-col-50 elementor-inner-column elementor-element elementor-element-6cb0e31\" data-id=\"6cb0e31\" data-element_type=\"column\">\n\t\t\t<div class=\"elementor-column-wrap elementor-element-populated\">\n\t\t\t\t\t\t\t<div class=\"elementor-widget-wrap\">\n\t\t\t\t\t\t<div class=\"elementor-element elementor-element-e3a0d89 elementor-widget elementor-widget-text-editor\" data-id=\"e3a0d89\" data-element_type=\"widget\" data-widget_type=\"text-editor.default\">\n\t\t\t\t<div class=\"elementor-widget-container\">\n\t\t\t\t\t\t\t\t<div class=\"elementor-text-editor elementor-clearfix\">\n\t\t\t\t<p>Je suis n\u00e9 au d\u00e9but des ann\u00e9es 70 en r\u00e9gion parisienne \u2013 mais je m\u2019en souviens \u00e0 peine, parce que mes parents ont tr\u00e8s vite d\u00e9m\u00e9nag\u00e9 dans un village de l\u2019Aveyron, o\u00f9 j\u2019ai grandi. Au bord d\u2019un gouffre, d\u2019ailleurs, mais c\u2019est une autre histoire.<\/p><p>Enfant et adolescent, je r\u00eavais d\u2019\u00e9crire. Ou de devenir rock star. Mais comme les \u00e9tudes dans ces deux mati\u00e8res n\u2019existaient pas encore, j\u2019ai fini prof de Fran\u00e7ais, un m\u00e9tier que j\u2019ai exerc\u00e9 pendant quinze ans un peu partout en France, et principalement dans le Gers.<\/p><p>En 2005, j\u2019ai d\u00e9cid\u00e9 de d\u00e9poussi\u00e9rer mes vieux r\u00eaves ; j\u2019ai arr\u00eat\u00e9 d\u2019enseigner pour me consacrer \u00e0 l\u2019\u00e9criture. Depuis, je vis \u00e0 Toulouse et je partage mon temps entre traductions, romans adultes et adolescents, musique, ainsi que diverses activit\u00e9s artistiques ind\u00e9finissables \u2013 le tout avec ma compagne, \u00e9crivain et traductrice elle aussi, et quatre adorables ados qui restent une grande source d\u2019inspiration. Et de bonheur, aussi.<\/p><p>J\u2019ai \u00e9crit depuis une quinzaine d\u2019ouvrages, dont le roman\u00a0<em><a href=\"http:\/\/www.manucausse.net\/le-pire-concert-de-lhistoire-du-rock\/\">Le pire concert de l\u2019histoire du rock<\/a><\/em>, quatre romans bilingues et deux albums illustr\u00e9s.<br \/>Ce site est essentiellement consacr\u00e9 \u00e0 mes publications, adulte ou jeunesse. Pour en savoir plus sur mes autres activit\u00e9s, autant passer sur\u00a0<a href=\"http:\/\/manucausse.blogspot.fr\/\" target=\"_blank\" rel=\"noopener\">mon blog<\/a>\u00a0\u2013 un chantier permanent et bizarro\u00efde, \u00e0 parcourir avec pr\u00e9cautions.<br \/>Et puis voil\u00e0. N\u2019h\u00e9site pas \u00e0 me contacter dans les rubriques pr\u00e9vues \u00e0 cet effet, \u00e0 cliquer l\u00e0 o\u00f9 tu veux, bref, fais comme chez toi et amuse-toi bien.<\/p>\t\t\t\t\t<\/div>\n\t\t\t\t\t\t<\/div>\n\t\t\t\t<\/div>\n\t\t\t\t\t\t<\/div>\n\t\t\t\t\t<\/div>\n\t\t<\/div>\n\t\t\t\t\t\t\t\t<\/div>\n\t\t\t\t\t<\/div>\n\t\t<\/section>\n\t\t\t\t<section class=\"elementor-section elementor-inner-section elementor-element elementor-element-fb011d8 elementor-section-boxed elementor-section-height-default elementor-section-height-default\" data-id=\"fb011d8\" data-element_type=\"section\">\n\t\t\t\t\t\t<div class=\"elementor-container elementor-column-gap-default\">\n\t\t\t\t\t\t\t<div class=\"elementor-row\">\n\t\t\t\t\t<div class=\"elementor-column elementor-col-50 elementor-inner-column elementor-element elementor-element-714f46c\" data-id=\"714f46c\" data-element_type=\"column\">\n\t\t\t<div class=\"elementor-column-wrap\">\n\t\t\t\t\t\t\t<div class=\"elementor-widget-wrap\">\n\t\t\t\t\t\t\t\t<\/div>\n\t\t\t\t\t<\/div>\n\t\t<\/div>\n\t\t\t\t<div class=\"elementor-column elementor-col-50 elementor-inner-column elementor-element elementor-element-747d2df\" data-id=\"747d2df\" data-element_type=\"column\">\n\t\t\t<div class=\"elementor-column-wrap elementor-element-populated\">\n\t\t\t\t\t\t\t<div class=\"elementor-widget-wrap\">\n\t\t\t\t\t\t<div class=\"elementor-element elementor-element-0023900 elementor-align-left elementor-widget elementor-widget-button\" data-id=\"0023900\" data-element_type=\"widget\" data-widget_type=\"button.default\">\n\t\t\t\t<div class=\"elementor-widget-container\">\n\t\t\t\t\t<div class=\"elementor-button-wrapper\">\n\t\t\t<a href=\"http:\/\/www.manucausse.net\/jeunesse\/\" class=\"elementor-button-link elementor-button elementor-size-sm\" role=\"button\">\n\t\t\t\t\t\t<span class=\"elementor-button-content-wrapper\">\n\t\t\t\t\t\t<span class=\"elementor-button-text\">En savoir plus<\/span>\n\t\t<\/span>\n\t\t\t\t\t<\/a>\n\t\t<\/div>\n\t\t\t\t<\/div>\n\t\t\t\t<\/div>\n\t\t\t\t\t\t<\/div>\n\t\t\t\t\t<\/div>\n\t\t<\/div>\n\t\t\t\t\t\t\t\t<\/div>\n\t\t\t\t\t<\/div>\n\t\t<\/section>\n\t\t\t\t\t\t<\/div>\n\t\t\t\t\t<\/div>\n\t\t<\/div>\n\t\t\t\t<div class=\"elementor-column elementor-col-33 elementor-top-column elementor-element elementor-element-0bf6bff\" data-id=\"0bf6bff\" data-element_type=\"column\">\n\t\t\t<div class=\"elementor-column-wrap\">\n\t\t\t\t\t\t\t<div class=\"elementor-widget-wrap\">\n\t\t\t\t\t\t\t\t<\/div>\n\t\t\t\t\t<\/div>\n\t\t<\/div>\n\t\t\t\t\t\t\t\t<\/div>\n\t\t\t\t\t<\/div>\n\t\t<\/section>\n\t\t\t\t<section class=\"elementor-section elementor-top-section elementor-element elementor-element-bf77305 elementor-section-boxed elementor-section-height-default elementor-section-height-default\" data-id=\"bf77305\" data-element_type=\"section\">\n\t\t\t\t\t\t<div class=\"elementor-container elementor-column-gap-default\">\n\t\t\t\t\t\t\t<div class=\"elementor-row\">\n\t\t\t\t\t<div class=\"elementor-column elementor-col-100 elementor-top-column elementor-element elementor-element-c43733c\" data-id=\"c43733c\" data-element_type=\"column\">\n\t\t\t<div class=\"elementor-column-wrap elementor-element-populated\">\n\t\t\t\t\t\t\t<div class=\"elementor-widget-wrap\">\n\t\t\t\t\t\t<div class=\"elementor-element elementor-element-ab3e4da elementor-widget elementor-widget-spacer\" data-id=\"ab3e4da\" data-element_type=\"widget\" data-widget_type=\"spacer.default\">\n\t\t\t\t<div class=\"elementor-widget-container\">\n\t\t\t\t\t<div class=\"elementor-spacer\">\n\t\t\t<div class=\"elementor-spacer-inner\"><\/div>\n\t\t<\/div>\n\t\t\t\t<\/div>\n\t\t\t\t<\/div>\n\t\t\t\t\t\t<\/div>\n\t\t\t\t\t<\/div>\n\t\t<\/div>\n\t\t\t\t\t\t\t\t<\/div>\n\t\t\t\t\t<\/div>\n\t\t<\/section>\n\t\t\t\t\t\t\t\t\t<\/div>\n\t\t\t<\/div>\n\t\t\t\t\t<\/div>\n\t\t","protected":false},"excerpt":{"rendered":"<p>Manu CAUSSE Je suis n\u00e9 au d\u00e9but des ann\u00e9es 70 en r\u00e9gion parisienne \u2013 mais je m\u2019en souviens \u00e0 peine, parce que mes parents ont tr\u00e8s vite d\u00e9m\u00e9nag\u00e9 dans un village de l\u2019Aveyron, o\u00f9 j\u2019ai grandi. Au bord d\u2019un gouffre, d\u2019ailleurs, mais c\u2019est une autre histoire. Enfant et adolescent, je r\u00eavais d\u2019\u00e9crire. Ou de devenir &hellip;<\/p>\n<p class=\"read-more\"> <a class=\"\" href=\"https:\/\/festival-livre-jeunesse.fr\/2022\/manu-causse\/\"> <span class=\"screen-reader-text\">Manu Causse<\/span> Lire la suite\u00a0\u00bb<\/a><\/p>\n","protected":false},"author":1,"featured_media":0,"parent":0,"menu_order":0,"comment_status":"closed","ping_status":"closed","template":"","meta":{"site-sidebar-layout":"no-sidebar","site-content-layout":"page-builder","ast-global-header-display":"","ast-main-header-display":"","ast-hfb-above-header-display":"","ast-hfb-below-header-display":"","ast-hfb-mobile-header-display":"","site-post-title":"disabled","ast-breadcrumbs-content":"","ast-featured-img":"disabled","footer-sml-layout":"","theme-transparent-header-meta":"default","adv-header-id-meta":"","stick-header-meta":"","header-above-stick-meta":"","header-main-stick-meta":"","header-below-stick-meta":""},"_links":{"self":[{"href":"https:\/\/festival-livre-jeunesse.fr\/2022\/wp-json\/wp\/v2\/pages\/6031"}],"collection":[{"href":"https:\/\/festival-livre-jeunesse.fr\/2022\/wp-json\/wp\/v2\/pages"}],"about":[{"href":"https:\/\/festival-livre-jeunesse.fr\/2022\/wp-json\/wp\/v2\/types\/page"}],"author":[{"embeddable":true,"href":"https:\/\/festival-livre-jeunesse.fr\/2022\/wp-json\/wp\/v2\/users\/1"}],"replies":[{"embeddable":true,"href":"https:\/\/festival-livre-jeunesse.fr\/2022\/wp-json\/wp\/v2\/comments?post=6031"}],"version-history":[{"count":25,"href":"https:\/\/festival-livre-jeunesse.fr\/2022\/wp-json\/wp\/v2\/pages\/6031\/revisions"}],"predecessor-version":[{"id":7134,"href":"https:\/\/festival-livre-jeunesse.fr\/2022\/wp-json\/wp\/v2\/pages\/6031\/revisions\/7134"}],"wp:attachment":[{"href":"https:\/\/festival-livre-jeunesse.fr\/2022\/wp-json\/wp\/v2\/media?parent=6031"}],"curies":[{"name":"wp","href":"https:\/\/api.w.org\/{rel}","templated":true}]}}