{"id":6147,"date":"2021-11-26T23:22:53","date_gmt":"2021-11-26T22:22:53","guid":{"rendered":"https:\/\/festival-livre-jeunesse.fr\/2022\/?page_id=6147"},"modified":"2021-12-11T00:00:43","modified_gmt":"2021-12-10T23:00:43","slug":"alain-serres-1","status":"publish","type":"page","link":"https:\/\/festival-livre-jeunesse.fr\/2022\/alain-serres-1\/","title":{"rendered":"Alain Serres"},"content":{"rendered":"\t\t<div data-elementor-type=\"wp-page\" data-elementor-id=\"6147\" class=\"elementor elementor-6147\">\n\t\t\t\t\t\t<div class=\"elementor-inner\">\n\t\t\t\t<div class=\"elementor-section-wrap\">\n\t\t\t\t\t\t\t\t\t<section class=\"elementor-section elementor-top-section elementor-element elementor-element-0b99ca0 elementor-section-boxed elementor-section-height-default elementor-section-height-default\" data-id=\"0b99ca0\" data-element_type=\"section\">\n\t\t\t\t\t\t<div class=\"elementor-container elementor-column-gap-default\">\n\t\t\t\t\t\t\t<div class=\"elementor-row\">\n\t\t\t\t\t<div class=\"elementor-column elementor-col-50 elementor-top-column elementor-element elementor-element-bbd8957\" data-id=\"bbd8957\" data-element_type=\"column\">\n\t\t\t<div class=\"elementor-column-wrap elementor-element-populated\">\n\t\t\t\t\t\t\t<div class=\"elementor-widget-wrap\">\n\t\t\t\t\t\t<div class=\"elementor-element elementor-element-a5042e2 elementor-widget elementor-widget-image\" data-id=\"a5042e2\" data-element_type=\"widget\" data-widget_type=\"image.default\">\n\t\t\t\t<div class=\"elementor-widget-container\">\n\t\t\t\t\t\t\t\t<div class=\"elementor-image\">\n\t\t\t\t\t\t\t\t\t\t\t\t\t<a href=\"https:\/\/www.etonnants-voyageurs.com\/SERRES-Alain.html\">\n\t\t\t\t\t\t\t<img width=\"672\" height=\"432\" src=\"https:\/\/festival-livre-jeunesse.fr\/2022\/wp-content\/uploads\/2021\/11\/alain-Serres.jpg\" class=\"attachment-full size-full\" alt=\"\" loading=\"lazy\" srcset=\"https:\/\/festival-livre-jeunesse.fr\/2022\/wp-content\/uploads\/2021\/11\/alain-Serres.jpg 672w, https:\/\/festival-livre-jeunesse.fr\/2022\/wp-content\/uploads\/2021\/11\/alain-Serres-300x193.jpg 300w\" sizes=\"(max-width: 672px) 100vw, 672px\" \/>\t\t\t\t\t\t\t\t<\/a>\n\t\t\t\t\t\t\t\t\t\t\t\t\t\t<\/div>\n\t\t\t\t\t\t<\/div>\n\t\t\t\t<\/div>\n\t\t\t\t\t\t<\/div>\n\t\t\t\t\t<\/div>\n\t\t<\/div>\n\t\t\t\t<div class=\"elementor-column elementor-col-50 elementor-top-column elementor-element elementor-element-3914864\" data-id=\"3914864\" data-element_type=\"column\">\n\t\t\t<div class=\"elementor-column-wrap elementor-element-populated\">\n\t\t\t\t\t\t\t<div class=\"elementor-widget-wrap\">\n\t\t\t\t\t\t<div class=\"elementor-element elementor-element-2d1e356 elementor-widget elementor-widget-heading\" data-id=\"2d1e356\" data-element_type=\"widget\" data-widget_type=\"heading.default\">\n\t\t\t\t<div class=\"elementor-widget-container\">\n\t\t\t<h1 class=\"elementor-heading-title elementor-size-xl\">Alain Serres<\/h1>\t\t<\/div>\n\t\t\t\t<\/div>\n\t\t\t\t<div class=\"elementor-element elementor-element-0ef0163 elementor-widget elementor-widget-text-editor\" data-id=\"0ef0163\" data-element_type=\"widget\" data-widget_type=\"text-editor.default\">\n\t\t\t\t<div class=\"elementor-widget-container\">\n\t\t\t\t\t\t\t\t<div class=\"elementor-text-editor elementor-clearfix\">\n\t\t\t\t<p>Alain Serres est auteur de litt\u00e9rature de jeunesse et directeur des \u00e9ditions Rue du monde.<\/p><p>Ex-enseignant en maternelle, son premier album est publi\u00e9 en 1982 par les Editions &#8220;La Farandole&#8221;. Depuis, Alain Serres a publi\u00e9 une cinquantaine d&#8217;ouvrages chez de nombreux \u00e9diteurs, allant du premier album pour b\u00e9b\u00e9 de 18 mois au documentaire pour jeunes adolescents.<\/p><p>Il \u00e9crit aussi des recueils de po\u00e8mes, des chansons, des pi\u00e8ces de th\u00e9\u00e2tre et, avec les Pastagum (s\u00e9rie de 26 dessins anim\u00e9s \u00e9crite avec Pef pour Canal J et France 3) il a d\u00e9couvert l&#8217;\u00e9criture pour l&#8217;audiovisuel.<\/p><p>C&#8217;est en 1996 qu&#8217;Alain Serres d\u00e9cide de cr\u00e9er les \u00e9ditions Rue du Monde afin de proposer aux enfants &#8220;des livres qui leur permettent d&#8217;interroger et imaginer le monde&#8221;.\u00a0<span style=\"font-style: inherit; font-weight: inherit;\">Alain Serres rencontre ses lecteurs lors d&#8217;ateliers d&#8217;\u00e9criture et anime des d\u00e9bats sur l&#8217;\u00e9criture, les droits de l&#8217;enfant ou le livre-jeunesse.<\/span><\/p>\t\t\t\t\t<\/div>\n\t\t\t\t\t\t<\/div>\n\t\t\t\t<\/div>\n\t\t\t\t\t\t<\/div>\n\t\t\t\t\t<\/div>\n\t\t<\/div>\n\t\t\t\t\t\t\t\t<\/div>\n\t\t\t\t\t<\/div>\n\t\t<\/section>\n\t\t\t\t<section class=\"elementor-section elementor-top-section elementor-element elementor-element-28584ca elementor-section-boxed elementor-section-height-default elementor-section-height-default\" data-id=\"28584ca\" data-element_type=\"section\">\n\t\t\t\t\t\t<div class=\"elementor-container elementor-column-gap-wide\">\n\t\t\t\t\t\t\t<div class=\"elementor-row\">\n\t\t\t\t\t<div class=\"elementor-column elementor-col-50 elementor-top-column elementor-element elementor-element-0c2b30a\" data-id=\"0c2b30a\" data-element_type=\"column\">\n\t\t\t<div class=\"elementor-column-wrap\">\n\t\t\t\t\t\t\t<div class=\"elementor-widget-wrap\">\n\t\t\t\t\t\t\t\t<\/div>\n\t\t\t\t\t<\/div>\n\t\t<\/div>\n\t\t\t\t<div class=\"elementor-column elementor-col-50 elementor-top-column elementor-element elementor-element-3c94723\" data-id=\"3c94723\" data-element_type=\"column\">\n\t\t\t<div class=\"elementor-column-wrap elementor-element-populated\">\n\t\t\t\t\t\t\t<div class=\"elementor-widget-wrap\">\n\t\t\t\t\t\t<div class=\"elementor-element elementor-element-062b4e6 elementor-widget elementor-widget-text-editor\" data-id=\"062b4e6\" data-element_type=\"widget\" data-widget_type=\"text-editor.default\">\n\t\t\t\t<div class=\"elementor-widget-container\">\n\t\t\t\t\t\t\t\t<div class=\"elementor-text-editor elementor-clearfix\">\n\t\t\t\t\t\t\t\t\t<\/div>\n\t\t\t\t\t\t<\/div>\n\t\t\t\t<\/div>\n\t\t\t\t<div class=\"elementor-element elementor-element-47afa79 elementor-widget elementor-widget-button\" data-id=\"47afa79\" data-element_type=\"widget\" data-widget_type=\"button.default\">\n\t\t\t\t<div class=\"elementor-widget-container\">\n\t\t\t\t\t<div class=\"elementor-button-wrapper\">\n\t\t\t<a href=\"http:\/\/www.reseau-canope.fr\/atelier-hauts-de-seine\/litterature-jeunesse\/wp-content\/uploads\/2013\/12\/Bibliographie_Alain-Serres.pdf\" class=\"elementor-button-link elementor-button elementor-size-sm\" role=\"button\">\n\t\t\t\t\t\t<span class=\"elementor-button-content-wrapper\">\n\t\t\t\t\t\t<span class=\"elementor-button-text\">Bibliographie<\/span>\n\t\t<\/span>\n\t\t\t\t\t<\/a>\n\t\t<\/div>\n\t\t\t\t<\/div>\n\t\t\t\t<\/div>\n\t\t\t\t\t\t<\/div>\n\t\t\t\t\t<\/div>\n\t\t<\/div>\n\t\t\t\t\t\t\t\t<\/div>\n\t\t\t\t\t<\/div>\n\t\t<\/section>\n\t\t\t\t\t\t\t\t\t<\/div>\n\t\t\t<\/div>\n\t\t\t\t\t<\/div>\n\t\t","protected":false},"excerpt":{"rendered":"<p>Alain Serres Alain Serres est auteur de litt\u00e9rature de jeunesse et directeur des \u00e9ditions Rue du monde. Ex-enseignant en maternelle, son premier album est publi\u00e9 en 1982 par les Editions &#8220;La Farandole&#8221;. Depuis, Alain Serres a publi\u00e9 une cinquantaine d&#8217;ouvrages chez de nombreux \u00e9diteurs, allant du premier album pour b\u00e9b\u00e9 de 18 mois au documentaire &hellip;<\/p>\n<p class=\"read-more\"> <a class=\"\" href=\"https:\/\/festival-livre-jeunesse.fr\/2022\/alain-serres-1\/\"> <span class=\"screen-reader-text\">Alain Serres<\/span> Lire la suite\u00a0\u00bb<\/a><\/p>\n","protected":false},"author":1,"featured_media":0,"parent":0,"menu_order":0,"comment_status":"closed","ping_status":"closed","template":"","meta":{"site-sidebar-layout":"no-sidebar","site-content-layout":"page-builder","ast-global-header-display":"","ast-main-header-display":"","ast-hfb-above-header-display":"","ast-hfb-below-header-display":"","ast-hfb-mobile-header-display":"","site-post-title":"disabled","ast-breadcrumbs-content":"","ast-featured-img":"disabled","footer-sml-layout":"","theme-transparent-header-meta":"default","adv-header-id-meta":"","stick-header-meta":"","header-above-stick-meta":"","header-main-stick-meta":"","header-below-stick-meta":""},"_links":{"self":[{"href":"https:\/\/festival-livre-jeunesse.fr\/2022\/wp-json\/wp\/v2\/pages\/6147"}],"collection":[{"href":"https:\/\/festival-livre-jeunesse.fr\/2022\/wp-json\/wp\/v2\/pages"}],"about":[{"href":"https:\/\/festival-livre-jeunesse.fr\/2022\/wp-json\/wp\/v2\/types\/page"}],"author":[{"embeddable":true,"href":"https:\/\/festival-livre-jeunesse.fr\/2022\/wp-json\/wp\/v2\/users\/1"}],"replies":[{"embeddable":true,"href":"https:\/\/festival-livre-jeunesse.fr\/2022\/wp-json\/wp\/v2\/comments?post=6147"}],"version-history":[{"count":13,"href":"https:\/\/festival-livre-jeunesse.fr\/2022\/wp-json\/wp\/v2\/pages\/6147\/revisions"}],"predecessor-version":[{"id":6160,"href":"https:\/\/festival-livre-jeunesse.fr\/2022\/wp-json\/wp\/v2\/pages\/6147\/revisions\/6160"}],"wp:attachment":[{"href":"https:\/\/festival-livre-jeunesse.fr\/2022\/wp-json\/wp\/v2\/media?parent=6147"}],"curies":[{"name":"wp","href":"https:\/\/api.w.org\/{rel}","templated":true}]}}