{"id":6311,"date":"2021-11-27T16:53:50","date_gmt":"2021-11-27T15:53:50","guid":{"rendered":"https:\/\/festival-livre-jeunesse.fr\/2022\/?page_id=6311"},"modified":"2021-11-27T17:01:07","modified_gmt":"2021-11-27T16:01:07","slug":"remy-puyuelo","status":"publish","type":"page","link":"https:\/\/festival-livre-jeunesse.fr\/2022\/remy-puyuelo\/","title":{"rendered":"R\u00e9my Puyuelo"},"content":{"rendered":"\t\t<div data-elementor-type=\"wp-page\" data-elementor-id=\"6311\" class=\"elementor elementor-6311\">\n\t\t\t\t\t\t<div class=\"elementor-inner\">\n\t\t\t\t<div class=\"elementor-section-wrap\">\n\t\t\t\t\t\t\t\t\t<section class=\"elementor-section elementor-top-section elementor-element elementor-element-3af111b elementor-section-boxed elementor-section-height-default elementor-section-height-default\" data-id=\"3af111b\" data-element_type=\"section\">\n\t\t\t\t\t\t<div class=\"elementor-container elementor-column-gap-default\">\n\t\t\t\t\t\t\t<div class=\"elementor-row\">\n\t\t\t\t\t<div class=\"elementor-column elementor-col-50 elementor-top-column elementor-element elementor-element-37e3a2e\" data-id=\"37e3a2e\" data-element_type=\"column\">\n\t\t\t<div class=\"elementor-column-wrap elementor-element-populated\">\n\t\t\t\t\t\t\t<div class=\"elementor-widget-wrap\">\n\t\t\t\t\t\t<div class=\"elementor-element elementor-element-4a64068 elementor-widget elementor-widget-image\" data-id=\"4a64068\" data-element_type=\"widget\" data-widget_type=\"image.default\">\n\t\t\t\t<div class=\"elementor-widget-container\">\n\t\t\t\t\t\t\t\t<div class=\"elementor-image\">\n\t\t\t\t\t\t\t\t\t\t\t\t\t<a href=\"https:\/\/www.lecteurs.com\/auteur\/remy-puyuelo\/3261459\">\n\t\t\t\t\t\t\t<img width=\"400\" height=\"476\" src=\"https:\/\/festival-livre-jeunesse.fr\/2022\/wp-content\/uploads\/2021\/11\/photo_Puyuelo.jpg\" class=\"attachment-full size-full\" alt=\"\" loading=\"lazy\" srcset=\"https:\/\/festival-livre-jeunesse.fr\/2022\/wp-content\/uploads\/2021\/11\/photo_Puyuelo.jpg 400w, https:\/\/festival-livre-jeunesse.fr\/2022\/wp-content\/uploads\/2021\/11\/photo_Puyuelo-252x300.jpg 252w\" sizes=\"(max-width: 400px) 100vw, 400px\" \/>\t\t\t\t\t\t\t\t<\/a>\n\t\t\t\t\t\t\t\t\t\t\t\t\t\t<\/div>\n\t\t\t\t\t\t<\/div>\n\t\t\t\t<\/div>\n\t\t\t\t\t\t<\/div>\n\t\t\t\t\t<\/div>\n\t\t<\/div>\n\t\t\t\t<div class=\"elementor-column elementor-col-50 elementor-top-column elementor-element elementor-element-76669c1\" data-id=\"76669c1\" data-element_type=\"column\">\n\t\t\t<div class=\"elementor-column-wrap elementor-element-populated\">\n\t\t\t\t\t\t\t<div class=\"elementor-widget-wrap\">\n\t\t\t\t\t\t<div class=\"elementor-element elementor-element-fb57438 elementor-widget elementor-widget-heading\" data-id=\"fb57438\" data-element_type=\"widget\" data-widget_type=\"heading.default\">\n\t\t\t\t<div class=\"elementor-widget-container\">\n\t\t\t<h1 class=\"elementor-heading-title elementor-size-xl\">R\u00e9my Puyuelo<\/h1>\t\t<\/div>\n\t\t\t\t<\/div>\n\t\t\t\t<div class=\"elementor-element elementor-element-17833f3 elementor-widget elementor-widget-text-editor\" data-id=\"17833f3\" data-element_type=\"widget\" data-widget_type=\"text-editor.default\">\n\t\t\t\t<div class=\"elementor-widget-container\">\n\t\t\t\t\t\t\t\t<div class=\"elementor-text-editor elementor-clearfix\">\n\t\t\t\t<p>Neuropsychiatre de formation,\u00a0<strong>R\u00e9my Puyuelo<\/strong>\u00a0s&#8217;oriente tr\u00e9s rapidement vers la p\u00e9dopsychiatrie et engage une psychanalyse. Il participe \u00e0 la mise en place de la sectorisation en p\u00e9dopsychiatrie et cr\u00e9e un h\u00f4pital de jour dans le cadre du Centre de guidance infantile de Toulouse. Il devient ensuite m\u00e9decin-directeur du Collectif Saint-Simon (ARSEAA) comprenant un ITEP, des CMPPS et un service de placement familial th\u00e9rapeutique\u00a0 et ceci pendant\u00a0\u00a0une vingtaine d&#8217;ann\u00e9es. Il est ancien membre titulaire formateur de la Soci\u00e9t\u00e9 Psychanalytique de Paris. R\u00e9my Puyuelo est membre de la Soci\u00e9t\u00e9 europ\u00e9enne de psychanalyse de l&#8217;enfant et de l&#8217;adolescent (SEPEA). Il est r\u00e9dacteur en chef de la revue\u00a0<em>EMPAN<\/em>\u00a0(ARSEAA et\u00a0\u00c9ditions\u00a0\u00e9r\u00e8s). Membre du comit\u00e9 de r\u00e9daction de la collection\u00a0&#8220;Cahiers&#8221; de la SEPEA (\u00e9d. In Press).<\/p><p>Directeur de collection<em>\u00a0Empan &#8211; les dossiers<\/em>\u00a0aux \u00c9ditions \u00e9r\u00e8s et chez In Press.<\/p>\t\t\t\t\t<\/div>\n\t\t\t\t\t\t<\/div>\n\t\t\t\t<\/div>\n\t\t\t\t\t\t<\/div>\n\t\t\t\t\t<\/div>\n\t\t<\/div>\n\t\t\t\t\t\t\t\t<\/div>\n\t\t\t\t\t<\/div>\n\t\t<\/section>\n\t\t\t\t<section class=\"elementor-section elementor-top-section elementor-element elementor-element-232e108 elementor-section-boxed elementor-section-height-default elementor-section-height-default\" data-id=\"232e108\" data-element_type=\"section\">\n\t\t\t\t\t\t<div class=\"elementor-container elementor-column-gap-wide\">\n\t\t\t\t\t\t\t<div class=\"elementor-row\">\n\t\t\t\t\t<div class=\"elementor-column elementor-col-50 elementor-top-column elementor-element elementor-element-15d5148\" data-id=\"15d5148\" data-element_type=\"column\">\n\t\t\t<div class=\"elementor-column-wrap\">\n\t\t\t\t\t\t\t<div class=\"elementor-widget-wrap\">\n\t\t\t\t\t\t\t\t<\/div>\n\t\t\t\t\t<\/div>\n\t\t<\/div>\n\t\t\t\t<div class=\"elementor-column elementor-col-50 elementor-top-column elementor-element elementor-element-b7e3530\" data-id=\"b7e3530\" data-element_type=\"column\">\n\t\t\t<div class=\"elementor-column-wrap elementor-element-populated\">\n\t\t\t\t\t\t\t<div class=\"elementor-widget-wrap\">\n\t\t\t\t\t\t<div class=\"elementor-element elementor-element-867c4a4 elementor-widget elementor-widget-text-editor\" data-id=\"867c4a4\" data-element_type=\"widget\" data-widget_type=\"text-editor.default\">\n\t\t\t\t<div class=\"elementor-widget-container\">\n\t\t\t\t\t\t\t\t<div class=\"elementor-text-editor elementor-clearfix\">\n\t\t\t\t\t\t\t\t\t<\/div>\n\t\t\t\t\t\t<\/div>\n\t\t\t\t<\/div>\n\t\t\t\t<div class=\"elementor-element elementor-element-c78a58d elementor-widget elementor-widget-button\" data-id=\"c78a58d\" data-element_type=\"widget\" data-widget_type=\"button.default\">\n\t\t\t\t<div class=\"elementor-widget-container\">\n\t\t\t\t\t<div class=\"elementor-button-wrapper\">\n\t\t\t<a href=\"https:\/\/www.lecteurs.com\/auteur\/remy-puyuelo\/3261459\" class=\"elementor-button-link elementor-button elementor-size-sm\" role=\"button\">\n\t\t\t\t\t\t<span class=\"elementor-button-content-wrapper\">\n\t\t\t\t\t\t<span class=\"elementor-button-text\">Bibliographie<\/span>\n\t\t<\/span>\n\t\t\t\t\t<\/a>\n\t\t<\/div>\n\t\t\t\t<\/div>\n\t\t\t\t<\/div>\n\t\t\t\t\t\t<\/div>\n\t\t\t\t\t<\/div>\n\t\t<\/div>\n\t\t\t\t\t\t\t\t<\/div>\n\t\t\t\t\t<\/div>\n\t\t<\/section>\n\t\t\t\t<section class=\"elementor-section elementor-top-section elementor-element elementor-element-eee9c82 elementor-section-boxed elementor-section-height-default elementor-section-height-default\" data-id=\"eee9c82\" data-element_type=\"section\">\n\t\t\t\t\t\t<div class=\"elementor-container elementor-column-gap-default\">\n\t\t\t\t\t\t\t<div class=\"elementor-row\">\n\t\t\t\t\t<div class=\"elementor-column elementor-col-100 elementor-top-column elementor-element elementor-element-884474f\" data-id=\"884474f\" data-element_type=\"column\">\n\t\t\t<div class=\"elementor-column-wrap elementor-element-populated\">\n\t\t\t\t\t\t\t<div class=\"elementor-widget-wrap\">\n\t\t\t\t\t\t<div class=\"elementor-element elementor-element-b4923da elementor-widget elementor-widget-spacer\" data-id=\"b4923da\" data-element_type=\"widget\" data-widget_type=\"spacer.default\">\n\t\t\t\t<div class=\"elementor-widget-container\">\n\t\t\t\t\t<div class=\"elementor-spacer\">\n\t\t\t<div class=\"elementor-spacer-inner\"><\/div>\n\t\t<\/div>\n\t\t\t\t<\/div>\n\t\t\t\t<\/div>\n\t\t\t\t\t\t<\/div>\n\t\t\t\t\t<\/div>\n\t\t<\/div>\n\t\t\t\t\t\t\t\t<\/div>\n\t\t\t\t\t<\/div>\n\t\t<\/section>\n\t\t\t\t\t\t\t\t\t<\/div>\n\t\t\t<\/div>\n\t\t\t\t\t<\/div>\n\t\t","protected":false},"excerpt":{"rendered":"<p>R\u00e9my Puyuelo Neuropsychiatre de formation,\u00a0R\u00e9my Puyuelo\u00a0s&#8217;oriente tr\u00e9s rapidement vers la p\u00e9dopsychiatrie et engage une psychanalyse. Il participe \u00e0 la mise en place de la sectorisation en p\u00e9dopsychiatrie et cr\u00e9e un h\u00f4pital de jour dans le cadre du Centre de guidance infantile de Toulouse. Il devient ensuite m\u00e9decin-directeur du Collectif Saint-Simon (ARSEAA) comprenant un ITEP, des &hellip;<\/p>\n<p class=\"read-more\"> <a class=\"\" href=\"https:\/\/festival-livre-jeunesse.fr\/2022\/remy-puyuelo\/\"> <span class=\"screen-reader-text\">R\u00e9my Puyuelo<\/span> Lire la suite\u00a0\u00bb<\/a><\/p>\n","protected":false},"author":1,"featured_media":0,"parent":0,"menu_order":0,"comment_status":"closed","ping_status":"closed","template":"","meta":{"site-sidebar-layout":"no-sidebar","site-content-layout":"page-builder","ast-global-header-display":"","ast-main-header-display":"","ast-hfb-above-header-display":"","ast-hfb-below-header-display":"","ast-hfb-mobile-header-display":"","site-post-title":"disabled","ast-breadcrumbs-content":"","ast-featured-img":"disabled","footer-sml-layout":"","theme-transparent-header-meta":"default","adv-header-id-meta":"","stick-header-meta":"","header-above-stick-meta":"","header-main-stick-meta":"","header-below-stick-meta":""},"_links":{"self":[{"href":"https:\/\/festival-livre-jeunesse.fr\/2022\/wp-json\/wp\/v2\/pages\/6311"}],"collection":[{"href":"https:\/\/festival-livre-jeunesse.fr\/2022\/wp-json\/wp\/v2\/pages"}],"about":[{"href":"https:\/\/festival-livre-jeunesse.fr\/2022\/wp-json\/wp\/v2\/types\/page"}],"author":[{"embeddable":true,"href":"https:\/\/festival-livre-jeunesse.fr\/2022\/wp-json\/wp\/v2\/users\/1"}],"replies":[{"embeddable":true,"href":"https:\/\/festival-livre-jeunesse.fr\/2022\/wp-json\/wp\/v2\/comments?post=6311"}],"version-history":[{"count":19,"href":"https:\/\/festival-livre-jeunesse.fr\/2022\/wp-json\/wp\/v2\/pages\/6311\/revisions"}],"predecessor-version":[{"id":6330,"href":"https:\/\/festival-livre-jeunesse.fr\/2022\/wp-json\/wp\/v2\/pages\/6311\/revisions\/6330"}],"wp:attachment":[{"href":"https:\/\/festival-livre-jeunesse.fr\/2022\/wp-json\/wp\/v2\/media?parent=6311"}],"curies":[{"name":"wp","href":"https:\/\/api.w.org\/{rel}","templated":true}]}}