{"id":9609,"date":"2022-07-30T16:32:08","date_gmt":"2022-07-30T14:32:08","guid":{"rendered":"https:\/\/festival-livre-jeunesse.fr\/2023\/?page_id=9609"},"modified":"2022-10-17T21:25:47","modified_gmt":"2022-10-17T19:25:47","slug":"laura-nsafou","status":"publish","type":"page","link":"https:\/\/festival-livre-jeunesse.fr\/2023\/laura-nsafou\/","title":{"rendered":"Laura NSAFOU"},"content":{"rendered":"\t\t<div data-elementor-type=\"wp-page\" data-elementor-id=\"9609\" class=\"elementor elementor-9609\">\n\t\t\t\t\t\t<div class=\"elementor-inner\">\n\t\t\t\t<div class=\"elementor-section-wrap\">\n\t\t\t\t\t\t\t\t\t<section class=\"elementor-section elementor-top-section elementor-element elementor-element-7118efd elementor-section-boxed elementor-section-height-default elementor-section-height-default\" data-id=\"7118efd\" data-element_type=\"section\">\n\t\t\t\t\t\t<div class=\"elementor-container elementor-column-gap-default\">\n\t\t\t\t\t\t\t<div class=\"elementor-row\">\n\t\t\t\t\t<div class=\"elementor-column elementor-col-100 elementor-top-column elementor-element elementor-element-92bc85a\" data-id=\"92bc85a\" data-element_type=\"column\">\n\t\t\t<div class=\"elementor-column-wrap elementor-element-populated\">\n\t\t\t\t\t\t\t<div class=\"elementor-widget-wrap\">\n\t\t\t\t\t\t<div class=\"elementor-element elementor-element-3afe47b elementor-widget elementor-widget-spacer\" data-id=\"3afe47b\" data-element_type=\"widget\" data-widget_type=\"spacer.default\">\n\t\t\t\t<div class=\"elementor-widget-container\">\n\t\t\t\t\t<div class=\"elementor-spacer\">\n\t\t\t<div class=\"elementor-spacer-inner\"><\/div>\n\t\t<\/div>\n\t\t\t\t<\/div>\n\t\t\t\t<\/div>\n\t\t\t\t\t\t<\/div>\n\t\t\t\t\t<\/div>\n\t\t<\/div>\n\t\t\t\t\t\t\t\t<\/div>\n\t\t\t\t\t<\/div>\n\t\t<\/section>\n\t\t\t\t<section class=\"elementor-section elementor-top-section elementor-element elementor-element-0729b7c elementor-section-boxed elementor-section-height-default elementor-section-height-default\" data-id=\"0729b7c\" data-element_type=\"section\">\n\t\t\t\t\t\t<div class=\"elementor-container elementor-column-gap-default\">\n\t\t\t\t\t\t\t<div class=\"elementor-row\">\n\t\t\t\t\t<div class=\"elementor-column elementor-col-33 elementor-top-column elementor-element elementor-element-dede900\" data-id=\"dede900\" data-element_type=\"column\">\n\t\t\t<div class=\"elementor-column-wrap\">\n\t\t\t\t\t\t\t<div class=\"elementor-widget-wrap\">\n\t\t\t\t\t\t\t\t<\/div>\n\t\t\t\t\t<\/div>\n\t\t<\/div>\n\t\t\t\t<div class=\"elementor-column elementor-col-33 elementor-top-column elementor-element elementor-element-6143517\" data-id=\"6143517\" data-element_type=\"column\" data-settings=\"{&quot;background_background&quot;:&quot;classic&quot;}\">\n\t\t\t<div class=\"elementor-column-wrap elementor-element-populated\">\n\t\t\t\t\t\t\t<div class=\"elementor-widget-wrap\">\n\t\t\t\t\t\t<div class=\"elementor-element elementor-element-1dcf854 elementor-widget elementor-widget-heading\" data-id=\"1dcf854\" data-element_type=\"widget\" data-widget_type=\"heading.default\">\n\t\t\t\t<div class=\"elementor-widget-container\">\n\t\t\t<h1 class=\"elementor-heading-title elementor-size-default\">Laura NSAFOU<\/h1>\t\t<\/div>\n\t\t\t\t<\/div>\n\t\t\t\t<section class=\"elementor-section elementor-inner-section elementor-element elementor-element-475d867 elementor-section-boxed elementor-section-height-default elementor-section-height-default\" data-id=\"475d867\" data-element_type=\"section\">\n\t\t\t\t\t\t<div class=\"elementor-container elementor-column-gap-default\">\n\t\t\t\t\t\t\t<div class=\"elementor-row\">\n\t\t\t\t\t<div class=\"elementor-column elementor-col-50 elementor-inner-column elementor-element elementor-element-8750b3b\" data-id=\"8750b3b\" data-element_type=\"column\">\n\t\t\t<div class=\"elementor-column-wrap elementor-element-populated\">\n\t\t\t\t\t\t\t<div class=\"elementor-widget-wrap\">\n\t\t\t\t\t\t<div class=\"elementor-element elementor-element-8cab089 elementor-widget elementor-widget-image\" data-id=\"8cab089\" data-element_type=\"widget\" data-widget_type=\"image.default\">\n\t\t\t\t<div class=\"elementor-widget-container\">\n\t\t\t\t\t\t\t\t<div class=\"elementor-image\">\n\t\t\t\t\t\t\t\t\t\t\t\t\t<a href=\"https:\/\/lauransafou.carrd.co\/\">\n\t\t\t\t\t\t\t<img width=\"225\" height=\"225\" src=\"https:\/\/festival-livre-jeunesse.fr\/2023\/wp-content\/uploads\/2022\/07\/Laura-NSAFOU.jpg\" class=\"attachment-medium size-medium wp-image-9392\" alt=\"\" loading=\"lazy\" srcset=\"https:\/\/festival-livre-jeunesse.fr\/2023\/wp-content\/uploads\/2022\/07\/Laura-NSAFOU.jpg 225w, https:\/\/festival-livre-jeunesse.fr\/2023\/wp-content\/uploads\/2022\/07\/Laura-NSAFOU-150x150.jpg 150w, https:\/\/festival-livre-jeunesse.fr\/2023\/wp-content\/uploads\/2022\/07\/elementor\/thumbs\/Laura-NSAFOU-150x150.jpg 350w, https:\/\/festival-livre-jeunesse.fr\/2023\/wp-content\/uploads\/2022\/07\/elementor\/thumbs\/Laura-NSAFOU-150x150.jpg 500w\" sizes=\"(max-width: 225px) 100vw, 225px\" \/>\t\t\t\t\t\t\t\t<\/a>\n\t\t\t\t\t\t\t\t\t\t\t\t\t\t<\/div>\n\t\t\t\t\t\t<\/div>\n\t\t\t\t<\/div>\n\t\t\t\t\t\t<\/div>\n\t\t\t\t\t<\/div>\n\t\t<\/div>\n\t\t\t\t<div class=\"elementor-column elementor-col-50 elementor-inner-column elementor-element elementor-element-2adde04\" data-id=\"2adde04\" data-element_type=\"column\">\n\t\t\t<div class=\"elementor-column-wrap elementor-element-populated\">\n\t\t\t\t\t\t\t<div class=\"elementor-widget-wrap\">\n\t\t\t\t\t\t<div class=\"elementor-element elementor-element-ec44fe9 elementor-widget elementor-widget-text-editor\" data-id=\"ec44fe9\" data-element_type=\"widget\" data-widget_type=\"text-editor.default\">\n\t\t\t\t<div class=\"elementor-widget-container\">\n\t\t\t\t\t\t\t\t<div class=\"elementor-text-editor elementor-clearfix\">\n\t\t\t\t<p>LAURA NSAFOU incarne une toute nouvelle g\u00e9n\u00e9ration d&#8217;auteurs, puisqu&#8217;elle a commenc\u00e9 sa carri\u00e8re sur les blogs. Son \u00e9criture alterne entre fiction et articles de fond. Elle s\u2019int\u00e9resse depuis longtemps aux enjeux de l\u2019\u00e9dition et du num\u00e9rique.\u00a0<\/p><p>Afrof\u00e9ministe engag\u00e9e, elle traite \u00e9galement des repr\u00e9sentations sociales, historiques et culturelles de la femme noire sur son site d\u00e9di\u00e9 : mrsroots.fr.\u00a0<\/p><p>Ses \u00e9crits l\u2019ont amen\u00e9e \u00e0 collaborer avec plusieurs plateformes web, journaux et personnalit\u00e9s. Elle porte comme devise: \u00ab Ecrire. Pour qu&#8217;il ne soit plus possible de dire encore une fois : je ne savais pas. \u00bb Ses \u00e9tudes en Finlande lui ont inspir\u00e9 les d\u00e9cors scandinaves d\u2019A mains nues et sa r\u00e9flexion sur les diff\u00e9rences culturelles dans les rapports sociaux.<\/p><p>Elle s\u2019est fait conna\u00eetre gr\u00e2ce \u00e0 l\u2019album jeunesse <i>Comme un million de papillons noirs<\/i>\u00a0(Cambourakis, 2018). \u00c9galement autrice du\u00a0<i>Chemin de Jada<\/i>\u00a0(Cambourakis) et de\u00a0<i>Fadya et le Chant de la rivi\u00e8re<\/i> (Lunii), elle anime par ailleurs des ateliers d\u2019\u00e9criture.\u00a0<\/p>\t\t\t\t\t<\/div>\n\t\t\t\t\t\t<\/div>\n\t\t\t\t<\/div>\n\t\t\t\t\t\t<\/div>\n\t\t\t\t\t<\/div>\n\t\t<\/div>\n\t\t\t\t\t\t\t\t<\/div>\n\t\t\t\t\t<\/div>\n\t\t<\/section>\n\t\t\t\t<section class=\"elementor-section elementor-inner-section elementor-element elementor-element-2f9891d elementor-section-boxed elementor-section-height-default elementor-section-height-default\" data-id=\"2f9891d\" data-element_type=\"section\">\n\t\t\t\t\t\t<div class=\"elementor-container elementor-column-gap-default\">\n\t\t\t\t\t\t\t<div class=\"elementor-row\">\n\t\t\t\t\t<div class=\"elementor-column elementor-col-50 elementor-inner-column elementor-element elementor-element-797edd7\" data-id=\"797edd7\" data-element_type=\"column\">\n\t\t\t<div class=\"elementor-column-wrap\">\n\t\t\t\t\t\t\t<div class=\"elementor-widget-wrap\">\n\t\t\t\t\t\t\t\t<\/div>\n\t\t\t\t\t<\/div>\n\t\t<\/div>\n\t\t\t\t<div class=\"elementor-column elementor-col-50 elementor-inner-column elementor-element elementor-element-f341714\" data-id=\"f341714\" data-element_type=\"column\">\n\t\t\t<div class=\"elementor-column-wrap elementor-element-populated\">\n\t\t\t\t\t\t\t<div class=\"elementor-widget-wrap\">\n\t\t\t\t\t\t<div class=\"elementor-element elementor-element-1e24452 elementor-align-left elementor-widget elementor-widget-button\" data-id=\"1e24452\" data-element_type=\"widget\" data-widget_type=\"button.default\">\n\t\t\t\t<div class=\"elementor-widget-container\">\n\t\t\t\t\t<div class=\"elementor-button-wrapper\">\n\t\t\t<a class=\"elementor-button elementor-button-link elementor-size-sm\" href=\"https:\/\/www.babelio.com\/auteur\/Laura-Nsafou\/428708#:~:text=Biographie%20%3A,l&#039;%C3%A9dition%20et%20du%20num%C3%A9rique.\">\n\t\t\t\t\t\t<span class=\"elementor-button-content-wrapper\">\n\t\t\t\t\t\t<span class=\"elementor-button-text\">En savoir plus<\/span>\n\t\t<\/span>\n\t\t\t\t\t<\/a>\n\t\t<\/div>\n\t\t\t\t<\/div>\n\t\t\t\t<\/div>\n\t\t\t\t\t\t<\/div>\n\t\t\t\t\t<\/div>\n\t\t<\/div>\n\t\t\t\t\t\t\t\t<\/div>\n\t\t\t\t\t<\/div>\n\t\t<\/section>\n\t\t\t\t\t\t<\/div>\n\t\t\t\t\t<\/div>\n\t\t<\/div>\n\t\t\t\t<div class=\"elementor-column elementor-col-33 elementor-top-column elementor-element elementor-element-44d1455\" data-id=\"44d1455\" data-element_type=\"column\">\n\t\t\t<div class=\"elementor-column-wrap\">\n\t\t\t\t\t\t\t<div class=\"elementor-widget-wrap\">\n\t\t\t\t\t\t\t\t<\/div>\n\t\t\t\t\t<\/div>\n\t\t<\/div>\n\t\t\t\t\t\t\t\t<\/div>\n\t\t\t\t\t<\/div>\n\t\t<\/section>\n\t\t\t\t<section class=\"elementor-section elementor-top-section elementor-element elementor-element-7eeeacf elementor-section-boxed elementor-section-height-default elementor-section-height-default\" data-id=\"7eeeacf\" data-element_type=\"section\">\n\t\t\t\t\t\t<div class=\"elementor-container elementor-column-gap-default\">\n\t\t\t\t\t\t\t<div class=\"elementor-row\">\n\t\t\t\t\t<div class=\"elementor-column elementor-col-100 elementor-top-column elementor-element elementor-element-aee8e32\" data-id=\"aee8e32\" data-element_type=\"column\">\n\t\t\t<div class=\"elementor-column-wrap elementor-element-populated\">\n\t\t\t\t\t\t\t<div class=\"elementor-widget-wrap\">\n\t\t\t\t\t\t<div class=\"elementor-element elementor-element-36b33fc elementor-widget elementor-widget-spacer\" data-id=\"36b33fc\" data-element_type=\"widget\" data-widget_type=\"spacer.default\">\n\t\t\t\t<div class=\"elementor-widget-container\">\n\t\t\t\t\t<div class=\"elementor-spacer\">\n\t\t\t<div class=\"elementor-spacer-inner\"><\/div>\n\t\t<\/div>\n\t\t\t\t<\/div>\n\t\t\t\t<\/div>\n\t\t\t\t\t\t<\/div>\n\t\t\t\t\t<\/div>\n\t\t<\/div>\n\t\t\t\t\t\t\t\t<\/div>\n\t\t\t\t\t<\/div>\n\t\t<\/section>\n\t\t\t\t\t\t\t\t\t<\/div>\n\t\t\t<\/div>\n\t\t\t\t\t<\/div>\n\t\t","protected":false},"excerpt":{"rendered":"<p>Laura NSAFOU LAURA NSAFOU incarne une toute nouvelle g\u00e9n\u00e9ration d&#8217;auteurs, puisqu&#8217;elle a commenc\u00e9 sa carri\u00e8re sur les blogs. Son \u00e9criture alterne entre fiction et articles de fond. Elle s\u2019int\u00e9resse depuis longtemps aux enjeux de l\u2019\u00e9dition et du num\u00e9rique.\u00a0 Afrof\u00e9ministe engag\u00e9e, elle traite \u00e9galement des repr\u00e9sentations sociales, historiques et culturelles de la femme noire sur son &hellip;<\/p>\n<p class=\"read-more\"> <a class=\"\" href=\"https:\/\/festival-livre-jeunesse.fr\/2023\/laura-nsafou\/\"> <span class=\"screen-reader-text\">Laura NSAFOU<\/span> Lire la suite\u00a0\u00bb<\/a><\/p>\n","protected":false},"author":1,"featured_media":0,"parent":0,"menu_order":0,"comment_status":"closed","ping_status":"closed","template":"","meta":{"site-sidebar-layout":"no-sidebar","site-content-layout":"page-builder","ast-main-header-display":"","ast-hfb-above-header-display":"","ast-hfb-below-header-display":"","ast-hfb-mobile-header-display":"","site-post-title":"disabled","ast-breadcrumbs-content":"","ast-featured-img":"disabled","footer-sml-layout":"","theme-transparent-header-meta":"","adv-header-id-meta":"","stick-header-meta":"","header-above-stick-meta":"","header-main-stick-meta":"","header-below-stick-meta":""},"yoast_head":"<!-- This site is optimized with the Yoast SEO plugin v19.7.2 - https:\/\/yoast.com\/wordpress\/plugins\/seo\/ -->\n<title>Laura NSAFOU - Festival Livre Jeunesse Occitanie<\/title>\n<meta name=\"robots\" content=\"index, follow, max-snippet:-1, max-image-preview:large, max-video-preview:-1\" \/>\n<link rel=\"canonical\" href=\"https:\/\/festival-livre-jeunesse.fr\/2023\/laura-nsafou\/\" \/>\n<meta property=\"og:locale\" content=\"fr_FR\" \/>\n<meta property=\"og:type\" content=\"article\" \/>\n<meta property=\"og:title\" content=\"Laura NSAFOU - Festival Livre Jeunesse Occitanie\" \/>\n<meta property=\"og:description\" content=\"Laura NSAFOU LAURA NSAFOU incarne une toute nouvelle g\u00e9n\u00e9ration d&#8217;auteurs, puisqu&#8217;elle a commenc\u00e9 sa carri\u00e8re sur les blogs. Son \u00e9criture alterne entre fiction et articles de fond. Elle s\u2019int\u00e9resse depuis longtemps aux enjeux de l\u2019\u00e9dition et du num\u00e9rique.\u00a0 Afrof\u00e9ministe engag\u00e9e, elle traite \u00e9galement des repr\u00e9sentations sociales, historiques et culturelles de la femme noire sur son &hellip; Laura NSAFOU Lire la suite\u00a0\u00bb\" \/>\n<meta property=\"og:url\" content=\"https:\/\/festival-livre-jeunesse.fr\/2023\/laura-nsafou\/\" \/>\n<meta property=\"og:site_name\" content=\"Festival Livre Jeunesse Occitanie\" \/>\n<meta property=\"article:publisher\" content=\"https:\/\/www.facebook.com\/FestivalLivreJeunesseOccitanie\" \/>\n<meta property=\"article:modified_time\" content=\"2022-10-17T19:25:47+00:00\" \/>\n<meta property=\"og:image\" content=\"https:\/\/festival-livre-jeunesse.fr\/2023\/wp-content\/uploads\/2022\/07\/Laura-NSAFOU.jpg\" \/>\n<meta name=\"twitter:card\" content=\"summary_large_image\" \/>\n<meta name=\"twitter:site\" content=\"@FljOccitanie\" \/>\n<meta name=\"twitter:label1\" content=\"Dur\u00e9e de lecture estim\u00e9e\" \/>\n\t<meta name=\"twitter:data1\" content=\"2 minutes\" \/>\n<script type=\"application\/ld+json\" class=\"yoast-schema-graph\">{\"@context\":\"https:\/\/schema.org\",\"@graph\":[{\"@type\":\"WebPage\",\"@id\":\"https:\/\/festival-livre-jeunesse.fr\/2023\/laura-nsafou\/\",\"url\":\"https:\/\/festival-livre-jeunesse.fr\/2023\/laura-nsafou\/\",\"name\":\"Laura NSAFOU - Festival Livre Jeunesse Occitanie\",\"isPartOf\":{\"@id\":\"https:\/\/festival-livre-jeunesse.fr\/2023\/#website\"},\"datePublished\":\"2022-07-30T14:32:08+00:00\",\"dateModified\":\"2022-10-17T19:25:47+00:00\",\"breadcrumb\":{\"@id\":\"https:\/\/festival-livre-jeunesse.fr\/2023\/laura-nsafou\/#breadcrumb\"},\"inLanguage\":\"fr-FR\",\"potentialAction\":[{\"@type\":\"ReadAction\",\"target\":[\"https:\/\/festival-livre-jeunesse.fr\/2023\/laura-nsafou\/\"]}]},{\"@type\":\"BreadcrumbList\",\"@id\":\"https:\/\/festival-livre-jeunesse.fr\/2023\/laura-nsafou\/#breadcrumb\",\"itemListElement\":[{\"@type\":\"ListItem\",\"position\":1,\"name\":\"Accueil\",\"item\":\"https:\/\/festival-livre-jeunesse.fr\/2023\/\"},{\"@type\":\"ListItem\",\"position\":2,\"name\":\"Laura NSAFOU\"}]},{\"@type\":\"WebSite\",\"@id\":\"https:\/\/festival-livre-jeunesse.fr\/2023\/#website\",\"url\":\"https:\/\/festival-livre-jeunesse.fr\/2023\/\",\"name\":\"Festival Livre Jeunesse Occitanie\",\"description\":\"21\u00e8me \u00e9dition - janvier 2023\",\"publisher\":{\"@id\":\"https:\/\/festival-livre-jeunesse.fr\/2023\/#organization\"},\"potentialAction\":[{\"@type\":\"SearchAction\",\"target\":{\"@type\":\"EntryPoint\",\"urlTemplate\":\"https:\/\/festival-livre-jeunesse.fr\/2023\/?s={search_term_string}\"},\"query-input\":\"required name=search_term_string\"}],\"inLanguage\":\"fr-FR\"},{\"@type\":\"Organization\",\"@id\":\"https:\/\/festival-livre-jeunesse.fr\/2023\/#organization\",\"name\":\"festival livre jeunesse occitanie\",\"url\":\"https:\/\/festival-livre-jeunesse.fr\/2023\/\",\"sameAs\":[\"https:\/\/www.facebook.com\/FestivalLivreJeunesseOccitanie\",\"https:\/\/twitter.com\/FljOccitanie\"],\"logo\":{\"@type\":\"ImageObject\",\"inLanguage\":\"fr-FR\",\"@id\":\"https:\/\/festival-livre-jeunesse.fr\/2023\/#\/schema\/logo\/image\/\",\"url\":\"https:\/\/festival-livre-jeunesse.fr\/2023\/wp-content\/uploads\/2021\/05\/Logo-FLJ-petit.png\",\"contentUrl\":\"https:\/\/festival-livre-jeunesse.fr\/2023\/wp-content\/uploads\/2021\/05\/Logo-FLJ-petit.png\",\"width\":204,\"height\":200,\"caption\":\"festival livre jeunesse occitanie\"},\"image\":{\"@id\":\"https:\/\/festival-livre-jeunesse.fr\/2023\/#\/schema\/logo\/image\/\"}}]}<\/script>\n<!-- \/ Yoast SEO plugin. -->","yoast_head_json":{"title":"Laura NSAFOU - Festival Livre Jeunesse Occitanie","robots":{"index":"index","follow":"follow","max-snippet":"max-snippet:-1","max-image-preview":"max-image-preview:large","max-video-preview":"max-video-preview:-1"},"canonical":"https:\/\/festival-livre-jeunesse.fr\/2023\/laura-nsafou\/","og_locale":"fr_FR","og_type":"article","og_title":"Laura NSAFOU - Festival Livre Jeunesse Occitanie","og_description":"Laura NSAFOU LAURA NSAFOU incarne une toute nouvelle g\u00e9n\u00e9ration d&#8217;auteurs, puisqu&#8217;elle a commenc\u00e9 sa carri\u00e8re sur les blogs. Son \u00e9criture alterne entre fiction et articles de fond. Elle s\u2019int\u00e9resse depuis longtemps aux enjeux de l\u2019\u00e9dition et du num\u00e9rique.\u00a0 Afrof\u00e9ministe engag\u00e9e, elle traite \u00e9galement des repr\u00e9sentations sociales, historiques et culturelles de la femme noire sur son &hellip; Laura NSAFOU Lire la suite\u00a0\u00bb","og_url":"https:\/\/festival-livre-jeunesse.fr\/2023\/laura-nsafou\/","og_site_name":"Festival Livre Jeunesse Occitanie","article_publisher":"https:\/\/www.facebook.com\/FestivalLivreJeunesseOccitanie","article_modified_time":"2022-10-17T19:25:47+00:00","og_image":[{"url":"https:\/\/festival-livre-jeunesse.fr\/2023\/wp-content\/uploads\/2022\/07\/Laura-NSAFOU.jpg"}],"twitter_card":"summary_large_image","twitter_site":"@FljOccitanie","twitter_misc":{"Dur\u00e9e de lecture estim\u00e9e":"2 minutes"},"schema":{"@context":"https:\/\/schema.org","@graph":[{"@type":"WebPage","@id":"https:\/\/festival-livre-jeunesse.fr\/2023\/laura-nsafou\/","url":"https:\/\/festival-livre-jeunesse.fr\/2023\/laura-nsafou\/","name":"Laura NSAFOU - Festival Livre Jeunesse Occitanie","isPartOf":{"@id":"https:\/\/festival-livre-jeunesse.fr\/2023\/#website"},"datePublished":"2022-07-30T14:32:08+00:00","dateModified":"2022-10-17T19:25:47+00:00","breadcrumb":{"@id":"https:\/\/festival-livre-jeunesse.fr\/2023\/laura-nsafou\/#breadcrumb"},"inLanguage":"fr-FR","potentialAction":[{"@type":"ReadAction","target":["https:\/\/festival-livre-jeunesse.fr\/2023\/laura-nsafou\/"]}]},{"@type":"BreadcrumbList","@id":"https:\/\/festival-livre-jeunesse.fr\/2023\/laura-nsafou\/#breadcrumb","itemListElement":[{"@type":"ListItem","position":1,"name":"Accueil","item":"https:\/\/festival-livre-jeunesse.fr\/2023\/"},{"@type":"ListItem","position":2,"name":"Laura NSAFOU"}]},{"@type":"WebSite","@id":"https:\/\/festival-livre-jeunesse.fr\/2023\/#website","url":"https:\/\/festival-livre-jeunesse.fr\/2023\/","name":"Festival Livre Jeunesse Occitanie","description":"21\u00e8me \u00e9dition - janvier 2023","publisher":{"@id":"https:\/\/festival-livre-jeunesse.fr\/2023\/#organization"},"potentialAction":[{"@type":"SearchAction","target":{"@type":"EntryPoint","urlTemplate":"https:\/\/festival-livre-jeunesse.fr\/2023\/?s={search_term_string}"},"query-input":"required name=search_term_string"}],"inLanguage":"fr-FR"},{"@type":"Organization","@id":"https:\/\/festival-livre-jeunesse.fr\/2023\/#organization","name":"festival livre jeunesse occitanie","url":"https:\/\/festival-livre-jeunesse.fr\/2023\/","sameAs":["https:\/\/www.facebook.com\/FestivalLivreJeunesseOccitanie","https:\/\/twitter.com\/FljOccitanie"],"logo":{"@type":"ImageObject","inLanguage":"fr-FR","@id":"https:\/\/festival-livre-jeunesse.fr\/2023\/#\/schema\/logo\/image\/","url":"https:\/\/festival-livre-jeunesse.fr\/2023\/wp-content\/uploads\/2021\/05\/Logo-FLJ-petit.png","contentUrl":"https:\/\/festival-livre-jeunesse.fr\/2023\/wp-content\/uploads\/2021\/05\/Logo-FLJ-petit.png","width":204,"height":200,"caption":"festival livre jeunesse occitanie"},"image":{"@id":"https:\/\/festival-livre-jeunesse.fr\/2023\/#\/schema\/logo\/image\/"}}]}},"_links":{"self":[{"href":"https:\/\/festival-livre-jeunesse.fr\/2023\/wp-json\/wp\/v2\/pages\/9609"}],"collection":[{"href":"https:\/\/festival-livre-jeunesse.fr\/2023\/wp-json\/wp\/v2\/pages"}],"about":[{"href":"https:\/\/festival-livre-jeunesse.fr\/2023\/wp-json\/wp\/v2\/types\/page"}],"author":[{"embeddable":true,"href":"https:\/\/festival-livre-jeunesse.fr\/2023\/wp-json\/wp\/v2\/users\/1"}],"replies":[{"embeddable":true,"href":"https:\/\/festival-livre-jeunesse.fr\/2023\/wp-json\/wp\/v2\/comments?post=9609"}],"version-history":[{"count":17,"href":"https:\/\/festival-livre-jeunesse.fr\/2023\/wp-json\/wp\/v2\/pages\/9609\/revisions"}],"predecessor-version":[{"id":10452,"href":"https:\/\/festival-livre-jeunesse.fr\/2023\/wp-json\/wp\/v2\/pages\/9609\/revisions\/10452"}],"wp:attachment":[{"href":"https:\/\/festival-livre-jeunesse.fr\/2023\/wp-json\/wp\/v2\/media?parent=9609"}],"curies":[{"name":"wp","href":"https:\/\/api.w.org\/{rel}","templated":true}]}}