{"id":23829,"date":"2026-01-20T13:43:33","date_gmt":"2026-01-20T12:43:33","guid":{"rendered":"https:\/\/festival-livre-jeunesse.fr\/2026\/?page_id=23829"},"modified":"2026-02-08T16:29:25","modified_gmt":"2026-02-08T15:29:25","slug":"radiocavepo","status":"publish","type":"page","link":"https:\/\/festival-livre-jeunesse.fr\/2026\/radiocavepo\/","title":{"rendered":"Radio Cave Po"},"content":{"rendered":"\t\t<div data-elementor-type=\"wp-page\" data-elementor-id=\"23829\" class=\"elementor elementor-23829\">\n\t\t\t\t\t\t<section class=\"elementor-section elementor-top-section elementor-element elementor-element-2e48b7c elementor-section-boxed elementor-section-height-default elementor-section-height-default\" data-id=\"2e48b7c\" data-element_type=\"section\" data-e-type=\"section\">\n\t\t\t\t\t\t<div class=\"elementor-container elementor-column-gap-default\">\n\t\t\t\t\t<div class=\"elementor-column elementor-col-100 elementor-top-column elementor-element elementor-element-4fa13a0\" data-id=\"4fa13a0\" data-element_type=\"column\" data-e-type=\"column\">\n\t\t\t<div class=\"elementor-widget-wrap elementor-element-populated\">\n\t\t\t\t\t\t<div class=\"elementor-element elementor-element-1921799 elementor-widget elementor-widget-heading\" data-id=\"1921799\" data-element_type=\"widget\" data-e-type=\"widget\" data-widget_type=\"heading.default\">\n\t\t\t\t<div class=\"elementor-widget-container\">\n\t\t\t\t\t<h2 class=\"elementor-heading-title elementor-size-default\">Radio Cave Po' - La po\u00e9sie dans la litt\u00e9rature de Jeunesse<\/h2>\t\t\t\t<\/div>\n\t\t\t\t<\/div>\n\t\t\t\t\t<\/div>\n\t\t<\/div>\n\t\t\t\t\t<\/div>\n\t\t<\/section>\n\t\t\t\t<section class=\"elementor-section elementor-top-section elementor-element elementor-element-c42223d elementor-section-boxed elementor-section-height-default elementor-section-height-default\" data-id=\"c42223d\" data-element_type=\"section\" data-e-type=\"section\">\n\t\t\t\t\t\t<div class=\"elementor-container elementor-column-gap-default\">\n\t\t\t\t\t<div class=\"elementor-column elementor-col-100 elementor-top-column elementor-element elementor-element-e93b825\" data-id=\"e93b825\" data-element_type=\"column\" data-e-type=\"column\">\n\t\t\t<div class=\"elementor-widget-wrap elementor-element-populated\">\n\t\t\t\t\t\t<div class=\"elementor-element elementor-element-c8443d6 elementor-widget elementor-widget-heading\" data-id=\"c8443d6\" data-element_type=\"widget\" data-e-type=\"widget\" data-widget_type=\"heading.default\">\n\t\t\t\t<div class=\"elementor-widget-container\">\n\t\t\t\t\t<h5 class=\"elementor-heading-title elementor-size-default\"><b>Le Jeudi 22 janvier \u00e0 la Cave Po\u00e9sie \u00e0 Toulouse, a eut lieu<\/b><b> l'enregistrement d'une \u00e9mission \"Radio Cave Po' \"<\/b><br><b>avec <\/b><b>S\u00e9bastien Joanniez, Fabienne Swiatly et Thomas Vinau. <\/b><br><b>Lectures et d\u00e9bats mod\u00e9r\u00e9s par Modesta Suarez <\/b><b>\u00e0 l'occasion du 24\u00e8me Festival du Livre de Jeunesse Occitanie.<\/b><\/h5>\t\t\t\t<\/div>\n\t\t\t\t<\/div>\n\t\t\t\t\t<\/div>\n\t\t<\/div>\n\t\t\t\t\t<\/div>\n\t\t<\/section>\n\t\t\t\t<section class=\"elementor-section elementor-top-section elementor-element elementor-element-a57722b elementor-section-boxed elementor-section-height-default elementor-section-height-default\" data-id=\"a57722b\" data-element_type=\"section\" data-e-type=\"section\">\n\t\t\t\t\t\t<div class=\"elementor-container elementor-column-gap-default\">\n\t\t\t\t\t<div class=\"elementor-column elementor-col-100 elementor-top-column elementor-element elementor-element-718c68e\" data-id=\"718c68e\" data-element_type=\"column\" data-e-type=\"column\">\n\t\t\t<div class=\"elementor-widget-wrap elementor-element-populated\">\n\t\t\t\t\t\t<div class=\"elementor-element elementor-element-24dd676 elementor-button-info elementor-align-center elementor-widget elementor-widget-button\" data-id=\"24dd676\" data-element_type=\"widget\" data-e-type=\"widget\" data-widget_type=\"button.default\">\n\t\t\t\t<div class=\"elementor-widget-container\">\n\t\t\t\t\t\t\t\t\t<div class=\"elementor-button-wrapper\">\n\t\t\t\t\t<a class=\"elementor-button elementor-button-link elementor-size-sm\" href=\"https:\/\/festival-livre-jeunesse.fr\/2026\/wp-content\/uploads\/2026\/02\/Enregistrement-FLJ2026-22_01.mp3\" target=\"_blank\">\n\t\t\t\t\t\t<span class=\"elementor-button-content-wrapper\">\n\t\t\t\t\t\t<span class=\"elementor-button-icon\">\n\t\t\t\t<i aria-hidden=\"true\" class=\"fas fa-play\"><\/i>\t\t\t<\/span>\n\t\t\t\t\t\t\t\t\t<span class=\"elementor-button-text\">R\u00e9\u00e9coutez l'\u00e9mission ici\u200b<\/span>\n\t\t\t\t\t<\/span>\n\t\t\t\t\t<\/a>\n\t\t\t\t<\/div>\n\t\t\t\t\t\t\t\t<\/div>\n\t\t\t\t<\/div>\n\t\t\t\t\t<\/div>\n\t\t<\/div>\n\t\t\t\t\t<\/div>\n\t\t<\/section>\n\t\t\t\t<section class=\"elementor-section elementor-top-section elementor-element elementor-element-6465d53 elementor-section-boxed elementor-section-height-default elementor-section-height-default\" data-id=\"6465d53\" data-element_type=\"section\" data-e-type=\"section\">\n\t\t\t\t\t\t<div class=\"elementor-container elementor-column-gap-default\">\n\t\t\t\t\t<div class=\"elementor-column elementor-col-100 elementor-top-column elementor-element elementor-element-dfaf98c\" data-id=\"dfaf98c\" data-element_type=\"column\" data-e-type=\"column\">\n\t\t\t<div class=\"elementor-widget-wrap elementor-element-populated\">\n\t\t\t\t\t\t<div class=\"elementor-element elementor-element-f01072e elementor-widget elementor-widget-image\" data-id=\"f01072e\" data-element_type=\"widget\" data-e-type=\"widget\" data-widget_type=\"image.default\">\n\t\t\t\t<div class=\"elementor-widget-container\">\n\t\t\t\t\t\t\t\t\t\t\t\t\t\t\t<img fetchpriority=\"high\" decoding=\"async\" width=\"820\" height=\"615\" src=\"https:\/\/festival-livre-jeunesse.fr\/2026\/wp-content\/uploads\/2026\/02\/PXL_20260122_175404048-1024x768.jpg\" class=\"attachment-large size-large wp-image-23873\" alt=\"\" srcset=\"https:\/\/festival-livre-jeunesse.fr\/2026\/wp-content\/uploads\/2026\/02\/PXL_20260122_175404048-1024x768.jpg 1024w, https:\/\/festival-livre-jeunesse.fr\/2026\/wp-content\/uploads\/2026\/02\/PXL_20260122_175404048-300x225.jpg 300w, https:\/\/festival-livre-jeunesse.fr\/2026\/wp-content\/uploads\/2026\/02\/PXL_20260122_175404048-768x576.jpg 768w, https:\/\/festival-livre-jeunesse.fr\/2026\/wp-content\/uploads\/2026\/02\/PXL_20260122_175404048-1536x1152.jpg 1536w, https:\/\/festival-livre-jeunesse.fr\/2026\/wp-content\/uploads\/2026\/02\/PXL_20260122_175404048-2048x1536.jpg 2048w\" sizes=\"(max-width: 820px) 100vw, 820px\" \/>\t\t\t\t\t\t\t\t\t\t\t\t\t\t\t<\/div>\n\t\t\t\t<\/div>\n\t\t\t\t\t<\/div>\n\t\t<\/div>\n\t\t\t\t\t<\/div>\n\t\t<\/section>\n\t\t\t\t<section class=\"elementor-section elementor-top-section elementor-element elementor-element-f6e9574 elementor-section-boxed elementor-section-height-default elementor-section-height-default\" data-id=\"f6e9574\" data-element_type=\"section\" data-e-type=\"section\">\n\t\t\t\t\t\t<div class=\"elementor-container elementor-column-gap-default\">\n\t\t\t\t\t<div class=\"elementor-column elementor-col-33 elementor-top-column elementor-element elementor-element-e1005c8\" data-id=\"e1005c8\" data-element_type=\"column\" data-e-type=\"column\">\n\t\t\t<div class=\"elementor-widget-wrap elementor-element-populated\">\n\t\t\t\t\t\t<div class=\"elementor-element elementor-element-decedd7 elementor-widget elementor-widget-image\" data-id=\"decedd7\" data-element_type=\"widget\" data-e-type=\"widget\" data-widget_type=\"image.default\">\n\t\t\t\t<div class=\"elementor-widget-container\">\n\t\t\t\t\t\t\t\t\t\t\t\t<figure class=\"wp-caption\">\n\t\t\t\t\t\t\t\t\t\t<img decoding=\"async\" width=\"723\" height=\"723\" src=\"https:\/\/festival-livre-jeunesse.fr\/2026\/wp-content\/uploads\/2025\/08\/photoSJoanniez@Baptiste-de-Ville-dAvray-1.jpg\" class=\"attachment-large size-large wp-image-21806\" alt=\"\" srcset=\"https:\/\/festival-livre-jeunesse.fr\/2026\/wp-content\/uploads\/2025\/08\/photoSJoanniez@Baptiste-de-Ville-dAvray-1.jpg 723w, https:\/\/festival-livre-jeunesse.fr\/2026\/wp-content\/uploads\/2025\/08\/photoSJoanniez@Baptiste-de-Ville-dAvray-1-300x300.jpg 300w, https:\/\/festival-livre-jeunesse.fr\/2026\/wp-content\/uploads\/2025\/08\/photoSJoanniez@Baptiste-de-Ville-dAvray-1-150x150.jpg 150w\" sizes=\"(max-width: 723px) 100vw, 723px\" \/>\t\t\t\t\t\t\t\t\t\t\t<figcaption class=\"widget-image-caption wp-caption-text\">S\u00e9bastien Joanniez<\/figcaption>\n\t\t\t\t\t\t\t\t\t\t<\/figure>\n\t\t\t\t\t\t\t\t\t<\/div>\n\t\t\t\t<\/div>\n\t\t\t\t\t<\/div>\n\t\t<\/div>\n\t\t\t\t<div class=\"elementor-column elementor-col-33 elementor-top-column elementor-element elementor-element-1de4a58\" data-id=\"1de4a58\" data-element_type=\"column\" data-e-type=\"column\">\n\t\t\t<div class=\"elementor-widget-wrap elementor-element-populated\">\n\t\t\t\t\t\t<div class=\"elementor-element elementor-element-df0c3e0 elementor-widget elementor-widget-image\" data-id=\"df0c3e0\" data-element_type=\"widget\" data-e-type=\"widget\" data-widget_type=\"image.default\">\n\t\t\t\t<div class=\"elementor-widget-container\">\n\t\t\t\t\t\t\t\t\t\t\t\t<figure class=\"wp-caption\">\n\t\t\t\t\t\t\t\t\t\t<img decoding=\"async\" width=\"820\" height=\"820\" src=\"https:\/\/festival-livre-jeunesse.fr\/2026\/wp-content\/uploads\/2025\/08\/F-Swiatly-VaelrieCouteronOK.jpeg\" class=\"attachment-large size-large wp-image-21804\" alt=\"\" srcset=\"https:\/\/festival-livre-jeunesse.fr\/2026\/wp-content\/uploads\/2025\/08\/F-Swiatly-VaelrieCouteronOK.jpeg 886w, https:\/\/festival-livre-jeunesse.fr\/2026\/wp-content\/uploads\/2025\/08\/F-Swiatly-VaelrieCouteronOK-300x300.jpeg 300w, https:\/\/festival-livre-jeunesse.fr\/2026\/wp-content\/uploads\/2025\/08\/F-Swiatly-VaelrieCouteronOK-150x150.jpeg 150w, https:\/\/festival-livre-jeunesse.fr\/2026\/wp-content\/uploads\/2025\/08\/F-Swiatly-VaelrieCouteronOK-768x768.jpeg 768w\" sizes=\"(max-width: 820px) 100vw, 820px\" \/>\t\t\t\t\t\t\t\t\t\t\t<figcaption class=\"widget-image-caption wp-caption-text\">Fabienne Swiatly<\/figcaption>\n\t\t\t\t\t\t\t\t\t\t<\/figure>\n\t\t\t\t\t\t\t\t\t<\/div>\n\t\t\t\t<\/div>\n\t\t\t\t\t<\/div>\n\t\t<\/div>\n\t\t\t\t<div class=\"elementor-column elementor-col-33 elementor-top-column elementor-element elementor-element-6bff0dc\" data-id=\"6bff0dc\" data-element_type=\"column\" data-e-type=\"column\">\n\t\t\t<div class=\"elementor-widget-wrap elementor-element-populated\">\n\t\t\t\t\t\t<div class=\"elementor-element elementor-element-a42191f elementor-widget elementor-widget-image\" data-id=\"a42191f\" data-element_type=\"widget\" data-e-type=\"widget\" data-widget_type=\"image.default\">\n\t\t\t\t<div class=\"elementor-widget-container\">\n\t\t\t\t\t\t\t\t\t\t\t\t<figure class=\"wp-caption\">\n\t\t\t\t\t\t\t\t\t\t<img loading=\"lazy\" decoding=\"async\" width=\"800\" height=\"800\" src=\"https:\/\/festival-livre-jeunesse.fr\/2026\/wp-content\/uploads\/2025\/08\/ThomasVinau-1.jpg\" class=\"attachment-large size-large wp-image-21815\" alt=\"\" srcset=\"https:\/\/festival-livre-jeunesse.fr\/2026\/wp-content\/uploads\/2025\/08\/ThomasVinau-1.jpg 800w, https:\/\/festival-livre-jeunesse.fr\/2026\/wp-content\/uploads\/2025\/08\/ThomasVinau-1-300x300.jpg 300w, https:\/\/festival-livre-jeunesse.fr\/2026\/wp-content\/uploads\/2025\/08\/ThomasVinau-1-150x150.jpg 150w, https:\/\/festival-livre-jeunesse.fr\/2026\/wp-content\/uploads\/2025\/08\/ThomasVinau-1-768x768.jpg 768w\" sizes=\"(max-width: 800px) 100vw, 800px\" \/>\t\t\t\t\t\t\t\t\t\t\t<figcaption class=\"widget-image-caption wp-caption-text\">Thomas Vinau<\/figcaption>\n\t\t\t\t\t\t\t\t\t\t<\/figure>\n\t\t\t\t\t\t\t\t\t<\/div>\n\t\t\t\t<\/div>\n\t\t\t\t\t<\/div>\n\t\t<\/div>\n\t\t\t\t\t<\/div>\n\t\t<\/section>\n\t\t\t\t<\/div>\n\t\t","protected":false},"excerpt":{"rendered":"<p>Radio Cave Po&rsquo; &#8211; La po\u00e9sie dans la litt\u00e9rature de Jeunesse Le Jeudi 22 janvier \u00e0 la Cave Po\u00e9sie \u00e0 Toulouse, a eut lieu l&rsquo;enregistrement d&rsquo;une \u00e9mission \u00ab\u00a0Radio Cave Po&rsquo; \u00ab\u00a0avec S\u00e9bastien Joanniez, Fabienne Swiatly et Thomas Vinau. Lectures et d\u00e9bats mod\u00e9r\u00e9s par Modesta Suarez \u00e0 l&rsquo;occasion du 24\u00e8me Festival du Livre de Jeunesse Occitanie. [&hellip;]<\/p>\n","protected":false},"author":2,"featured_media":0,"parent":0,"menu_order":0,"comment_status":"closed","ping_status":"closed","template":"","meta":{"site-sidebar-layout":"no-sidebar","site-content-layout":"page-builder","ast-site-content-layout":"full-width-container","site-content-style":"default","site-sidebar-style":"default","ast-global-header-display":"","ast-banner-title-visibility":"","ast-main-header-display":"","ast-hfb-above-header-display":"","ast-hfb-below-header-display":"","ast-hfb-mobile-header-display":"","site-post-title":"disabled","ast-breadcrumbs-content":"","ast-featured-img":"disabled","footer-sml-layout":"","theme-transparent-header-meta":"","adv-header-id-meta":"","stick-header-meta":"","header-above-stick-meta":"","header-main-stick-meta":"","header-below-stick-meta":"","astra-migrate-meta-layouts":"set","ast-page-background-enabled":"default","ast-page-background-meta":{"desktop":{"background-color":"","background-image":"","background-repeat":"repeat","background-position":"center center","background-size":"auto","background-attachment":"scroll","background-type":"","background-media":"","overlay-type":"","overlay-color":"","overlay-opacity":"","overlay-gradient":""},"tablet":{"background-color":"","background-image":"","background-repeat":"repeat","background-position":"center center","background-size":"auto","background-attachment":"scroll","background-type":"","background-media":"","overlay-type":"","overlay-color":"","overlay-opacity":"","overlay-gradient":""},"mobile":{"background-color":"","background-image":"","background-repeat":"repeat","background-position":"center center","background-size":"auto","background-attachment":"scroll","background-type":"","background-media":"","overlay-type":"","overlay-color":"","overlay-opacity":"","overlay-gradient":""}},"ast-content-background-meta":{"desktop":{"background-color":"var(--ast-global-color-5)","background-image":"","background-repeat":"repeat","background-position":"center center","background-size":"auto","background-attachment":"scroll","background-type":"","background-media":"","overlay-type":"","overlay-color":"","overlay-opacity":"","overlay-gradient":""},"tablet":{"background-color":"var(--ast-global-color-5)","background-image":"","background-repeat":"repeat","background-position":"center center","background-size":"auto","background-attachment":"scroll","background-type":"","background-media":"","overlay-type":"","overlay-color":"","overlay-opacity":"","overlay-gradient":""},"mobile":{"background-color":"var(--ast-global-color-5)","background-image":"","background-repeat":"repeat","background-position":"center center","background-size":"auto","background-attachment":"scroll","background-type":"","background-media":"","overlay-type":"","overlay-color":"","overlay-opacity":"","overlay-gradient":""}},"footnotes":""},"class_list":["post-23829","page","type-page","status-publish","hentry"],"yoast_head":"<!-- This site is optimized with the Yoast SEO plugin v27.3 - https:\/\/yoast.com\/product\/yoast-seo-wordpress\/ -->\n<title>Radio Cave Po - Festival du Livre de Jeunesse Occitanie : 29, 30, 31 janvier 2027<\/title>\n<meta name=\"robots\" content=\"index, follow, max-snippet:-1, max-image-preview:large, max-video-preview:-1\" \/>\n<link rel=\"canonical\" href=\"https:\/\/festival-livre-jeunesse.fr\/2026\/radiocavepo\/\" \/>\n<meta property=\"og:locale\" content=\"fr_FR\" \/>\n<meta property=\"og:type\" content=\"article\" \/>\n<meta property=\"og:title\" content=\"Radio Cave Po - Festival du Livre de Jeunesse Occitanie : 29, 30, 31 janvier 2027\" \/>\n<meta property=\"og:description\" content=\"Radio Cave Po&rsquo; &#8211; La po\u00e9sie dans la litt\u00e9rature de Jeunesse Le Jeudi 22 janvier \u00e0 la Cave Po\u00e9sie \u00e0 Toulouse, a eut lieu l&rsquo;enregistrement d&rsquo;une \u00e9mission \u00ab\u00a0Radio Cave Po&rsquo; \u00ab\u00a0avec S\u00e9bastien Joanniez, Fabienne Swiatly et Thomas Vinau. Lectures et d\u00e9bats mod\u00e9r\u00e9s par Modesta Suarez \u00e0 l&rsquo;occasion du 24\u00e8me Festival du Livre de Jeunesse Occitanie. [&hellip;]\" \/>\n<meta property=\"og:url\" content=\"https:\/\/festival-livre-jeunesse.fr\/2026\/radiocavepo\/\" \/>\n<meta property=\"og:site_name\" content=\"Festival du Livre de Jeunesse Occitanie : 29, 30, 31 janvier 2027\" \/>\n<meta property=\"article:publisher\" content=\"https:\/\/www.facebook.com\/FestivalLivreJeunesseOccitanie\" \/>\n<meta property=\"article:modified_time\" content=\"2026-02-08T15:29:25+00:00\" \/>\n<meta property=\"og:image\" content=\"https:\/\/festival-livre-jeunesse.fr\/2026\/wp-content\/uploads\/2026\/02\/PXL_20260122_175404048-scaled.jpg\" \/>\n\t<meta property=\"og:image:width\" content=\"2560\" \/>\n\t<meta property=\"og:image:height\" content=\"1920\" \/>\n\t<meta property=\"og:image:type\" content=\"image\/jpeg\" \/>\n<meta name=\"twitter:card\" content=\"summary_large_image\" \/>\n<meta name=\"twitter:site\" content=\"@FljOccitanie\" \/>\n<script type=\"application\/ld+json\" class=\"yoast-schema-graph\">{\"@context\":\"https:\\\/\\\/schema.org\",\"@graph\":[{\"@type\":\"WebPage\",\"@id\":\"https:\\\/\\\/festival-livre-jeunesse.fr\\\/2026\\\/radiocavepo\\\/\",\"url\":\"https:\\\/\\\/festival-livre-jeunesse.fr\\\/2026\\\/radiocavepo\\\/\",\"name\":\"Radio Cave Po - Festival du Livre de Jeunesse Occitanie : 29, 30, 31 janvier 2027\",\"isPartOf\":{\"@id\":\"https:\\\/\\\/festival-livre-jeunesse.fr\\\/2026\\\/#website\"},\"primaryImageOfPage\":{\"@id\":\"https:\\\/\\\/festival-livre-jeunesse.fr\\\/2026\\\/radiocavepo\\\/#primaryimage\"},\"image\":{\"@id\":\"https:\\\/\\\/festival-livre-jeunesse.fr\\\/2026\\\/radiocavepo\\\/#primaryimage\"},\"thumbnailUrl\":\"https:\\\/\\\/festival-livre-jeunesse.fr\\\/2026\\\/wp-content\\\/uploads\\\/2026\\\/02\\\/PXL_20260122_175404048-1024x768.jpg\",\"datePublished\":\"2026-01-20T12:43:33+00:00\",\"dateModified\":\"2026-02-08T15:29:25+00:00\",\"breadcrumb\":{\"@id\":\"https:\\\/\\\/festival-livre-jeunesse.fr\\\/2026\\\/radiocavepo\\\/#breadcrumb\"},\"inLanguage\":\"fr-FR\",\"potentialAction\":[{\"@type\":\"ReadAction\",\"target\":[\"https:\\\/\\\/festival-livre-jeunesse.fr\\\/2026\\\/radiocavepo\\\/\"]}]},{\"@type\":\"ImageObject\",\"inLanguage\":\"fr-FR\",\"@id\":\"https:\\\/\\\/festival-livre-jeunesse.fr\\\/2026\\\/radiocavepo\\\/#primaryimage\",\"url\":\"https:\\\/\\\/festival-livre-jeunesse.fr\\\/2026\\\/wp-content\\\/uploads\\\/2026\\\/02\\\/PXL_20260122_175404048-scaled.jpg\",\"contentUrl\":\"https:\\\/\\\/festival-livre-jeunesse.fr\\\/2026\\\/wp-content\\\/uploads\\\/2026\\\/02\\\/PXL_20260122_175404048-scaled.jpg\",\"width\":2560,\"height\":1920},{\"@type\":\"BreadcrumbList\",\"@id\":\"https:\\\/\\\/festival-livre-jeunesse.fr\\\/2026\\\/radiocavepo\\\/#breadcrumb\",\"itemListElement\":[{\"@type\":\"ListItem\",\"position\":1,\"name\":\"Accueil\",\"item\":\"https:\\\/\\\/festival-livre-jeunesse.fr\\\/2026\\\/\"},{\"@type\":\"ListItem\",\"position\":2,\"name\":\"Radio Cave Po\"}]},{\"@type\":\"WebSite\",\"@id\":\"https:\\\/\\\/festival-livre-jeunesse.fr\\\/2026\\\/#website\",\"url\":\"https:\\\/\\\/festival-livre-jeunesse.fr\\\/2026\\\/\",\"name\":\"Festival du Livre de Jeunesse Occitanie\",\"description\":\" Partir en livre : 17 juin - 19 juillet 2026\",\"publisher\":{\"@id\":\"https:\\\/\\\/festival-livre-jeunesse.fr\\\/2026\\\/#organization\"},\"potentialAction\":[{\"@type\":\"SearchAction\",\"target\":{\"@type\":\"EntryPoint\",\"urlTemplate\":\"https:\\\/\\\/festival-livre-jeunesse.fr\\\/2026\\\/?s={search_term_string}\"},\"query-input\":{\"@type\":\"PropertyValueSpecification\",\"valueRequired\":true,\"valueName\":\"search_term_string\"}}],\"inLanguage\":\"fr-FR\"},{\"@type\":\"Organization\",\"@id\":\"https:\\\/\\\/festival-livre-jeunesse.fr\\\/2026\\\/#organization\",\"name\":\"festival livre jeunesse occitanie\",\"url\":\"https:\\\/\\\/festival-livre-jeunesse.fr\\\/2026\\\/\",\"logo\":{\"@type\":\"ImageObject\",\"inLanguage\":\"fr-FR\",\"@id\":\"https:\\\/\\\/festival-livre-jeunesse.fr\\\/2026\\\/#\\\/schema\\\/logo\\\/image\\\/\",\"url\":\"https:\\\/\\\/festival-livre-jeunesse.fr\\\/2026\\\/wp-content\\\/uploads\\\/2023\\\/10\\\/cropped-Logo-FLJ-NB.png\",\"contentUrl\":\"https:\\\/\\\/festival-livre-jeunesse.fr\\\/2026\\\/wp-content\\\/uploads\\\/2023\\\/10\\\/cropped-Logo-FLJ-NB.png\",\"width\":1209,\"height\":1191,\"caption\":\"festival livre jeunesse occitanie\"},\"image\":{\"@id\":\"https:\\\/\\\/festival-livre-jeunesse.fr\\\/2026\\\/#\\\/schema\\\/logo\\\/image\\\/\"},\"sameAs\":[\"https:\\\/\\\/www.facebook.com\\\/FestivalLivreJeunesseOccitanie\",\"https:\\\/\\\/x.com\\\/FljOccitanie\"]}]}<\/script>\n<!-- \/ Yoast SEO plugin. -->","yoast_head_json":{"title":"Radio Cave Po - Festival du Livre de Jeunesse Occitanie : 29, 30, 31 janvier 2027","robots":{"index":"index","follow":"follow","max-snippet":"max-snippet:-1","max-image-preview":"max-image-preview:large","max-video-preview":"max-video-preview:-1"},"canonical":"https:\/\/festival-livre-jeunesse.fr\/2026\/radiocavepo\/","og_locale":"fr_FR","og_type":"article","og_title":"Radio Cave Po - Festival du Livre de Jeunesse Occitanie : 29, 30, 31 janvier 2027","og_description":"Radio Cave Po&rsquo; &#8211; La po\u00e9sie dans la litt\u00e9rature de Jeunesse Le Jeudi 22 janvier \u00e0 la Cave Po\u00e9sie \u00e0 Toulouse, a eut lieu l&rsquo;enregistrement d&rsquo;une \u00e9mission \u00ab\u00a0Radio Cave Po&rsquo; \u00ab\u00a0avec S\u00e9bastien Joanniez, Fabienne Swiatly et Thomas Vinau. Lectures et d\u00e9bats mod\u00e9r\u00e9s par Modesta Suarez \u00e0 l&rsquo;occasion du 24\u00e8me Festival du Livre de Jeunesse Occitanie. [&hellip;]","og_url":"https:\/\/festival-livre-jeunesse.fr\/2026\/radiocavepo\/","og_site_name":"Festival du Livre de Jeunesse Occitanie : 29, 30, 31 janvier 2027","article_publisher":"https:\/\/www.facebook.com\/FestivalLivreJeunesseOccitanie","article_modified_time":"2026-02-08T15:29:25+00:00","og_image":[{"width":2560,"height":1920,"url":"https:\/\/festival-livre-jeunesse.fr\/2026\/wp-content\/uploads\/2026\/02\/PXL_20260122_175404048-scaled.jpg","type":"image\/jpeg"}],"twitter_card":"summary_large_image","twitter_site":"@FljOccitanie","schema":{"@context":"https:\/\/schema.org","@graph":[{"@type":"WebPage","@id":"https:\/\/festival-livre-jeunesse.fr\/2026\/radiocavepo\/","url":"https:\/\/festival-livre-jeunesse.fr\/2026\/radiocavepo\/","name":"Radio Cave Po - Festival du Livre de Jeunesse Occitanie : 29, 30, 31 janvier 2027","isPartOf":{"@id":"https:\/\/festival-livre-jeunesse.fr\/2026\/#website"},"primaryImageOfPage":{"@id":"https:\/\/festival-livre-jeunesse.fr\/2026\/radiocavepo\/#primaryimage"},"image":{"@id":"https:\/\/festival-livre-jeunesse.fr\/2026\/radiocavepo\/#primaryimage"},"thumbnailUrl":"https:\/\/festival-livre-jeunesse.fr\/2026\/wp-content\/uploads\/2026\/02\/PXL_20260122_175404048-1024x768.jpg","datePublished":"2026-01-20T12:43:33+00:00","dateModified":"2026-02-08T15:29:25+00:00","breadcrumb":{"@id":"https:\/\/festival-livre-jeunesse.fr\/2026\/radiocavepo\/#breadcrumb"},"inLanguage":"fr-FR","potentialAction":[{"@type":"ReadAction","target":["https:\/\/festival-livre-jeunesse.fr\/2026\/radiocavepo\/"]}]},{"@type":"ImageObject","inLanguage":"fr-FR","@id":"https:\/\/festival-livre-jeunesse.fr\/2026\/radiocavepo\/#primaryimage","url":"https:\/\/festival-livre-jeunesse.fr\/2026\/wp-content\/uploads\/2026\/02\/PXL_20260122_175404048-scaled.jpg","contentUrl":"https:\/\/festival-livre-jeunesse.fr\/2026\/wp-content\/uploads\/2026\/02\/PXL_20260122_175404048-scaled.jpg","width":2560,"height":1920},{"@type":"BreadcrumbList","@id":"https:\/\/festival-livre-jeunesse.fr\/2026\/radiocavepo\/#breadcrumb","itemListElement":[{"@type":"ListItem","position":1,"name":"Accueil","item":"https:\/\/festival-livre-jeunesse.fr\/2026\/"},{"@type":"ListItem","position":2,"name":"Radio Cave Po"}]},{"@type":"WebSite","@id":"https:\/\/festival-livre-jeunesse.fr\/2026\/#website","url":"https:\/\/festival-livre-jeunesse.fr\/2026\/","name":"Festival du Livre de Jeunesse Occitanie","description":" Partir en livre : 17 juin - 19 juillet 2026","publisher":{"@id":"https:\/\/festival-livre-jeunesse.fr\/2026\/#organization"},"potentialAction":[{"@type":"SearchAction","target":{"@type":"EntryPoint","urlTemplate":"https:\/\/festival-livre-jeunesse.fr\/2026\/?s={search_term_string}"},"query-input":{"@type":"PropertyValueSpecification","valueRequired":true,"valueName":"search_term_string"}}],"inLanguage":"fr-FR"},{"@type":"Organization","@id":"https:\/\/festival-livre-jeunesse.fr\/2026\/#organization","name":"festival livre jeunesse occitanie","url":"https:\/\/festival-livre-jeunesse.fr\/2026\/","logo":{"@type":"ImageObject","inLanguage":"fr-FR","@id":"https:\/\/festival-livre-jeunesse.fr\/2026\/#\/schema\/logo\/image\/","url":"https:\/\/festival-livre-jeunesse.fr\/2026\/wp-content\/uploads\/2023\/10\/cropped-Logo-FLJ-NB.png","contentUrl":"https:\/\/festival-livre-jeunesse.fr\/2026\/wp-content\/uploads\/2023\/10\/cropped-Logo-FLJ-NB.png","width":1209,"height":1191,"caption":"festival livre jeunesse occitanie"},"image":{"@id":"https:\/\/festival-livre-jeunesse.fr\/2026\/#\/schema\/logo\/image\/"},"sameAs":["https:\/\/www.facebook.com\/FestivalLivreJeunesseOccitanie","https:\/\/x.com\/FljOccitanie"]}]}},"_links":{"self":[{"href":"https:\/\/festival-livre-jeunesse.fr\/2026\/wp-json\/wp\/v2\/pages\/23829","targetHints":{"allow":["GET"]}}],"collection":[{"href":"https:\/\/festival-livre-jeunesse.fr\/2026\/wp-json\/wp\/v2\/pages"}],"about":[{"href":"https:\/\/festival-livre-jeunesse.fr\/2026\/wp-json\/wp\/v2\/types\/page"}],"author":[{"embeddable":true,"href":"https:\/\/festival-livre-jeunesse.fr\/2026\/wp-json\/wp\/v2\/users\/2"}],"replies":[{"embeddable":true,"href":"https:\/\/festival-livre-jeunesse.fr\/2026\/wp-json\/wp\/v2\/comments?post=23829"}],"version-history":[{"count":20,"href":"https:\/\/festival-livre-jeunesse.fr\/2026\/wp-json\/wp\/v2\/pages\/23829\/revisions"}],"predecessor-version":[{"id":23886,"href":"https:\/\/festival-livre-jeunesse.fr\/2026\/wp-json\/wp\/v2\/pages\/23829\/revisions\/23886"}],"wp:attachment":[{"href":"https:\/\/festival-livre-jeunesse.fr\/2026\/wp-json\/wp\/v2\/media?parent=23829"}],"curies":[{"name":"wp","href":"https:\/\/api.w.org\/{rel}","templated":true}]}}