{"id":23923,"date":"2026-02-10T14:52:51","date_gmt":"2026-02-10T13:52:51","guid":{"rendered":"https:\/\/festival-livre-jeunesse.fr\/2026\/?page_id=23923"},"modified":"2026-02-10T16:20:40","modified_gmt":"2026-02-10T15:20:40","slug":"bourse-de-creation-2026","status":"publish","type":"page","link":"https:\/\/festival-livre-jeunesse.fr\/2026\/bourse-de-creation-2026\/","title":{"rendered":"Bourse de cr\u00e9ation 2026"},"content":{"rendered":"\t\t<div data-elementor-type=\"wp-page\" data-elementor-id=\"23923\" class=\"elementor elementor-23923\">\n\t\t\t\t\t\t<section class=\"elementor-section elementor-top-section elementor-element elementor-element-1845d8d elementor-section-boxed elementor-section-height-default elementor-section-height-default\" data-id=\"1845d8d\" data-element_type=\"section\" data-e-type=\"section\">\n\t\t\t\t\t\t<div class=\"elementor-container elementor-column-gap-default\">\n\t\t\t\t\t<div class=\"elementor-column elementor-col-100 elementor-top-column elementor-element elementor-element-4ad74fc\" data-id=\"4ad74fc\" data-element_type=\"column\" data-e-type=\"column\">\n\t\t\t<div class=\"elementor-widget-wrap elementor-element-populated\">\n\t\t\t\t\t\t<div class=\"elementor-element elementor-element-875978d elementor-widget elementor-widget-heading\" data-id=\"875978d\" data-element_type=\"widget\" data-e-type=\"widget\" data-widget_type=\"heading.default\">\n\t\t\t\t<div class=\"elementor-widget-container\">\n\t\t\t\t\t<h1 class=\"elementor-heading-title elementor-size-default\">Appel \u00e0 projet : Bourse de cr\u00e9ation 2026<\/h1>\t\t\t\t<\/div>\n\t\t\t\t<\/div>\n\t\t\t\t\t<\/div>\n\t\t<\/div>\n\t\t\t\t\t<\/div>\n\t\t<\/section>\n\t\t\t\t<section class=\"elementor-section elementor-top-section elementor-element elementor-element-623ab44 elementor-section-boxed elementor-section-height-default elementor-section-height-default\" data-id=\"623ab44\" data-element_type=\"section\" data-e-type=\"section\">\n\t\t\t\t\t\t<div class=\"elementor-container elementor-column-gap-default\">\n\t\t\t\t\t<div class=\"elementor-column elementor-col-50 elementor-top-column elementor-element elementor-element-62c2576\" data-id=\"62c2576\" data-element_type=\"column\" data-e-type=\"column\">\n\t\t\t<div class=\"elementor-widget-wrap elementor-element-populated\">\n\t\t\t\t\t\t<div class=\"elementor-element elementor-element-6691183 elementor-widget__width-initial elementor-widget elementor-widget-image\" data-id=\"6691183\" data-element_type=\"widget\" data-e-type=\"widget\" data-widget_type=\"image.default\">\n\t\t\t\t<div class=\"elementor-widget-container\">\n\t\t\t\t\t\t\t\t\t\t\t\t\t\t\t<img fetchpriority=\"high\" decoding=\"async\" width=\"819\" height=\"1024\" src=\"https:\/\/festival-livre-jeunesse.fr\/2026\/wp-content\/uploads\/2026\/02\/Appel-a-Projet-Bourse-de-creation-2026-Metropole-Toulouse-819x1024.png\" class=\"attachment-large size-large wp-image-23936\" alt=\"\" srcset=\"https:\/\/festival-livre-jeunesse.fr\/2026\/wp-content\/uploads\/2026\/02\/Appel-a-Projet-Bourse-de-creation-2026-Metropole-Toulouse-819x1024.png 819w, https:\/\/festival-livre-jeunesse.fr\/2026\/wp-content\/uploads\/2026\/02\/Appel-a-Projet-Bourse-de-creation-2026-Metropole-Toulouse-240x300.png 240w, https:\/\/festival-livre-jeunesse.fr\/2026\/wp-content\/uploads\/2026\/02\/Appel-a-Projet-Bourse-de-creation-2026-Metropole-Toulouse-768x960.png 768w, https:\/\/festival-livre-jeunesse.fr\/2026\/wp-content\/uploads\/2026\/02\/Appel-a-Projet-Bourse-de-creation-2026-Metropole-Toulouse.png 1080w\" sizes=\"(max-width: 819px) 100vw, 819px\" \/>\t\t\t\t\t\t\t\t\t\t\t\t\t\t\t<\/div>\n\t\t\t\t<\/div>\n\t\t\t\t\t<\/div>\n\t\t<\/div>\n\t\t\t\t<div class=\"elementor-column elementor-col-50 elementor-top-column elementor-element elementor-element-8ff7076\" data-id=\"8ff7076\" data-element_type=\"column\" data-e-type=\"column\">\n\t\t\t<div class=\"elementor-widget-wrap elementor-element-populated\">\n\t\t\t\t\t\t<div class=\"elementor-element elementor-element-82e8c81 elementor-widget elementor-widget-text-editor\" data-id=\"82e8c81\" data-element_type=\"widget\" data-e-type=\"widget\" data-widget_type=\"text-editor.default\">\n\t\t\t\t<div class=\"elementor-widget-container\">\n\t\t\t\t\t\t\t\t\t<p class=\"clearfix text-formatted field field--name-field-chapeau field--type-text-long field--label-hidden field__item\" style=\"color: #000000; font-size: 16px; text-align: justify; background-color: #ffffff;\">Toulouse M\u00e9tropole propose pour la neuvi\u00e8me ann\u00e9e cons\u00e9cutive, un appel \u00e0 projets autour d\u2019une bourse de cr\u00e9ation arts et litt\u00e9rature jeunesse.\u00a0<\/p><div id=\"p77490146\" class=\"paragraph paragraph--type--texte-encadre paragraph--view-mode--default\" style=\"color: #000000; font-size: 16px; text-align: justify; background-color: #ffffff;\"><p class=\"clearfix text-formatted field field--name-field-texte-encadre field--type-text-long field--label-hidden field__item\" style=\"color: #000000; font-size: 16px;\">Cet appel \u00e0 candidatures r\u00e9alis\u00e9 en partenariat avec le\u00a0<a style=\"transition-property: all; font-family: Oswald, sans-serif; font-size: 16px; font-weight: 600;\" href=\"https:\/\/festival-livre-jeunesse.fr\/\" target=\"_blank\" rel=\"noopener noreferrer\">festival du Livre Jeunesse Occitanie<\/a>\u00a0et Toulouse M\u00e9tropole vise \u00e0 s\u00e9lectionner 1 tandem auteur.ices\/artistes pour une cr\u00e9ation favorisant le croisement de la litt\u00e9rature avec d\u2019autres formes artistiques.<\/p><p class=\"clearfix text-formatted field field--name-field-texte-encadre field--type-text-long field--label-hidden field__item\"><span style=\"color: #000000;\">2 repr\u00e9sentations de la cr\u00e9ation produite seront pr\u00e9sent\u00e9es dans le cadre de notre \u00e9v\u00e8nement dans des communes de la M\u00e9tropole.\u00a0<\/span><\/p><p>Le comit\u00e9 de s\u00e9lection rendra son avis le 5 avril au plus tard.<\/p><p class=\"clearfix text-formatted field field--name-field-texte-encadre field--type-text-long field--label-hidden field__item\" style=\"color: #000000; font-size: 16px;\"><span style=\"color: #4a4a4a; font-family: Roboto, sans-serif; font-size: 17px; text-align: start;\">\u00a0<\/span><\/p><\/div>\t\t\t\t\t\t\t\t<\/div>\n\t\t\t\t<\/div>\n\t\t\t\t<div class=\"elementor-element elementor-element-6c00339 elementor-align-center elementor-widget__width-initial elementor-widget elementor-widget-button\" data-id=\"6c00339\" data-element_type=\"widget\" data-e-type=\"widget\" data-widget_type=\"button.default\">\n\t\t\t\t<div class=\"elementor-widget-container\">\n\t\t\t\t\t\t\t\t\t<div class=\"elementor-button-wrapper\">\n\t\t\t\t\t<a class=\"elementor-button elementor-button-link elementor-size-sm\" href=\"https:\/\/festival-livre-jeunesse.fr\/2026\/wp-content\/uploads\/2026\/02\/Appel-a-Projet-Bourse-de-creation-2026-Toulouse.pdf\">\n\t\t\t\t\t\t<span class=\"elementor-button-content-wrapper\">\n\t\t\t\t\t\t\t\t\t<span class=\"elementor-button-text\">Appel \u00e0 candidature<\/span>\n\t\t\t\t\t<\/span>\n\t\t\t\t\t<\/a>\n\t\t\t\t<\/div>\n\t\t\t\t\t\t\t\t<\/div>\n\t\t\t\t<\/div>\n\t\t\t\t\t<\/div>\n\t\t<\/div>\n\t\t\t\t\t<\/div>\n\t\t<\/section>\n\t\t\t\t<section class=\"elementor-section elementor-top-section elementor-element elementor-element-2a2c156 elementor-section-boxed elementor-section-height-default elementor-section-height-default\" data-id=\"2a2c156\" data-element_type=\"section\" data-e-type=\"section\">\n\t\t\t\t\t\t<div class=\"elementor-container elementor-column-gap-default\">\n\t\t\t\t\t<div class=\"elementor-column elementor-col-100 elementor-top-column elementor-element elementor-element-d7e36b0\" data-id=\"d7e36b0\" data-element_type=\"column\" data-e-type=\"column\">\n\t\t\t<div class=\"elementor-widget-wrap\">\n\t\t\t\t\t\t\t<\/div>\n\t\t<\/div>\n\t\t\t\t\t<\/div>\n\t\t<\/section>\n\t\t\t\t<\/div>\n\t\t","protected":false},"excerpt":{"rendered":"<p>Appel \u00e0 projet : Bourse de cr\u00e9ation 2026 Toulouse M\u00e9tropole propose pour la neuvi\u00e8me ann\u00e9e cons\u00e9cutive, un appel \u00e0 projets autour d\u2019une bourse de cr\u00e9ation arts et litt\u00e9rature jeunesse.\u00a0 Cet appel \u00e0 candidatures r\u00e9alis\u00e9 en partenariat avec le\u00a0festival du Livre Jeunesse Occitanie\u00a0et Toulouse M\u00e9tropole vise \u00e0 s\u00e9lectionner 1 tandem auteur.ices\/artistes pour une cr\u00e9ation favorisant le [&hellip;]<\/p>\n","protected":false},"author":1,"featured_media":0,"parent":0,"menu_order":0,"comment_status":"closed","ping_status":"closed","template":"","meta":{"site-sidebar-layout":"no-sidebar","site-content-layout":"page-builder","ast-site-content-layout":"full-width-container","site-content-style":"default","site-sidebar-style":"default","ast-global-header-display":"","ast-banner-title-visibility":"","ast-main-header-display":"","ast-hfb-above-header-display":"","ast-hfb-below-header-display":"","ast-hfb-mobile-header-display":"","site-post-title":"disabled","ast-breadcrumbs-content":"","ast-featured-img":"disabled","footer-sml-layout":"","theme-transparent-header-meta":"","adv-header-id-meta":"","stick-header-meta":"","header-above-stick-meta":"","header-main-stick-meta":"","header-below-stick-meta":"","astra-migrate-meta-layouts":"set","ast-page-background-enabled":"default","ast-page-background-meta":{"desktop":{"background-color":"","background-image":"","background-repeat":"repeat","background-position":"center center","background-size":"auto","background-attachment":"scroll","background-type":"","background-media":"","overlay-type":"","overlay-color":"","overlay-opacity":"","overlay-gradient":""},"tablet":{"background-color":"","background-image":"","background-repeat":"repeat","background-position":"center center","background-size":"auto","background-attachment":"scroll","background-type":"","background-media":"","overlay-type":"","overlay-color":"","overlay-opacity":"","overlay-gradient":""},"mobile":{"background-color":"","background-image":"","background-repeat":"repeat","background-position":"center center","background-size":"auto","background-attachment":"scroll","background-type":"","background-media":"","overlay-type":"","overlay-color":"","overlay-opacity":"","overlay-gradient":""}},"ast-content-background-meta":{"desktop":{"background-color":"var(--ast-global-color-5)","background-image":"","background-repeat":"repeat","background-position":"center center","background-size":"auto","background-attachment":"scroll","background-type":"","background-media":"","overlay-type":"","overlay-color":"","overlay-opacity":"","overlay-gradient":""},"tablet":{"background-color":"var(--ast-global-color-5)","background-image":"","background-repeat":"repeat","background-position":"center center","background-size":"auto","background-attachment":"scroll","background-type":"","background-media":"","overlay-type":"","overlay-color":"","overlay-opacity":"","overlay-gradient":""},"mobile":{"background-color":"var(--ast-global-color-5)","background-image":"","background-repeat":"repeat","background-position":"center center","background-size":"auto","background-attachment":"scroll","background-type":"","background-media":"","overlay-type":"","overlay-color":"","overlay-opacity":"","overlay-gradient":""}},"footnotes":""},"class_list":["post-23923","page","type-page","status-publish","hentry"],"yoast_head":"<!-- This site is optimized with the Yoast SEO plugin v27.3 - https:\/\/yoast.com\/product\/yoast-seo-wordpress\/ -->\n<title>Bourse de cr\u00e9ation 2026 - Festival du Livre de Jeunesse Occitanie : 29, 30, 31 janvier 2027<\/title>\n<meta name=\"robots\" content=\"index, follow, max-snippet:-1, max-image-preview:large, max-video-preview:-1\" \/>\n<link rel=\"canonical\" href=\"https:\/\/festival-livre-jeunesse.fr\/2026\/bourse-de-creation-2026\/\" \/>\n<meta property=\"og:locale\" content=\"fr_FR\" \/>\n<meta property=\"og:type\" content=\"article\" \/>\n<meta property=\"og:title\" content=\"Bourse de cr\u00e9ation 2026 - Festival du Livre de Jeunesse Occitanie : 29, 30, 31 janvier 2027\" \/>\n<meta property=\"og:description\" content=\"Appel \u00e0 projet : Bourse de cr\u00e9ation 2026 Toulouse M\u00e9tropole propose pour la neuvi\u00e8me ann\u00e9e cons\u00e9cutive, un appel \u00e0 projets autour d\u2019une bourse de cr\u00e9ation arts et litt\u00e9rature jeunesse.\u00a0 Cet appel \u00e0 candidatures r\u00e9alis\u00e9 en partenariat avec le\u00a0festival du Livre Jeunesse Occitanie\u00a0et Toulouse M\u00e9tropole vise \u00e0 s\u00e9lectionner 1 tandem auteur.ices\/artistes pour une cr\u00e9ation favorisant le [&hellip;]\" \/>\n<meta property=\"og:url\" content=\"https:\/\/festival-livre-jeunesse.fr\/2026\/bourse-de-creation-2026\/\" \/>\n<meta property=\"og:site_name\" content=\"Festival du Livre de Jeunesse Occitanie : 29, 30, 31 janvier 2027\" \/>\n<meta property=\"article:publisher\" content=\"https:\/\/www.facebook.com\/FestivalLivreJeunesseOccitanie\" \/>\n<meta property=\"article:modified_time\" content=\"2026-02-10T15:20:40+00:00\" \/>\n<meta property=\"og:image\" content=\"https:\/\/festival-livre-jeunesse.fr\/2026\/wp-content\/uploads\/2026\/02\/Appel-a-Projet-Bourse-de-creation-2026-Metropole-Toulouse.png\" \/>\n\t<meta property=\"og:image:width\" content=\"1080\" \/>\n\t<meta property=\"og:image:height\" content=\"1350\" \/>\n\t<meta property=\"og:image:type\" content=\"image\/png\" \/>\n<meta name=\"twitter:card\" content=\"summary_large_image\" \/>\n<meta name=\"twitter:site\" content=\"@FljOccitanie\" \/>\n<meta name=\"twitter:label1\" content=\"Dur\u00e9e de lecture estim\u00e9e\" \/>\n\t<meta name=\"twitter:data1\" content=\"1 minute\" \/>\n<script type=\"application\/ld+json\" class=\"yoast-schema-graph\">{\"@context\":\"https:\\\/\\\/schema.org\",\"@graph\":[{\"@type\":\"WebPage\",\"@id\":\"https:\\\/\\\/festival-livre-jeunesse.fr\\\/2026\\\/bourse-de-creation-2026\\\/\",\"url\":\"https:\\\/\\\/festival-livre-jeunesse.fr\\\/2026\\\/bourse-de-creation-2026\\\/\",\"name\":\"Bourse de cr\u00e9ation 2026 - Festival du Livre de Jeunesse Occitanie : 29, 30, 31 janvier 2027\",\"isPartOf\":{\"@id\":\"https:\\\/\\\/festival-livre-jeunesse.fr\\\/2026\\\/#website\"},\"primaryImageOfPage\":{\"@id\":\"https:\\\/\\\/festival-livre-jeunesse.fr\\\/2026\\\/bourse-de-creation-2026\\\/#primaryimage\"},\"image\":{\"@id\":\"https:\\\/\\\/festival-livre-jeunesse.fr\\\/2026\\\/bourse-de-creation-2026\\\/#primaryimage\"},\"thumbnailUrl\":\"https:\\\/\\\/festival-livre-jeunesse.fr\\\/2026\\\/wp-content\\\/uploads\\\/2026\\\/02\\\/Appel-a-Projet-Bourse-de-creation-2026-Metropole-Toulouse-819x1024.png\",\"datePublished\":\"2026-02-10T13:52:51+00:00\",\"dateModified\":\"2026-02-10T15:20:40+00:00\",\"breadcrumb\":{\"@id\":\"https:\\\/\\\/festival-livre-jeunesse.fr\\\/2026\\\/bourse-de-creation-2026\\\/#breadcrumb\"},\"inLanguage\":\"fr-FR\",\"potentialAction\":[{\"@type\":\"ReadAction\",\"target\":[\"https:\\\/\\\/festival-livre-jeunesse.fr\\\/2026\\\/bourse-de-creation-2026\\\/\"]}]},{\"@type\":\"ImageObject\",\"inLanguage\":\"fr-FR\",\"@id\":\"https:\\\/\\\/festival-livre-jeunesse.fr\\\/2026\\\/bourse-de-creation-2026\\\/#primaryimage\",\"url\":\"https:\\\/\\\/festival-livre-jeunesse.fr\\\/2026\\\/wp-content\\\/uploads\\\/2026\\\/02\\\/Appel-a-Projet-Bourse-de-creation-2026-Metropole-Toulouse.png\",\"contentUrl\":\"https:\\\/\\\/festival-livre-jeunesse.fr\\\/2026\\\/wp-content\\\/uploads\\\/2026\\\/02\\\/Appel-a-Projet-Bourse-de-creation-2026-Metropole-Toulouse.png\",\"width\":1080,\"height\":1350},{\"@type\":\"BreadcrumbList\",\"@id\":\"https:\\\/\\\/festival-livre-jeunesse.fr\\\/2026\\\/bourse-de-creation-2026\\\/#breadcrumb\",\"itemListElement\":[{\"@type\":\"ListItem\",\"position\":1,\"name\":\"Accueil\",\"item\":\"https:\\\/\\\/festival-livre-jeunesse.fr\\\/2026\\\/\"},{\"@type\":\"ListItem\",\"position\":2,\"name\":\"Bourse de cr\u00e9ation 2026\"}]},{\"@type\":\"WebSite\",\"@id\":\"https:\\\/\\\/festival-livre-jeunesse.fr\\\/2026\\\/#website\",\"url\":\"https:\\\/\\\/festival-livre-jeunesse.fr\\\/2026\\\/\",\"name\":\"Festival du Livre de Jeunesse Occitanie\",\"description\":\" Partir en livre : 17 juin - 19 juillet 2026\",\"publisher\":{\"@id\":\"https:\\\/\\\/festival-livre-jeunesse.fr\\\/2026\\\/#organization\"},\"potentialAction\":[{\"@type\":\"SearchAction\",\"target\":{\"@type\":\"EntryPoint\",\"urlTemplate\":\"https:\\\/\\\/festival-livre-jeunesse.fr\\\/2026\\\/?s={search_term_string}\"},\"query-input\":{\"@type\":\"PropertyValueSpecification\",\"valueRequired\":true,\"valueName\":\"search_term_string\"}}],\"inLanguage\":\"fr-FR\"},{\"@type\":\"Organization\",\"@id\":\"https:\\\/\\\/festival-livre-jeunesse.fr\\\/2026\\\/#organization\",\"name\":\"festival livre jeunesse occitanie\",\"url\":\"https:\\\/\\\/festival-livre-jeunesse.fr\\\/2026\\\/\",\"logo\":{\"@type\":\"ImageObject\",\"inLanguage\":\"fr-FR\",\"@id\":\"https:\\\/\\\/festival-livre-jeunesse.fr\\\/2026\\\/#\\\/schema\\\/logo\\\/image\\\/\",\"url\":\"https:\\\/\\\/festival-livre-jeunesse.fr\\\/2026\\\/wp-content\\\/uploads\\\/2023\\\/10\\\/cropped-Logo-FLJ-NB.png\",\"contentUrl\":\"https:\\\/\\\/festival-livre-jeunesse.fr\\\/2026\\\/wp-content\\\/uploads\\\/2023\\\/10\\\/cropped-Logo-FLJ-NB.png\",\"width\":1209,\"height\":1191,\"caption\":\"festival livre jeunesse occitanie\"},\"image\":{\"@id\":\"https:\\\/\\\/festival-livre-jeunesse.fr\\\/2026\\\/#\\\/schema\\\/logo\\\/image\\\/\"},\"sameAs\":[\"https:\\\/\\\/www.facebook.com\\\/FestivalLivreJeunesseOccitanie\",\"https:\\\/\\\/x.com\\\/FljOccitanie\"]}]}<\/script>\n<!-- \/ Yoast SEO plugin. -->","yoast_head_json":{"title":"Bourse de cr\u00e9ation 2026 - Festival du Livre de Jeunesse Occitanie : 29, 30, 31 janvier 2027","robots":{"index":"index","follow":"follow","max-snippet":"max-snippet:-1","max-image-preview":"max-image-preview:large","max-video-preview":"max-video-preview:-1"},"canonical":"https:\/\/festival-livre-jeunesse.fr\/2026\/bourse-de-creation-2026\/","og_locale":"fr_FR","og_type":"article","og_title":"Bourse de cr\u00e9ation 2026 - Festival du Livre de Jeunesse Occitanie : 29, 30, 31 janvier 2027","og_description":"Appel \u00e0 projet : Bourse de cr\u00e9ation 2026 Toulouse M\u00e9tropole propose pour la neuvi\u00e8me ann\u00e9e cons\u00e9cutive, un appel \u00e0 projets autour d\u2019une bourse de cr\u00e9ation arts et litt\u00e9rature jeunesse.\u00a0 Cet appel \u00e0 candidatures r\u00e9alis\u00e9 en partenariat avec le\u00a0festival du Livre Jeunesse Occitanie\u00a0et Toulouse M\u00e9tropole vise \u00e0 s\u00e9lectionner 1 tandem auteur.ices\/artistes pour une cr\u00e9ation favorisant le [&hellip;]","og_url":"https:\/\/festival-livre-jeunesse.fr\/2026\/bourse-de-creation-2026\/","og_site_name":"Festival du Livre de Jeunesse Occitanie : 29, 30, 31 janvier 2027","article_publisher":"https:\/\/www.facebook.com\/FestivalLivreJeunesseOccitanie","article_modified_time":"2026-02-10T15:20:40+00:00","og_image":[{"width":1080,"height":1350,"url":"https:\/\/festival-livre-jeunesse.fr\/2026\/wp-content\/uploads\/2026\/02\/Appel-a-Projet-Bourse-de-creation-2026-Metropole-Toulouse.png","type":"image\/png"}],"twitter_card":"summary_large_image","twitter_site":"@FljOccitanie","twitter_misc":{"Dur\u00e9e de lecture estim\u00e9e":"1 minute"},"schema":{"@context":"https:\/\/schema.org","@graph":[{"@type":"WebPage","@id":"https:\/\/festival-livre-jeunesse.fr\/2026\/bourse-de-creation-2026\/","url":"https:\/\/festival-livre-jeunesse.fr\/2026\/bourse-de-creation-2026\/","name":"Bourse de cr\u00e9ation 2026 - Festival du Livre de Jeunesse Occitanie : 29, 30, 31 janvier 2027","isPartOf":{"@id":"https:\/\/festival-livre-jeunesse.fr\/2026\/#website"},"primaryImageOfPage":{"@id":"https:\/\/festival-livre-jeunesse.fr\/2026\/bourse-de-creation-2026\/#primaryimage"},"image":{"@id":"https:\/\/festival-livre-jeunesse.fr\/2026\/bourse-de-creation-2026\/#primaryimage"},"thumbnailUrl":"https:\/\/festival-livre-jeunesse.fr\/2026\/wp-content\/uploads\/2026\/02\/Appel-a-Projet-Bourse-de-creation-2026-Metropole-Toulouse-819x1024.png","datePublished":"2026-02-10T13:52:51+00:00","dateModified":"2026-02-10T15:20:40+00:00","breadcrumb":{"@id":"https:\/\/festival-livre-jeunesse.fr\/2026\/bourse-de-creation-2026\/#breadcrumb"},"inLanguage":"fr-FR","potentialAction":[{"@type":"ReadAction","target":["https:\/\/festival-livre-jeunesse.fr\/2026\/bourse-de-creation-2026\/"]}]},{"@type":"ImageObject","inLanguage":"fr-FR","@id":"https:\/\/festival-livre-jeunesse.fr\/2026\/bourse-de-creation-2026\/#primaryimage","url":"https:\/\/festival-livre-jeunesse.fr\/2026\/wp-content\/uploads\/2026\/02\/Appel-a-Projet-Bourse-de-creation-2026-Metropole-Toulouse.png","contentUrl":"https:\/\/festival-livre-jeunesse.fr\/2026\/wp-content\/uploads\/2026\/02\/Appel-a-Projet-Bourse-de-creation-2026-Metropole-Toulouse.png","width":1080,"height":1350},{"@type":"BreadcrumbList","@id":"https:\/\/festival-livre-jeunesse.fr\/2026\/bourse-de-creation-2026\/#breadcrumb","itemListElement":[{"@type":"ListItem","position":1,"name":"Accueil","item":"https:\/\/festival-livre-jeunesse.fr\/2026\/"},{"@type":"ListItem","position":2,"name":"Bourse de cr\u00e9ation 2026"}]},{"@type":"WebSite","@id":"https:\/\/festival-livre-jeunesse.fr\/2026\/#website","url":"https:\/\/festival-livre-jeunesse.fr\/2026\/","name":"Festival du Livre de Jeunesse Occitanie","description":" Partir en livre : 17 juin - 19 juillet 2026","publisher":{"@id":"https:\/\/festival-livre-jeunesse.fr\/2026\/#organization"},"potentialAction":[{"@type":"SearchAction","target":{"@type":"EntryPoint","urlTemplate":"https:\/\/festival-livre-jeunesse.fr\/2026\/?s={search_term_string}"},"query-input":{"@type":"PropertyValueSpecification","valueRequired":true,"valueName":"search_term_string"}}],"inLanguage":"fr-FR"},{"@type":"Organization","@id":"https:\/\/festival-livre-jeunesse.fr\/2026\/#organization","name":"festival livre jeunesse occitanie","url":"https:\/\/festival-livre-jeunesse.fr\/2026\/","logo":{"@type":"ImageObject","inLanguage":"fr-FR","@id":"https:\/\/festival-livre-jeunesse.fr\/2026\/#\/schema\/logo\/image\/","url":"https:\/\/festival-livre-jeunesse.fr\/2026\/wp-content\/uploads\/2023\/10\/cropped-Logo-FLJ-NB.png","contentUrl":"https:\/\/festival-livre-jeunesse.fr\/2026\/wp-content\/uploads\/2023\/10\/cropped-Logo-FLJ-NB.png","width":1209,"height":1191,"caption":"festival livre jeunesse occitanie"},"image":{"@id":"https:\/\/festival-livre-jeunesse.fr\/2026\/#\/schema\/logo\/image\/"},"sameAs":["https:\/\/www.facebook.com\/FestivalLivreJeunesseOccitanie","https:\/\/x.com\/FljOccitanie"]}]}},"_links":{"self":[{"href":"https:\/\/festival-livre-jeunesse.fr\/2026\/wp-json\/wp\/v2\/pages\/23923","targetHints":{"allow":["GET"]}}],"collection":[{"href":"https:\/\/festival-livre-jeunesse.fr\/2026\/wp-json\/wp\/v2\/pages"}],"about":[{"href":"https:\/\/festival-livre-jeunesse.fr\/2026\/wp-json\/wp\/v2\/types\/page"}],"author":[{"embeddable":true,"href":"https:\/\/festival-livre-jeunesse.fr\/2026\/wp-json\/wp\/v2\/users\/1"}],"replies":[{"embeddable":true,"href":"https:\/\/festival-livre-jeunesse.fr\/2026\/wp-json\/wp\/v2\/comments?post=23923"}],"version-history":[{"count":11,"href":"https:\/\/festival-livre-jeunesse.fr\/2026\/wp-json\/wp\/v2\/pages\/23923\/revisions"}],"predecessor-version":[{"id":23946,"href":"https:\/\/festival-livre-jeunesse.fr\/2026\/wp-json\/wp\/v2\/pages\/23923\/revisions\/23946"}],"wp:attachment":[{"href":"https:\/\/festival-livre-jeunesse.fr\/2026\/wp-json\/wp\/v2\/media?parent=23923"}],"curies":[{"name":"wp","href":"https:\/\/api.w.org\/{rel}","templated":true}]}}